{"id":27,"date":"2014-09-17T16:24:03","date_gmt":"2014-09-17T14:24:03","guid":{"rendered":"http:\/\/agora.xtec.cat\/inslacetania\/?page_id=27"},"modified":"2024-09-24T01:44:28","modified_gmt":"2024-09-23T23:44:28","slug":"presentacio","status":"publish","type":"page","link":"https:\/\/agora.xtec.cat\/inslacetania\/linstitut\/presentacio\/","title":{"rendered":"Presentaci\u00f3"},"content":{"rendered":"<p style=\"text-align: justify;\">L\u2019Institut Lacet\u00e0nia \u00e9s un centre p\u00fablic d\u2019educaci\u00f3 secund\u00e0ria fundat l\u2019octubre de 1968 amb el nom &#8216;Escuela de Maestria Industrial&#8217;.<\/p>\n<p style=\"text-align: justify;\">L\u2019Institut segueix una l\u00ednia progressista en els ensenyaments que imparteix, basada en l\u2019educaci\u00f3 de la persona en els valors democr\u00e0tics de conviv\u00e8ncia, la normalitzaci\u00f3 del catal\u00e0 com a llengua d\u2019aprenentatge i de relaci\u00f3 i l\u2019arrelament a l\u2019entorn ciutad\u00e0, amb la voluntat d\u2019esdevenir un centre de cultura al servei de la societat.<\/p>\n<p style=\"text-align: justify;\">Actualment, a l\u2019Institut hi ha m\u00e9s de 1.800 alumnes, uns 190 professors i professores i 10 persones en l\u2019\u00e0rea d\u2019administraci\u00f3 i serveis i atenci\u00f3 educativa.<\/p>\n<p style=\"text-align: justify;\">En el centre es poden cursar estudis d\u2019ESO, Batxillerat, Cicles formatius de grau mitj\u00e0 i superior, cursos d&#8217;especialitzaci\u00f3 de Formaci\u00f3 Professional i programes formatius que faciliten la inserci\u00f3 laboral a l&#8217;alumnat que no ha superat l\u2019ESO. A m\u00e9s, en col\u00b7laboraci\u00f3 amb la Fundaci\u00f3 Lacet\u00e0nia, s&#8217;ofereixen cursos de formaci\u00f3 ocupacional i cont\u00ednua.<\/p>\n<p style=\"text-align: justify;\">Fa anys, l\u2019Institut va iniciar un proc\u00e9s d\u2019implantaci\u00f3 d\u2019un sistema de gesti\u00f3 de la qualitat en l\u2019\u00e0rea de l\u2019ensenyament i aprenentatge, i va obtenir la certificaci\u00f3 de qualitat ISO 9001 el juliol de 2002, esdevenint d&#8217;aquesta manera el primer centre de Catalunya en obtenir dita certificaci\u00f3. Des de llavors s&#8217;han anat superant amb \u00e8xit les successives auditories i en l&#8217;actualitat estem certificats amb l&#8217;\u00faltima versi\u00f3 de la norma, la <a href=\"https:\/\/agora.xtec.cat\/inslacetania\/wp-content\/uploads\/usu1045\/2024\/01\/19940001-BUP-INSTITUT-LACETANIA-CATALAN_page-0001.jpg\" target=\"_blank\" rel=\"noopener\">ISO9001:2015, vigent des del mar\u00e7 del 2024<\/a>.<\/p>\n<p style=\"text-align: justify;\">El juny de 2002 el nostre centre va ser guardonat amb el primer Premi Catalunya d\u2019Educaci\u00f3, concedit per la Generalitat de Catalunya, en la modalitat de centres docents.<\/p>\n","protected":false},"excerpt":{"rendered":"<p>L\u2019Institut Lacet\u00e0nia \u00e9s un centre p\u00fablic d\u2019educaci\u00f3 secund\u00e0ria fundat l\u2019octubre de 1968 amb el nom &#8216;Escuela de Maestria Industrial&#8217;. L\u2019Institut segueix una l\u00ednia progressista en els ensenyaments que imparteix, basada en l\u2019educaci\u00f3 de la persona en els valors democr\u00e0tics de conviv\u00e8ncia, la normalitzaci\u00f3 del catal\u00e0 com a llengua d\u2019aprenentatge i de relaci\u00f3 i l\u2019arrelament a [&hellip;]<\/p>\n","protected":false},"author":1,"featured_media":0,"parent":19,"menu_order":10,"comment_status":"closed","ping_status":"closed","template":"page-templates\/side-menu.php","meta":{"_bbp_topic_count":0,"_bbp_reply_count":0,"_bbp_total_topic_count":0,"_bbp_total_reply_count":0,"_bbp_voice_count":0,"_bbp_anonymous_reply_count":0,"_bbp_topic_count_hidden":0,"_bbp_reply_count_hidden":0,"_bbp_forum_subforum_count":0,"site-sidebar-layout":"default","site-content-layout":"","ast-site-content-layout":"","site-content-style":"default","site-sidebar-style":"default","ast-global-header-display":"","ast-banner-title-visibility":"","ast-main-header-display":"","ast-hfb-above-header-display":"","ast-hfb-below-header-display":"","ast-hfb-mobile-header-display":"","site-post-title":"","ast-breadcrumbs-content":"","ast-featured-img":"","footer-sml-layout":"","theme-transparent-header-meta":"","adv-header-id-meta":"","stick-header-meta":"","header-above-stick-meta":"","header-main-stick-meta":"","header-below-stick-meta":"","astra-migrate-meta-layouts":"default","ast-page-background-enabled":"default","ast-page-background-meta":{"desktop":{"background-color":"var(--ast-global-color-4)","background-image":"","background-repeat":"repeat","background-position":"center center","background-size":"auto","background-attachment":"scroll","background-type":"","background-media":"","overlay-type":"","overlay-color":"","overlay-opacity":"","overlay-gradient":""},"tablet":{"background-color":"","background-image":"","background-repeat":"repeat","background-position":"center center","background-size":"auto","background-attachment":"scroll","background-type":"","background-media":"","overlay-type":"","overlay-color":"","overlay-opacity":"","overlay-gradient":""},"mobile":{"background-color":"","background-image":"","background-repeat":"repeat","background-position":"center center","background-size":"auto","background-attachment":"scroll","background-type":"","background-media":"","overlay-type":"","overlay-color":"","overlay-opacity":"","overlay-gradient":""}},"ast-content-background-meta":{"desktop":{"background-color":"var(--ast-global-color-5)","background-image":"","background-repeat":"repeat","background-position":"center center","background-size":"auto","background-attachment":"scroll","background-type":"","background-media":"","overlay-type":"","overlay-color":"","overlay-opacity":"","overlay-gradient":""},"tablet":{"background-color":"var(--ast-global-color-5)","background-image":"","background-repeat":"repeat","background-position":"center center","background-size":"auto","background-attachment":"scroll","background-type":"","background-media":"","overlay-type":"","overlay-color":"","overlay-opacity":"","overlay-gradient":""},"mobile":{"background-color":"var(--ast-global-color-5)","background-image":"","background-repeat":"repeat","background-position":"center center","background-size":"auto","background-attachment":"scroll","background-type":"","background-media":"","overlay-type":"","overlay-color":"","overlay-opacity":"","overlay-gradient":""}},"footnotes":""},"class_list":["post-27","page","type-page","status-publish","hentry"],"post_mailing_queue_ids":[],"_links":{"self":[{"href":"https:\/\/agora.xtec.cat\/inslacetania\/wp-json\/wp\/v2\/pages\/27","targetHints":{"allow":["GET"]}}],"collection":[{"href":"https:\/\/agora.xtec.cat\/inslacetania\/wp-json\/wp\/v2\/pages"}],"about":[{"href":"https:\/\/agora.xtec.cat\/inslacetania\/wp-json\/wp\/v2\/types\/page"}],"author":[{"embeddable":true,"href":"https:\/\/agora.xtec.cat\/inslacetania\/wp-json\/wp\/v2\/users\/1"}],"replies":[{"embeddable":true,"href":"https:\/\/agora.xtec.cat\/inslacetania\/wp-json\/wp\/v2\/comments?post=27"}],"version-history":[{"count":6,"href":"https:\/\/agora.xtec.cat\/inslacetania\/wp-json\/wp\/v2\/pages\/27\/revisions"}],"predecessor-version":[{"id":23187,"href":"https:\/\/agora.xtec.cat\/inslacetania\/wp-json\/wp\/v2\/pages\/27\/revisions\/23187"}],"up":[{"embeddable":true,"href":"https:\/\/agora.xtec.cat\/inslacetania\/wp-json\/wp\/v2\/pages\/19"}],"wp:attachment":[{"href":"https:\/\/agora.xtec.cat\/inslacetania\/wp-json\/wp\/v2\/media?parent=27"}],"curies":[{"name":"wp","href":"https:\/\/api.w.org\/{rel}","templated":true}]}}