{"id":23194,"date":"2024-09-24T12:18:45","date_gmt":"2024-09-24T10:18:45","guid":{"rendered":"https:\/\/agora.xtec.cat\/inslacetania\/?page_id=23194"},"modified":"2025-07-24T11:41:12","modified_gmt":"2025-07-24T09:41:12","slug":"elee0109-muntatge-i-manteniment-dinstallacions-electriques-de-baixa-tensio","status":"publish","type":"page","link":"https:\/\/agora.xtec.cat\/inslacetania\/estudis\/fp\/certificats-de-professionalitat\/elee0109-muntatge-i-manteniment-dinstallacions-electriques-de-baixa-tensio\/","title":{"rendered":"ELEE0109. Muntatge i manteniment d&#8217;instal\u00b7lacions el\u00e8ctriques de baixa tensi\u00f3"},"content":{"rendered":"<h3>Objectiu:<\/h3>\n<p>Muntar, mantenir i reparar les instal\u00b7lacions el\u00e8ctriques per a baixa tensi\u00f3 compreses a l\u2019\u00e0mbit del Reglament Electrot\u00e8cnic per a baixa tensi\u00f3, aplicant les t\u00e8cniques i procediments requerits en cada cas, aconseguint els criteris de qualitat, en condicions de seguretat i complint la normativa vigent.<\/p>\n<p><span style=\"color: #ff6600;\"><strong>Titulaci\u00f3 oficial (Certificat de professionalitat de nivell 2)<\/strong><\/span><\/p>\n<div>\n<div class=\"\" data-block=\"true\" data-editor=\"1q7ks\" data-offset-key=\"af11q-0-0\">\n<div class=\"_1mf _1mj\" data-offset-key=\"af11q-0-0\">\n<div class=\"\" data-block=\"true\" data-editor=\"75oe0\" data-offset-key=\"9jv43-0-0\">\n<div class=\"\" data-block=\"true\" data-editor=\"75oe0\" data-offset-key=\"9jv43-0-0\">\n<div class=\"_1mf _1mj\" data-offset-key=\"9jv43-0-0\">\n<div class=\"\" data-block=\"true\" data-editor=\"75oe0\" data-offset-key=\"9jv43-0-0\">\n<h3>Continguts:<\/h3>\n<ul>\n<li><strong> MF0820_2:<\/strong> Instal\u00b7lacions el\u00e8ctriques en edificis d&#8217;habitatges<\/li>\n<li><strong>MF0821_2:<\/strong> Instal\u00b7lacions el\u00e8ctriques en edificis d&#8217;oficines, comer\u00e7os i ind\u00fastries<\/li>\n<li><strong>MF0822_2:<\/strong> Instal\u00b7lacions el\u00e8ctriques automatitzades i instal\u00b7lacions d&#8217;automatismes<\/li>\n<li><strong>MF0823_2<\/strong>: Muntatge i manteniment de xarxes el\u00e8ctriques a\u00e8ries de baixa tensi\u00f3<\/li>\n<li><strong>MF0824_2:<\/strong> Muntatge i manteniment de xarxes el\u00e8ctriques subterr\u00e0nies de baixa tensi\u00f3<\/li>\n<li><strong>MF0825_2:<\/strong> Muntatge i manteniment de m\u00e0quines el\u00e8ctriques<\/li>\n<li><span style=\"font-size: 16px;\"><strong>Formaci\u00f3 Complement\u00e0ria: 40 H<\/strong><\/span><\/li>\n<li class=\"_1mf _1mj\" data-offset-key=\"9jv43-0-0\"><span style=\"font-size: 16px;\"><strong>Practiques formatives: 80 H<\/strong><\/span><\/li>\n<\/ul>\n<h3>Horari:<\/h3>\n<ul>\n<li>Tardes: 15:00 h a 21:00 h<\/li>\n<\/ul>\n<h3>Inici del curs:<\/h3>\n<ul>\n<li>Octubre 2025<\/li>\n<\/ul>\n<\/div>\n<\/div>\n<\/div>\n<\/div>\n<\/div>\n<\/div>\n<\/div>\n<p>Per a m\u00e9s informaci\u00f3 o inscripcions pots trucar al <strong><span style=\"color: #000000;\"><a class=\"\" style=\"color: #000000;\" href=\"tel:938773750\" aria-label=\"Tel\u00e9fono 938 77 37 50\">93 877 37 50<\/a><\/span><\/strong> o b\u00e9 escriure un correu electr\u00f2nic a: <strong>inslacetania@xtec.cat<\/strong><\/p>\n<p><em>Aquesta actuaci\u00f3 est\u00e0 impulsada i subvencionada pel <strong>Servei P\u00fablic d\u2019Ocupaci\u00f3 de Catalunya (SOC) amb fons rebuts del Ministeri d\u2019Educaci\u00f3, Formaci\u00f3 Professional i Esports i del Servei P\u00fablic d\u2019Ocupaci\u00f3 Estatal (SEPE).<\/strong><\/em><\/p>\n","protected":false},"excerpt":{"rendered":"<p>Objectiu: Muntar, mantenir i reparar les instal\u00b7lacions el\u00e8ctriques per a baixa tensi\u00f3 compreses a l\u2019\u00e0mbit del Reglament Electrot\u00e8cnic per a baixa tensi\u00f3, aplicant les t\u00e8cniques i procediments requerits en cada cas, aconseguint els criteris de qualitat, en condicions de seguretat i complint la normativa vigent. Titulaci\u00f3 oficial (Certificat de professionalitat de nivell 2) Continguts: MF0820_2: [&hellip;]<\/p>\n","protected":false},"author":4,"featured_media":0,"parent":22957,"menu_order":11,"comment_status":"closed","ping_status":"closed","template":"page-templates\/side-menu.php","meta":{"_bbp_topic_count":0,"_bbp_reply_count":0,"_bbp_total_topic_count":0,"_bbp_total_reply_count":0,"_bbp_voice_count":0,"_bbp_anonymous_reply_count":0,"_bbp_topic_count_hidden":0,"_bbp_reply_count_hidden":0,"_bbp_forum_subforum_count":0,"site-sidebar-layout":"default","site-content-layout":"","ast-site-content-layout":"","site-content-style":"default","site-sidebar-style":"default","ast-global-header-display":"","ast-banner-title-visibility":"","ast-main-header-display":"","ast-hfb-above-header-display":"","ast-hfb-below-header-display":"","ast-hfb-mobile-header-display":"","site-post-title":"","ast-breadcrumbs-content":"","ast-featured-img":"","footer-sml-layout":"","theme-transparent-header-meta":"","adv-header-id-meta":"","stick-header-meta":"","header-above-stick-meta":"","header-main-stick-meta":"","header-below-stick-meta":"","astra-migrate-meta-layouts":"default","ast-page-background-enabled":"default","ast-page-background-meta":{"desktop":{"background-color":"var(--ast-global-color-4)","background-image":"","background-repeat":"repeat","background-position":"center center","background-size":"auto","background-attachment":"scroll","background-type":"","background-media":"","overlay-type":"","overlay-color":"","overlay-opacity":"","overlay-gradient":""},"tablet":{"background-color":"","background-image":"","background-repeat":"repeat","background-position":"center center","background-size":"auto","background-attachment":"scroll","background-type":"","background-media":"","overlay-type":"","overlay-color":"","overlay-opacity":"","overlay-gradient":""},"mobile":{"background-color":"","background-image":"","background-repeat":"repeat","background-position":"center center","background-size":"auto","background-attachment":"scroll","background-type":"","background-media":"","overlay-type":"","overlay-color":"","overlay-opacity":"","overlay-gradient":""}},"ast-content-background-meta":{"desktop":{"background-color":"var(--ast-global-color-5)","background-image":"","background-repeat":"repeat","background-position":"center center","background-size":"auto","background-attachment":"scroll","background-type":"","background-media":"","overlay-type":"","overlay-color":"","overlay-opacity":"","overlay-gradient":""},"tablet":{"background-color":"var(--ast-global-color-5)","background-image":"","background-repeat":"repeat","background-position":"center center","background-size":"auto","background-attachment":"scroll","background-type":"","background-media":"","overlay-type":"","overlay-color":"","overlay-opacity":"","overlay-gradient":""},"mobile":{"background-color":"var(--ast-global-color-5)","background-image":"","background-repeat":"repeat","background-position":"center center","background-size":"auto","background-attachment":"scroll","background-type":"","background-media":"","overlay-type":"","overlay-color":"","overlay-opacity":"","overlay-gradient":""}},"footnotes":""},"class_list":["post-23194","page","type-page","status-publish","hentry"],"post_mailing_queue_ids":[],"_links":{"self":[{"href":"https:\/\/agora.xtec.cat\/inslacetania\/wp-json\/wp\/v2\/pages\/23194","targetHints":{"allow":["GET"]}}],"collection":[{"href":"https:\/\/agora.xtec.cat\/inslacetania\/wp-json\/wp\/v2\/pages"}],"about":[{"href":"https:\/\/agora.xtec.cat\/inslacetania\/wp-json\/wp\/v2\/types\/page"}],"author":[{"embeddable":true,"href":"https:\/\/agora.xtec.cat\/inslacetania\/wp-json\/wp\/v2\/users\/4"}],"replies":[{"embeddable":true,"href":"https:\/\/agora.xtec.cat\/inslacetania\/wp-json\/wp\/v2\/comments?post=23194"}],"version-history":[{"count":6,"href":"https:\/\/agora.xtec.cat\/inslacetania\/wp-json\/wp\/v2\/pages\/23194\/revisions"}],"predecessor-version":[{"id":27340,"href":"https:\/\/agora.xtec.cat\/inslacetania\/wp-json\/wp\/v2\/pages\/23194\/revisions\/27340"}],"up":[{"embeddable":true,"href":"https:\/\/agora.xtec.cat\/inslacetania\/wp-json\/wp\/v2\/pages\/22957"}],"wp:attachment":[{"href":"https:\/\/agora.xtec.cat\/inslacetania\/wp-json\/wp\/v2\/media?parent=23194"}],"curies":[{"name":"wp","href":"https:\/\/api.w.org\/{rel}","templated":true}]}}