{"id":23157,"date":"2024-09-18T10:16:57","date_gmt":"2024-09-18T08:16:57","guid":{"rendered":"https:\/\/agora.xtec.cat\/inslacetania\/?page_id=23157"},"modified":"2025-10-15T19:18:47","modified_gmt":"2025-10-15T17:18:47","slug":"convalidacionsfp","status":"publish","type":"page","link":"https:\/\/agora.xtec.cat\/inslacetania\/oficines\/tramits\/convalidacionsfp\/","title":{"rendered":"Convalidacions entre cicles formatius"},"content":{"rendered":"<h1><span style=\"color: #ff6600;\">1. Informaci\u00f3 general: Terminis, Documentaci\u00f3 i Sol\u00b7licitud.<\/span><\/h1>\n<p>La normativa per la qual es regeix tot el proc\u00e9s de convalidacions en els Cicles Formatius de Formaci\u00f3 Professional, est\u00e0 recollida en el Reial Decret 1085\/2020 de 9 de Desembre publicat en el BOE del seg\u00fcent enlla\u00e7: <a href=\"https:\/\/www.boe.es\/eli\/es\/rd\/2020\/12\/09\/1085\">https:\/\/www.boe.es\/eli\/es\/rd\/2020\/12\/09\/1085<\/a><\/p>\n<p>Les taules que surten en els annexos segueixen vigents amb el nou pla d\u2019estudis, inclosos els m\u00f2duls professionals de FOL i EIE, que en la nova distribuci\u00f3 de la nova FP passen a ser IPO1 i IPO2 (Itinerari Personal per a Ocupabilitat). Aquests nous m\u00f2duls, segons el Reial Decret 659\/2023 de 22 de Juliol, que desplega la nova llei, ser\u00e0 convalidable amb la FOL i EIE provinent de cicles LOE, publicat en el BOE del<br \/>\nseg\u00fcent enlla\u00e7: <a href=\"https:\/\/www.boe.es\/eli\/es\/rd\/2023\/07\/18\/659\">https:\/\/www.boe.es\/eli\/es\/rd\/2023\/07\/18\/659<\/a><\/p>\n<h2>1.1 Terminis<\/h2>\n<p>El proc\u00e9s de convalidacions romandr\u00e0 obert durant el per\u00edode que s\u2019indica a la p\u00e0gina web del centre que \u00e9s del <strong>18 de setembre al 18 d&#8217;octubre de 2025.<\/strong><\/p>\n<h2>1.2 Documentaci\u00f3<\/h2>\n<p>Per tal de realitzar el proc\u00e9s de convalidacions ser\u00e0 necessari aportar la seg\u00fcent documentaci\u00f3:<br \/>\n\u2022 Document identificatiu (DNI, NIE, Passaport).<br \/>\n\u2022 Certificaci\u00f3 Acad\u00e8mica Personal (CAP) amb les qualificacions dels estudis cursats a convalidar.<br \/>\n\u2022 Certificats de t\u00edtols oficials d\u2019idiomes. Ja siguin de Escola Oficial d\u2019Idiomes (EOI) o entitat reconeguda per la Generalitat de Catalunya.<br \/>\n\u2022 Certificat d\u2019homologaci\u00f3 d\u2019estudis a l\u2019estranger.<br \/>\n\u2022 Certificat de programes \u201cQualifica\u2019t\u201d o \u201cReconeixement\u201d si s\u2019accedeix per aquesta via.<br \/>\n\u2022 Certificar de professionalitat \u201cCP\u201d on consti les unitats de compet\u00e8ncies acreditades, si s\u2019accedeix per aquesta via.<\/p>\n<h2>1.3 Sol.licitud<\/h2>\n<p>Dimarts dia 16 de setembre de 2025 estar\u00e0 actiu a a web: <a href=\"https:\/\/script.google.com\/a\/macros\/lacetania.cat\/s\/AKfycbwtx80riXfXtTe1FLiYJm2f2OZd5rTbMPHsrxzksMLPiKmyhL24HgBjO3qZIWawaNQ0\/exec\">Formulari convalidacions<\/a><\/p>\n<h1><span style=\"color: #ff6600;\">2. Convalidaci\u00f3 de m\u00f2duls transversals i altres<\/span><\/h1>\n<h2>2.1. 1709 \u2013 M\u00f2dul Itinerari per a l\u2019ocupabilitat I (IPO1) i 1710 \u2013 M\u00f2dul Itinerari per a l\u2019ocupabilitat II (IPO2).<\/h2>\n<p>Els m\u00f2duls professionals d\u2019IPO1 i IPO2 seran objecte de convalidaci\u00f3 entre ofertes formatives.<\/p>\n<p>&#8211; <strong>Convalidaci\u00f3 d\u2019IPO1 i IPO2 aportant estudis LOE<\/strong>: la convalidaci\u00f3 ser\u00e0 total en el cas d\u2019haver cursat els m\u00f2duls professionals extints de Formaci\u00f3 i Orientaci\u00f3 Laboral (FOL) i Empresa i Iniciativa Emprenedora (EIE).<\/p>\n<p>&#8211; <strong>Convalidaci\u00f3 d\u2019IPO1 i IPO2 aportant estudis LOGSE<\/strong>:<\/p>\n<ul>\n<li style=\"list-style-type: none;\">\n<ul>\n<li style=\"list-style-type: none;\">\n<ul>\n<li>Es podr\u00e0 sol\u00b7licitar la convalidaci\u00f3 de 1709 \u2013 M\u00f2dul Itinerari per a l\u2019ocupabilitat I (IPO1) aportant el m\u00f2dul professional de FOL superat + el Certificat de Nivell b\u00e0sic en Prevenci\u00f3 de riscos laborals, expedit d&#8217;acord amb el que disposa el Reial Decret 39\/1997, de 17 de gener, pel qual s\u2019aprova el Reglament dels Serveis de Prevenci\u00f3, amb indicaci\u00f3 expressa<br \/>\ndels continguts superats.<\/li>\n<li>\u00a0Es podr\u00e0 sol\u00b7licitar la convalidaci\u00f3 de 1710 \u2013 M\u00f2dul Itinerari per a l\u2019ocupabilitat I (IPO2) si s\u2019aporten els m\u00f2duls professionals LOGSE, reflectits a l&#8217;Annex II del Reial Decret 1085\/2020, de 9 de desembre, per convalidar el m\u00f2dul professional d&#8217;Empresa i Iniciativa Emprenedora, ara anomenat Itinerari personal per a l&#8217;ocupabilitat II.<\/li>\n<\/ul>\n<\/li>\n<\/ul>\n<\/li>\n<\/ul>\n<h2>2.2 Informaci\u00f3 per convalidar Angl\u00e8s t\u00e8cnic a grau mit\u00e0 i grau superior<\/h2>\n<div class=\"elementor-element elementor-element-1f28afe elementor-widget elementor-widget-heading\" data-id=\"1f28afe\" data-element_type=\"widget\" data-widget_type=\"heading.default\">\n<div class=\"elementor-widget-container\">\n<h3 class=\"elementor-heading-title elementor-size-default\">2.2.1.-CFGM: M\u00f2dul d\u2019Angl\u00e8s t\u00e8cnic.<\/h3>\n<\/div>\n<\/div>\n<div class=\"elementor-element elementor-element-a94fb05 elementor-widget elementor-widget-text-editor\" data-id=\"a94fb05\" data-element_type=\"widget\" data-widget_type=\"text-editor.default\">\n<div class=\"elementor-widget-container\">\n<ul>\n<li><strong>Convalidar Angl\u00e8s t\u00e8cnic d\u2019un cicle de grau mitj\u00e0:<\/strong> Es podr\u00e0 convalidar l\u2019Angl\u00e8s t\u00e8cnic del cicle que est\u00e0s matriculat si has superat l\u2019angl\u00e8s t\u00e8cnic d\u2019un altre cicle de grau mitj\u00e0.<\/li>\n<\/ul>\n<\/div>\n<\/div>\n<div class=\"elementor-element elementor-element-239195f elementor-widget elementor-widget-heading\" data-id=\"239195f\" data-element_type=\"widget\" data-widget_type=\"heading.default\">\n<div class=\"elementor-widget-container\">\n<h3 class=\"elementor-heading-title elementor-size-default\">2.2.2.-CFGS: M\u00f2dul d\u2019angl\u00e8s t\u00e8cnic:<\/h3>\n<\/div>\n<\/div>\n<div class=\"elementor-element elementor-element-10bc9c8 elementor-widget elementor-widget-text-editor\" data-id=\"10bc9c8\" data-element_type=\"widget\" data-widget_type=\"text-editor.default\">\n<div class=\"elementor-widget-container\">\n<ul>\n<li><span style=\"color: #000000; font-size: 16px;\"><strong>Convalidar Angl\u00e8s t\u00e8cnic d\u2019un cicle de grau superior:<\/strong> Es podr\u00e0 convalidar l\u2019Angl\u00e8s t\u00e8cnic del cicle que est\u00e0s matriculat si has superat l\u2019angl\u00e8s t\u00e8cnic d\u2019un altre cicle de grau superior.<\/span><\/li>\n<\/ul>\n<div class=\"elementor-element elementor-element-8bebf08 elementor-widget elementor-widget-heading\" data-id=\"8bebf08\" data-element_type=\"widget\" data-widget_type=\"heading.default\">\n<div class=\"elementor-widget-container\">\n<h3 class=\"elementor-heading-title elementor-size-default\">No \u00e9s susceptible de convalidaci\u00f3 el m\u00f2dul d\u2019Angl\u00e8s professional entre cicles formatius de grau mitj\u00e0 i grau superior.<\/h3>\n<\/div>\n<\/div>\n<div class=\"elementor-element elementor-element-80d6014 elementor-widget elementor-widget-spacer\" data-id=\"80d6014\" data-element_type=\"widget\" data-widget_type=\"spacer.default\">\n<div class=\"elementor-widget-container\">\n<div class=\"elementor-spacer\">\n<div class=\"elementor-spacer-inner\"><\/div>\n<\/div>\n<\/div>\n<\/div>\n<div class=\"elementor-element elementor-element-83cfc53 elementor-widget elementor-widget-heading\" data-id=\"83cfc53\" data-element_type=\"widget\" data-widget_type=\"heading.default\">\n<div class=\"elementor-widget-container\">\n<h3 class=\"elementor-heading-title elementor-size-default\">El m\u00f2dul d\u2019Angl\u00e8s professional, tamb\u00e9 \u00e9s objecte de convalidaci\u00f3 amb certificacions acad\u00e8miques oficials com:<\/h3>\n<\/div>\n<\/div>\n<div class=\"elementor-element elementor-element-e099f77 elementor-icon-list--layout-traditional elementor-list-item-link-full_width elementor-widget elementor-widget-icon-list\" data-id=\"e099f77\" data-element_type=\"widget\" data-widget_type=\"icon-list.default\">\n<div class=\"elementor-widget-container\">\n<ul class=\"elementor-icon-list-items\">\n<li class=\"elementor-icon-list-item\"><span class=\"elementor-icon-list-text\"><strong>Nivell avan\u00e7at B2<\/strong>, per a cicles formatius de grau superior,<\/span><\/li>\n<li class=\"elementor-icon-list-item\"><span class=\"elementor-icon-list-text\"><strong>Nivell intermedi B1 o superior<\/strong>, per a cicles formatius de grau mitj\u00e0,<\/span><\/li>\n<\/ul>\n<\/div>\n<\/div>\n<\/div>\n<\/div>\n<div class=\"elementor-widget-container\">\n<div class=\"elementor-spacer\">\n<ul>\n<li style=\"list-style-type: none;\">\n<ul>\n<li style=\"list-style-type: none;\"><\/li>\n<\/ul>\n<\/li>\n<\/ul>\n<\/div>\n<\/div>\n<div class=\"elementor-element elementor-element-0a1393d elementor-widget elementor-widget-text-editor\" data-id=\"0a1393d\" data-element_type=\"widget\" data-widget_type=\"text-editor.default\">\n<div class=\"elementor-widget-container\">\n<h2>2.3. Resta de m\u00f2duls<\/h2>\n<p>En el nou curr\u00edculum entrat en vigor el curs 2024\/25 apareixen uns m\u00f2duls que seran comuns a tots els cicles del mateix nivell, i que es podr\u00e0 sol\u00b7licitar la convalidaci\u00f3. Pel que fa als m\u00f2duls comuns de tots els cicles, en funci\u00f3 del nivell del cicle es t\u00e9 en compte la normativa corresponent.<\/p>\n<p><a href=\"https:\/\/agora.xtec.cat\/inslacetania\/wp-content\/uploads\/usu1045\/2025\/10\/Orientacions-per-alumnat-matriculat-per-UF-antic-pla-en-extincio-20251015.zip\">Orientacions per alumnat matriculat per UF (antic pla en extinci\u00f3)<\/a><\/p>\n<p><a href=\"https:\/\/agora.xtec.cat\/inslacetania\/wp-content\/uploads\/usu1045\/2025\/10\/Orientacions-per-alumnat-matriculat-per-MP-nou-pla-destudis-20250715-10.zip\">Orientacions-per-alumnat-matriculat-per-MP-nou-pla-destudis<\/a><\/p>\n<h3>2.3.1 Digitalitzaci\u00f3 aplicada als sectors productius:<\/h3>\n<p><strong>Grau mitj\u00e0 &#8211; 1664. Digitalitzaci\u00f3 aplicada als sectors productius:<\/strong><\/p>\n<p>Formaci\u00f3 aportada: Qualsevol CF LOE de GM de la mateixa fam\u00edlia professional si t\u00e9 el MP 1664 aprovat.<\/p>\n<p><strong>Grau superior &#8211; 1665. Digitalitzaci\u00f3 aplicada als sectors productius:<\/strong><\/p>\n<p><span style=\"font-family: inherit; font-size: 1em;\">Formaci\u00f3 aportada: Qualsevol CF LOE de GS de la mateixa fam\u00edlia professional si t\u00e9 el MP 1665 <\/span><span style=\"font-family: inherit; font-size: 1em;\">aprovat.<\/span><\/p>\n<h3>2.3.2 Sostenibilitat aplicada al sector productiu<\/h3>\n<p><strong>Grau mitj\u00e0 i superior- 1708. Sostenibilitat aplicada al sistema productiu:<\/strong><\/p>\n<p>Qualsevol CF LOE de GM o GS de la mateixa fam\u00edlia professional si t\u00e9 el MP1708 aprovat.<\/p>\n<\/div>\n<\/div>\n<h3><strong><span style=\"color: #ff0000;\">El proc\u00e9s de convalidacions romandr\u00e0 obert durant el per\u00edode que s\u2019indica a la p\u00e0gina web del centre que \u00e9s del 18 de setembre al 18 d&#8217;octubre de 2025.<\/span><\/strong><\/h3>\n","protected":false},"excerpt":{"rendered":"<p>1. Informaci\u00f3 general: Terminis, Documentaci\u00f3 i Sol\u00b7licitud. La normativa per la qual es regeix tot el proc\u00e9s de convalidacions en els Cicles Formatius de Formaci\u00f3 Professional, est\u00e0 recollida en el Reial Decret 1085\/2020 de 9 de Desembre publicat en el BOE del seg\u00fcent enlla\u00e7: https:\/\/www.boe.es\/eli\/es\/rd\/2020\/12\/09\/1085 Les taules que surten en els annexos segueixen vigents amb [&hellip;]<\/p>\n","protected":false},"author":13,"featured_media":0,"parent":818,"menu_order":0,"comment_status":"closed","ping_status":"closed","template":"page-templates\/side-menu.php","meta":{"_bbp_topic_count":0,"_bbp_reply_count":0,"_bbp_total_topic_count":0,"_bbp_total_reply_count":0,"_bbp_voice_count":0,"_bbp_anonymous_reply_count":0,"_bbp_topic_count_hidden":0,"_bbp_reply_count_hidden":0,"_bbp_forum_subforum_count":0,"site-sidebar-layout":"default","site-content-layout":"","ast-site-content-layout":"","site-content-style":"default","site-sidebar-style":"default","ast-global-header-display":"","ast-banner-title-visibility":"","ast-main-header-display":"","ast-hfb-above-header-display":"","ast-hfb-below-header-display":"","ast-hfb-mobile-header-display":"","site-post-title":"","ast-breadcrumbs-content":"","ast-featured-img":"","footer-sml-layout":"","theme-transparent-header-meta":"","adv-header-id-meta":"","stick-header-meta":"","header-above-stick-meta":"","header-main-stick-meta":"","header-below-stick-meta":"","astra-migrate-meta-layouts":"default","ast-page-background-enabled":"default","ast-page-background-meta":{"desktop":{"background-color":"var(--ast-global-color-4)","background-image":"","background-repeat":"repeat","background-position":"center center","background-size":"auto","background-attachment":"scroll","background-type":"","background-media":"","overlay-type":"","overlay-color":"","overlay-opacity":"","overlay-gradient":""},"tablet":{"background-color":"","background-image":"","background-repeat":"repeat","background-position":"center center","background-size":"auto","background-attachment":"scroll","background-type":"","background-media":"","overlay-type":"","overlay-color":"","overlay-opacity":"","overlay-gradient":""},"mobile":{"background-color":"","background-image":"","background-repeat":"repeat","background-position":"center center","background-size":"auto","background-attachment":"scroll","background-type":"","background-media":"","overlay-type":"","overlay-color":"","overlay-opacity":"","overlay-gradient":""}},"ast-content-background-meta":{"desktop":{"background-color":"var(--ast-global-color-5)","background-image":"","background-repeat":"repeat","background-position":"center center","background-size":"auto","background-attachment":"scroll","background-type":"","background-media":"","overlay-type":"","overlay-color":"","overlay-opacity":"","overlay-gradient":""},"tablet":{"background-color":"var(--ast-global-color-5)","background-image":"","background-repeat":"repeat","background-position":"center center","background-size":"auto","background-attachment":"scroll","background-type":"","background-media":"","overlay-type":"","overlay-color":"","overlay-opacity":"","overlay-gradient":""},"mobile":{"background-color":"var(--ast-global-color-5)","background-image":"","background-repeat":"repeat","background-position":"center center","background-size":"auto","background-attachment":"scroll","background-type":"","background-media":"","overlay-type":"","overlay-color":"","overlay-opacity":"","overlay-gradient":""}},"footnotes":""},"class_list":["post-23157","page","type-page","status-publish","hentry"],"post_mailing_queue_ids":[],"_links":{"self":[{"href":"https:\/\/agora.xtec.cat\/inslacetania\/wp-json\/wp\/v2\/pages\/23157","targetHints":{"allow":["GET"]}}],"collection":[{"href":"https:\/\/agora.xtec.cat\/inslacetania\/wp-json\/wp\/v2\/pages"}],"about":[{"href":"https:\/\/agora.xtec.cat\/inslacetania\/wp-json\/wp\/v2\/types\/page"}],"author":[{"embeddable":true,"href":"https:\/\/agora.xtec.cat\/inslacetania\/wp-json\/wp\/v2\/users\/13"}],"replies":[{"embeddable":true,"href":"https:\/\/agora.xtec.cat\/inslacetania\/wp-json\/wp\/v2\/comments?post=23157"}],"version-history":[{"count":7,"href":"https:\/\/agora.xtec.cat\/inslacetania\/wp-json\/wp\/v2\/pages\/23157\/revisions"}],"predecessor-version":[{"id":27896,"href":"https:\/\/agora.xtec.cat\/inslacetania\/wp-json\/wp\/v2\/pages\/23157\/revisions\/27896"}],"up":[{"embeddable":true,"href":"https:\/\/agora.xtec.cat\/inslacetania\/wp-json\/wp\/v2\/pages\/818"}],"wp:attachment":[{"href":"https:\/\/agora.xtec.cat\/inslacetania\/wp-json\/wp\/v2\/media?parent=23157"}],"curies":[{"name":"wp","href":"https:\/\/api.w.org\/{rel}","templated":true}]}}