{"id":23118,"date":"2024-09-05T12:56:28","date_gmt":"2024-09-05T10:56:28","guid":{"rendered":"https:\/\/agora.xtec.cat\/inslacetania\/?page_id=23118"},"modified":"2025-03-20T13:27:00","modified_gmt":"2025-03-20T12:27:00","slug":"cfgs-administracio-i-finances-ambit-professional-gestor-dassegurances-agb1","status":"publish","type":"page","link":"https:\/\/agora.xtec.cat\/inslacetania\/estudis\/fp\/cfgs\/cfgs-administracio-i-finances-ambit-professional-gestor-dassegurances-agb1\/","title":{"rendered":"CFGS Administraci\u00f3 i finances \u2013 \u00c0mbit professional Gestor d\u2019assegurances \u2013 AGB1"},"content":{"rendered":"<p>Fam\u00edlia professional: Administraci\u00f3 i gesti\u00f3<span style=\"color: #ff0000;\"> (estudis en extinci\u00f3!)<\/span><\/p>\n<p style=\"text-align: center;\"><a href=\"https:\/\/agora.xtec.cat\/inslacetania\/wp-content\/uploads\/usu1045\/2024\/09\/adminAGB1.png\"><img loading=\"lazy\" decoding=\"async\" class=\"alignnone wp-image-23121\" src=\"https:\/\/agora.xtec.cat\/inslacetania\/wp-content\/uploads\/usu1045\/2024\/09\/adminAGB1.png\" alt=\"\" width=\"560\" height=\"238\" srcset=\"https:\/\/agora.xtec.cat\/inslacetania\/wp-content\/uploads\/usu1045\/2024\/09\/adminAGB1.png 614w, https:\/\/agora.xtec.cat\/inslacetania\/wp-content\/uploads\/usu1045\/2024\/09\/adminAGB1-300x128.png 300w\" sizes=\"auto, (max-width: 560px) 100vw, 560px\" \/><\/a><\/p>\n<h4>Descripci\u00f3<\/h4>\n<p>Les persones amb el t\u00edtol de Grau Superior en Administraci\u00f3 i Finances, perfil professional Gestor d\u2019Assegurances, combinen la seva preparaci\u00f3 per a la gesti\u00f3 i administraci\u00f3 de processos comercials, laborals o comptables amb els propis de les empreses asseguradores. Aquest professional est\u00e0 a punt per desenvolupar les seves compet\u00e8ncies tant en empreses p\u00fabliques com privades, garantint el compliment de la normativa vigent, els protocols de gesti\u00f3 de qualitat i la correcta gesti\u00f3 de la informaci\u00f3. Tenen una durada de 2.000 hores (amb formaci\u00f3 en un centre educatiu i a l\u2019empresa) distribu\u00efdes en dos cursos acad\u00e8mics.<\/p>\n<p>L\u2019alumnat pot realitzar pr\u00e0ctiques en empreses estrangeres dins del programa europeu de mobilitat Erasmus+.<\/p>\n<p style=\"text-align: center;\"><iframe loading=\"lazy\" title=\"YouTube video player\" src=\"https:\/\/www.youtube.com\/embed\/YdCU9UzkpNo\" width=\"560\" height=\"315\" frameborder=\"0\" allowfullscreen=\"allowfullscreen\"><\/iframe><\/p>\n<hr \/>\n<p style=\"text-align: center;\"><strong>Aquest t\u00e8cnic superior \u00e9s un perfil altament especialitzat que dota les compet\u00e8ncies del professional en Administraci\u00f3 i Finances el valor afegit del seu coneixement en la gesti\u00f3 d\u2019assegurances, tramitaci\u00f3 de sinistres i la digitalitzaci\u00f3 de les empreses asseguradores. Gr\u00e0cies a aquesta especialitzaci\u00f3, es tracta d\u2019una figura valorada en el sector de les assegurances, per\u00f2 tamb\u00e9 en el financer, jur\u00eddic, laboral i en l\u2019Administraci\u00f3 P\u00fablica.<\/strong><\/p>\n<hr \/>\n<h4>Continguts<\/h4>\n<ul>\n<li>Gesti\u00f3 de la documentaci\u00f3 jur\u00eddica i empresarial<\/li>\n<li>Recursos humans i responsabilitat social corporativa<\/li>\n<li>Ofim\u00e0tica i proc\u00e9s de la informaci\u00f3<\/li>\n<li>Proc\u00e9s integral de l&#8217;activitat comercial<\/li>\n<li>Comunicaci\u00f3 i atenci\u00f3 al client<\/li>\n<li>Angl\u00e8s professional<\/li>\n<li>Catal\u00e0 \/ Aran\u00e8s professional<\/li>\n<li>Gesti\u00f3 de recursos humans<\/li>\n<li>Gesti\u00f3 financera<\/li>\n<li>Comptabilitat i fiscalitat<\/li>\n<li>Gesti\u00f3 log\u00edstica i comercial<\/li>\n<li>Simulaci\u00f3 empresarial<\/li>\n<li>Projecte intermodular<\/li>\n<li>Itinerari per a l`ocupabilitat I<\/li>\n<li>Itinerari per a l`ocupabilitat II<\/li>\n<li>Digitalitzaci\u00f3 aplicada al sector productiu<\/li>\n<li>Sostenibilitat aplicada al sector productiu<\/li>\n<li>Optativa \/ Optatives<\/li>\n<li>Introducci\u00f3 a les assegurances<\/li>\n<li>T\u00e8cnica d&#8217;assegurances<\/li>\n<li>Gesti\u00f3 d&#8217;assegurances<\/li>\n<li>Dual General \/ Dual Intensiva<\/li>\n<\/ul>\n<h4>Principals ocupacions i llocs de treball<\/h4>\n<ul>\n<li>Administratiu\/va d&#8217;oficina<\/li>\n<li>Administratiu\/va comercial<\/li>\n<li>Administratiu\/va financera<\/li>\n<li>Administratiu\/va comptable<\/li>\n<li>Administratiu\/va log\u00edstica<\/li>\n<li>Administratiu\/va de banca i d&#8217;assegurances<\/li>\n<li>Administratiu\/va de recursos humans<\/li>\n<li>Administratiu\/va de l&#8217;administraci\u00f3 p\u00fablica<\/li>\n<li>Administratiu\/va d&#8217;assessories jur\u00eddiques, comptables, laborals, fiscals o gestories<\/li>\n<li>T\u00e8cnic en gesti\u00f3 de cobraments<\/li>\n<li>Gestor\/a de productes i serveis financers d\u2019assegurances<\/li>\n<li>Agent d\u2019assegurances<\/li>\n<li>Responsable d&#8217;atenci\u00f3 al client<\/li>\n<\/ul>\n<h4>Horari<\/h4>\n<p>Tardes de 15h a 21h (dimecres de 17:30h a 21:30h)<\/p>\n","protected":false},"excerpt":{"rendered":"<p>Fam\u00edlia professional: Administraci\u00f3 i gesti\u00f3 (estudis en extinci\u00f3!) Descripci\u00f3 Les persones amb el t\u00edtol de Grau Superior en Administraci\u00f3 i Finances, perfil professional Gestor d\u2019Assegurances, combinen la seva preparaci\u00f3 per a la gesti\u00f3 i administraci\u00f3 de processos comercials, laborals o comptables amb els propis de les empreses asseguradores. Aquest professional est\u00e0 a punt per desenvolupar [&hellip;]<\/p>\n","protected":false},"author":4,"featured_media":0,"parent":635,"menu_order":15,"comment_status":"closed","ping_status":"closed","template":"page-templates\/side-menu.php","meta":{"_bbp_topic_count":0,"_bbp_reply_count":0,"_bbp_total_topic_count":0,"_bbp_total_reply_count":0,"_bbp_voice_count":0,"_bbp_anonymous_reply_count":0,"_bbp_topic_count_hidden":0,"_bbp_reply_count_hidden":0,"_bbp_forum_subforum_count":0,"site-sidebar-layout":"default","site-content-layout":"","ast-site-content-layout":"","site-content-style":"default","site-sidebar-style":"default","ast-global-header-display":"","ast-banner-title-visibility":"","ast-main-header-display":"","ast-hfb-above-header-display":"","ast-hfb-below-header-display":"","ast-hfb-mobile-header-display":"","site-post-title":"","ast-breadcrumbs-content":"","ast-featured-img":"","footer-sml-layout":"","theme-transparent-header-meta":"","adv-header-id-meta":"","stick-header-meta":"","header-above-stick-meta":"","header-main-stick-meta":"","header-below-stick-meta":"","astra-migrate-meta-layouts":"default","ast-page-background-enabled":"default","ast-page-background-meta":{"desktop":{"background-color":"var(--ast-global-color-4)","background-image":"","background-repeat":"repeat","background-position":"center center","background-size":"auto","background-attachment":"scroll","background-type":"","background-media":"","overlay-type":"","overlay-color":"","overlay-opacity":"","overlay-gradient":""},"tablet":{"background-color":"","background-image":"","background-repeat":"repeat","background-position":"center center","background-size":"auto","background-attachment":"scroll","background-type":"","background-media":"","overlay-type":"","overlay-color":"","overlay-opacity":"","overlay-gradient":""},"mobile":{"background-color":"","background-image":"","background-repeat":"repeat","background-position":"center center","background-size":"auto","background-attachment":"scroll","background-type":"","background-media":"","overlay-type":"","overlay-color":"","overlay-opacity":"","overlay-gradient":""}},"ast-content-background-meta":{"desktop":{"background-color":"var(--ast-global-color-5)","background-image":"","background-repeat":"repeat","background-position":"center center","background-size":"auto","background-attachment":"scroll","background-type":"","background-media":"","overlay-type":"","overlay-color":"","overlay-opacity":"","overlay-gradient":""},"tablet":{"background-color":"var(--ast-global-color-5)","background-image":"","background-repeat":"repeat","background-position":"center center","background-size":"auto","background-attachment":"scroll","background-type":"","background-media":"","overlay-type":"","overlay-color":"","overlay-opacity":"","overlay-gradient":""},"mobile":{"background-color":"var(--ast-global-color-5)","background-image":"","background-repeat":"repeat","background-position":"center center","background-size":"auto","background-attachment":"scroll","background-type":"","background-media":"","overlay-type":"","overlay-color":"","overlay-opacity":"","overlay-gradient":""}},"footnotes":""},"class_list":["post-23118","page","type-page","status-publish","hentry"],"post_mailing_queue_ids":[],"_links":{"self":[{"href":"https:\/\/agora.xtec.cat\/inslacetania\/wp-json\/wp\/v2\/pages\/23118","targetHints":{"allow":["GET"]}}],"collection":[{"href":"https:\/\/agora.xtec.cat\/inslacetania\/wp-json\/wp\/v2\/pages"}],"about":[{"href":"https:\/\/agora.xtec.cat\/inslacetania\/wp-json\/wp\/v2\/types\/page"}],"author":[{"embeddable":true,"href":"https:\/\/agora.xtec.cat\/inslacetania\/wp-json\/wp\/v2\/users\/4"}],"replies":[{"embeddable":true,"href":"https:\/\/agora.xtec.cat\/inslacetania\/wp-json\/wp\/v2\/comments?post=23118"}],"version-history":[{"count":6,"href":"https:\/\/agora.xtec.cat\/inslacetania\/wp-json\/wp\/v2\/pages\/23118\/revisions"}],"predecessor-version":[{"id":25704,"href":"https:\/\/agora.xtec.cat\/inslacetania\/wp-json\/wp\/v2\/pages\/23118\/revisions\/25704"}],"up":[{"embeddable":true,"href":"https:\/\/agora.xtec.cat\/inslacetania\/wp-json\/wp\/v2\/pages\/635"}],"wp:attachment":[{"href":"https:\/\/agora.xtec.cat\/inslacetania\/wp-json\/wp\/v2\/media?parent=23118"}],"curies":[{"name":"wp","href":"https:\/\/api.w.org\/{rel}","templated":true}]}}