{"id":22957,"date":"2024-07-12T10:11:29","date_gmt":"2024-07-12T08:11:29","guid":{"rendered":"https:\/\/agora.xtec.cat\/inslacetania\/?page_id=22957"},"modified":"2026-01-21T17:19:05","modified_gmt":"2026-01-21T16:19:05","slug":"certificats-de-professionalitat","status":"publish","type":"page","link":"https:\/\/agora.xtec.cat\/inslacetania\/estudis\/fp\/certificats-de-professionalitat\/","title":{"rendered":"Certificats de professionalitat"},"content":{"rendered":"<h1><strong>Oferta formativa curs 25-26<\/strong><\/h1>\n<p>Vull inscriure&#8217;m a un dels certificats. Omple el seg\u00fcent formulari: <a href=\"https:\/\/forms.gle\/Y7Jdq7aE6MerdQ88A\">Formulari d&#8217;inscipci\u00f3 als certificats de professionalitat<\/a><\/p>\n<p>Un cop omplert el formulari el centre es posar\u00e0 en contacte amb tu.<\/p>\n<ul>\n<li><a href=\"https:\/\/agora.xtec.cat\/inslacetania\/estudis\/fp\/certificats-de-professionalitat\/operacions-auxiliars-de-serveis-administratius-i-generals\/\">ADGG 0408: Certificat de professionalitat de nivell 1. Operacions auxiliars de serveis administratius i generals.<span style=\"color: #ff0000;\"> Inici febrer 2026<\/span><\/a><\/li>\n<li><a href=\"https:\/\/agora.xtec.cat\/inslacetania\/estudis\/fp\/certificats-de-professionalitat\/elee0109-muntatge-i-manteniment-dinstallacions-electriques-de-baixa-tensio\/\" target=\"_blank\" rel=\"noopener\">ELEE 0109: Certificat de professionalitat de nivell 2. Muntatge i manteniment d&#8217;instal\u00b7lacions el\u00e8ctriques de baixa tensi\u00f3. <span style=\"color: #ff0000;\">Inici novembre 2025<\/span><\/a><\/li>\n<li><a href=\"https:\/\/agora.xtec.cat\/inslacetania\/estudis\/fp\/certificats-de-professionalitat\/ifct0108-operacions-auxiliars-de-muntatge-i-manteniment-de-sistemes-microinformatics\/\">IFCT 0108: Certificat de professionalitat de nivell 1. Operacions Auxiliars de Muntatge i Manteniment de Sistemes Microinform\u00e0tics. <span style=\"color: #ff0000;\">Inici febrer 2026 <\/span><\/a><\/li>\n<\/ul>\n<p class=\"title\" data-show-status=\"Operacions Auxiliars de Muntatge i Manteniment de Sistemes Microinform\u00e0tics \"><span style=\"color: #ff6600;\">Av\u00eds: Aquestes dates s\u00f3n orientatives<\/span><\/p>\n<hr \/>\n<h3 style=\"text-align: center;\"><a href=\"https:\/\/agora.xtec.cat\/inslacetania\/wp-content\/uploads\/usu1045\/2024\/09\/familias.jpg\"><img loading=\"lazy\" decoding=\"async\" class=\"size-full wp-image-23204 alignright\" src=\"https:\/\/agora.xtec.cat\/inslacetania\/wp-content\/uploads\/usu1045\/2024\/09\/familias.jpg\" alt=\"\" width=\"504\" height=\"422\" srcset=\"https:\/\/agora.xtec.cat\/inslacetania\/wp-content\/uploads\/usu1045\/2024\/09\/familias.jpg 504w, https:\/\/agora.xtec.cat\/inslacetania\/wp-content\/uploads\/usu1045\/2024\/09\/familias-300x250.jpg 300w\" sizes=\"auto, (max-width: 504px) 100vw, 504px\" \/><\/a><\/h3>\n<h3>QU\u00c8 S\u00d3N?<\/h3>\n<p>S\u00f3n documents oficials que acrediten les compet\u00e8ncies professionals i garanteixen que la persona que els obt\u00e9 t\u00e9 els coneixements, les habilitats i les aptituds per desenvolupar una activitat laboral d\u2019acord amb les exig\u00e8ncies del mercat de treball.<\/p>\n<p>Tots els certificats de professionalitat inclouen un m\u00f2dul de formaci\u00f3 pr\u00e0ctica en centres de treball.<\/p>\n<p>Els requisits per accedir a la formaci\u00f3 dels certificats de professionalitat depenen del nivell de qualificaci\u00f3 del certificat s\u00f3n:<\/p>\n<h4>NIVELL 1<\/h4>\n<ul>\n<li>No s\u2019exigeixen requisits acad\u00e8mics ni professionals.<\/li>\n<\/ul>\n<h4>NIVELL 2<\/h4>\n<ul>\n<li>T\u00edtol de graduat en educaci\u00f3 secund\u00e0ria.<\/li>\n<li>Certificat de professionalitat de nivell 2.<\/li>\n<li>Certificat de professionalitat de nivell 1 de la mateixa fam\u00edlia i \u00e0rea professional que el certificat al qual vols accedir.<\/li>\n<li>Complir el requisit acad\u00e8mic d\u2019acc\u00e9s als cicles formatius de grau mitj\u00e0 o b\u00e9 haver superat les proves d\u2019acc\u00e9s corresponents regulades per les administracions educatives.<\/li>\n<li>Haver superat la prova d\u2019acc\u00e9s a la universitat per a m\u00e9s grans de 25 anys i\/o de 45 anys.<\/li>\n<\/ul>\n<h4>NIVELL 3<\/h4>\n<ul>\n<li>T\u00edtol de batxillerat.<\/li>\n<li>Certificat de professionalitat de nivell 3.<\/li>\n<li>Certificat de professionalitat de nivell 2 de la mateixa fam\u00edlia i \u00e0rea professional.<\/li>\n<li>Complir el requisit acad\u00e8mic d\u2019acc\u00e9s als cicles formatius de grau superior, o b\u00e9 haver superat les proves d\u2019acc\u00e9s corresponents i regulades per les administracions educatives.<\/li>\n<li>Haver superat la prova d\u2019acc\u00e9s a la universitat per a m\u00e9s grans de 25 anys i\/o de 45 anys.<\/li>\n<\/ul>\n<p>A m\u00e9s, cal tenir en compte el seg\u00fcent:<\/p>\n<ul>\n<li>Si el compliment d\u2019aquests requisits no es pot acreditar documentalment, cal superar unes proves d\u2019avaluaci\u00f3 de les compet\u00e8ncies clau de matem\u00e0tiques i comunicaci\u00f3 ling\u00fc\u00edstica.<\/li>\n<li>Per accedir a un certificat de professionalitat que inclou algun m\u00f2dul\u00a0en llengua estrangera tamb\u00e9 cal demostrar tenir la compet\u00e8ncia en la llengua.<\/li>\n<\/ul>\n<p><a href=\"https:\/\/serveiocupacio.gencat.cat\/ca\/persones\/vull-formar-me\/certificats-professionals\/index.html\">Certificats professionals. Servei P\u00fablic d&#8217;Ocupaci\u00f3 de Catalunya<\/a><\/p>\n<hr \/>\n","protected":false},"excerpt":{"rendered":"<p>Oferta formativa curs 25-26 Vull inscriure&#8217;m a un dels certificats. Omple el seg\u00fcent formulari: Formulari d&#8217;inscipci\u00f3 als certificats de professionalitat Un cop omplert el formulari el centre es posar\u00e0 en contacte amb tu. ADGG 0408: Certificat de professionalitat de nivell 1. Operacions auxiliars de serveis administratius i generals. Inici febrer 2026 ELEE 0109: Certificat de [&hellip;]<\/p>\n","protected":false},"author":13,"featured_media":0,"parent":531,"menu_order":80,"comment_status":"closed","ping_status":"closed","template":"","meta":{"_bbp_topic_count":0,"_bbp_reply_count":0,"_bbp_total_topic_count":0,"_bbp_total_reply_count":0,"_bbp_voice_count":0,"_bbp_anonymous_reply_count":0,"_bbp_topic_count_hidden":0,"_bbp_reply_count_hidden":0,"_bbp_forum_subforum_count":0,"site-sidebar-layout":"default","site-content-layout":"","ast-site-content-layout":"default","site-content-style":"default","site-sidebar-style":"default","ast-global-header-display":"","ast-banner-title-visibility":"","ast-main-header-display":"","ast-hfb-above-header-display":"","ast-hfb-below-header-display":"","ast-hfb-mobile-header-display":"","site-post-title":"","ast-breadcrumbs-content":"","ast-featured-img":"","footer-sml-layout":"","theme-transparent-header-meta":"","adv-header-id-meta":"","stick-header-meta":"","header-above-stick-meta":"","header-main-stick-meta":"","header-below-stick-meta":"","astra-migrate-meta-layouts":"set","ast-page-background-enabled":"default","ast-page-background-meta":{"desktop":{"background-color":"var(--ast-global-color-4)","background-image":"","background-repeat":"repeat","background-position":"center center","background-size":"auto","background-attachment":"scroll","background-type":"","background-media":"","overlay-type":"","overlay-color":"","overlay-opacity":"","overlay-gradient":""},"tablet":{"background-color":"","background-image":"","background-repeat":"repeat","background-position":"center center","background-size":"auto","background-attachment":"scroll","background-type":"","background-media":"","overlay-type":"","overlay-color":"","overlay-opacity":"","overlay-gradient":""},"mobile":{"background-color":"","background-image":"","background-repeat":"repeat","background-position":"center center","background-size":"auto","background-attachment":"scroll","background-type":"","background-media":"","overlay-type":"","overlay-color":"","overlay-opacity":"","overlay-gradient":""}},"ast-content-background-meta":{"desktop":{"background-color":"var(--ast-global-color-5)","background-image":"","background-repeat":"repeat","background-position":"center center","background-size":"auto","background-attachment":"scroll","background-type":"","background-media":"","overlay-type":"","overlay-color":"","overlay-opacity":"","overlay-gradient":""},"tablet":{"background-color":"var(--ast-global-color-5)","background-image":"","background-repeat":"repeat","background-position":"center center","background-size":"auto","background-attachment":"scroll","background-type":"","background-media":"","overlay-type":"","overlay-color":"","overlay-opacity":"","overlay-gradient":""},"mobile":{"background-color":"var(--ast-global-color-5)","background-image":"","background-repeat":"repeat","background-position":"center center","background-size":"auto","background-attachment":"scroll","background-type":"","background-media":"","overlay-type":"","overlay-color":"","overlay-opacity":"","overlay-gradient":""}},"footnotes":""},"class_list":["post-22957","page","type-page","status-publish","hentry"],"post_mailing_queue_ids":[],"_links":{"self":[{"href":"https:\/\/agora.xtec.cat\/inslacetania\/wp-json\/wp\/v2\/pages\/22957","targetHints":{"allow":["GET"]}}],"collection":[{"href":"https:\/\/agora.xtec.cat\/inslacetania\/wp-json\/wp\/v2\/pages"}],"about":[{"href":"https:\/\/agora.xtec.cat\/inslacetania\/wp-json\/wp\/v2\/types\/page"}],"author":[{"embeddable":true,"href":"https:\/\/agora.xtec.cat\/inslacetania\/wp-json\/wp\/v2\/users\/13"}],"replies":[{"embeddable":true,"href":"https:\/\/agora.xtec.cat\/inslacetania\/wp-json\/wp\/v2\/comments?post=22957"}],"version-history":[{"count":6,"href":"https:\/\/agora.xtec.cat\/inslacetania\/wp-json\/wp\/v2\/pages\/22957\/revisions"}],"predecessor-version":[{"id":28781,"href":"https:\/\/agora.xtec.cat\/inslacetania\/wp-json\/wp\/v2\/pages\/22957\/revisions\/28781"}],"up":[{"embeddable":true,"href":"https:\/\/agora.xtec.cat\/inslacetania\/wp-json\/wp\/v2\/pages\/531"}],"wp:attachment":[{"href":"https:\/\/agora.xtec.cat\/inslacetania\/wp-json\/wp\/v2\/media?parent=22957"}],"curies":[{"name":"wp","href":"https:\/\/api.w.org\/{rel}","templated":true}]}}