{"id":21816,"date":"2024-03-22T16:30:33","date_gmt":"2024-03-22T15:30:33","guid":{"rendered":"https:\/\/agora.xtec.cat\/inslacetania\/?page_id=21816"},"modified":"2026-04-09T20:03:36","modified_gmt":"2026-04-09T18:03:36","slug":"ptt-auxiliar-de-perruqueria-i-estetica-ip03","status":"publish","type":"page","link":"https:\/\/agora.xtec.cat\/inslacetania\/estudis\/fp\/pfi\/ptt-auxiliar-de-perruqueria-i-estetica-ip03\/","title":{"rendered":"PTT Auxiliar de perruqueria i est\u00e8tica &#8211; IP03"},"content":{"rendered":"<p>Fam\u00edlia professional: Imatge personal<\/p>\n<p><a href=\"https:\/\/agora.xtec.cat\/inslacetania\/wp-content\/uploads\/usu1045\/2024\/03\/PTT-IP03.png\" target=\"_blank\" rel=\"noopener\"><img loading=\"lazy\" decoding=\"async\" class=\"aligncenter wp-image-21817\" src=\"https:\/\/agora.xtec.cat\/inslacetania\/wp-content\/uploads\/usu1045\/2024\/03\/PTT-IP03.png\" alt=\"\" width=\"601\" height=\"400\" srcset=\"https:\/\/agora.xtec.cat\/inslacetania\/wp-content\/uploads\/usu1045\/2024\/03\/PTT-IP03.png 1024w, https:\/\/agora.xtec.cat\/inslacetania\/wp-content\/uploads\/usu1045\/2024\/03\/PTT-IP03-300x200.png 300w, https:\/\/agora.xtec.cat\/inslacetania\/wp-content\/uploads\/usu1045\/2024\/03\/PTT-IP03-768x512.png 768w\" sizes=\"auto, (max-width: 601px) 100vw, 601px\" \/><\/a><\/p>\n<h2>Tr\u00edptic informatiu<\/h2>\n<table style=\"border-collapse: collapse; width: 100%;\">\n<tbody>\n<tr>\n<td style=\"width: 100%;\">Pendent d&#8217;actualitzar<\/td>\n<\/tr>\n<\/tbody>\n<\/table>\n<h2>Continguts<\/h2>\n<table style=\"border-collapse: collapse; width: 100%; height: 484px;\">\n<tbody>\n<tr style=\"height: 66px;\">\n<td style=\"width: 100%; height: 66px;\">\n<h3>M\u00f2duls de formaci\u00f3 professional<\/h3>\n<\/td>\n<\/tr>\n<tr style=\"height: 32px;\">\n<td style=\"width: 100%; height: 32px;\">Preparaci\u00f3 de l\u2019entorn professional<\/td>\n<\/tr>\n<tr style=\"height: 32px;\">\n<td style=\"width: 100%; height: 32px;\">Rentat i canvis de forma del cabell<\/td>\n<\/tr>\n<tr style=\"height: 32px;\">\n<td style=\"width: 100%; height: 32px;\">Canvi de color de cabell<\/td>\n<\/tr>\n<tr style=\"height: 32px;\">\n<td style=\"width: 100%; height: 32px;\">Est\u00e8tica de mans i maquillatge social<\/td>\n<\/tr>\n<tr style=\"height: 32px;\">\n<td style=\"width: 100%; height: 32px;\">Formaci\u00f3 b\u00e0sica de prevenci\u00f3 de riscos laborals<\/td>\n<\/tr>\n<tr style=\"height: 32px;\">\n<td style=\"width: 100%; height: 32px;\">Projecte<\/td>\n<\/tr>\n<tr style=\"height: 32px;\">\n<td style=\"width: 100%; height: 32px;\">M\u00f2dul d&#8217;estada a l&#8217;empresa 200h<\/td>\n<\/tr>\n<tr style=\"height: 66px;\">\n<td style=\"width: 100%; height: 66px;\">\n<h3>M\u00f2duls de formaci\u00f3 general<\/h3>\n<\/td>\n<\/tr>\n<tr style=\"height: 32px;\">\n<td style=\"width: 100%; height: 32px;\">Estrat\u00e8gies i eines de comunicaci\u00f3<\/td>\n<\/tr>\n<tr style=\"height: 32px;\">\n<td style=\"width: 100%; height: 32px;\">Entorn social i territorial<\/td>\n<\/tr>\n<tr style=\"height: 32px;\">\n<td style=\"width: 100%; height: 32px;\">Estrat\u00e8gies i eines matem\u00e0tiques<\/td>\n<\/tr>\n<tr style=\"height: 32px;\">\n<td style=\"width: 100%; height: 32px;\">Incorporaci\u00f3 al m\u00f3n professional<\/td>\n<\/tr>\n<\/tbody>\n<\/table>\n<h3>Lloc d&#8217;impartici\u00f3<\/h3>\n<p>Edifici de ProTreball (Casa Caritat). Carrer Verge d\u2019Alba, 5-7 08241 Manresa.<br \/>\nTel. 938 77 64 90 \/ 938 77 64 94<br \/>\nptt@lacetania.cat<\/p>\n","protected":false},"excerpt":{"rendered":"<p>Fam\u00edlia professional: Imatge personal Tr\u00edptic informatiu Pendent d&#8217;actualitzar Continguts M\u00f2duls de formaci\u00f3 professional Preparaci\u00f3 de l\u2019entorn professional Rentat i canvis de forma del cabell Canvi de color de cabell Est\u00e8tica de mans i maquillatge social Formaci\u00f3 b\u00e0sica de prevenci\u00f3 de riscos laborals Projecte M\u00f2dul d&#8217;estada a l&#8217;empresa 200h M\u00f2duls de formaci\u00f3 general Estrat\u00e8gies i eines [&hellip;]<\/p>\n","protected":false},"author":4,"featured_media":0,"parent":639,"menu_order":40,"comment_status":"closed","ping_status":"closed","template":"","meta":{"_bbp_topic_count":0,"_bbp_reply_count":0,"_bbp_total_topic_count":0,"_bbp_total_reply_count":0,"_bbp_voice_count":0,"_bbp_anonymous_reply_count":0,"_bbp_topic_count_hidden":0,"_bbp_reply_count_hidden":0,"_bbp_forum_subforum_count":0,"site-sidebar-layout":"default","site-content-layout":"","ast-site-content-layout":"default","site-content-style":"default","site-sidebar-style":"default","ast-global-header-display":"","ast-banner-title-visibility":"","ast-main-header-display":"","ast-hfb-above-header-display":"","ast-hfb-below-header-display":"","ast-hfb-mobile-header-display":"","site-post-title":"","ast-breadcrumbs-content":"","ast-featured-img":"","footer-sml-layout":"","theme-transparent-header-meta":"","adv-header-id-meta":"","stick-header-meta":"","header-above-stick-meta":"","header-main-stick-meta":"","header-below-stick-meta":"","astra-migrate-meta-layouts":"set","ast-page-background-enabled":"default","ast-page-background-meta":{"desktop":{"background-color":"var(--ast-global-color-4)","background-image":"","background-repeat":"repeat","background-position":"center center","background-size":"auto","background-attachment":"scroll","background-type":"","background-media":"","overlay-type":"","overlay-color":"","overlay-opacity":"","overlay-gradient":""},"tablet":{"background-color":"","background-image":"","background-repeat":"repeat","background-position":"center center","background-size":"auto","background-attachment":"scroll","background-type":"","background-media":"","overlay-type":"","overlay-color":"","overlay-opacity":"","overlay-gradient":""},"mobile":{"background-color":"","background-image":"","background-repeat":"repeat","background-position":"center center","background-size":"auto","background-attachment":"scroll","background-type":"","background-media":"","overlay-type":"","overlay-color":"","overlay-opacity":"","overlay-gradient":""}},"ast-content-background-meta":{"desktop":{"background-color":"var(--ast-global-color-5)","background-image":"","background-repeat":"repeat","background-position":"center center","background-size":"auto","background-attachment":"scroll","background-type":"","background-media":"","overlay-type":"","overlay-color":"","overlay-opacity":"","overlay-gradient":""},"tablet":{"background-color":"var(--ast-global-color-5)","background-image":"","background-repeat":"repeat","background-position":"center center","background-size":"auto","background-attachment":"scroll","background-type":"","background-media":"","overlay-type":"","overlay-color":"","overlay-opacity":"","overlay-gradient":""},"mobile":{"background-color":"var(--ast-global-color-5)","background-image":"","background-repeat":"repeat","background-position":"center center","background-size":"auto","background-attachment":"scroll","background-type":"","background-media":"","overlay-type":"","overlay-color":"","overlay-opacity":"","overlay-gradient":""}},"footnotes":""},"class_list":["post-21816","page","type-page","status-publish","hentry"],"post_mailing_queue_ids":[],"_links":{"self":[{"href":"https:\/\/agora.xtec.cat\/inslacetania\/wp-json\/wp\/v2\/pages\/21816","targetHints":{"allow":["GET"]}}],"collection":[{"href":"https:\/\/agora.xtec.cat\/inslacetania\/wp-json\/wp\/v2\/pages"}],"about":[{"href":"https:\/\/agora.xtec.cat\/inslacetania\/wp-json\/wp\/v2\/types\/page"}],"author":[{"embeddable":true,"href":"https:\/\/agora.xtec.cat\/inslacetania\/wp-json\/wp\/v2\/users\/4"}],"replies":[{"embeddable":true,"href":"https:\/\/agora.xtec.cat\/inslacetania\/wp-json\/wp\/v2\/comments?post=21816"}],"version-history":[{"count":5,"href":"https:\/\/agora.xtec.cat\/inslacetania\/wp-json\/wp\/v2\/pages\/21816\/revisions"}],"predecessor-version":[{"id":29458,"href":"https:\/\/agora.xtec.cat\/inslacetania\/wp-json\/wp\/v2\/pages\/21816\/revisions\/29458"}],"up":[{"embeddable":true,"href":"https:\/\/agora.xtec.cat\/inslacetania\/wp-json\/wp\/v2\/pages\/639"}],"wp:attachment":[{"href":"https:\/\/agora.xtec.cat\/inslacetania\/wp-json\/wp\/v2\/media?parent=21816"}],"curies":[{"name":"wp","href":"https:\/\/api.w.org\/{rel}","templated":true}]}}