{"id":21780,"date":"2024-03-21T21:13:19","date_gmt":"2024-03-21T20:13:19","guid":{"rendered":"https:\/\/agora.xtec.cat\/inslacetania\/?page_id=21780"},"modified":"2026-04-09T20:02:18","modified_gmt":"2026-04-09T18:02:18","slug":"ptt-auxiliar-de-comercialitzacio-de-productes-i-logistica-cm03","status":"publish","type":"page","link":"https:\/\/agora.xtec.cat\/inslacetania\/estudis\/fp\/pfi\/ptt-auxiliar-de-comercialitzacio-de-productes-i-logistica-cm03\/","title":{"rendered":"PTT Auxiliar de comercialitzaci\u00f3 de productes i log\u00edstica &#8211; CM03"},"content":{"rendered":"<p>Fam\u00edlia professional: Comer\u00e7 i m\u00e0rqueting<\/p>\n<p><a href=\"https:\/\/agora.xtec.cat\/inslacetania\/wp-content\/uploads\/usu1045\/2024\/03\/PTT-CM03.png\"><img loading=\"lazy\" decoding=\"async\" class=\"aligncenter wp-image-21781\" src=\"https:\/\/agora.xtec.cat\/inslacetania\/wp-content\/uploads\/usu1045\/2024\/03\/PTT-CM03-300x200.png\" alt=\"\" width=\"601\" height=\"400\" srcset=\"https:\/\/agora.xtec.cat\/inslacetania\/wp-content\/uploads\/usu1045\/2024\/03\/PTT-CM03-300x200.png 300w, https:\/\/agora.xtec.cat\/inslacetania\/wp-content\/uploads\/usu1045\/2024\/03\/PTT-CM03-768x512.png 768w, https:\/\/agora.xtec.cat\/inslacetania\/wp-content\/uploads\/usu1045\/2024\/03\/PTT-CM03.png 1024w\" sizes=\"auto, (max-width: 601px) 100vw, 601px\" \/><\/a><\/p>\n<h2>Tr\u00edptic informatiu:<\/h2>\n<table style=\"border-collapse: collapse; width: 100%;\">\n<tbody>\n<tr>\n<td style=\"width: 50%;\">Pendent d&#8217;actualitzaci\u00f3<\/td>\n<\/tr>\n<\/tbody>\n<\/table>\n<h2>Continguts<\/h2>\n<table style=\"border-collapse: collapse; width: 100%;\">\n<tbody>\n<tr>\n<td style=\"width: 100%;\">\n<h3>M\u00f2duls de formaci\u00f3 professional<\/h3>\n<\/td>\n<\/tr>\n<tr>\n<td style=\"width: 100%;\">T\u00e8cniques b\u00e0siques de merxandatge<\/td>\n<\/tr>\n<tr>\n<td style=\"width: 100%;\">Preparaci\u00f3 de comandes<\/td>\n<\/tr>\n<tr>\n<td style=\"width: 100%;\">Lliurament i recollida d\u2019enviaments de productes a domicili<\/td>\n<\/tr>\n<tr>\n<td style=\"width: 100%;\">Operacions de cobrament en el servei de lliurament i recollida a domicili<\/td>\n<\/tr>\n<tr>\n<td style=\"width: 100%;\">M\u00f2dul d&#8217;estada a l&#8217;empresa 200h<\/td>\n<\/tr>\n<tr>\n<td style=\"width: 100%;\">Projecte<\/td>\n<\/tr>\n<tr>\n<td style=\"width: 100%;\">Formaci\u00f3 b\u00e0sica en prevenci\u00f3 de riscos laborals<\/td>\n<\/tr>\n<tr>\n<td style=\"width: 100%;\">\n<h3>M\u00f2duls de formaci\u00f3 general<\/h3>\n<\/td>\n<\/tr>\n<tr>\n<td style=\"width: 100%;\">Estrat\u00e8gies i eines de comunicaci\u00f3<\/td>\n<\/tr>\n<tr>\n<td style=\"width: 100%;\">Entorn social i territorial<\/td>\n<\/tr>\n<tr>\n<td style=\"width: 100%;\">Estrat\u00e8gies i eines matem\u00e0tiques<\/td>\n<\/tr>\n<tr>\n<td style=\"width: 100%;\">Incorporaci\u00f3 al m\u00f3n professional<\/td>\n<\/tr>\n<\/tbody>\n<\/table>\n<h3>Lloc d&#8217;impartici\u00f3<\/h3>\n<p>Edifici de ProTreball (Casa Caritat). Carrer Verge d\u2019Alba, 5-7 08241 Manresa.<br \/>\nTel. 938 77 64 90 \/ 938 77 64 94<br \/>\nptt@lacetania.cat<\/p>\n","protected":false},"excerpt":{"rendered":"<p>Fam\u00edlia professional: Comer\u00e7 i m\u00e0rqueting Tr\u00edptic informatiu: Pendent d&#8217;actualitzaci\u00f3 Continguts M\u00f2duls de formaci\u00f3 professional T\u00e8cniques b\u00e0siques de merxandatge Preparaci\u00f3 de comandes Lliurament i recollida d\u2019enviaments de productes a domicili Operacions de cobrament en el servei de lliurament i recollida a domicili M\u00f2dul d&#8217;estada a l&#8217;empresa 200h Projecte Formaci\u00f3 b\u00e0sica en prevenci\u00f3 de riscos laborals M\u00f2duls [&hellip;]<\/p>\n","protected":false},"author":4,"featured_media":0,"parent":639,"menu_order":20,"comment_status":"closed","ping_status":"closed","template":"","meta":{"_bbp_topic_count":0,"_bbp_reply_count":0,"_bbp_total_topic_count":0,"_bbp_total_reply_count":0,"_bbp_voice_count":0,"_bbp_anonymous_reply_count":0,"_bbp_topic_count_hidden":0,"_bbp_reply_count_hidden":0,"_bbp_forum_subforum_count":0,"site-sidebar-layout":"default","site-content-layout":"","ast-site-content-layout":"default","site-content-style":"default","site-sidebar-style":"default","ast-global-header-display":"","ast-banner-title-visibility":"","ast-main-header-display":"","ast-hfb-above-header-display":"","ast-hfb-below-header-display":"","ast-hfb-mobile-header-display":"","site-post-title":"","ast-breadcrumbs-content":"","ast-featured-img":"","footer-sml-layout":"","theme-transparent-header-meta":"","adv-header-id-meta":"","stick-header-meta":"","header-above-stick-meta":"","header-main-stick-meta":"","header-below-stick-meta":"","astra-migrate-meta-layouts":"set","ast-page-background-enabled":"default","ast-page-background-meta":{"desktop":{"background-color":"var(--ast-global-color-4)","background-image":"","background-repeat":"repeat","background-position":"center center","background-size":"auto","background-attachment":"scroll","background-type":"","background-media":"","overlay-type":"","overlay-color":"","overlay-opacity":"","overlay-gradient":""},"tablet":{"background-color":"","background-image":"","background-repeat":"repeat","background-position":"center center","background-size":"auto","background-attachment":"scroll","background-type":"","background-media":"","overlay-type":"","overlay-color":"","overlay-opacity":"","overlay-gradient":""},"mobile":{"background-color":"","background-image":"","background-repeat":"repeat","background-position":"center center","background-size":"auto","background-attachment":"scroll","background-type":"","background-media":"","overlay-type":"","overlay-color":"","overlay-opacity":"","overlay-gradient":""}},"ast-content-background-meta":{"desktop":{"background-color":"var(--ast-global-color-5)","background-image":"","background-repeat":"repeat","background-position":"center center","background-size":"auto","background-attachment":"scroll","background-type":"","background-media":"","overlay-type":"","overlay-color":"","overlay-opacity":"","overlay-gradient":""},"tablet":{"background-color":"var(--ast-global-color-5)","background-image":"","background-repeat":"repeat","background-position":"center center","background-size":"auto","background-attachment":"scroll","background-type":"","background-media":"","overlay-type":"","overlay-color":"","overlay-opacity":"","overlay-gradient":""},"mobile":{"background-color":"var(--ast-global-color-5)","background-image":"","background-repeat":"repeat","background-position":"center center","background-size":"auto","background-attachment":"scroll","background-type":"","background-media":"","overlay-type":"","overlay-color":"","overlay-opacity":"","overlay-gradient":""}},"footnotes":""},"class_list":["post-21780","page","type-page","status-publish","hentry"],"post_mailing_queue_ids":[],"_links":{"self":[{"href":"https:\/\/agora.xtec.cat\/inslacetania\/wp-json\/wp\/v2\/pages\/21780","targetHints":{"allow":["GET"]}}],"collection":[{"href":"https:\/\/agora.xtec.cat\/inslacetania\/wp-json\/wp\/v2\/pages"}],"about":[{"href":"https:\/\/agora.xtec.cat\/inslacetania\/wp-json\/wp\/v2\/types\/page"}],"author":[{"embeddable":true,"href":"https:\/\/agora.xtec.cat\/inslacetania\/wp-json\/wp\/v2\/users\/4"}],"replies":[{"embeddable":true,"href":"https:\/\/agora.xtec.cat\/inslacetania\/wp-json\/wp\/v2\/comments?post=21780"}],"version-history":[{"count":6,"href":"https:\/\/agora.xtec.cat\/inslacetania\/wp-json\/wp\/v2\/pages\/21780\/revisions"}],"predecessor-version":[{"id":29456,"href":"https:\/\/agora.xtec.cat\/inslacetania\/wp-json\/wp\/v2\/pages\/21780\/revisions\/29456"}],"up":[{"embeddable":true,"href":"https:\/\/agora.xtec.cat\/inslacetania\/wp-json\/wp\/v2\/pages\/639"}],"wp:attachment":[{"href":"https:\/\/agora.xtec.cat\/inslacetania\/wp-json\/wp\/v2\/media?parent=21780"}],"curies":[{"name":"wp","href":"https:\/\/api.w.org\/{rel}","templated":true}]}}