{"id":21727,"date":"2024-03-14T13:47:50","date_gmt":"2024-03-14T12:47:50","guid":{"rendered":"https:\/\/agora.xtec.cat\/inslacetania\/?page_id=21727"},"modified":"2025-03-01T18:22:34","modified_gmt":"2025-03-01T17:22:34","slug":"pip-manteniment-auxiliar-en-muntatges-dinstallacions-electriques-i-daigua-i-gas","status":"publish","type":"page","link":"https:\/\/agora.xtec.cat\/inslacetania\/estudis\/fp\/pfi\/pip-manteniment-auxiliar-en-muntatges-dinstallacions-electriques-i-daigua-i-gas\/","title":{"rendered":"PiP d\u2019Auxiliar de Muntatges d&#8217;Instal\u00b7lacions Electrot\u00e8cniques &#8211; EE01"},"content":{"rendered":"<p>Fam\u00edlia professional: Electricitat i electr\u00f2nica<\/p>\n<p><a href=\"https:\/\/agora.xtec.cat\/inslacetania\/wp-content\/uploads\/usu1045\/2019\/01\/Captura.png\"><img loading=\"lazy\" decoding=\"async\" class=\"aligncenter wp-image-4568\" src=\"https:\/\/agora.xtec.cat\/inslacetania\/wp-content\/uploads\/usu1045\/2019\/01\/Captura.png\" alt=\"\" width=\"500\" height=\"256\" srcset=\"https:\/\/agora.xtec.cat\/inslacetania\/wp-content\/uploads\/usu1045\/2019\/01\/Captura.png 944w, https:\/\/agora.xtec.cat\/inslacetania\/wp-content\/uploads\/usu1045\/2019\/01\/Captura-300x153.png 300w, https:\/\/agora.xtec.cat\/inslacetania\/wp-content\/uploads\/usu1045\/2019\/01\/Captura-768x393.png 768w\" sizes=\"auto, (max-width: 500px) 100vw, 500px\" \/><\/a><\/p>\n<p>Amb aquest PFI aprendr\u00e0s a<\/p>\n<ul>\n<li>Realitzar operacions de muntatge d&#8217;instal\u00b7lacions el\u00e8ctriques de baixa tensi\u00f3 i dom\u00f2tiques en edificis.<\/li>\n<li>Realitzar operacions de muntatge d&#8217;instal\u00b7lacions de telecomunicacions en edificis.<\/li>\n<\/ul>\n<h2>Continguts<\/h2>\n<table style=\"height: 519px;\" width=\"778\">\n<tbody>\n<tr>\n<td style=\"width: 772px;\">\n<h3><b>M\u00f2duls de formaci\u00f3 professional<\/b><\/h3>\n<\/td>\n<\/tr>\n<tr>\n<td style=\"width: 772px;\">Instal\u00b7lacions el\u00e8ctriques i dom\u00f2tiques<\/td>\n<\/tr>\n<tr>\n<td style=\"width: 772px;\">Instal\u00b7lacions de telecomunicacions<\/td>\n<\/tr>\n<tr>\n<td style=\"width: 772px;\">Prevenci\u00f3 de riscos laborals<\/td>\n<\/tr>\n<tr>\n<td style=\"width: 772px;\">Formaci\u00f3 en centres de treball<\/td>\n<\/tr>\n<tr>\n<td style=\"width: 772px;\">Projecte integrat<\/td>\n<\/tr>\n<tr>\n<td style=\"width: 772px;\">\n<h5><b>M\u00f2duls de formaci\u00f3 general<\/b><\/h5>\n<\/td>\n<\/tr>\n<tr>\n<td style=\"width: 772px;\">Estrat\u00e8gies i eines de comunicaci\u00f3<\/td>\n<\/tr>\n<tr>\n<td style=\"width: 772px;\">Entorn social i territorial<\/td>\n<\/tr>\n<tr>\n<td style=\"width: 772px;\">Estrat\u00e8gies i eines matem\u00e0tiques<\/td>\n<\/tr>\n<tr>\n<td style=\"width: 772px;\">Incorporaci\u00f3 al m\u00f3n professional<\/td>\n<\/tr>\n<\/tbody>\n<\/table>\n<h3>Horaris<\/h3>\n<p>1 grup de mat\u00ed de dilluns a divendres de 8.00h a 14.30h<br \/>\n1 grup de tarda de dilluns a divendres de 15.00h a 21.00h<\/p>\n<h3>Lloc d&#8217;impartici\u00f3<\/h3>\n<p>Institut Lacet\u00e0nia. Avinguda de les Bases de Manresa, 51, 08242 Manresa<\/p>\n<p>M\u00e9s informaci\u00f3 a pfi@lacetania.cat<\/p>\n<p>&nbsp;<\/p>\n<p>&nbsp;<\/p>\n","protected":false},"excerpt":{"rendered":"<p>Fam\u00edlia professional: Electricitat i electr\u00f2nica Amb aquest PFI aprendr\u00e0s a Realitzar operacions de muntatge d&#8217;instal\u00b7lacions el\u00e8ctriques de baixa tensi\u00f3 i dom\u00f2tiques en edificis. Realitzar operacions de muntatge d&#8217;instal\u00b7lacions de telecomunicacions en edificis. Continguts M\u00f2duls de formaci\u00f3 professional Instal\u00b7lacions el\u00e8ctriques i dom\u00f2tiques Instal\u00b7lacions de telecomunicacions Prevenci\u00f3 de riscos laborals Formaci\u00f3 en centres de treball Projecte integrat [&hellip;]<\/p>\n","protected":false},"author":4,"featured_media":0,"parent":639,"menu_order":10,"comment_status":"closed","ping_status":"closed","template":"page-templates\/side-menu.php","meta":{"_bbp_topic_count":0,"_bbp_reply_count":0,"_bbp_total_topic_count":0,"_bbp_total_reply_count":0,"_bbp_voice_count":0,"_bbp_anonymous_reply_count":0,"_bbp_topic_count_hidden":0,"_bbp_reply_count_hidden":0,"_bbp_forum_subforum_count":0,"site-sidebar-layout":"default","site-content-layout":"","ast-site-content-layout":"","site-content-style":"default","site-sidebar-style":"default","ast-global-header-display":"","ast-banner-title-visibility":"","ast-main-header-display":"","ast-hfb-above-header-display":"","ast-hfb-below-header-display":"","ast-hfb-mobile-header-display":"","site-post-title":"","ast-breadcrumbs-content":"","ast-featured-img":"","footer-sml-layout":"","theme-transparent-header-meta":"","adv-header-id-meta":"","stick-header-meta":"","header-above-stick-meta":"","header-main-stick-meta":"","header-below-stick-meta":"","astra-migrate-meta-layouts":"default","ast-page-background-enabled":"default","ast-page-background-meta":{"desktop":{"background-color":"var(--ast-global-color-4)","background-image":"","background-repeat":"repeat","background-position":"center center","background-size":"auto","background-attachment":"scroll","background-type":"","background-media":"","overlay-type":"","overlay-color":"","overlay-opacity":"","overlay-gradient":""},"tablet":{"background-color":"","background-image":"","background-repeat":"repeat","background-position":"center center","background-size":"auto","background-attachment":"scroll","background-type":"","background-media":"","overlay-type":"","overlay-color":"","overlay-opacity":"","overlay-gradient":""},"mobile":{"background-color":"","background-image":"","background-repeat":"repeat","background-position":"center center","background-size":"auto","background-attachment":"scroll","background-type":"","background-media":"","overlay-type":"","overlay-color":"","overlay-opacity":"","overlay-gradient":""}},"ast-content-background-meta":{"desktop":{"background-color":"var(--ast-global-color-5)","background-image":"","background-repeat":"repeat","background-position":"center center","background-size":"auto","background-attachment":"scroll","background-type":"","background-media":"","overlay-type":"","overlay-color":"","overlay-opacity":"","overlay-gradient":""},"tablet":{"background-color":"var(--ast-global-color-5)","background-image":"","background-repeat":"repeat","background-position":"center center","background-size":"auto","background-attachment":"scroll","background-type":"","background-media":"","overlay-type":"","overlay-color":"","overlay-opacity":"","overlay-gradient":""},"mobile":{"background-color":"var(--ast-global-color-5)","background-image":"","background-repeat":"repeat","background-position":"center center","background-size":"auto","background-attachment":"scroll","background-type":"","background-media":"","overlay-type":"","overlay-color":"","overlay-opacity":"","overlay-gradient":""}},"footnotes":""},"class_list":["post-21727","page","type-page","status-publish","hentry"],"post_mailing_queue_ids":[],"_links":{"self":[{"href":"https:\/\/agora.xtec.cat\/inslacetania\/wp-json\/wp\/v2\/pages\/21727","targetHints":{"allow":["GET"]}}],"collection":[{"href":"https:\/\/agora.xtec.cat\/inslacetania\/wp-json\/wp\/v2\/pages"}],"about":[{"href":"https:\/\/agora.xtec.cat\/inslacetania\/wp-json\/wp\/v2\/types\/page"}],"author":[{"embeddable":true,"href":"https:\/\/agora.xtec.cat\/inslacetania\/wp-json\/wp\/v2\/users\/4"}],"replies":[{"embeddable":true,"href":"https:\/\/agora.xtec.cat\/inslacetania\/wp-json\/wp\/v2\/comments?post=21727"}],"version-history":[{"count":6,"href":"https:\/\/agora.xtec.cat\/inslacetania\/wp-json\/wp\/v2\/pages\/21727\/revisions"}],"predecessor-version":[{"id":25334,"href":"https:\/\/agora.xtec.cat\/inslacetania\/wp-json\/wp\/v2\/pages\/21727\/revisions\/25334"}],"up":[{"embeddable":true,"href":"https:\/\/agora.xtec.cat\/inslacetania\/wp-json\/wp\/v2\/pages\/639"}],"wp:attachment":[{"href":"https:\/\/agora.xtec.cat\/inslacetania\/wp-json\/wp\/v2\/media?parent=21727"}],"curies":[{"name":"wp","href":"https:\/\/api.w.org\/{rel}","templated":true}]}}