{"id":21578,"date":"2024-03-10T17:10:02","date_gmt":"2024-03-10T16:10:02","guid":{"rendered":"https:\/\/agora.xtec.cat\/inslacetania\/?page_id=21578"},"modified":"2026-04-29T10:40:25","modified_gmt":"2026-04-29T08:40:25","slug":"eso-secretaria-preinscripcio-matricula-llistats-calendari","status":"publish","type":"page","link":"https:\/\/agora.xtec.cat\/inslacetania\/oficines\/informacio-de-secretaria-per-a-lalumnat\/eso-secretaria-preinscripcio-matricula-llistats-calendari\/","title":{"rendered":"ESO. Secretaria. Preinscripci\u00f3, matr\u00edcula, llistats, calendari&#8230;"},"content":{"rendered":"<h2 style=\"text-align: center;\">CURS 2026-2027<a href=\"https:\/\/agora.xtec.cat\/inslacetania\/wp-content\/uploads\/usu1045\/2025\/03\/LOGO_LACETANIA_NOU.png\"><img loading=\"lazy\" decoding=\"async\" class=\"wp-image-25619 aligncenter\" src=\"https:\/\/agora.xtec.cat\/inslacetania\/wp-content\/uploads\/usu1045\/2025\/03\/LOGO_LACETANIA_NOU.png\" alt=\"\" width=\"59\" height=\"59\" srcset=\"https:\/\/agora.xtec.cat\/inslacetania\/wp-content\/uploads\/usu1045\/2025\/03\/LOGO_LACETANIA_NOU.png 969w, https:\/\/agora.xtec.cat\/inslacetania\/wp-content\/uploads\/usu1045\/2025\/03\/LOGO_LACETANIA_NOU-300x300.png 300w, https:\/\/agora.xtec.cat\/inslacetania\/wp-content\/uploads\/usu1045\/2025\/03\/LOGO_LACETANIA_NOU-150x150.png 150w, https:\/\/agora.xtec.cat\/inslacetania\/wp-content\/uploads\/usu1045\/2025\/03\/LOGO_LACETANIA_NOU-768x766.png 768w\" sizes=\"auto, (max-width: 59px) 100vw, 59px\" \/><\/a>Aqu\u00ed podr\u00e0s trobar les dates clau d&#8217;aquesta preinscripci\u00f3 i el seu enlla\u00e7 als documents i\/o proc\u00e9s que s&#8217;aniran activant a mesura que es vagin publicant:<\/h2>\n<table style=\"border-collapse: collapse; width: 80%; height: 785px;\">\n<tbody>\n<tr style=\"height: 90px;\">\n<td style=\"width: 86.3912%; border-style: solid; border-color: #000000; height: 90px;\" colspan=\"2\">\n<p style=\"text-align: center;\"><a href=\"https:\/\/drive.google.com\/file\/d\/1WiOGq-jmYWDasUYAL6gKSxzoowhp0Hwg\/view?usp=sharing\"><span style=\"font-size: 20px;\">Document informatiu de la preinscripci\u00f3<\/span><\/a><\/p>\n<p style=\"text-align: center;\">M\u00e9s informaci\u00f3 del procediment a la web de preinscripci\u00f3 del <a href=\"https:\/\/preinscripcio.gencat.cat\/ca\/estudis\/eso\/inici\/\" target=\"_blank\" rel=\"noopener\">Departament d&#8217;Educaci\u00f3<\/a><\/p>\n<\/td>\n<\/tr>\n<tr style=\"height: 32px;\">\n<td style=\"width: 64.9456%; border-style: solid; border-color: #000000; height: 32px;\"><span style=\"background-color: #00ff00;\"><strong>FASES DE LA PREINSCRIPCI\u00d3<\/strong><\/span><\/td>\n<td style=\"width: 21.4456%; border-style: solid; border-color: #000000; height: 32px;\"><span style=\"background-color: #00ff00;\"><strong>DATE<\/strong><strong>S 2026<\/strong><\/span><\/td>\n<\/tr>\n<tr style=\"height: 32px;\">\n<td style=\"width: 64.9456%; border-style: solid; border-color: #000000; height: 32px;\">Publicaci\u00f3 de l&#8217;<a href=\"https:\/\/drive.google.com\/file\/d\/1nhKV35updC48_n5wDnChIFRF6UuHfbD2\/view?usp=sharing\">oferta inicial<\/a><\/td>\n<td style=\"width: 21.4456%; border-style: solid; border-color: #000000; height: 32px;\">3 de mar\u00e7<\/td>\n<\/tr>\n<tr style=\"height: 32px;\">\n<td style=\"width: 64.9456%; border-style: solid; border-color: #000000; height: 32px;\"><a href=\"https:\/\/drive.google.com\/file\/d\/1Y4yNydoJazg-9kit_pCstLFxDL5F67JT\/view?usp=sharing\">Documentaci\u00f3<\/a> a preparar per a la preinscripci\u00f3.<a href=\"https:\/\/educacio.gencat.cat\/ca\/tramits\/tramits-temes\/identificador-alumne\">Consulta IDALU<\/a> (<strong>ID<\/strong>entificaci\u00f3 <strong>ALU<\/strong>mne\/a amb identificaci\u00f3 digital)<span style=\"background-color: #00ffff;\">Codi de centre: <strong>08020462<\/strong><\/span><strong>Presentaci\u00f3 i\/o modificaci\u00f3 de sol\u00b7licituds de <span style=\"font-size: 16px;\"><a href=\"https:\/\/educacio.gencat.cat\/ca\/tramits\/tramits-temes\/20483-obligatoris?moda=3\">PREINSCRIPCI\u00d3<\/a><\/span> (telem\u00e0tica)<\/strong><\/td>\n<td style=\"width: 21.4456%; border-style: solid; border-color: #000000; height: 32px;\"><strong>Del 6\u00a0<\/strong><strong> al 18 de mar\u00e7<\/strong><\/td>\n<\/tr>\n<tr style=\"height: 32px;\">\n<td style=\"width: 64.9456%; border-style: solid; border-color: #000000; height: 32px;\">Publicaci\u00f3 de la <a href=\"https:\/\/drive.google.com\/file\/d\/1xhPvUSMrq_uat8HZTe1qdVhQF36IL0wr\/view?usp=sharing\">llista de sol\u00b7licituds amb la puntuaci\u00f3 provisional<\/a><\/td>\n<td style=\"width: 21.4456%; border-style: solid; border-color: #000000; height: 32px;\">15 d&#8217;abril<\/td>\n<\/tr>\n<tr style=\"height: 32px;\">\n<td style=\"width: 64.9456%; border-style: solid; border-color: #000000; height: 32px;\">Presentaci\u00f3 de reclamacions a la llista amb la puntuaci\u00f3 provisional<\/td>\n<td style=\"width: 21.4456%; border-style: solid; border-color: #000000; height: 32px;\">Del 15 al 20 d&#8217;abril<\/td>\n<\/tr>\n<tr style=\"height: 32px;\">\n<td style=\"width: 64.9456%; border-style: solid; border-color: #000000; height: 32px;\">Publicaci\u00f3 de la <a href=\"https:\/\/drive.google.com\/file\/d\/1IfO245hfJdlqsi1nAv-3cmYnw5fiuCF6\/view?usp=sharing\">llista amb la puntuaci\u00f3, resoltes les reclamacions<\/a><\/td>\n<td style=\"width: 21.4456%; border-style: solid; border-color: #000000; height: 32px;\">23 d&#8217;abril<\/td>\n<\/tr>\n<tr style=\"height: 32px;\">\n<td style=\"width: 64.9456%; border-style: solid; border-color: #000000; height: 32px;\">Sorteig desempat<\/td>\n<td style=\"width: 21.4456%; border-style: solid; border-color: #000000; height: 32px;\">28 d&#8217;abril<\/td>\n<\/tr>\n<tr style=\"height: 32px;\">\n<td style=\"width: 64.9456%; border-style: solid; border-color: #000000; height: 32px;\"><span style=\"background-color: #f9f9f9;\">Publicaci\u00f3 de la <a href=\"https:\/\/drive.google.com\/file\/d\/184NzsX5i0AJxXUZEejFtlOz2a5y-lPvG\/view?usp=sharing\">llista ordenada<\/a><\/span><\/td>\n<td style=\"width: 21.4456%; border-style: solid; border-color: #000000; height: 32px;\"><span style=\"background-color: #f9f9f9;\">29 d&#8217;abril<\/span><\/td>\n<\/tr>\n<tr style=\"height: 32px;\">\n<td style=\"width: 64.9456%; border-style: solid; border-color: #000000; height: 32px;\"><span style=\"background-color: #f9f9f9;\">Ampliaci\u00f3 de peticions -per a alumnes NEEB no assignats-<\/span><\/td>\n<td style=\"width: 21.4456%; border-style: solid; border-color: #000000; height: 32px;\"><span style=\"background-color: #f9f9f9;\">13 i 14 de maig<\/span><\/td>\n<\/tr>\n<tr style=\"height: 32px;\">\n<td style=\"width: 64.9456%; border-style: solid; border-color: #000000; height: 32px;\"><span style=\"background-color: #f9f9f9;\">Ampliaci\u00f3 de peticions -per a alumnes ordinaris no assignats-<\/span><\/td>\n<td style=\"width: 21.4456%; border-style: solid; border-color: #000000; height: 32px;\"><span style=\"background-color: #f9f9f9;\">De l&#8217;1 al 3 de juny<\/span><\/td>\n<\/tr>\n<tr style=\"height: 32px;\">\n<td style=\"width: 64.9456%; border-style: solid; border-color: #000000; height: 32px;\"><span style=\"background-color: #f9f9f9;\">Publicaci\u00f3 de l&#8217;oferta final<\/span><\/td>\n<td style=\"width: 21.4456%; border-style: solid; border-color: #000000; height: 32px;\"><span style=\"background-color: #f9f9f9;\">10 de juny<\/span><\/td>\n<\/tr>\n<tr style=\"height: 163px;\">\n<td style=\"width: 64.9456%; border-style: solid; border-color: #000000; height: 163px;\"><span style=\"background-color: #f9f9f9;\">Publicaci\u00f3 de la llista d&#8217;admesos i la llista d&#8217;espera:<\/span><\/p>\n<ul>\n<li>Alumnes assignats al centre amb indicaci\u00f3 de la primera opci\u00f3<\/li>\n<li>Alumnes preinscrits al centre<\/li>\n<li>Llista d&#8217;espera<\/li>\n<li>RECLAMACIONS<\/li>\n<\/ul>\n<\/td>\n<td style=\"width: 21.4456%; border-style: solid; border-color: #000000; height: 163px;\"><span style=\"background-color: #f9f9f9;\">10 de juny<\/span><\/td>\n<\/tr>\n<tr style=\"height: 148px;\">\n<td style=\"width: 64.9456%; border-style: solid; border-color: #000000; height: 148px;\"><strong><span style=\"background-color: #f9f9f9;\">Per\u00edode de matriculaci\u00f3<\/span><\/strong><\/p>\n<ul>\n<li><a href=\"https:\/\/drive.google.com\/file\/d\/1KzGetUEV6_fxyAZFoD2yroJKgg-C0urn\/view?usp=drive_link\">Instruccions matr\u00edcula<\/a><\/li>\n<li>Enlla\u00e7 <a href=\"https:\/\/aplicacions.lacetania.cat\/matricula\/#\/pages\/login\">programa de MATR\u00cdCULA<\/a><\/li>\n<li><a href=\"https:\/\/drive.google.com\/file\/d\/1Raqjx4kG4dozsi4G4Ta3A0ECf-5iVYOf\/view?usp=drive_link\">Circular armariets<\/a><\/li>\n<\/ul>\n<\/td>\n<td style=\"width: 21.4456%; border-style: solid; border-color: #000000; height: 148px;\"><strong><span style=\"background-color: #f9f9f9;\">Del XX de juny <\/span><\/strong><strong><span style=\"background-color: #f9f9f9;\">al XX de juliol<\/span><\/strong><\/td>\n<\/tr>\n<tr style=\"height: 32px;\">\n<td style=\"width: 64.9456%; border-style: solid; border-color: #000000; height: 32px;\"><span style=\"background-color: #f9f9f9;\">Llistes d&#8217;alumnes matriculats procedents de preinscripci\u00f3 i nova admissi\u00f3<\/span><\/td>\n<td style=\"width: 21.4456%; border-style: solid; border-color: #000000; height: 32px;\"><span style=\"background-color: #f9f9f9;\">XX de setembre<\/span><\/td>\n<\/tr>\n<\/tbody>\n<\/table>\n","protected":false},"excerpt":{"rendered":"<p>CURS 2026-2027Aqu\u00ed podr\u00e0s trobar les dates clau d&#8217;aquesta preinscripci\u00f3 i el seu enlla\u00e7 als documents i\/o proc\u00e9s que s&#8217;aniran activant a mesura que es vagin publicant: Document informatiu de la preinscripci\u00f3 M\u00e9s informaci\u00f3 del procediment a la web de preinscripci\u00f3 del Departament d&#8217;Educaci\u00f3 FASES DE LA PREINSCRIPCI\u00d3 DATES 2026 Publicaci\u00f3 de l&#8217;oferta inicial 3 de [&hellip;]<\/p>\n","protected":false},"author":4,"featured_media":0,"parent":10993,"menu_order":5,"comment_status":"closed","ping_status":"closed","template":"","meta":{"_bbp_topic_count":0,"_bbp_reply_count":0,"_bbp_total_topic_count":0,"_bbp_total_reply_count":0,"_bbp_voice_count":0,"_bbp_anonymous_reply_count":0,"_bbp_topic_count_hidden":0,"_bbp_reply_count_hidden":0,"_bbp_forum_subforum_count":0,"site-sidebar-layout":"default","site-content-layout":"","ast-site-content-layout":"default","site-content-style":"default","site-sidebar-style":"default","ast-global-header-display":"","ast-banner-title-visibility":"","ast-main-header-display":"","ast-hfb-above-header-display":"","ast-hfb-below-header-display":"","ast-hfb-mobile-header-display":"","site-post-title":"","ast-breadcrumbs-content":"","ast-featured-img":"","footer-sml-layout":"","theme-transparent-header-meta":"","adv-header-id-meta":"","stick-header-meta":"","header-above-stick-meta":"","header-main-stick-meta":"","header-below-stick-meta":"","astra-migrate-meta-layouts":"set","ast-page-background-enabled":"default","ast-page-background-meta":{"desktop":{"background-color":"var(--ast-global-color-4)","background-image":"","background-repeat":"repeat","background-position":"center center","background-size":"auto","background-attachment":"scroll","background-type":"","background-media":"","overlay-type":"","overlay-color":"","overlay-opacity":"","overlay-gradient":""},"tablet":{"background-color":"","background-image":"","background-repeat":"repeat","background-position":"center center","background-size":"auto","background-attachment":"scroll","background-type":"","background-media":"","overlay-type":"","overlay-color":"","overlay-opacity":"","overlay-gradient":""},"mobile":{"background-color":"","background-image":"","background-repeat":"repeat","background-position":"center center","background-size":"auto","background-attachment":"scroll","background-type":"","background-media":"","overlay-type":"","overlay-color":"","overlay-opacity":"","overlay-gradient":""}},"ast-content-background-meta":{"desktop":{"background-color":"var(--ast-global-color-5)","background-image":"","background-repeat":"repeat","background-position":"center center","background-size":"auto","background-attachment":"scroll","background-type":"","background-media":"","overlay-type":"","overlay-color":"","overlay-opacity":"","overlay-gradient":""},"tablet":{"background-color":"var(--ast-global-color-5)","background-image":"","background-repeat":"repeat","background-position":"center center","background-size":"auto","background-attachment":"scroll","background-type":"","background-media":"","overlay-type":"","overlay-color":"","overlay-opacity":"","overlay-gradient":""},"mobile":{"background-color":"var(--ast-global-color-5)","background-image":"","background-repeat":"repeat","background-position":"center center","background-size":"auto","background-attachment":"scroll","background-type":"","background-media":"","overlay-type":"","overlay-color":"","overlay-opacity":"","overlay-gradient":""}},"footnotes":""},"class_list":["post-21578","page","type-page","status-publish","hentry"],"post_mailing_queue_ids":[],"_links":{"self":[{"href":"https:\/\/agora.xtec.cat\/inslacetania\/wp-json\/wp\/v2\/pages\/21578","targetHints":{"allow":["GET"]}}],"collection":[{"href":"https:\/\/agora.xtec.cat\/inslacetania\/wp-json\/wp\/v2\/pages"}],"about":[{"href":"https:\/\/agora.xtec.cat\/inslacetania\/wp-json\/wp\/v2\/types\/page"}],"author":[{"embeddable":true,"href":"https:\/\/agora.xtec.cat\/inslacetania\/wp-json\/wp\/v2\/users\/4"}],"replies":[{"embeddable":true,"href":"https:\/\/agora.xtec.cat\/inslacetania\/wp-json\/wp\/v2\/comments?post=21578"}],"version-history":[{"count":6,"href":"https:\/\/agora.xtec.cat\/inslacetania\/wp-json\/wp\/v2\/pages\/21578\/revisions"}],"predecessor-version":[{"id":29758,"href":"https:\/\/agora.xtec.cat\/inslacetania\/wp-json\/wp\/v2\/pages\/21578\/revisions\/29758"}],"up":[{"embeddable":true,"href":"https:\/\/agora.xtec.cat\/inslacetania\/wp-json\/wp\/v2\/pages\/10993"}],"wp:attachment":[{"href":"https:\/\/agora.xtec.cat\/inslacetania\/wp-json\/wp\/v2\/media?parent=21578"}],"curies":[{"name":"wp","href":"https:\/\/api.w.org\/{rel}","templated":true}]}}