{"id":21,"date":"2014-09-17T16:14:14","date_gmt":"2014-09-17T14:14:14","guid":{"rendered":"http:\/\/agora.xtec.cat\/inslacetania\/?page_id=21"},"modified":"2022-01-26T20:21:12","modified_gmt":"2022-01-26T19:21:12","slug":"on-som","status":"publish","type":"page","link":"https:\/\/agora.xtec.cat\/inslacetania\/linstitut\/on-som\/","title":{"rendered":"On som"},"content":{"rendered":"<p style=\"color: #666666;\"><strong>Institut\u00a0Lacet\u00e0nia<\/strong><br \/>\nAvinguda de les Bases de Manresa, 51<br \/>\n08242 Manresa<\/p>\n<p><iframe loading=\"lazy\" style=\"border: 0;\" src=\"https:\/\/www.google.com\/maps\/embed?pb=!1m18!1m12!1m3!1d2977.242844456393!2d1.8255115154366761!3d41.736854579233615!2m3!1f0!2f0!3f0!3m2!1i1024!2i768!4f13.1!3m3!1m2!1s0x12a4580bae4b20ff%3A0x36f09ad185d8d287!2sInstitut+Lacet%C3%A0nia!5e0!3m2!1ses!2ses!4v1477672621254\" width=\"600\" height=\"450\" frameborder=\"0\" allowfullscreen=\"allowfullscreen\"><\/iframe><\/p>\n<p><strong>Com arribar-hi:<br \/>\n<\/strong><\/p>\n<ul>\n<li>L\u00ednies L2 i L8 d&#8217;<a href=\"https:\/\/www.manresa.cat\/docs\/arxius\/guia-manresabus_v8_alta.pdf\" target=\"_blank\" rel=\"noopener\">autob\u00fas<\/a><\/li>\n<\/ul>\n<p><strong>Escoles adscrites a l&#8217;institut:<br \/>\n<\/strong><\/p>\n<p>Bages, Bases, S\u00e8quia, Pare Algu\u00e9, Puigberenguer, Renaixen\u00e7a, Sant Ignasi, Valldaura<\/p>\n","protected":false},"excerpt":{"rendered":"<p>Institut\u00a0Lacet\u00e0nia Avinguda de les Bases de Manresa, 51 08242 Manresa Com arribar-hi: L\u00ednies L2 i L8 d&#8217;autob\u00fas Escoles adscrites a l&#8217;institut: Bages, Bases, S\u00e8quia, Pare Algu\u00e9, Puigberenguer, Renaixen\u00e7a, Sant Ignasi, Valldaura<\/p>\n","protected":false},"author":1,"featured_media":0,"parent":19,"menu_order":30,"comment_status":"closed","ping_status":"closed","template":"page-templates\/side-menu.php","meta":{"_bbp_topic_count":0,"_bbp_reply_count":0,"_bbp_total_topic_count":0,"_bbp_total_reply_count":0,"_bbp_voice_count":0,"_bbp_anonymous_reply_count":0,"_bbp_topic_count_hidden":0,"_bbp_reply_count_hidden":0,"_bbp_forum_subforum_count":0,"site-sidebar-layout":"default","site-content-layout":"","ast-site-content-layout":"","site-content-style":"default","site-sidebar-style":"default","ast-global-header-display":"","ast-banner-title-visibility":"","ast-main-header-display":"","ast-hfb-above-header-display":"","ast-hfb-below-header-display":"","ast-hfb-mobile-header-display":"","site-post-title":"","ast-breadcrumbs-content":"","ast-featured-img":"","footer-sml-layout":"","theme-transparent-header-meta":"","adv-header-id-meta":"","stick-header-meta":"","header-above-stick-meta":"","header-main-stick-meta":"","header-below-stick-meta":"","astra-migrate-meta-layouts":"default","ast-page-background-enabled":"default","ast-page-background-meta":{"desktop":{"background-color":"var(--ast-global-color-4)","background-image":"","background-repeat":"repeat","background-position":"center center","background-size":"auto","background-attachment":"scroll","background-type":"","background-media":"","overlay-type":"","overlay-color":"","overlay-opacity":"","overlay-gradient":""},"tablet":{"background-color":"","background-image":"","background-repeat":"repeat","background-position":"center center","background-size":"auto","background-attachment":"scroll","background-type":"","background-media":"","overlay-type":"","overlay-color":"","overlay-opacity":"","overlay-gradient":""},"mobile":{"background-color":"","background-image":"","background-repeat":"repeat","background-position":"center center","background-size":"auto","background-attachment":"scroll","background-type":"","background-media":"","overlay-type":"","overlay-color":"","overlay-opacity":"","overlay-gradient":""}},"ast-content-background-meta":{"desktop":{"background-color":"var(--ast-global-color-5)","background-image":"","background-repeat":"repeat","background-position":"center center","background-size":"auto","background-attachment":"scroll","background-type":"","background-media":"","overlay-type":"","overlay-color":"","overlay-opacity":"","overlay-gradient":""},"tablet":{"background-color":"var(--ast-global-color-5)","background-image":"","background-repeat":"repeat","background-position":"center center","background-size":"auto","background-attachment":"scroll","background-type":"","background-media":"","overlay-type":"","overlay-color":"","overlay-opacity":"","overlay-gradient":""},"mobile":{"background-color":"var(--ast-global-color-5)","background-image":"","background-repeat":"repeat","background-position":"center center","background-size":"auto","background-attachment":"scroll","background-type":"","background-media":"","overlay-type":"","overlay-color":"","overlay-opacity":"","overlay-gradient":""}},"footnotes":""},"class_list":["post-21","page","type-page","status-publish","hentry"],"post_mailing_queue_ids":[],"_links":{"self":[{"href":"https:\/\/agora.xtec.cat\/inslacetania\/wp-json\/wp\/v2\/pages\/21","targetHints":{"allow":["GET"]}}],"collection":[{"href":"https:\/\/agora.xtec.cat\/inslacetania\/wp-json\/wp\/v2\/pages"}],"about":[{"href":"https:\/\/agora.xtec.cat\/inslacetania\/wp-json\/wp\/v2\/types\/page"}],"author":[{"embeddable":true,"href":"https:\/\/agora.xtec.cat\/inslacetania\/wp-json\/wp\/v2\/users\/1"}],"replies":[{"embeddable":true,"href":"https:\/\/agora.xtec.cat\/inslacetania\/wp-json\/wp\/v2\/comments?post=21"}],"version-history":[{"count":4,"href":"https:\/\/agora.xtec.cat\/inslacetania\/wp-json\/wp\/v2\/pages\/21\/revisions"}],"predecessor-version":[{"id":13094,"href":"https:\/\/agora.xtec.cat\/inslacetania\/wp-json\/wp\/v2\/pages\/21\/revisions\/13094"}],"up":[{"embeddable":true,"href":"https:\/\/agora.xtec.cat\/inslacetania\/wp-json\/wp\/v2\/pages\/19"}],"wp:attachment":[{"href":"https:\/\/agora.xtec.cat\/inslacetania\/wp-json\/wp\/v2\/media?parent=21"}],"curies":[{"name":"wp","href":"https:\/\/api.w.org\/{rel}","templated":true}]}}