{"id":2030,"date":"2017-09-05T22:09:20","date_gmt":"2017-09-05T20:09:20","guid":{"rendered":"http:\/\/agora.xtec.cat\/inslacetania\/?page_id=2030"},"modified":"2024-08-31T19:58:23","modified_gmt":"2024-08-31T17:58:23","slug":"cfgs-manteniment-electronic-eec0","status":"publish","type":"page","link":"https:\/\/agora.xtec.cat\/inslacetania\/estudis\/fp\/cfgs\/cfgs-manteniment-electronic-eec0\/","title":{"rendered":"CFGS Manteniment Electr\u00f2nic &#8211; EEC0"},"content":{"rendered":"<p>Fam\u00edlia professional: Electricitat i electr\u00f2nica<\/p>\n<p><a href=\"http:\/\/agora.xtec.cat\/inslacetania\/wp-content\/uploads\/usu1045\/2017\/09\/manteniment-electronic.jpg\"><img loading=\"lazy\" decoding=\"async\" class=\"aligncenter wp-image-2035 size-full\" src=\"http:\/\/agora.xtec.cat\/inslacetania\/wp-content\/uploads\/usu1045\/2017\/09\/manteniment-electronic.jpg\" alt=\"\" width=\"520\" height=\"265\" srcset=\"https:\/\/agora.xtec.cat\/inslacetania\/wp-content\/uploads\/usu1045\/2017\/09\/manteniment-electronic.jpg 520w, https:\/\/agora.xtec.cat\/inslacetania\/wp-content\/uploads\/usu1045\/2017\/09\/manteniment-electronic-300x153.jpg 300w\" sizes=\"auto, (max-width: 520px) 100vw, 520px\" \/><\/a><\/p>\n<h4>Descripci\u00f3<\/h4>\n<p>Aquests estudis capaciten per mantenir i reparar equips i sistemes electr\u00f2nics, professionals, industrials i de consum, aix\u00ed com planificar i organitzar els processos de manteniment, aplicant els plans de prevenci\u00f3 de riscos laborals, mediambientals, criteris de qualitat i la<\/p>\n<p>Tenen una durada de 2.000 hores (amb formaci\u00f3 al centre educatiu i a l&#8217;empresa) distribu\u00efdes en dos cursos acad\u00e8mics.<\/p>\n<p>L\u2019alumnat pot realitzar pr\u00e0ctiques en empreses estrangeres dins del programa europeu de mobilitat Erasmus+.<\/p>\n<p style=\"text-align: center;\"><iframe loading=\"lazy\" title=\"YouTube video player\" src=\"https:\/\/www.youtube.com\/embed\/SGYlW7kHqro\" width=\"560\" height=\"315\" frameborder=\"0\" allowfullscreen=\"allowfullscreen\"><\/iframe><\/p>\n<h4>Continguts<\/h4>\n<ul>\n<li>Circuits electr\u00f2nics anal\u00f2gics<\/li>\n<li>Equips microprogramables<\/li>\n<li>Manteniment d&#8217;equips de radiocomunicacions<\/li>\n<li>Manteniment d&#8217;equips de veu i dades<\/li>\n<li>Manteniment d&#8217;equips d&#8217;electr\u00f2nica industrial<\/li>\n<li>Manteniment d&#8217;equips d&#8217;\u00e0udio<\/li>\n<li>Manteniment d&#8217;equips de v\u00eddeo<\/li>\n<li>T\u00e8cniques i processos de muntatge i manteniment d&#8217;equips electr\u00f2nics<\/li>\n<li>Infraestructures i desenvolupament del manteniment electr\u00f2nic<\/li>\n<li>Projecte de manteniment electr\u00f2nic<\/li>\n<li>Angl\u00e8s professional<\/li>\n<li>Itinerari per a l`ocupabilitat I<\/li>\n<li>Itinerari per a l`ocupabilitat II<\/li>\n<li>Digitalitzaci\u00f3 aplicada al sector productiu<\/li>\n<li>Sostenibilitat aplicada al sector productiu<\/li>\n<li>Optativa \/ Optatives<\/li>\n<li>Dual \/ Dual Intensiva<\/li>\n<\/ul>\n<h4>Principals ocupacions i llocs de treball<\/h4>\n<ul>\n<li>T\u00e8cnic en supervisi\u00f3 i verificaci\u00f3 d&#8217;equips de sistemes de r\u00e0dio i televisi\u00f3 i sistemes de producci\u00f3 audiovisual<\/li>\n<li>T\u00e8cnic en reparaci\u00f3 i manteniment de sistemes de r\u00e0dio i televisi\u00f3 i sistemes de producci\u00f3 audiovisual i de radiodifusi\u00f3<\/li>\n<li>T\u00e8cnic en supervisi\u00f3 i verificaci\u00f3 d&#8217;equips de sistemes de radiodifusi\u00f3<\/li>\n<li>T\u00e8cnic en supervisi\u00f3 i verificaci\u00f3 d&#8217;equips de sistemes dom\u00f2tics, imm\u00f2tics i de seguretat electr\u00f2nica<\/li>\n<li>T\u00e8cnic en reparaci\u00f3 i manteniment de sistemes dom\u00f2tics, imm\u00f2tics i de seguretat electr\u00f2nica<\/li>\n<li>T\u00e8cnic en supervisi\u00f3 i verificaci\u00f3 en xarxes locals i sistemes telem\u00e0tics<\/li>\n<li>T\u00e8cnic en reparaci\u00f3 i manteniment d&#8217;equips de xarxes locals i sistemes telem\u00e0tics<\/li>\n<li>T\u00e8cnic en supervisi\u00f3, verificaci\u00f3 i control en sistemes de radioenlla\u00e7<\/li>\n<li>T\u00e8cnic en reparaci\u00f3 i manteniment d&#8217;equips professionals d&#8217;\u00e0udio, de v\u00eddeo i d&#8217;equips industrials<\/li>\n<\/ul>\n<p>Amb aquest t\u00edtol s&#8217;obt\u00e9 la qualificaci\u00f3 t\u00e8cnica adequada exigida com a requisit per ser empresa instal\u00b7ladora d&#8217;infraestructures comunes de telecomunicacions.<\/p>\n<h4>Horari<\/h4>\n<p>Tardes de 15h a 21h (dimecres de 17:30h a 21:30h)<\/p>\n<h4>Empreses prove\u00efdores que col\u00b7laboren amb nosaltres<\/h4>\n<table>\n<thead>\n<tr>\n<th scope=\"col\"><a href=\"https:\/\/www.gmaolinx.com\/es\/\" target=\"_blank\" rel=\"noopener noreferrer\"><img loading=\"lazy\" decoding=\"async\" class=\"img-responsive atto_image_button_text-bottom\" role=\"presentation\" src=\"https:\/\/educaciodigital.cat\/inslacetania\/moodle\/pluginfile.php\/3829\/coursecat\/description\/LinxSphere_LOGO.jpg?time=1606993819436\" alt=\"\" width=\"252\" height=\"63\" \/><\/a><\/th>\n<th scope=\"col\"><a href=\"https:\/\/www.plm.automation.siemens.com\/global\/es\/products\/nx\/\" target=\"_blank\" rel=\"noopener noreferrer\"><img loading=\"lazy\" decoding=\"async\" class=\"img-responsive atto_image_button_text-bottom\" role=\"presentation\" src=\"https:\/\/educaciodigital.cat\/inslacetania\/moodle\/pluginfile.php\/3829\/coursecat\/description\/siemens-nx-plm-logo-75A9A37993-seeklogo.com.png\" alt=\"\" width=\"300\" height=\"100\" \/><\/a><\/th>\n<th scope=\"col\"><a href=\"https:\/\/www.aveva.com\/en\/products\/system-platform\/\" target=\"_blank\" rel=\"noopener noreferrer\"><img loading=\"lazy\" decoding=\"async\" class=\"img-responsive atto_image_button_text-bottom\" role=\"presentation\" src=\"https:\/\/educaciodigital.cat\/inslacetania\/moodle\/pluginfile.php\/3829\/coursecat\/description\/wonderware_avea_logo_2-300x131.png\" alt=\"\" width=\"250\" height=\"109\" \/><\/a><\/th>\n<th scope=\"col\"><a href=\"https:\/\/www.ni.com\/es-es.html\" target=\"_blank\" rel=\"noopener noreferrer\"><img loading=\"lazy\" decoding=\"async\" class=\"img-responsive atto_image_button_text-bottom\" role=\"presentation\" src=\"https:\/\/educaciodigital.cat\/inslacetania\/moodle\/pluginfile.php\/3829\/coursecat\/description\/NI.jpg?time=1606993562356\" alt=\"\" width=\"251\" height=\"139\" \/><\/a><\/th>\n<th scope=\"col\"><a href=\"https:\/\/new.siemens.com\/global\/en\/products\/automation.html\" target=\"_blank\" rel=\"noopener noreferrer\"><img loading=\"lazy\" decoding=\"async\" class=\"img-responsive atto_image_button_text-bottom\" role=\"presentation\" src=\"https:\/\/educaciodigital.cat\/inslacetania\/moodle\/pluginfile.php\/3829\/coursecat\/description\/Siemens-Logo.png\" alt=\"\" width=\"250\" height=\"480\" \/><\/a><\/th>\n<th scope=\"col\"><a href=\"https:\/\/www.tecnical.cat\/es-inicio-tecnical-ingenieria-domotica-automatizacion-electronica-industrial-manresa-igualada.html\" target=\"_blank\" rel=\"noopener noreferrer\"><img loading=\"lazy\" decoding=\"async\" class=\"img-responsive atto_image_button_text-bottom\" role=\"presentation\" src=\"https:\/\/educaciodigital.cat\/inslacetania\/moodle\/pluginfile.php\/3829\/coursecat\/description\/TECNICAL.png\" alt=\"\" width=\"249\" height=\"93\" \/><\/a><\/th>\n<\/tr>\n<\/thead>\n<tbody>\n<tr>\n<td><a href=\"https:\/\/www.densorobotics.com\/\" target=\"_blank\" rel=\"noopener noreferrer\"><img loading=\"lazy\" decoding=\"async\" class=\"img-responsive atto_image_button_text-bottom\" role=\"presentation\" src=\"https:\/\/educaciodigital.cat\/inslacetania\/moodle\/pluginfile.php\/3829\/coursecat\/description\/denso_logo.jpg?time=1606994282565\" alt=\"\" width=\"250\" height=\"250\" \/><\/a><\/td>\n<td><a href=\"https:\/\/new.abb.com\/products\/robotics\/es\" target=\"_blank\" rel=\"noopener noreferrer\"><img loading=\"lazy\" decoding=\"async\" class=\"img-responsive atto_image_button_text-bottom\" role=\"presentation\" src=\"https:\/\/educaciodigital.cat\/inslacetania\/moodle\/pluginfile.php\/3829\/coursecat\/description\/ABB-413x162_logo.png\" alt=\"\" width=\"250\" height=\"98\" \/><\/a><\/td>\n<td><a href=\"https:\/\/www.universal-robots.com\/es\/\" target=\"_blank\" rel=\"noopener noreferrer\"><img loading=\"lazy\" decoding=\"async\" class=\"img-responsive atto_image_button_text-bottom\" role=\"presentation\" src=\"https:\/\/educaciodigital.cat\/inslacetania\/moodle\/pluginfile.php\/3829\/coursecat\/description\/Logo-universal-robots.jpg\" alt=\"\" width=\"250\" height=\"110\" \/><\/a><\/td>\n<td><a href=\"https:\/\/www.ifm.com\/es\/es\" target=\"_blank\" rel=\"noopener noreferrer\"><img loading=\"lazy\" decoding=\"async\" class=\"img-responsive atto_image_button_text-bottom\" role=\"presentation\" src=\"https:\/\/educaciodigital.cat\/inslacetania\/moodle\/pluginfile.php\/3829\/coursecat\/description\/ifm_logo.jpg?time=1606994683431\" alt=\"\" width=\"251\" height=\"167\" \/><\/a><\/td>\n<td><a href=\"https:\/\/www.grupoelektra.es\/es\" target=\"_blank\" rel=\"noopener noreferrer\"><img loading=\"lazy\" decoding=\"async\" class=\"img-responsive atto_image_button_text-bottom\" role=\"presentation\" src=\"https:\/\/educaciodigital.cat\/inslacetania\/moodle\/pluginfile.php\/3829\/coursecat\/description\/elektra_logo.png\" alt=\"\" width=\"251\" height=\"91\" \/><\/a><\/td>\n<td><a href=\"https:\/\/www.loxone.com\/eses\/\" target=\"_blank\" rel=\"noopener noreferrer\"><img loading=\"lazy\" decoding=\"async\" class=\"img-responsive atto_image_button_text-bottom\" role=\"presentation\" src=\"https:\/\/educaciodigital.cat\/inslacetania\/moodle\/pluginfile.php\/3829\/coursecat\/description\/Logo-Loxone-green-RGB-XL.png?time=1606994968514\" alt=\"\" width=\"250\" height=\"56\" \/><\/a><\/td>\n<\/tr>\n<\/tbody>\n<\/table>\n","protected":false},"excerpt":{"rendered":"<p>Fam\u00edlia professional: Electricitat i electr\u00f2nica Descripci\u00f3 Aquests estudis capaciten per mantenir i reparar equips i sistemes electr\u00f2nics, professionals, industrials i de consum, aix\u00ed com planificar i organitzar els processos de manteniment, aplicant els plans de prevenci\u00f3 de riscos laborals, mediambientals, criteris de qualitat i la Tenen una durada de 2.000 hores (amb formaci\u00f3 al centre [&hellip;]<\/p>\n","protected":false},"author":4,"featured_media":0,"parent":635,"menu_order":25,"comment_status":"closed","ping_status":"closed","template":"page-templates\/side-menu.php","meta":{"_bbp_topic_count":0,"_bbp_reply_count":0,"_bbp_total_topic_count":0,"_bbp_total_reply_count":0,"_bbp_voice_count":0,"_bbp_anonymous_reply_count":0,"_bbp_topic_count_hidden":0,"_bbp_reply_count_hidden":0,"_bbp_forum_subforum_count":0,"site-sidebar-layout":"default","site-content-layout":"","ast-site-content-layout":"","site-content-style":"default","site-sidebar-style":"default","ast-global-header-display":"","ast-banner-title-visibility":"","ast-main-header-display":"","ast-hfb-above-header-display":"","ast-hfb-below-header-display":"","ast-hfb-mobile-header-display":"","site-post-title":"","ast-breadcrumbs-content":"","ast-featured-img":"","footer-sml-layout":"","theme-transparent-header-meta":"","adv-header-id-meta":"","stick-header-meta":"","header-above-stick-meta":"","header-main-stick-meta":"","header-below-stick-meta":"","astra-migrate-meta-layouts":"default","ast-page-background-enabled":"default","ast-page-background-meta":{"desktop":{"background-color":"var(--ast-global-color-4)","background-image":"","background-repeat":"repeat","background-position":"center center","background-size":"auto","background-attachment":"scroll","background-type":"","background-media":"","overlay-type":"","overlay-color":"","overlay-opacity":"","overlay-gradient":""},"tablet":{"background-color":"","background-image":"","background-repeat":"repeat","background-position":"center center","background-size":"auto","background-attachment":"scroll","background-type":"","background-media":"","overlay-type":"","overlay-color":"","overlay-opacity":"","overlay-gradient":""},"mobile":{"background-color":"","background-image":"","background-repeat":"repeat","background-position":"center center","background-size":"auto","background-attachment":"scroll","background-type":"","background-media":"","overlay-type":"","overlay-color":"","overlay-opacity":"","overlay-gradient":""}},"ast-content-background-meta":{"desktop":{"background-color":"var(--ast-global-color-5)","background-image":"","background-repeat":"repeat","background-position":"center center","background-size":"auto","background-attachment":"scroll","background-type":"","background-media":"","overlay-type":"","overlay-color":"","overlay-opacity":"","overlay-gradient":""},"tablet":{"background-color":"var(--ast-global-color-5)","background-image":"","background-repeat":"repeat","background-position":"center center","background-size":"auto","background-attachment":"scroll","background-type":"","background-media":"","overlay-type":"","overlay-color":"","overlay-opacity":"","overlay-gradient":""},"mobile":{"background-color":"var(--ast-global-color-5)","background-image":"","background-repeat":"repeat","background-position":"center center","background-size":"auto","background-attachment":"scroll","background-type":"","background-media":"","overlay-type":"","overlay-color":"","overlay-opacity":"","overlay-gradient":""}},"footnotes":""},"class_list":["post-2030","page","type-page","status-publish","hentry"],"post_mailing_queue_ids":[],"_links":{"self":[{"href":"https:\/\/agora.xtec.cat\/inslacetania\/wp-json\/wp\/v2\/pages\/2030","targetHints":{"allow":["GET"]}}],"collection":[{"href":"https:\/\/agora.xtec.cat\/inslacetania\/wp-json\/wp\/v2\/pages"}],"about":[{"href":"https:\/\/agora.xtec.cat\/inslacetania\/wp-json\/wp\/v2\/types\/page"}],"author":[{"embeddable":true,"href":"https:\/\/agora.xtec.cat\/inslacetania\/wp-json\/wp\/v2\/users\/4"}],"replies":[{"embeddable":true,"href":"https:\/\/agora.xtec.cat\/inslacetania\/wp-json\/wp\/v2\/comments?post=2030"}],"version-history":[{"count":7,"href":"https:\/\/agora.xtec.cat\/inslacetania\/wp-json\/wp\/v2\/pages\/2030\/revisions"}],"predecessor-version":[{"id":23098,"href":"https:\/\/agora.xtec.cat\/inslacetania\/wp-json\/wp\/v2\/pages\/2030\/revisions\/23098"}],"up":[{"embeddable":true,"href":"https:\/\/agora.xtec.cat\/inslacetania\/wp-json\/wp\/v2\/pages\/635"}],"wp:attachment":[{"href":"https:\/\/agora.xtec.cat\/inslacetania\/wp-json\/wp\/v2\/media?parent=2030"}],"curies":[{"name":"wp","href":"https:\/\/api.w.org\/{rel}","templated":true}]}}