{"id":19939,"date":"2023-10-17T12:52:29","date_gmt":"2023-10-17T10:52:29","guid":{"rendered":"https:\/\/agora.xtec.cat\/inslacetania\/?page_id=19939"},"modified":"2025-09-10T08:52:25","modified_gmt":"2025-09-10T06:52:25","slug":"servei-dinformacio-i-orientacio-professional","status":"publish","type":"page","link":"https:\/\/agora.xtec.cat\/inslacetania\/serveis-fp\/servei-dinformacio-i-orientacio-professional\/","title":{"rendered":"Avaluaci\u00f3 diagn\u00f2stica FP"},"content":{"rendered":"<h3>Incia l&#8217;avaluaci\u00f3 diagn\u00f2stica: <a href=\"https:\/\/educaciodigital.cat\/inslacetania\/moodle\/course\/index.php?categoryid=1434\">proves diagn\u00f2stiques curs 25-26<\/a><\/h3>\n<h3><span style=\"color: #ff9900;\">L\u2019avaluaci\u00f3 diagn\u00f2stica \u00e9s l\u2019avaluaci\u00f3 que l\u2019equip docent realitza a l\u2019inici de cicle i de curs, tant de l\u2019alumnat nou que s\u2019incorpora com dels grups que s\u2019hi conformen.<\/span><\/h3>\n<p>L\u2019avaluaci\u00f3 diagn\u00f2stica adquireix una rellev\u00e0ncia especial al comen\u00e7ament de cada nova fase d\u2019aprenentatge per diferents raons:<\/p>\n<ul>\n<li style=\"list-style-type: none;\">\n<ul>\n<li><strong>Proporciona informacions \u00fatils al professorat per decidir el nivell de profunditat<\/strong> en qu\u00e8 s\u2019han d\u2019abordar els nous elements de continguts i les relacions entre aquests,<\/li>\n<li>Que <strong>els alumnes prenguin consci\u00e8ncia de les llacunes, imprevisions i contradiccions dels seus esquemes de coneixement i de la necessitat de superar-les<\/strong>.<\/li>\n<\/ul>\n<\/li>\n<\/ul>\n<p>Els passos a seguir en el desenvolupament de l\u2019avaluaci\u00f3 diagn\u00f2stica s\u00f3n els seg\u00fcents:<\/p>\n<p>1. L\u2019equip docent ha de determinar quines <strong>dimensions es volen avaluar<\/strong> tenint en compte les caracter\u00edstiques del cicle formatiu i de l\u2019alumnat.<\/p>\n<p><a href=\"https:\/\/agora.xtec.cat\/inslacetania\/wp-content\/uploads\/usu1045\/2025\/07\/Dimensions.png\"><img loading=\"lazy\" decoding=\"async\" class=\"size-full wp-image-27244 aligncenter\" src=\"https:\/\/agora.xtec.cat\/inslacetania\/wp-content\/uploads\/usu1045\/2025\/07\/Dimensions.png\" alt=\"\" width=\"693\" height=\"321\" srcset=\"https:\/\/agora.xtec.cat\/inslacetania\/wp-content\/uploads\/usu1045\/2025\/07\/Dimensions.png 693w, https:\/\/agora.xtec.cat\/inslacetania\/wp-content\/uploads\/usu1045\/2025\/07\/Dimensions-300x139.png 300w\" sizes=\"auto, (max-width: 693px) 100vw, 693px\" \/><\/a><\/p>\n<p>2. L\u2019equip docent ha de <strong>seleccionar els recursos<\/strong> m\u00e9s adients per avaluar els aspectes seleccionats. Alguns dels recursos que a l&#8217;institut Lacet\u00e0nia utilitzem s\u00f3n:<\/p>\n<ol>\n<li style=\"list-style-type: none;\">\n<ul>\n<li>Entrevistes individuals els dos primers dies de classe amb tot l&#8217;alumnat de formaci\u00f3 professional que arriba al centre<\/li>\n<li>Prova de nivell de compet\u00e8ncies b\u00e0siques relacionades amb les caracter\u00edsitques del cicle formatiu.<\/li>\n<li>Prova de nivell espec\u00edfica de llengua catalana i matem\u00e0tiques.<\/li>\n<li>Revisi\u00f3 de documentaci\u00f3 rellevant aportada durant el proc\u00e9s de matriculaci\u00f3 per part del servei d&#8217;orientaci\u00f3 de l&#8217;institut.<\/li>\n<\/ul>\n<\/li>\n<\/ol>\n<p>3. Posada en com\u00fa i <strong>an\u00e0lisi dels resultats<\/strong> per part de l\u2019equip docent la primera setmana del curs.<\/p>\n<p>4. <strong>Disseny del Pla de treball pedag\u00f2gic<\/strong> per tal de donar resposta a les dimensions que s\u2019han prioritzat treballar amb el grup i\/o els alumnes i vetllar per assolir el m\u00e0xim \u00e8xit possible en la nova etapa formativa.<\/p>\n<h1>Si vols contactar amb el servei d&#8217;orientaci\u00f3 d&#8217;FP pots escriure un correu a: <strong>orientacio.fp@lacetania.cat<\/strong><\/h1>\n<p>Des del passat<strong>\u00a0curs escolar 23-24<\/strong> l&#8217;institut Lacet\u00e0nia compta amb un <strong>servei exclusiu d&#8217;orientaci\u00f3 dedicat a l&#8217;alumnat de formaci\u00f3 professional<\/strong>. Aquest servei est\u00e0 cofinan\u00e7at amb recursos del Fons Social Europeu (FSE).<\/p>\n<p>Les\u00a0funcions\u00a0b\u00e0siques d&#8217;aquest servei d&#8217;orientaci\u00f3 s\u00f3n:<\/p>\n<ul>\n<li><strong>Atenci\u00f3 directa a l&#8217;alumnat:<\/strong> atenci\u00f3 individualitzada, coordinaci\u00f3 amb els equips docents, tutors i\u00a0 altres agents interns i extern del centre.<\/li>\n<li><strong>Suport a la comunitat educativa:<\/strong> assessoraments, dissenys d&#8217;adaptacions, orientaci\u00f3 educativa i professional.<\/li>\n<li><strong>Organitzaci\u00f3 i coordinaci\u00f3 de l&#8217;avaluaci\u00f3 diagn\u00f2stica a cicles formatius.<\/strong><\/li>\n<\/ul>\n<h4><\/h4>\n<p>&nbsp;<\/p>\n<h4><a href=\"https:\/\/agora.xtec.cat\/inslacetania\/wp-content\/uploads\/usu1045\/2024\/10\/logo.jpg\"><img loading=\"lazy\" decoding=\"async\" class=\"size-full wp-image-23600 alignright\" src=\"https:\/\/agora.xtec.cat\/inslacetania\/wp-content\/uploads\/usu1045\/2024\/10\/logo.jpg\" alt=\"\" width=\"602\" height=\"83\" srcset=\"https:\/\/agora.xtec.cat\/inslacetania\/wp-content\/uploads\/usu1045\/2024\/10\/logo.jpg 602w, https:\/\/agora.xtec.cat\/inslacetania\/wp-content\/uploads\/usu1045\/2024\/10\/logo-300x41.jpg 300w\" sizes=\"auto, (max-width: 602px) 100vw, 602px\" \/><\/a><\/h4>\n","protected":false},"excerpt":{"rendered":"<p>Incia l&#8217;avaluaci\u00f3 diagn\u00f2stica: proves diagn\u00f2stiques curs 25-26 L\u2019avaluaci\u00f3 diagn\u00f2stica \u00e9s l\u2019avaluaci\u00f3 que l\u2019equip docent realitza a l\u2019inici de cicle i de curs, tant de l\u2019alumnat nou que s\u2019incorpora com dels grups que s\u2019hi conformen. L\u2019avaluaci\u00f3 diagn\u00f2stica adquireix una rellev\u00e0ncia especial al comen\u00e7ament de cada nova fase d\u2019aprenentatge per diferents raons: Proporciona informacions \u00fatils al professorat [&hellip;]<\/p>\n","protected":false},"author":4,"featured_media":0,"parent":927,"menu_order":80,"comment_status":"closed","ping_status":"closed","template":"page-templates\/side-menu.php","meta":{"_bbp_topic_count":0,"_bbp_reply_count":0,"_bbp_total_topic_count":0,"_bbp_total_reply_count":0,"_bbp_voice_count":0,"_bbp_anonymous_reply_count":0,"_bbp_topic_count_hidden":0,"_bbp_reply_count_hidden":0,"_bbp_forum_subforum_count":0,"site-sidebar-layout":"default","site-content-layout":"","ast-site-content-layout":"","site-content-style":"default","site-sidebar-style":"default","ast-global-header-display":"","ast-banner-title-visibility":"","ast-main-header-display":"","ast-hfb-above-header-display":"","ast-hfb-below-header-display":"","ast-hfb-mobile-header-display":"","site-post-title":"","ast-breadcrumbs-content":"","ast-featured-img":"","footer-sml-layout":"","theme-transparent-header-meta":"","adv-header-id-meta":"","stick-header-meta":"","header-above-stick-meta":"","header-main-stick-meta":"","header-below-stick-meta":"","astra-migrate-meta-layouts":"default","ast-page-background-enabled":"default","ast-page-background-meta":{"desktop":{"background-color":"var(--ast-global-color-4)","background-image":"","background-repeat":"repeat","background-position":"center center","background-size":"auto","background-attachment":"scroll","background-type":"","background-media":"","overlay-type":"","overlay-color":"","overlay-opacity":"","overlay-gradient":""},"tablet":{"background-color":"","background-image":"","background-repeat":"repeat","background-position":"center center","background-size":"auto","background-attachment":"scroll","background-type":"","background-media":"","overlay-type":"","overlay-color":"","overlay-opacity":"","overlay-gradient":""},"mobile":{"background-color":"","background-image":"","background-repeat":"repeat","background-position":"center center","background-size":"auto","background-attachment":"scroll","background-type":"","background-media":"","overlay-type":"","overlay-color":"","overlay-opacity":"","overlay-gradient":""}},"ast-content-background-meta":{"desktop":{"background-color":"var(--ast-global-color-5)","background-image":"","background-repeat":"repeat","background-position":"center center","background-size":"auto","background-attachment":"scroll","background-type":"","background-media":"","overlay-type":"","overlay-color":"","overlay-opacity":"","overlay-gradient":""},"tablet":{"background-color":"var(--ast-global-color-5)","background-image":"","background-repeat":"repeat","background-position":"center center","background-size":"auto","background-attachment":"scroll","background-type":"","background-media":"","overlay-type":"","overlay-color":"","overlay-opacity":"","overlay-gradient":""},"mobile":{"background-color":"var(--ast-global-color-5)","background-image":"","background-repeat":"repeat","background-position":"center center","background-size":"auto","background-attachment":"scroll","background-type":"","background-media":"","overlay-type":"","overlay-color":"","overlay-opacity":"","overlay-gradient":""}},"footnotes":""},"class_list":["post-19939","page","type-page","status-publish","hentry"],"post_mailing_queue_ids":[],"_links":{"self":[{"href":"https:\/\/agora.xtec.cat\/inslacetania\/wp-json\/wp\/v2\/pages\/19939","targetHints":{"allow":["GET"]}}],"collection":[{"href":"https:\/\/agora.xtec.cat\/inslacetania\/wp-json\/wp\/v2\/pages"}],"about":[{"href":"https:\/\/agora.xtec.cat\/inslacetania\/wp-json\/wp\/v2\/types\/page"}],"author":[{"embeddable":true,"href":"https:\/\/agora.xtec.cat\/inslacetania\/wp-json\/wp\/v2\/users\/4"}],"replies":[{"embeddable":true,"href":"https:\/\/agora.xtec.cat\/inslacetania\/wp-json\/wp\/v2\/comments?post=19939"}],"version-history":[{"count":7,"href":"https:\/\/agora.xtec.cat\/inslacetania\/wp-json\/wp\/v2\/pages\/19939\/revisions"}],"predecessor-version":[{"id":27470,"href":"https:\/\/agora.xtec.cat\/inslacetania\/wp-json\/wp\/v2\/pages\/19939\/revisions\/27470"}],"up":[{"embeddable":true,"href":"https:\/\/agora.xtec.cat\/inslacetania\/wp-json\/wp\/v2\/pages\/927"}],"wp:attachment":[{"href":"https:\/\/agora.xtec.cat\/inslacetania\/wp-json\/wp\/v2\/media?parent=19939"}],"curies":[{"name":"wp","href":"https:\/\/api.w.org\/{rel}","templated":true}]}}