{"id":19885,"date":"2023-10-03T13:57:38","date_gmt":"2023-10-03T11:57:38","guid":{"rendered":"https:\/\/agora.xtec.cat\/inslacetania\/?page_id=19885"},"modified":"2024-10-07T19:03:33","modified_gmt":"2024-10-07T17:03:33","slug":"usapps","status":"publish","type":"page","link":"https:\/\/agora.xtec.cat\/inslacetania\/recursos\/usapps\/","title":{"rendered":"UsApps. Comunicaci\u00f3 de situacions de viol\u00e8ncia en entorns educatius"},"content":{"rendered":"<p>La UsApps <strong>\u00e9s una aplicaci\u00f3 web del Departament d\u2019Educaci\u00f3 per poder denunciar casos d\u2019assetjament o viol\u00e8ncia a l\u2019escola<\/strong> que pot viure tot l\u2019alumnat de Catalunya d\u2019una forma f\u00e0cil, intu\u00eftiva i efica\u00e7.<\/p>\n<p style=\"text-align: center;\"><a href=\"https:\/\/agora.xtec.cat\/inslacetania\/wp-content\/uploads\/usu1045\/2024\/10\/UsApps.png\"><img loading=\"lazy\" decoding=\"async\" class=\"alignnone wp-image-23374\" src=\"https:\/\/agora.xtec.cat\/inslacetania\/wp-content\/uploads\/usu1045\/2024\/10\/UsApps.png\" alt=\"\" width=\"417\" height=\"600\" srcset=\"https:\/\/agora.xtec.cat\/inslacetania\/wp-content\/uploads\/usu1045\/2024\/10\/UsApps.png 601w, https:\/\/agora.xtec.cat\/inslacetania\/wp-content\/uploads\/usu1045\/2024\/10\/UsApps-209x300.png 209w\" sizes=\"auto, (max-width: 417px) 100vw, 417px\" \/><\/a><\/p>\n<p>Qualsevol persona \u2013<strong>alumnat, professorat i familiars<\/strong>\u2013 podran denunciar un fet a trav\u00e9s de l\u2019aplicaci\u00f3 amb un <strong>q\u00fcestionari senzill que recull les respostes<\/strong> sobre qu\u00e8 ha passat i se\u2019n far\u00e0 un <strong>seguiment<\/strong>.<\/p>\n<p>La intenci\u00f3 de l\u2019aplicaci\u00f3 \u00e9s precisament que sigui m\u00e9s f\u00e0cil denunciar una situaci\u00f3 d\u2019aquestes caracter\u00edstiques perqu\u00e8 els especialistes de la <strong>Unitat de Suport a l\u2019Alumnat en Situaci\u00f3 de Viol\u00e8ncia<\/strong> (<a href=\"https:\/\/educacio.gencat.cat\/web\/.content\/home\/departament\/publicacions\/monografies\/escoles-lliures-violencies\/escoles-lliures-violencies.pdf\" target=\"_blank\" rel=\"noopener\">USAV<\/a>) es puguin activar r\u00e0pidament per poder actuar, segons recull el mateix portal.<a href=\"https:\/\/usav.educacio.gencat.cat\/\" target=\"_blank\" rel=\"noopener\"><img loading=\"lazy\" decoding=\"async\" class=\"aligncenter wp-image-19894 size-medium\" src=\"https:\/\/agora.xtec.cat\/inslacetania\/wp-content\/uploads\/usu1045\/2023\/10\/logo_usapps-300x112.png\" alt=\"\" width=\"300\" height=\"112\" srcset=\"https:\/\/agora.xtec.cat\/inslacetania\/wp-content\/uploads\/usu1045\/2023\/10\/logo_usapps-300x112.png 300w, https:\/\/agora.xtec.cat\/inslacetania\/wp-content\/uploads\/usu1045\/2023\/10\/logo_usapps-1024x383.png 1024w, https:\/\/agora.xtec.cat\/inslacetania\/wp-content\/uploads\/usu1045\/2023\/10\/logo_usapps-768x287.png 768w, https:\/\/agora.xtec.cat\/inslacetania\/wp-content\/uploads\/usu1045\/2023\/10\/logo_usapps.png 1314w\" sizes=\"auto, (max-width: 300px) 100vw, 300px\" \/><\/a><\/p>\n<p style=\"text-align: center;\"><span style=\"font-size: 20px;\"><strong>ENTRA A L\u2019<a href=\"https:\/\/usav.educacio.gencat.cat\/\" target=\"_blank\" rel=\"noopener\">APLICACI\u00d3<\/a><\/strong><\/span><\/p>\n<p>&nbsp;<\/p>\n","protected":false},"excerpt":{"rendered":"<p>La UsApps \u00e9s una aplicaci\u00f3 web del Departament d\u2019Educaci\u00f3 per poder denunciar casos d\u2019assetjament o viol\u00e8ncia a l\u2019escola que pot viure tot l\u2019alumnat de Catalunya d\u2019una forma f\u00e0cil, intu\u00eftiva i efica\u00e7. Qualsevol persona \u2013alumnat, professorat i familiars\u2013 podran denunciar un fet a trav\u00e9s de l\u2019aplicaci\u00f3 amb un q\u00fcestionari senzill que recull les respostes sobre qu\u00e8 [&hellip;]<\/p>\n","protected":false},"author":4,"featured_media":0,"parent":3316,"menu_order":50,"comment_status":"closed","ping_status":"closed","template":"page-templates\/side-menu.php","meta":{"_bbp_topic_count":0,"_bbp_reply_count":0,"_bbp_total_topic_count":0,"_bbp_total_reply_count":0,"_bbp_voice_count":0,"_bbp_anonymous_reply_count":0,"_bbp_topic_count_hidden":0,"_bbp_reply_count_hidden":0,"_bbp_forum_subforum_count":0,"site-sidebar-layout":"default","site-content-layout":"","ast-site-content-layout":"","site-content-style":"default","site-sidebar-style":"default","ast-global-header-display":"","ast-banner-title-visibility":"","ast-main-header-display":"","ast-hfb-above-header-display":"","ast-hfb-below-header-display":"","ast-hfb-mobile-header-display":"","site-post-title":"","ast-breadcrumbs-content":"","ast-featured-img":"","footer-sml-layout":"","theme-transparent-header-meta":"","adv-header-id-meta":"","stick-header-meta":"","header-above-stick-meta":"","header-main-stick-meta":"","header-below-stick-meta":"","astra-migrate-meta-layouts":"default","ast-page-background-enabled":"default","ast-page-background-meta":{"desktop":{"background-color":"var(--ast-global-color-4)","background-image":"","background-repeat":"repeat","background-position":"center center","background-size":"auto","background-attachment":"scroll","background-type":"","background-media":"","overlay-type":"","overlay-color":"","overlay-opacity":"","overlay-gradient":""},"tablet":{"background-color":"","background-image":"","background-repeat":"repeat","background-position":"center center","background-size":"auto","background-attachment":"scroll","background-type":"","background-media":"","overlay-type":"","overlay-color":"","overlay-opacity":"","overlay-gradient":""},"mobile":{"background-color":"","background-image":"","background-repeat":"repeat","background-position":"center center","background-size":"auto","background-attachment":"scroll","background-type":"","background-media":"","overlay-type":"","overlay-color":"","overlay-opacity":"","overlay-gradient":""}},"ast-content-background-meta":{"desktop":{"background-color":"var(--ast-global-color-5)","background-image":"","background-repeat":"repeat","background-position":"center center","background-size":"auto","background-attachment":"scroll","background-type":"","background-media":"","overlay-type":"","overlay-color":"","overlay-opacity":"","overlay-gradient":""},"tablet":{"background-color":"var(--ast-global-color-5)","background-image":"","background-repeat":"repeat","background-position":"center center","background-size":"auto","background-attachment":"scroll","background-type":"","background-media":"","overlay-type":"","overlay-color":"","overlay-opacity":"","overlay-gradient":""},"mobile":{"background-color":"var(--ast-global-color-5)","background-image":"","background-repeat":"repeat","background-position":"center center","background-size":"auto","background-attachment":"scroll","background-type":"","background-media":"","overlay-type":"","overlay-color":"","overlay-opacity":"","overlay-gradient":""}},"footnotes":""},"class_list":["post-19885","page","type-page","status-publish","hentry"],"post_mailing_queue_ids":[],"_links":{"self":[{"href":"https:\/\/agora.xtec.cat\/inslacetania\/wp-json\/wp\/v2\/pages\/19885","targetHints":{"allow":["GET"]}}],"collection":[{"href":"https:\/\/agora.xtec.cat\/inslacetania\/wp-json\/wp\/v2\/pages"}],"about":[{"href":"https:\/\/agora.xtec.cat\/inslacetania\/wp-json\/wp\/v2\/types\/page"}],"author":[{"embeddable":true,"href":"https:\/\/agora.xtec.cat\/inslacetania\/wp-json\/wp\/v2\/users\/4"}],"replies":[{"embeddable":true,"href":"https:\/\/agora.xtec.cat\/inslacetania\/wp-json\/wp\/v2\/comments?post=19885"}],"version-history":[{"count":6,"href":"https:\/\/agora.xtec.cat\/inslacetania\/wp-json\/wp\/v2\/pages\/19885\/revisions"}],"predecessor-version":[{"id":23377,"href":"https:\/\/agora.xtec.cat\/inslacetania\/wp-json\/wp\/v2\/pages\/19885\/revisions\/23377"}],"up":[{"embeddable":true,"href":"https:\/\/agora.xtec.cat\/inslacetania\/wp-json\/wp\/v2\/pages\/3316"}],"wp:attachment":[{"href":"https:\/\/agora.xtec.cat\/inslacetania\/wp-json\/wp\/v2\/media?parent=19885"}],"curies":[{"name":"wp","href":"https:\/\/api.w.org\/{rel}","templated":true}]}}