{"id":18030,"date":"2023-04-14T17:39:18","date_gmt":"2023-04-14T15:39:18","guid":{"rendered":"https:\/\/agora.xtec.cat\/inslacetania\/?page_id=18030"},"modified":"2023-04-14T17:39:18","modified_gmt":"2023-04-14T15:39:18","slug":"cercle-literari-de-baker-street","status":"publish","type":"page","link":"https:\/\/agora.xtec.cat\/inslacetania\/projectes\/projectes-de-centre\/cercle-literari-de-baker-street\/","title":{"rendered":"Cercle literari de Baker Street"},"content":{"rendered":"<p style=\"text-align: justify;\"><span class=\"fontstyle0\">El Cercle literari de Baker Street s\u2019ha fundat el curs 22-23 i acull les persones que estimen la literatura, gaudeixen de la lectura i no conceben el parad\u00eds sense una bona biblioteca.<\/span><\/p>\n<p style=\"text-align: center;\"><a href=\"https:\/\/agora.xtec.cat\/inslacetania\/wp-content\/uploads\/usu1045\/2023\/04\/bakerstreetlogo-01.jpg\"><img loading=\"lazy\" decoding=\"async\" class=\"alignnone size-full wp-image-18032\" src=\"https:\/\/agora.xtec.cat\/inslacetania\/wp-content\/uploads\/usu1045\/2023\/04\/bakerstreetlogo-01.jpg\" alt=\"\" width=\"321\" height=\"300\" srcset=\"https:\/\/agora.xtec.cat\/inslacetania\/wp-content\/uploads\/usu1045\/2023\/04\/bakerstreetlogo-01.jpg 321w, https:\/\/agora.xtec.cat\/inslacetania\/wp-content\/uploads\/usu1045\/2023\/04\/bakerstreetlogo-01-300x280.jpg 300w\" sizes=\"auto, (max-width: 321px) 100vw, 321px\" \/><\/a><\/p>\n<p style=\"text-align: justify;\"><span class=\"fontstyle0\">Aquest projecte, que pret\u00e9n prestigiar el gust per la literatura i fomentar l\u2019h\u00e0bit lector i cultural, ha estat impulsat per dues professionals d\u2019aquest institut: Montserrat Serra, professora de literatura, i Sarai Ruiz, bibliotec\u00e0ria. Ambdues actuen com a mediadores i membres del propi Cercle.<\/span><\/p>\n<h4><span class=\"fontstyle2\">Qu\u00e8 es fa?<\/span><\/h4>\n<p style=\"text-align: justify;\"><span class=\"fontstyle0\">El Cercle, que \u00e9s una activitat fora de l\u2019obligatorietat curricular, participa en el <\/span><a href=\"https:\/\/www.ibbycat.cat\/programes\/premis-atrapallibres-i-protagonista-jove\/\" target=\"_blank\" rel=\"noopener\"><span class=\"fontstyle0\">Premi Protagonista Jove<\/span><\/a><span class=\"fontstyle0\">, el certamen literari de Catalunya en el qual els joves s\u00f3n el jurat que decideix quines s\u00f3n les millors obres de la literatura infantil i juvenil publicades en catal\u00e0 l\u2019any anterior.<\/span><\/p>\n<p style=\"text-align: justify;\"><span class=\"fontstyle0\">De la m\u00e0 de les mediadores, l\u2019alumnat participant desenvolupa un enfocament cr\u00edtic sobre les obres liter\u00e0ries i culturals a trav\u00e9s de trobades de conversa liter\u00e0ria a la biblioteca i debats virtuals al <\/span><a href=\"https:\/\/cercleliteraridebakerstreet.blogspot.com\/\" target=\"_blank\" rel=\"noopener\"><span class=\"fontstyle0\">blog <\/span><\/a><span class=\"fontstyle0\">del Cercle, que enriqueixen els coneixements de qui en forma part. Tamb\u00e9 es fan clubs de lectura, activitats d\u2019escriptura creativa i creaci\u00f3 liter\u00e0ria, tallers, sortides i, en definitiva, tot all\u00f2 que pugui ser engrescador i tingui a veure amb el m\u00f3n del llibre, la comunicaci\u00f3 i la lectura, sempre en un ambient dist\u00e8s i inclusiu, capa\u00e7 d\u2019englobar alumnes de qualsevol edat o nivell acad\u00e8mic. El Cercle no busca nom\u00e9s formar d\u2019una manera l\u00fadica, sin\u00f3 tamb\u00e9 crear un espai de germanor on compartir l\u2019experi\u00e8ncia liter\u00e0ria.<\/span><\/p>\n<h4><span class=\"fontstyle2\">Contacte<\/span><\/h4>\n<ul>\n<li><a href=\"https:\/\/cercleliteraridebakerstreet.blogspot.com\/\" target=\"_blank\" rel=\"noopener\"><span class=\"fontstyle0\">Blog<\/span><\/a><\/li>\n<li>Correu electr\u00f2nic: <span class=\"fontstyle0\" style=\"font-family: inherit; font-size: 1em;\">cercleliteraridebakerstreet@lacetania.cat<\/span><\/li>\n<\/ul>\n","protected":false},"excerpt":{"rendered":"<p>El Cercle literari de Baker Street s\u2019ha fundat el curs 22-23 i acull les persones que estimen la literatura, gaudeixen de la lectura i no conceben el parad\u00eds sense una bona biblioteca. Aquest projecte, que pret\u00e9n prestigiar el gust per la literatura i fomentar l\u2019h\u00e0bit lector i cultural, ha estat impulsat per dues professionals d\u2019aquest [&hellip;]<\/p>\n","protected":false},"author":4,"featured_media":0,"parent":2693,"menu_order":20,"comment_status":"closed","ping_status":"closed","template":"page-templates\/side-menu.php","meta":{"_bbp_topic_count":0,"_bbp_reply_count":0,"_bbp_total_topic_count":0,"_bbp_total_reply_count":0,"_bbp_voice_count":0,"_bbp_anonymous_reply_count":0,"_bbp_topic_count_hidden":0,"_bbp_reply_count_hidden":0,"_bbp_forum_subforum_count":0,"site-sidebar-layout":"default","site-content-layout":"","ast-site-content-layout":"","site-content-style":"default","site-sidebar-style":"default","ast-global-header-display":"","ast-banner-title-visibility":"","ast-main-header-display":"","ast-hfb-above-header-display":"","ast-hfb-below-header-display":"","ast-hfb-mobile-header-display":"","site-post-title":"","ast-breadcrumbs-content":"","ast-featured-img":"","footer-sml-layout":"","theme-transparent-header-meta":"","adv-header-id-meta":"","stick-header-meta":"","header-above-stick-meta":"","header-main-stick-meta":"","header-below-stick-meta":"","astra-migrate-meta-layouts":"default","ast-page-background-enabled":"default","ast-page-background-meta":{"desktop":{"background-color":"var(--ast-global-color-4)","background-image":"","background-repeat":"repeat","background-position":"center center","background-size":"auto","background-attachment":"scroll","background-type":"","background-media":"","overlay-type":"","overlay-color":"","overlay-opacity":"","overlay-gradient":""},"tablet":{"background-color":"","background-image":"","background-repeat":"repeat","background-position":"center center","background-size":"auto","background-attachment":"scroll","background-type":"","background-media":"","overlay-type":"","overlay-color":"","overlay-opacity":"","overlay-gradient":""},"mobile":{"background-color":"","background-image":"","background-repeat":"repeat","background-position":"center center","background-size":"auto","background-attachment":"scroll","background-type":"","background-media":"","overlay-type":"","overlay-color":"","overlay-opacity":"","overlay-gradient":""}},"ast-content-background-meta":{"desktop":{"background-color":"var(--ast-global-color-5)","background-image":"","background-repeat":"repeat","background-position":"center center","background-size":"auto","background-attachment":"scroll","background-type":"","background-media":"","overlay-type":"","overlay-color":"","overlay-opacity":"","overlay-gradient":""},"tablet":{"background-color":"var(--ast-global-color-5)","background-image":"","background-repeat":"repeat","background-position":"center center","background-size":"auto","background-attachment":"scroll","background-type":"","background-media":"","overlay-type":"","overlay-color":"","overlay-opacity":"","overlay-gradient":""},"mobile":{"background-color":"var(--ast-global-color-5)","background-image":"","background-repeat":"repeat","background-position":"center center","background-size":"auto","background-attachment":"scroll","background-type":"","background-media":"","overlay-type":"","overlay-color":"","overlay-opacity":"","overlay-gradient":""}},"footnotes":""},"class_list":["post-18030","page","type-page","status-publish","hentry"],"post_mailing_queue_ids":[],"_links":{"self":[{"href":"https:\/\/agora.xtec.cat\/inslacetania\/wp-json\/wp\/v2\/pages\/18030","targetHints":{"allow":["GET"]}}],"collection":[{"href":"https:\/\/agora.xtec.cat\/inslacetania\/wp-json\/wp\/v2\/pages"}],"about":[{"href":"https:\/\/agora.xtec.cat\/inslacetania\/wp-json\/wp\/v2\/types\/page"}],"author":[{"embeddable":true,"href":"https:\/\/agora.xtec.cat\/inslacetania\/wp-json\/wp\/v2\/users\/4"}],"replies":[{"embeddable":true,"href":"https:\/\/agora.xtec.cat\/inslacetania\/wp-json\/wp\/v2\/comments?post=18030"}],"version-history":[{"count":2,"href":"https:\/\/agora.xtec.cat\/inslacetania\/wp-json\/wp\/v2\/pages\/18030\/revisions"}],"predecessor-version":[{"id":18034,"href":"https:\/\/agora.xtec.cat\/inslacetania\/wp-json\/wp\/v2\/pages\/18030\/revisions\/18034"}],"up":[{"embeddable":true,"href":"https:\/\/agora.xtec.cat\/inslacetania\/wp-json\/wp\/v2\/pages\/2693"}],"wp:attachment":[{"href":"https:\/\/agora.xtec.cat\/inslacetania\/wp-json\/wp\/v2\/media?parent=18030"}],"curies":[{"name":"wp","href":"https:\/\/api.w.org\/{rel}","templated":true}]}}