{"id":16218,"date":"2022-12-12T17:24:46","date_gmt":"2022-12-12T16:24:46","guid":{"rendered":"https:\/\/agora.xtec.cat\/inslacetania\/?page_id=16218"},"modified":"2026-04-11T16:02:57","modified_gmt":"2026-04-11T14:02:57","slug":"families-professionals","status":"publish","type":"page","link":"https:\/\/agora.xtec.cat\/inslacetania\/estudis\/fp\/families-professionals\/","title":{"rendered":"Fam\u00edlies professionals"},"content":{"rendered":"\n<p><\/p>\n\n\n\n<p><\/p>\n\n\n\n<p>Les <strong>fam\u00edlies professionals<\/strong> en les quals es poden cursar <strong>estudis a Lacet\u00e0nia<\/strong> s\u00f3n:<\/p>\n\n\n\n<figure class=\"wp-block-table\"><table class=\"has-fixed-layout\" style=\"border-style:none;border-width:0px\"><tbody><tr><td class=\"has-text-align-center\" data-align=\"center\"><a href=\"https:\/\/agora.xtec.cat\/inslacetania\/estudis\/fp\/families-professionals\/transport-i-manteniment-de-vehicles\/\"><img loading=\"lazy\" decoding=\"async\" width=\"150\" height=\"150\" class=\"wp-image-29566\" style=\"width: 150px;\" src=\"https:\/\/agora.xtec.cat\/inslacetania\/wp-content\/uploads\/usu1045\/2026\/04\/Trans-2.png\" alt=\"\" srcset=\"https:\/\/agora.xtec.cat\/inslacetania\/wp-content\/uploads\/usu1045\/2026\/04\/Trans-2.png 216w, https:\/\/agora.xtec.cat\/inslacetania\/wp-content\/uploads\/usu1045\/2026\/04\/Trans-2-150x150.png 150w\" sizes=\"auto, (max-width: 150px) 100vw, 150px\" \/><\/a><\/td><td class=\"has-text-align-center\" data-align=\"center\"><a href=\"https:\/\/agora.xtec.cat\/inslacetania\/estudis\/fp\/families-professionals\/administracio-i-gestio\/\"><img loading=\"lazy\" decoding=\"async\" width=\"150\" height=\"150\" class=\"wp-image-29565\" style=\"width: 150px;\" src=\"https:\/\/agora.xtec.cat\/inslacetania\/wp-content\/uploads\/usu1045\/2026\/04\/Admin-1.png\" alt=\"\" srcset=\"https:\/\/agora.xtec.cat\/inslacetania\/wp-content\/uploads\/usu1045\/2026\/04\/Admin-1.png 216w, https:\/\/agora.xtec.cat\/inslacetania\/wp-content\/uploads\/usu1045\/2026\/04\/Admin-1-150x150.png 150w\" sizes=\"auto, (max-width: 150px) 100vw, 150px\" \/><\/a><\/td><td class=\"has-text-align-center\" data-align=\"center\"><a href=\"https:\/\/agora.xtec.cat\/inslacetania\/estudis\/fp\/families-professionals\/electricitat-i-electronica\/\"><img loading=\"lazy\" decoding=\"async\" width=\"150\" height=\"150\" class=\"wp-image-29564\" style=\"width: 150px;\" src=\"https:\/\/agora.xtec.cat\/inslacetania\/wp-content\/uploads\/usu1045\/2026\/04\/Elec-1.png\" alt=\"\" srcset=\"https:\/\/agora.xtec.cat\/inslacetania\/wp-content\/uploads\/usu1045\/2026\/04\/Elec-1.png 216w, https:\/\/agora.xtec.cat\/inslacetania\/wp-content\/uploads\/usu1045\/2026\/04\/Elec-1-150x150.png 150w\" sizes=\"auto, (max-width: 150px) 100vw, 150px\" \/><\/a><\/td><td class=\"has-text-align-center\" data-align=\"center\"><a href=\"https:\/\/agora.xtec.cat\/inslacetania\/estudis\/fp\/families-professionals\/fabricacio-mecanica\/\"><img loading=\"lazy\" decoding=\"async\" width=\"150\" height=\"150\" class=\"wp-image-29563\" style=\"width: 150px;\" src=\"https:\/\/agora.xtec.cat\/inslacetania\/wp-content\/uploads\/usu1045\/2026\/04\/Mec-1.png\" alt=\"\" srcset=\"https:\/\/agora.xtec.cat\/inslacetania\/wp-content\/uploads\/usu1045\/2026\/04\/Mec-1.png 216w, https:\/\/agora.xtec.cat\/inslacetania\/wp-content\/uploads\/usu1045\/2026\/04\/Mec-1-150x150.png 150w\" sizes=\"auto, (max-width: 150px) 100vw, 150px\" \/><\/a><\/td><\/tr><tr><td class=\"has-text-align-center\" data-align=\"center\"><a href=\"https:\/\/agora.xtec.cat\/inslacetania\/estudis\/fp\/families-professionals\/informatica-i-comunicacions\/\"><img loading=\"lazy\" decoding=\"async\" width=\"150\" height=\"150\" class=\"wp-image-29562\" style=\"width: 150px;\" src=\"https:\/\/agora.xtec.cat\/inslacetania\/wp-content\/uploads\/usu1045\/2026\/04\/Infor-1.png\" alt=\"\" srcset=\"https:\/\/agora.xtec.cat\/inslacetania\/wp-content\/uploads\/usu1045\/2026\/04\/Infor-1.png 216w, https:\/\/agora.xtec.cat\/inslacetania\/wp-content\/uploads\/usu1045\/2026\/04\/Infor-1-150x150.png 150w\" sizes=\"auto, (max-width: 150px) 100vw, 150px\" \/><\/a><\/td><td class=\"has-text-align-center\" data-align=\"center\"><a href=\"https:\/\/agora.xtec.cat\/inslacetania\/estudis\/fp\/families-professionals\/installacio-i-manteniment\/\"><img loading=\"lazy\" decoding=\"async\" width=\"150\" height=\"150\" class=\"wp-image-29561\" style=\"width: 150px;\" src=\"https:\/\/agora.xtec.cat\/inslacetania\/wp-content\/uploads\/usu1045\/2026\/04\/Mant-1.png\" alt=\"\" srcset=\"https:\/\/agora.xtec.cat\/inslacetania\/wp-content\/uploads\/usu1045\/2026\/04\/Mant-1.png 216w, https:\/\/agora.xtec.cat\/inslacetania\/wp-content\/uploads\/usu1045\/2026\/04\/Mant-1-150x150.png 150w\" sizes=\"auto, (max-width: 150px) 100vw, 150px\" \/><\/a><\/td><td class=\"has-text-align-center\" data-align=\"center\"><a href=\"https:\/\/agora.xtec.cat\/inslacetania\/estudis\/fp\/pfi\/ptt-auxiliar-de-comercialitzacio-de-productes-i-logistica-cm03\/\"><img loading=\"lazy\" decoding=\"async\" width=\"150\" height=\"150\" class=\"wp-image-29560\" style=\"width: 150px;\" src=\"https:\/\/agora.xtec.cat\/inslacetania\/wp-content\/uploads\/usu1045\/2026\/04\/Comerc-1.png\" alt=\"\" srcset=\"https:\/\/agora.xtec.cat\/inslacetania\/wp-content\/uploads\/usu1045\/2026\/04\/Comerc-1.png 216w, https:\/\/agora.xtec.cat\/inslacetania\/wp-content\/uploads\/usu1045\/2026\/04\/Comerc-1-150x150.png 150w\" sizes=\"auto, (max-width: 150px) 100vw, 150px\" \/><\/a><\/td><td class=\"has-text-align-center\" data-align=\"center\"><a href=\"https:\/\/agora.xtec.cat\/inslacetania\/estudis\/fp\/pfi\/ptt-auxiliar-de-perruqueria-i-estetica-ip03\/\"><img loading=\"lazy\" decoding=\"async\" width=\"150\" height=\"150\" class=\"wp-image-29559\" style=\"width: 150px;\" src=\"https:\/\/agora.xtec.cat\/inslacetania\/wp-content\/uploads\/usu1045\/2026\/04\/Imatge-1.png\" alt=\"\" srcset=\"https:\/\/agora.xtec.cat\/inslacetania\/wp-content\/uploads\/usu1045\/2026\/04\/Imatge-1.png 216w, https:\/\/agora.xtec.cat\/inslacetania\/wp-content\/uploads\/usu1045\/2026\/04\/Imatge-1-150x150.png 150w\" sizes=\"auto, (max-width: 150px) 100vw, 150px\" \/><\/a><\/td><\/tr><\/tbody><\/table><\/figure>\n\n\n\n<h3 class=\"wp-block-heading\"><strong>Per qu\u00e8 escollir la Formaci\u00f3 Professional a l\u2019Institut Lacet\u00e0nia?<\/strong><\/h3>\n\n\n\n<p>&nbsp;M\u00e9s de&nbsp;<strong>25 titulacions<\/strong>&nbsp;disponibles.<\/p>\n\n\n\n<p>&nbsp;<strong>Formaci\u00f3 pr\u00e0ctica en centres de treball<\/strong>, amb modalitats de formaci\u00f3 professional dual (tant general com intensiva).<\/p>\n\n\n\n<p>&nbsp;Possibilitat de realitzar<strong>&nbsp;pr\u00e0ctiques a empreses estrangeres<\/strong>&nbsp;gr\u00e0cies al programa Erasmus+.<\/p>\n\n\n\n<p>&nbsp;<strong>Orientaci\u00f3 educativa&nbsp;<\/strong>especialitzada&nbsp;<strong>en FP.<\/strong><\/p>\n\n\n\n<p>&nbsp;Foment de la<strong>&nbsp;innovaci\u00f3 i l\u2019emprenedoria.<\/strong><\/p>\n\n\n\n<p>&nbsp;<strong>Servei d\u2019assessorament i reconeixement acad\u00e8mic.<\/strong><\/p>\n\n\n\n<p>&nbsp;<strong>Borsa de treball&nbsp;<\/strong>exclusiva per a alumnes i exalumnes.<\/p>\n\n\n\n<p><strong>&nbsp;Alta<\/strong>&nbsp;taxa&nbsp;<strong>d\u2019inserci\u00f3 laboral<\/strong>&nbsp;i opcions d\u2019acc\u00e9s a estudis superiors<\/p>\n\n\n\n<h3 class=\"wp-block-heading\"><strong>Horaris dels estudis a l\u2019Institut Lacet\u00e0nia<\/strong><\/h3>\n\n\n\n<figure class=\"wp-block-table\"><table class=\"has-fixed-layout\"><tbody><tr><td><strong>TIPUS D\u2019ESTUDIS<\/strong><\/td><td class=\"has-text-align-left\" data-align=\"left\"><strong>TORN<\/strong><\/td><td><strong>HORARI<\/strong><\/td><\/tr><tr><td><strong>PFI<\/strong><\/td><td class=\"has-text-align-left\" data-align=\"left\">MAT\u00cd \/ TARDA<\/td><td>08:00 h a 14:30 h \/ 15:00 h a 21:00 h<\/td><\/tr><tr><td><strong>CFGM<\/strong><\/td><td class=\"has-text-align-left\" data-align=\"left\">MAT\u00cd \/ TARDA<\/td><td>08:00 h a 14:30 h \/ 15:00 h a 21:00 h<\/td><\/tr><tr><td><strong>CFGS<\/strong><\/td><td class=\"has-text-align-left\" data-align=\"left\">TARDA<\/td><td>15:00 h a 21:00 h<\/td><\/tr><tr><td><strong>CURSOS D\u2019ESPECIALITZCI\u00d3<\/strong><\/td><td class=\"has-text-align-left\" data-align=\"left\">TARDA<\/td><td>15:00 h a 21:00 h<\/td><\/tr><tr><td><strong>CERTIFICATS DE PROFESSIONALITAT<\/strong><\/td><td class=\"has-text-align-left\" data-align=\"left\">TARDA<\/td><td>15:00 h a 21:00 h<\/td><\/tr><\/tbody><\/table><\/figure>\n\n\n\n<p><\/p>\n","protected":false},"excerpt":{"rendered":"<p>Les fam\u00edlies professionals en les quals es poden cursar estudis a Lacet\u00e0nia s\u00f3n: Per qu\u00e8 escollir la Formaci\u00f3 Professional a l\u2019Institut Lacet\u00e0nia? &nbsp;M\u00e9s de&nbsp;25 titulacions&nbsp;disponibles. &nbsp;Formaci\u00f3 pr\u00e0ctica en centres de treball, amb modalitats de formaci\u00f3 professional dual (tant general com intensiva). &nbsp;Possibilitat de realitzar&nbsp;pr\u00e0ctiques a empreses estrangeres&nbsp;gr\u00e0cies al programa Erasmus+. &nbsp;Orientaci\u00f3 educativa&nbsp;especialitzada&nbsp;en FP. &nbsp;Foment de [&hellip;]<\/p>\n","protected":false},"author":4,"featured_media":0,"parent":531,"menu_order":30,"comment_status":"closed","ping_status":"closed","template":"","meta":{"_bbp_topic_count":0,"_bbp_reply_count":0,"_bbp_total_topic_count":0,"_bbp_total_reply_count":0,"_bbp_voice_count":0,"_bbp_anonymous_reply_count":0,"_bbp_topic_count_hidden":0,"_bbp_reply_count_hidden":0,"_bbp_forum_subforum_count":0,"site-sidebar-layout":"default","site-content-layout":"","ast-site-content-layout":"default","site-content-style":"default","site-sidebar-style":"default","ast-global-header-display":"","ast-banner-title-visibility":"","ast-main-header-display":"","ast-hfb-above-header-display":"","ast-hfb-below-header-display":"","ast-hfb-mobile-header-display":"","site-post-title":"","ast-breadcrumbs-content":"","ast-featured-img":"","footer-sml-layout":"","theme-transparent-header-meta":"","adv-header-id-meta":"","stick-header-meta":"","header-above-stick-meta":"","header-main-stick-meta":"","header-below-stick-meta":"","astra-migrate-meta-layouts":"set","ast-page-background-enabled":"default","ast-page-background-meta":{"desktop":{"background-color":"var(--ast-global-color-4)","background-image":"","background-repeat":"repeat","background-position":"center center","background-size":"auto","background-attachment":"scroll","background-type":"","background-media":"","overlay-type":"","overlay-color":"","overlay-opacity":"","overlay-gradient":""},"tablet":{"background-color":"","background-image":"","background-repeat":"repeat","background-position":"center center","background-size":"auto","background-attachment":"scroll","background-type":"","background-media":"","overlay-type":"","overlay-color":"","overlay-opacity":"","overlay-gradient":""},"mobile":{"background-color":"","background-image":"","background-repeat":"repeat","background-position":"center center","background-size":"auto","background-attachment":"scroll","background-type":"","background-media":"","overlay-type":"","overlay-color":"","overlay-opacity":"","overlay-gradient":""}},"ast-content-background-meta":{"desktop":{"background-color":"var(--ast-global-color-5)","background-image":"","background-repeat":"repeat","background-position":"center center","background-size":"auto","background-attachment":"scroll","background-type":"","background-media":"","overlay-type":"","overlay-color":"","overlay-opacity":"","overlay-gradient":""},"tablet":{"background-color":"var(--ast-global-color-5)","background-image":"","background-repeat":"repeat","background-position":"center center","background-size":"auto","background-attachment":"scroll","background-type":"","background-media":"","overlay-type":"","overlay-color":"","overlay-opacity":"","overlay-gradient":""},"mobile":{"background-color":"var(--ast-global-color-5)","background-image":"","background-repeat":"repeat","background-position":"center center","background-size":"auto","background-attachment":"scroll","background-type":"","background-media":"","overlay-type":"","overlay-color":"","overlay-opacity":"","overlay-gradient":""}},"footnotes":""},"class_list":["post-16218","page","type-page","status-publish","hentry"],"post_mailing_queue_ids":[],"_links":{"self":[{"href":"https:\/\/agora.xtec.cat\/inslacetania\/wp-json\/wp\/v2\/pages\/16218","targetHints":{"allow":["GET"]}}],"collection":[{"href":"https:\/\/agora.xtec.cat\/inslacetania\/wp-json\/wp\/v2\/pages"}],"about":[{"href":"https:\/\/agora.xtec.cat\/inslacetania\/wp-json\/wp\/v2\/types\/page"}],"author":[{"embeddable":true,"href":"https:\/\/agora.xtec.cat\/inslacetania\/wp-json\/wp\/v2\/users\/4"}],"replies":[{"embeddable":true,"href":"https:\/\/agora.xtec.cat\/inslacetania\/wp-json\/wp\/v2\/comments?post=16218"}],"version-history":[{"count":6,"href":"https:\/\/agora.xtec.cat\/inslacetania\/wp-json\/wp\/v2\/pages\/16218\/revisions"}],"predecessor-version":[{"id":29574,"href":"https:\/\/agora.xtec.cat\/inslacetania\/wp-json\/wp\/v2\/pages\/16218\/revisions\/29574"}],"up":[{"embeddable":true,"href":"https:\/\/agora.xtec.cat\/inslacetania\/wp-json\/wp\/v2\/pages\/531"}],"wp:attachment":[{"href":"https:\/\/agora.xtec.cat\/inslacetania\/wp-json\/wp\/v2\/media?parent=16218"}],"curies":[{"name":"wp","href":"https:\/\/api.w.org\/{rel}","templated":true}]}}