{"id":15552,"date":"2022-10-28T16:04:40","date_gmt":"2022-10-28T14:04:40","guid":{"rendered":"https:\/\/agora.xtec.cat\/inslacetania\/?page_id=15552"},"modified":"2025-05-09T20:04:08","modified_gmt":"2025-05-09T18:04:08","slug":"infografies-de-centre","status":"publish","type":"page","link":"https:\/\/agora.xtec.cat\/inslacetania\/linstitut\/infografies-de-centre\/","title":{"rendered":"Infografies de centre"},"content":{"rendered":"<p style=\"text-align: left;\">Mitjan\u00e7ant les infografies de centre volem transmetre d&#8217;una manera clara, resumida, gr\u00e0fica i visual el nostre car\u00e0cter de centre.<\/p>\n<h4>Generals<\/h4>\n<table style=\"border-collapse: collapse; width: 100%;\">\n<tbody>\n<tr>\n<td style=\"width: 25%; text-align: center;\"><a href=\"https:\/\/www.canva.com\/design\/DAFbChju8Qc\/JwOT14UlDP58qiX1DqXtoA\/view?utm_content=DAFbChju8Qc&amp;utm_campaign=designshare&amp;utm_medium=link&amp;utm_source=publishsharelink\" target=\"_blank\" rel=\"noopener\"><img loading=\"lazy\" decoding=\"async\" class=\"alignnone wp-image-17072 size-full\" src=\"https:\/\/agora.xtec.cat\/inslacetania\/wp-content\/uploads\/usu1045\/2023\/02\/documents.png\" alt=\"\" width=\"72\" height=\"72\" \/><\/a><br \/>\n<a href=\"https:\/\/www.canva.com\/design\/DAFbChju8Qc\/JwOT14UlDP58qiX1DqXtoA\/view?utm_content=DAFbChju8Qc&amp;utm_campaign=designshare&amp;utm_medium=link&amp;utm_source=publishsharelink\" target=\"_blank\" rel=\"noopener\">Institut Lacet\u00e0nia<\/a><br \/>\n<a href=\"https:\/\/www.canva.com\/design\/DAFbChju8Qc\/JwOT14UlDP58qiX1DqXtoA\/view?utm_content=DAFbChju8Qc&amp;utm_campaign=designshare&amp;utm_medium=link&amp;utm_source=publishsharelink\" target=\"_blank\" rel=\"noopener\">Documents de centre<\/a><\/td>\n<td style=\"width: 25%; text-align: center;\"><a href=\"https:\/\/www.canva.com\/design\/DAFOwKaHsno\/aWcqfKrb-34ix4AZ6gjt-A\/view?utm_content=DAFOwKaHsno&amp;utm_campaign=designshare&amp;utm_medium=link&amp;utm_source=publishsharelink\" target=\"_blank\" rel=\"noopener\"><img loading=\"lazy\" decoding=\"async\" class=\"alignnone wp-image-15554 size-full\" src=\"https:\/\/agora.xtec.cat\/inslacetania\/wp-content\/uploads\/usu1045\/2022\/10\/school.png\" alt=\"\" width=\"72\" height=\"72\" \/><\/a><br \/>\n<a href=\"https:\/\/www.canva.com\/design\/DAFOwKaHsno\/aWcqfKrb-34ix4AZ6gjt-A\/view?utm_content=DAFOwKaHsno&amp;utm_campaign=designshare&amp;utm_medium=link&amp;utm_source=publishsharelink\" target=\"_blank\" rel=\"noopener\">PEC<\/a><br \/>\n<a href=\"https:\/\/www.canva.com\/design\/DAFOwKaHsno\/aWcqfKrb-34ix4AZ6gjt-A\/view?utm_content=DAFOwKaHsno&amp;utm_campaign=designshare&amp;utm_medium=link&amp;utm_source=publishsharelink\" target=\"_blank\" rel=\"noopener\">Projecte Educatiu de Centre<\/a><\/td>\n<td style=\"width: 25%; text-align: center;\"><a href=\"https:\/\/www.canva.com\/design\/DAFPYowkWJw\/YF2LNBOcYTJygl_ktWFqLw\/view?utm_content=DAFPYowkWJw&amp;utm_campaign=designshare&amp;utm_medium=link&amp;utm_source=publishsharelink\" target=\"_blank\" rel=\"noopener\"><img loading=\"lazy\" decoding=\"async\" class=\"alignnone wp-image-15555 size-full\" src=\"https:\/\/agora.xtec.cat\/inslacetania\/wp-content\/uploads\/usu1045\/2022\/10\/comments.png\" alt=\"\" width=\"72\" height=\"72\" \/><\/a><br \/>\n<a href=\"https:\/\/www.canva.com\/design\/DAFPYowkWJw\/YF2LNBOcYTJygl_ktWFqLw\/view?utm_content=DAFPYowkWJw&amp;utm_campaign=designshare&amp;utm_medium=link&amp;utm_source=publishsharelink\" target=\"_blank\" rel=\"noopener\">PCOM<\/a><br \/>\n<a href=\"https:\/\/www.canva.com\/design\/DAFPYowkWJw\/YF2LNBOcYTJygl_ktWFqLw\/view?utm_content=DAFPYowkWJw&amp;utm_campaign=designshare&amp;utm_medium=link&amp;utm_source=publishsharelink\" target=\"_blank\" rel=\"noopener\">Pla de comunicaci\u00f3<\/a><\/td>\n<\/tr>\n<\/tbody>\n<\/table>\n<h4>ESO i Batxillerat<\/h4>\n<table style=\"border-collapse: collapse; width: 50%;\">\n<tbody>\n<tr>\n<td style=\"width: 50%;\">\n<p style=\"text-align: center;\"><a href=\"https:\/\/agora.xtec.cat\/inslacetania\/wp-content\/uploads\/usu1045\/2025\/01\/PORTESOBERTES_V3.pdf\" target=\"_blank\" rel=\"noopener\"><img loading=\"lazy\" decoding=\"async\" class=\"alignnone wp-image-17187 size-full\" src=\"https:\/\/agora.xtec.cat\/inslacetania\/wp-content\/uploads\/usu1045\/2023\/03\/light_bulb.png\" alt=\"\" width=\"72\" height=\"72\" \/><\/a><br \/>\n<a href=\"https:\/\/agora.xtec.cat\/inslacetania\/wp-content\/uploads\/usu1045\/2025\/01\/PORTESOBERTES_V3.pdf\" target=\"_blank\" rel=\"noopener\">L&#8217;ESO a Lacet\u00e0nia<\/a><\/p>\n<\/td>\n<td style=\"width: 50%;\">\n<p style=\"text-align: center;\"><a href=\"https:\/\/www.canva.com\/design\/DAFeAThAic0\/WolcDJvRG9w5QnNxBNHwww\/edit?utm_content=DAFeAThAic0&amp;utm_campaign=designshare&amp;utm_medium=link2&amp;utm_source=sharebutton\" target=\"_blank\" rel=\"noopener\"><img loading=\"lazy\" decoding=\"async\" class=\"alignnone wp-image-18100 size-full\" src=\"https:\/\/agora.xtec.cat\/inslacetania\/wp-content\/uploads\/usu1045\/2023\/04\/graduation.png\" alt=\"\" width=\"72\" height=\"72\" \/><\/a><br \/>\n<a href=\"https:\/\/www.canva.com\/design\/DAFeAThAic0\/WolcDJvRG9w5QnNxBNHwww\/edit?utm_content=DAFeAThAic0&amp;utm_campaign=designshare&amp;utm_medium=link2&amp;utm_source=sharebutton\" target=\"_blank\" rel=\"noopener\">El Batxillerat a Lacet\u00e0nia<\/a><\/p>\n<\/td>\n<\/tr>\n<\/tbody>\n<\/table>\n<h4>FP<\/h4>\n<table style=\"border-collapse: collapse; width: 100%;\">\n<tbody>\n<tr>\n<td style=\"width: 25%; text-align: center;\"><a href=\"https:\/\/www.canva.com\/design\/DAFSmvG-MZw\/PbnXXUR5Gkq6KAP-M3BNNw\/view?utm_content=DAFSmvG-MZw&amp;utm_campaign=designshare&amp;utm_medium=link&amp;utm_source=publishsharelink\" target=\"_blank\" rel=\"noopener\"><img loading=\"lazy\" decoding=\"async\" class=\"alignnone wp-image-15860 size-full\" src=\"https:\/\/agora.xtec.cat\/inslacetania\/wp-content\/uploads\/usu1045\/2022\/11\/guidelines.png\" alt=\"\" width=\"72\" height=\"72\" \/><\/a><br \/>\n<a href=\"https:\/\/www.canva.com\/design\/DAFSmvG-MZw\/PbnXXUR5Gkq6KAP-M3BNNw\/view?utm_content=DAFSmvG-MZw&amp;utm_campaign=designshare&amp;utm_medium=link&amp;utm_source=publishsharelink\" target=\"_blank\" rel=\"noopener\">PAT FP<\/a><br \/>\n<a href=\"https:\/\/www.canva.com\/design\/DAFSmvG-MZw\/PbnXXUR5Gkq6KAP-M3BNNw\/view?utm_content=DAFSmvG-MZw&amp;utm_campaign=designshare&amp;utm_medium=link&amp;utm_source=publishsharelink\" target=\"_blank\" rel=\"noopener\">Pla d&#8217;acci\u00f3 tutorial d&#8217;FP<\/a><\/td>\n<td style=\"width: 25%; text-align: center;\"><a href=\"https:\/\/www.canva.com\/design\/DAFZJ_67ZhA\/i28NFkSoeJT8uukXisSTSA\/view?utm_content=DAFZJ_67ZhA&amp;utm_campaign=designshare&amp;utm_medium=link&amp;utm_source=publishsharelink\" target=\"_blank\" rel=\"noopener\"><img loading=\"lazy\" decoding=\"async\" class=\"alignnone wp-image-16910 size-full\" src=\"https:\/\/agora.xtec.cat\/inslacetania\/wp-content\/uploads\/usu1045\/2023\/02\/lesson_planning.png\" alt=\"\" width=\"72\" height=\"72\" \/><\/a><br \/>\n<a href=\"https:\/\/www.canva.com\/design\/DAFZJ_67ZhA\/i28NFkSoeJT8uukXisSTSA\/view?utm_content=DAFZJ_67ZhA&amp;utm_campaign=designshare&amp;utm_medium=link&amp;utm_source=publishsharelink\" target=\"_blank\" rel=\"noopener\">PCC FP<\/a><br \/>\n<a href=\"https:\/\/www.canva.com\/design\/DAFZJ_67ZhA\/i28NFkSoeJT8uukXisSTSA\/view?utm_content=DAFZJ_67ZhA&amp;utm_campaign=designshare&amp;utm_medium=link&amp;utm_source=publishsharelink\" target=\"_blank\" rel=\"noopener\">Projecte curricular de centre d&#8217;FP<\/a><\/td>\n<td style=\"width: 25%; text-align: center;\"><a href=\"https:\/\/www.canva.com\/design\/DAFQgjtxlr4\/p4wEbbWKP1RPcsDfZQi4zQ\/view?utm_content=DAFQgjtxlr4&amp;utm_campaign=designshare&amp;utm_medium=link&amp;utm_source=publishsharelink\" target=\"_blank\" rel=\"noopener\"><img loading=\"lazy\" decoding=\"async\" class=\"alignnone wp-image-10998 size-full\" src=\"https:\/\/agora.xtec.cat\/inslacetania\/wp-content\/uploads\/usu1045\/2021\/03\/gear2.png\" alt=\"\" width=\"72\" height=\"72\" \/><\/a><br \/>\n<a href=\"https:\/\/www.canva.com\/design\/DAFQgjtxlr4\/p4wEbbWKP1RPcsDfZQi4zQ\/view?utm_content=DAFQgjtxlr4&amp;utm_campaign=designshare&amp;utm_medium=link&amp;utm_source=publishsharelink\" target=\"_blank\" rel=\"noopener\">CFGM<\/a><br \/>\n<a href=\"https:\/\/www.canva.com\/design\/DAFQgjtxlr4\/p4wEbbWKP1RPcsDfZQi4zQ\/view?utm_content=DAFQgjtxlr4&amp;utm_campaign=designshare&amp;utm_medium=link&amp;utm_source=publishsharelink\" target=\"_blank\" rel=\"noopener\">Cicles Formatius de Grau Mitj\u00e0<\/a><\/td>\n<td style=\"width: 25%; text-align: center;\"><a href=\"https:\/\/www.canva.com\/design\/DAFQgygBhpg\/E1qHqyO7n9ttwiAlrroC7A\/view?utm_content=DAFQgygBhpg&amp;utm_campaign=designshare&amp;utm_medium=link&amp;utm_source=publishsharelink\" target=\"_blank\" rel=\"noopener\"><img loading=\"lazy\" decoding=\"async\" class=\"alignnone wp-image-10997 size-full\" src=\"https:\/\/agora.xtec.cat\/inslacetania\/wp-content\/uploads\/usu1045\/2021\/03\/gear3.png\" alt=\"\" width=\"72\" height=\"72\" \/><\/a><br \/>\n<a href=\"https:\/\/www.canva.com\/design\/DAFQgygBhpg\/E1qHqyO7n9ttwiAlrroC7A\/view?utm_content=DAFQgygBhpg&amp;utm_campaign=designshare&amp;utm_medium=link&amp;utm_source=publishsharelink\" target=\"_blank\" rel=\"noopener\">CFGS<\/a><br \/>\n<a href=\"https:\/\/www.canva.com\/design\/DAFQgygBhpg\/E1qHqyO7n9ttwiAlrroC7A\/view?utm_content=DAFQgygBhpg&amp;utm_campaign=designshare&amp;utm_medium=link&amp;utm_source=publishsharelink\" target=\"_blank\" rel=\"noopener\">Cicles Formatius de Grau Superior<\/a><\/td>\n<\/tr>\n<\/tbody>\n<\/table>\n<h4>Orientaci\u00f3 educativa<\/h4>\n<table style=\"border-collapse: collapse; width: 28.6487%;\">\n<tbody>\n<tr>\n<td style=\"width: 100%;\">\n<p style=\"text-align: center;\"><a style=\"color: #2795b6;\" href=\"https:\/\/www.canva.com\/design\/DAFS856Ef98\/imxDbwE7juQ0IbAW4JmtLA\/view?utm_content=DAFS856Ef98&amp;utm_campaign=designshare&amp;utm_medium=link&amp;utm_source=publishsharelink\" target=\"_blank\" rel=\"noopener\"><img loading=\"lazy\" decoding=\"async\" class=\"alignnone wp-image-15983 size-full\" src=\"https:\/\/agora.xtec.cat\/inslacetania\/wp-content\/uploads\/usu1045\/2022\/11\/help.png\" alt=\"\" width=\"72\" height=\"72\" \/><\/a><br style=\"background-color: #f9f9f9;\" \/><a href=\"https:\/\/agora.xtec.cat\/inslacetania\/wp-content\/uploads\/usu1045\/2025\/04\/page_1.jpg\" target=\"_blank\" rel=\"noopener\">SIEI-SIAL<\/a><br \/>\n<a href=\"https:\/\/agora.xtec.cat\/inslacetania\/wp-content\/uploads\/usu1045\/2025\/04\/page_1.jpg\" target=\"_blank\" rel=\"noopener\">Suport intensiu per l&#8217;alumnat<\/a><\/p>\n<\/td>\n<\/tr>\n<\/tbody>\n<\/table>\n","protected":false},"excerpt":{"rendered":"<p>Mitjan\u00e7ant les infografies de centre volem transmetre d&#8217;una manera clara, resumida, gr\u00e0fica i visual el nostre car\u00e0cter de centre. Generals Institut Lacet\u00e0nia Documents de centre PEC Projecte Educatiu de Centre PCOM Pla de comunicaci\u00f3 ESO i Batxillerat L&#8217;ESO a Lacet\u00e0nia El Batxillerat a Lacet\u00e0nia FP PAT FP Pla d&#8217;acci\u00f3 tutorial d&#8217;FP PCC FP Projecte curricular [&hellip;]<\/p>\n","protected":false},"author":4,"featured_media":0,"parent":19,"menu_order":25,"comment_status":"closed","ping_status":"closed","template":"page-templates\/side-menu.php","meta":{"_bbp_topic_count":0,"_bbp_reply_count":0,"_bbp_total_topic_count":0,"_bbp_total_reply_count":0,"_bbp_voice_count":0,"_bbp_anonymous_reply_count":0,"_bbp_topic_count_hidden":0,"_bbp_reply_count_hidden":0,"_bbp_forum_subforum_count":0,"site-sidebar-layout":"default","site-content-layout":"","ast-site-content-layout":"","site-content-style":"default","site-sidebar-style":"default","ast-global-header-display":"","ast-banner-title-visibility":"","ast-main-header-display":"","ast-hfb-above-header-display":"","ast-hfb-below-header-display":"","ast-hfb-mobile-header-display":"","site-post-title":"","ast-breadcrumbs-content":"","ast-featured-img":"","footer-sml-layout":"","theme-transparent-header-meta":"","adv-header-id-meta":"","stick-header-meta":"","header-above-stick-meta":"","header-main-stick-meta":"","header-below-stick-meta":"","astra-migrate-meta-layouts":"default","ast-page-background-enabled":"default","ast-page-background-meta":{"desktop":{"background-color":"var(--ast-global-color-4)","background-image":"","background-repeat":"repeat","background-position":"center center","background-size":"auto","background-attachment":"scroll","background-type":"","background-media":"","overlay-type":"","overlay-color":"","overlay-opacity":"","overlay-gradient":""},"tablet":{"background-color":"","background-image":"","background-repeat":"repeat","background-position":"center center","background-size":"auto","background-attachment":"scroll","background-type":"","background-media":"","overlay-type":"","overlay-color":"","overlay-opacity":"","overlay-gradient":""},"mobile":{"background-color":"","background-image":"","background-repeat":"repeat","background-position":"center center","background-size":"auto","background-attachment":"scroll","background-type":"","background-media":"","overlay-type":"","overlay-color":"","overlay-opacity":"","overlay-gradient":""}},"ast-content-background-meta":{"desktop":{"background-color":"var(--ast-global-color-5)","background-image":"","background-repeat":"repeat","background-position":"center center","background-size":"auto","background-attachment":"scroll","background-type":"","background-media":"","overlay-type":"","overlay-color":"","overlay-opacity":"","overlay-gradient":""},"tablet":{"background-color":"var(--ast-global-color-5)","background-image":"","background-repeat":"repeat","background-position":"center center","background-size":"auto","background-attachment":"scroll","background-type":"","background-media":"","overlay-type":"","overlay-color":"","overlay-opacity":"","overlay-gradient":""},"mobile":{"background-color":"var(--ast-global-color-5)","background-image":"","background-repeat":"repeat","background-position":"center center","background-size":"auto","background-attachment":"scroll","background-type":"","background-media":"","overlay-type":"","overlay-color":"","overlay-opacity":"","overlay-gradient":""}},"footnotes":""},"class_list":["post-15552","page","type-page","status-publish","hentry"],"post_mailing_queue_ids":[],"_links":{"self":[{"href":"https:\/\/agora.xtec.cat\/inslacetania\/wp-json\/wp\/v2\/pages\/15552","targetHints":{"allow":["GET"]}}],"collection":[{"href":"https:\/\/agora.xtec.cat\/inslacetania\/wp-json\/wp\/v2\/pages"}],"about":[{"href":"https:\/\/agora.xtec.cat\/inslacetania\/wp-json\/wp\/v2\/types\/page"}],"author":[{"embeddable":true,"href":"https:\/\/agora.xtec.cat\/inslacetania\/wp-json\/wp\/v2\/users\/4"}],"replies":[{"embeddable":true,"href":"https:\/\/agora.xtec.cat\/inslacetania\/wp-json\/wp\/v2\/comments?post=15552"}],"version-history":[{"count":7,"href":"https:\/\/agora.xtec.cat\/inslacetania\/wp-json\/wp\/v2\/pages\/15552\/revisions"}],"predecessor-version":[{"id":26183,"href":"https:\/\/agora.xtec.cat\/inslacetania\/wp-json\/wp\/v2\/pages\/15552\/revisions\/26183"}],"up":[{"embeddable":true,"href":"https:\/\/agora.xtec.cat\/inslacetania\/wp-json\/wp\/v2\/pages\/19"}],"wp:attachment":[{"href":"https:\/\/agora.xtec.cat\/inslacetania\/wp-json\/wp\/v2\/media?parent=15552"}],"curies":[{"name":"wp","href":"https:\/\/api.w.org\/{rel}","templated":true}]}}