{"id":14463,"date":"2022-06-09T20:24:38","date_gmt":"2022-06-09T18:24:38","guid":{"rendered":"https:\/\/agora.xtec.cat\/inslacetania\/?page_id=14463"},"modified":"2024-06-11T17:40:29","modified_gmt":"2024-06-11T15:40:29","slug":"orientacio","status":"publish","type":"page","link":"https:\/\/agora.xtec.cat\/inslacetania\/recursos\/orientacio\/","title":{"rendered":"Orientaci\u00f3 educativa"},"content":{"rendered":"<h3>Orientaci\u00f3 acad\u00e8mica i professional<\/h3>\n<table style=\"border-collapse: collapse; width: 100%;\">\n<tbody>\n<tr>\n<td style=\"width: 25%; text-align: center;\"><a href=\"https:\/\/www.unportal.net\/\" target=\"_blank\" rel=\"noopener\"><img loading=\"lazy\" decoding=\"async\" class=\"wp-image-1309 aligncenter\" src=\"https:\/\/agora.xtec.cat\/inslacetania\/wp-content\/uploads\/usu1045\/2017\/03\/index_02_unportal.png\" alt=\"\" width=\"138\" height=\"40\" \/><\/a><a href=\"https:\/\/www.unportal.net\/\" target=\"_blank\" rel=\"noopener\">UNPORTAL<\/a><\/td>\n<td style=\"width: 25%; text-align: center;\"><a href=\"http:\/\/queestudiar.gencat.cat\/ca\/index.html\" target=\"_blank\" rel=\"noopener\"><img loading=\"lazy\" decoding=\"async\" class=\"aligncenter wp-image-14467\" src=\"https:\/\/agora.xtec.cat\/inslacetania\/wp-content\/uploads\/usu1045\/2022\/06\/edtudiar-a-catalunya-300x127-1.png\" alt=\"\" width=\"94\" height=\"40\" \/><\/a><a href=\"http:\/\/queestudiar.gencat.cat\/ca\/index.html\" target=\"_blank\" rel=\"noopener\">Qu\u00e8 estudiar<\/a><\/td>\n<td style=\"width: 25%; text-align: center;\"><a href=\"https:\/\/triaeducativa.gencat.cat\/ca\/inici\" target=\"_blank\" rel=\"noopener\"><img loading=\"lazy\" decoding=\"async\" class=\"aligncenter wp-image-14469\" src=\"https:\/\/agora.xtec.cat\/inslacetania\/wp-content\/uploads\/usu1045\/2022\/06\/subcapcalera-generica.png\" alt=\"\" width=\"172\" height=\"40\" srcset=\"https:\/\/agora.xtec.cat\/inslacetania\/wp-content\/uploads\/usu1045\/2022\/06\/subcapcalera-generica.png 686w, https:\/\/agora.xtec.cat\/inslacetania\/wp-content\/uploads\/usu1045\/2022\/06\/subcapcalera-generica-300x69.png 300w\" sizes=\"auto, (max-width: 172px) 100vw, 172px\" \/><\/a><a href=\"https:\/\/triaeducativa.gencat.cat\/ca\/inici\" target=\"_blank\" rel=\"noopener\">Tria Educativa<\/a><\/td>\n<td style=\"width: 25%; text-align: center;\"><a href=\"https:\/\/www.firaestudiant.cat\/\" target=\"_blank\" rel=\"noopener\"><img loading=\"lazy\" decoding=\"async\" class=\"aligncenter wp-image-14466\" src=\"https:\/\/agora.xtec.cat\/inslacetania\/wp-content\/uploads\/usu1045\/2022\/06\/LogoFira500-300x261-1.jpg\" alt=\"\" width=\"46\" height=\"40\" \/><\/a><a href=\"https:\/\/www.firaestudiant.cat\/\" target=\"_blank\" rel=\"noopener\">Fira de l&#8217;estudiant<\/a><\/td>\n<\/tr>\n<tr>\n<td style=\"width: 25%; text-align: center;\"><a href=\"http:\/\/www.manresajove.cat\/web\" target=\"_blank\" rel=\"noopener\"><img loading=\"lazy\" decoding=\"async\" class=\"aligncenter wp-image-15419\" src=\"https:\/\/agora.xtec.cat\/inslacetania\/wp-content\/uploads\/usu1045\/2022\/10\/manresajove.jpg\" alt=\"Manresa jove\" width=\"52\" height=\"40\" srcset=\"https:\/\/agora.xtec.cat\/inslacetania\/wp-content\/uploads\/usu1045\/2022\/10\/manresajove.jpg 257w, https:\/\/agora.xtec.cat\/inslacetania\/wp-content\/uploads\/usu1045\/2022\/10\/manresajove-200x150.jpg 200w\" sizes=\"auto, (max-width: 52px) 100vw, 52px\" \/><\/a><a href=\"http:\/\/www.manresajove.cat\/web\" target=\"_blank\" rel=\"noopener\">Manresa Jove<\/a><\/td>\n<td style=\"width: 25%; text-align: center;\"><a href=\"https:\/\/formabages.cat\/ca\" target=\"_blank\" rel=\"noopener\"><img loading=\"lazy\" decoding=\"async\" class=\"aligncenter wp-image-14470\" src=\"https:\/\/agora.xtec.cat\/inslacetania\/wp-content\/uploads\/usu1045\/2022\/06\/logo-1200x627-1.jpg\" alt=\"\" width=\"185\" height=\"30\" srcset=\"https:\/\/agora.xtec.cat\/inslacetania\/wp-content\/uploads\/usu1045\/2022\/06\/logo-1200x627-1.jpg 1060w, https:\/\/agora.xtec.cat\/inslacetania\/wp-content\/uploads\/usu1045\/2022\/06\/logo-1200x627-1-300x49.jpg 300w, https:\/\/agora.xtec.cat\/inslacetania\/wp-content\/uploads\/usu1045\/2022\/06\/logo-1200x627-1-1024x167.jpg 1024w, https:\/\/agora.xtec.cat\/inslacetania\/wp-content\/uploads\/usu1045\/2022\/06\/logo-1200x627-1-768x125.jpg 768w\" sizes=\"auto, (max-width: 185px) 100vw, 185px\" \/><\/a><a href=\"https:\/\/formabages.cat\/ca\" target=\"_blank\" rel=\"noopener\">FormaBages<\/a><\/td>\n<td style=\"width: 25%; text-align: center;\"><img loading=\"lazy\" decoding=\"async\" class=\"aligncenter wp-image-14471\" src=\"https:\/\/agora.xtec.cat\/inslacetania\/wp-content\/uploads\/usu1045\/2022\/06\/youtube-img.jpg\" alt=\"\" width=\"105\" height=\"40\" srcset=\"https:\/\/agora.xtec.cat\/inslacetania\/wp-content\/uploads\/usu1045\/2022\/06\/youtube-img.jpg 1280w, https:\/\/agora.xtec.cat\/inslacetania\/wp-content\/uploads\/usu1045\/2022\/06\/youtube-img-300x115.jpg 300w, https:\/\/agora.xtec.cat\/inslacetania\/wp-content\/uploads\/usu1045\/2022\/06\/youtube-img-1024x391.jpg 1024w, https:\/\/agora.xtec.cat\/inslacetania\/wp-content\/uploads\/usu1045\/2022\/06\/youtube-img-768x293.jpg 768w\" sizes=\"auto, (max-width: 105px) 100vw, 105px\" \/><a style=\"font-family: inherit; font-size: 1em;\" href=\"https:\/\/www.youtube.com\/c\/institutlacetania\" target=\"_blank\" rel=\"noopener\">Youtube Lacet\u00e0nia<\/a><\/td>\n<td style=\"width: 25%; text-align: center;\"><\/td>\n<\/tr>\n<\/tbody>\n<\/table>\n<h4>Orientacions per a l&#8217;alumnat amb NESE<\/h4>\n<table style=\"border-collapse: collapse; width: 100%;\">\n<tbody>\n<tr>\n<td style=\"width: 25%;\">\n<p style=\"text-align: center;\"><a href=\"https:\/\/www.canva.com\/design\/DAF-KxHtn8k\/5P8hN4ArFms9-4H6vxrDzQ\/view?utm_content=DAF-KxHtn8k&amp;utm_campaign=designshare&amp;utm_medium=link&amp;utm_source=editor\" target=\"_blank\" rel=\"noopener\"><img loading=\"lazy\" decoding=\"async\" class=\"alignnone wp-image-22469 size-full\" src=\"https:\/\/agora.xtec.cat\/inslacetania\/wp-content\/uploads\/usu1045\/2024\/05\/psychiatry.png\" alt=\"\" width=\"72\" height=\"72\" \/><\/a><br \/>\n<a href=\"https:\/\/www.canva.com\/design\/DAF-KxHtn8k\/5P8hN4ArFms9-4H6vxrDzQ\/view?utm_content=DAF-KxHtn8k&amp;utm_campaign=designshare&amp;utm_medium=link&amp;utm_source=editor\" target=\"_blank\" rel=\"noopener\">Tractament de l&#8217;alumnat<br \/>\nTDAH<\/a><\/p>\n<\/td>\n<td style=\"width: 25%;\">\n<p style=\"text-align: center;\"><a href=\"https:\/\/www.canva.com\/design\/DAGFet8gvmI\/prZcDLqBDx4xuYneIzUu_Q\/view?utm_content=DAGFet8gvmI&amp;utm_campaign=designshare&amp;utm_medium=link&amp;utm_source=editor\" target=\"_blank\" rel=\"noopener\"><img loading=\"lazy\" decoding=\"async\" class=\"alignnone wp-image-22469 size-full\" src=\"https:\/\/agora.xtec.cat\/inslacetania\/wp-content\/uploads\/usu1045\/2024\/05\/psychiatry.png\" alt=\"\" width=\"72\" height=\"72\" \/><\/a><br \/>\n<a href=\"https:\/\/www.canva.com\/design\/DAGFet8gvmI\/prZcDLqBDx4xuYneIzUu_Q\/view?utm_content=DAGFet8gvmI&amp;utm_campaign=designshare&amp;utm_medium=link&amp;utm_source=editor\" target=\"_blank\" rel=\"noopener\">Tractament de l&#8217;alumnat<br \/>\nTEA<\/a><\/p>\n<\/td>\n<td style=\"width: 25%;\">\n<p style=\"text-align: center;\"><a href=\"https:\/\/www.canva.com\/design\/DAGF12k_Krs\/fBba4w_3ln0Idir8Ca3XYQ\/view?utm_content=DAGF12k_Krs&amp;utm_campaign=designshare&amp;utm_medium=link&amp;utm_source=editor\" target=\"_blank\" rel=\"noopener\"><img loading=\"lazy\" decoding=\"async\" class=\"alignnone wp-image-22469 size-full\" src=\"https:\/\/agora.xtec.cat\/inslacetania\/wp-content\/uploads\/usu1045\/2024\/05\/psychiatry.png\" alt=\"\" width=\"72\" height=\"72\" \/><\/a><br \/>\n<a href=\"https:\/\/www.canva.com\/design\/DAGF12k_Krs\/fBba4w_3ln0Idir8Ca3XYQ\/view?utm_content=DAGF12k_Krs&amp;utm_campaign=designshare&amp;utm_medium=link&amp;utm_source=editor\" target=\"_blank\" rel=\"noopener\">Tractament de l&#8217;alumnat<br \/>\nDISL\u00c8XIA<\/a><\/p>\n<\/td>\n<\/tr>\n<\/tbody>\n<\/table>\n<p>&nbsp;<\/p>\n","protected":false},"excerpt":{"rendered":"<p>Orientaci\u00f3 acad\u00e8mica i professional UNPORTAL Qu\u00e8 estudiar Tria Educativa Fira de l&#8217;estudiant Manresa Jove FormaBages Youtube Lacet\u00e0nia Orientacions per a l&#8217;alumnat amb NESE Tractament de l&#8217;alumnat TDAH Tractament de l&#8217;alumnat TEA Tractament de l&#8217;alumnat DISL\u00c8XIA &nbsp;<\/p>\n","protected":false},"author":4,"featured_media":0,"parent":3316,"menu_order":40,"comment_status":"closed","ping_status":"closed","template":"page-templates\/side-menu.php","meta":{"_bbp_topic_count":0,"_bbp_reply_count":0,"_bbp_total_topic_count":0,"_bbp_total_reply_count":0,"_bbp_voice_count":0,"_bbp_anonymous_reply_count":0,"_bbp_topic_count_hidden":0,"_bbp_reply_count_hidden":0,"_bbp_forum_subforum_count":0,"site-sidebar-layout":"default","site-content-layout":"","ast-site-content-layout":"","site-content-style":"default","site-sidebar-style":"default","ast-global-header-display":"","ast-banner-title-visibility":"","ast-main-header-display":"","ast-hfb-above-header-display":"","ast-hfb-below-header-display":"","ast-hfb-mobile-header-display":"","site-post-title":"","ast-breadcrumbs-content":"","ast-featured-img":"","footer-sml-layout":"","theme-transparent-header-meta":"","adv-header-id-meta":"","stick-header-meta":"","header-above-stick-meta":"","header-main-stick-meta":"","header-below-stick-meta":"","astra-migrate-meta-layouts":"default","ast-page-background-enabled":"default","ast-page-background-meta":{"desktop":{"background-color":"var(--ast-global-color-4)","background-image":"","background-repeat":"repeat","background-position":"center center","background-size":"auto","background-attachment":"scroll","background-type":"","background-media":"","overlay-type":"","overlay-color":"","overlay-opacity":"","overlay-gradient":""},"tablet":{"background-color":"","background-image":"","background-repeat":"repeat","background-position":"center center","background-size":"auto","background-attachment":"scroll","background-type":"","background-media":"","overlay-type":"","overlay-color":"","overlay-opacity":"","overlay-gradient":""},"mobile":{"background-color":"","background-image":"","background-repeat":"repeat","background-position":"center center","background-size":"auto","background-attachment":"scroll","background-type":"","background-media":"","overlay-type":"","overlay-color":"","overlay-opacity":"","overlay-gradient":""}},"ast-content-background-meta":{"desktop":{"background-color":"var(--ast-global-color-5)","background-image":"","background-repeat":"repeat","background-position":"center center","background-size":"auto","background-attachment":"scroll","background-type":"","background-media":"","overlay-type":"","overlay-color":"","overlay-opacity":"","overlay-gradient":""},"tablet":{"background-color":"var(--ast-global-color-5)","background-image":"","background-repeat":"repeat","background-position":"center center","background-size":"auto","background-attachment":"scroll","background-type":"","background-media":"","overlay-type":"","overlay-color":"","overlay-opacity":"","overlay-gradient":""},"mobile":{"background-color":"var(--ast-global-color-5)","background-image":"","background-repeat":"repeat","background-position":"center center","background-size":"auto","background-attachment":"scroll","background-type":"","background-media":"","overlay-type":"","overlay-color":"","overlay-opacity":"","overlay-gradient":""}},"footnotes":""},"class_list":["post-14463","page","type-page","status-publish","hentry"],"post_mailing_queue_ids":[],"_links":{"self":[{"href":"https:\/\/agora.xtec.cat\/inslacetania\/wp-json\/wp\/v2\/pages\/14463","targetHints":{"allow":["GET"]}}],"collection":[{"href":"https:\/\/agora.xtec.cat\/inslacetania\/wp-json\/wp\/v2\/pages"}],"about":[{"href":"https:\/\/agora.xtec.cat\/inslacetania\/wp-json\/wp\/v2\/types\/page"}],"author":[{"embeddable":true,"href":"https:\/\/agora.xtec.cat\/inslacetania\/wp-json\/wp\/v2\/users\/4"}],"replies":[{"embeddable":true,"href":"https:\/\/agora.xtec.cat\/inslacetania\/wp-json\/wp\/v2\/comments?post=14463"}],"version-history":[{"count":7,"href":"https:\/\/agora.xtec.cat\/inslacetania\/wp-json\/wp\/v2\/pages\/14463\/revisions"}],"predecessor-version":[{"id":22844,"href":"https:\/\/agora.xtec.cat\/inslacetania\/wp-json\/wp\/v2\/pages\/14463\/revisions\/22844"}],"up":[{"embeddable":true,"href":"https:\/\/agora.xtec.cat\/inslacetania\/wp-json\/wp\/v2\/pages\/3316"}],"wp:attachment":[{"href":"https:\/\/agora.xtec.cat\/inslacetania\/wp-json\/wp\/v2\/media?parent=14463"}],"curies":[{"name":"wp","href":"https:\/\/api.w.org\/{rel}","templated":true}]}}