{"id":1409,"date":"2017-03-16T13:53:59","date_gmt":"2017-03-16T12:53:59","guid":{"rendered":"http:\/\/agora.xtec.cat\/inslacetania\/?page_id=1409"},"modified":"2024-08-31T19:59:58","modified_gmt":"2024-08-31T17:59:58","slug":"cfgs-mecatronica-industrial-imc0","status":"publish","type":"page","link":"https:\/\/agora.xtec.cat\/inslacetania\/estudis\/fp\/cfgs\/cfgs-mecatronica-industrial-imc0\/","title":{"rendered":"CFGS Mecatr\u00f2nica Industrial &#8211; IMC0"},"content":{"rendered":"<p>Fam\u00edlia professional: Instal\u00b7laci\u00f3 i manteniment<\/p>\n<p><a href=\"http:\/\/agora.xtec.cat\/inslacetania\/wp-content\/uploads\/usu1045\/2017\/03\/Mechatronics.jpg\"><img loading=\"lazy\" decoding=\"async\" class=\"aligncenter wp-image-1443\" src=\"http:\/\/agora.xtec.cat\/inslacetania\/wp-content\/uploads\/usu1045\/2017\/03\/Mechatronics-300x149.jpg\" alt=\"mechatronics\" width=\"450\" height=\"224\" srcset=\"https:\/\/agora.xtec.cat\/inslacetania\/wp-content\/uploads\/usu1045\/2017\/03\/Mechatronics-300x149.jpg 300w, https:\/\/agora.xtec.cat\/inslacetania\/wp-content\/uploads\/usu1045\/2017\/03\/Mechatronics-768x382.jpg 768w, https:\/\/agora.xtec.cat\/inslacetania\/wp-content\/uploads\/usu1045\/2017\/03\/Mechatronics.jpg 900w\" sizes=\"auto, (max-width: 450px) 100vw, 450px\" \/><\/a><\/p>\n<h4>Descripci\u00f3<\/h4>\n<p>Aquests estudis capaciten per configurar i optimitzar sistemes mecatr\u00f2nics industrials, aix\u00ed com planificar, supervisar i\/o executar-ne el muntatge i manteniment, seguint els protocols de qualitat, de seguretat i de prevenci\u00f3 de riscos laborals i respecte ambiental.<\/p>\n<p>Tenen una durada de 2.000 hores (amb formaci\u00f3 al centre educatiu i a l&#8217;empresa) distribu\u00efdes en dos cursos acad\u00e8mics.<\/p>\n<p>L\u2019alumnat pot realitzar pr\u00e0ctiques en empreses estrangeres dins del programa europeu de mobilitat Erasmus+.<\/p>\n<p style=\"text-align: center;\"><iframe loading=\"lazy\" title=\"YouTube video player\" src=\"https:\/\/www.youtube.com\/embed\/Wzk59XZVfZo\" width=\"560\" height=\"315\" frameborder=\"0\" allowfullscreen=\"allowfullscreen\"><\/iframe><\/p>\n<h4>Continguts<\/h4>\n<ul>\n<li>Sistemes mec\u00e0nics<\/li>\n<li>Sistemes hidr\u00e0ulics i pneum\u00e0tics<\/li>\n<li>Sistemes el\u00e8ctrics i electr\u00f2nics<\/li>\n<li>Elements de m\u00e0quines<\/li>\n<li>Processos de fabricaci\u00f3<\/li>\n<li>Representaci\u00f3 gr\u00e0fica de sistemes mecatr\u00f2nics<\/li>\n<li>Configuraci\u00f3 de sistemes mecatr\u00f2nics<\/li>\n<li>Processos i gesti\u00f3 de manteniment i qualitat<\/li>\n<li>Integraci\u00f3 de sistemes<\/li>\n<li>Simulaci\u00f3 de sistemes mecatr\u00f2nics<\/li>\n<li>Projecte de mecatr\u00f2nica industrial<\/li>\n<li>Angl\u00e8s professional<\/li>\n<li>Itinerari per a l`ocupabilitat I<\/li>\n<li>Itinerari per a l`ocupabilitat II<\/li>\n<li>Digitalitzaci\u00f3 aplicada al sector productiu<\/li>\n<li>Sostenibilitat aplicada al sector productiu<\/li>\n<li>Optativa \/ Optatives<\/li>\n<li>Dual \/ Dual Intensiva<\/li>\n<\/ul>\n<h4>Principals ocupacions i llocs de treball<\/h4>\n<ul>\n<li>T\u00e8cnic en planificaci\u00f3 i programaci\u00f3 de processos de manteniment d&#8217;instal\u2022lacions de maquin\u00e0ria i equips industrials<\/li>\n<li>Cap d&#8217;equip en muntatge d&#8217;instal\u2022lacions de maquin\u00e0ria i equips industrials<\/li>\n<li>Cap d&#8217;equip en manteniment d&#8217;instal\u2022lacions de maquin\u00e0ria i equips industrials<\/li>\n<\/ul>\n<h4>Horari<\/h4>\n<p>Tardes de 15h a 21h (dimecres de 17:30h a 21:30h)<\/p>\n","protected":false},"excerpt":{"rendered":"<p>Fam\u00edlia professional: Instal\u00b7laci\u00f3 i manteniment Descripci\u00f3 Aquests estudis capaciten per configurar i optimitzar sistemes mecatr\u00f2nics industrials, aix\u00ed com planificar, supervisar i\/o executar-ne el muntatge i manteniment, seguint els protocols de qualitat, de seguretat i de prevenci\u00f3 de riscos laborals i respecte ambiental. Tenen una durada de 2.000 hores (amb formaci\u00f3 al centre educatiu i a [&hellip;]<\/p>\n","protected":false},"author":4,"featured_media":0,"parent":635,"menu_order":80,"comment_status":"closed","ping_status":"closed","template":"page-templates\/side-menu.php","meta":{"_bbp_topic_count":0,"_bbp_reply_count":0,"_bbp_total_topic_count":0,"_bbp_total_reply_count":0,"_bbp_voice_count":0,"_bbp_anonymous_reply_count":0,"_bbp_topic_count_hidden":0,"_bbp_reply_count_hidden":0,"_bbp_forum_subforum_count":0,"site-sidebar-layout":"default","site-content-layout":"","ast-site-content-layout":"","site-content-style":"default","site-sidebar-style":"default","ast-global-header-display":"","ast-banner-title-visibility":"","ast-main-header-display":"","ast-hfb-above-header-display":"","ast-hfb-below-header-display":"","ast-hfb-mobile-header-display":"","site-post-title":"","ast-breadcrumbs-content":"","ast-featured-img":"","footer-sml-layout":"","theme-transparent-header-meta":"","adv-header-id-meta":"","stick-header-meta":"","header-above-stick-meta":"","header-main-stick-meta":"","header-below-stick-meta":"","astra-migrate-meta-layouts":"default","ast-page-background-enabled":"default","ast-page-background-meta":{"desktop":{"background-color":"var(--ast-global-color-4)","background-image":"","background-repeat":"repeat","background-position":"center center","background-size":"auto","background-attachment":"scroll","background-type":"","background-media":"","overlay-type":"","overlay-color":"","overlay-opacity":"","overlay-gradient":""},"tablet":{"background-color":"","background-image":"","background-repeat":"repeat","background-position":"center center","background-size":"auto","background-attachment":"scroll","background-type":"","background-media":"","overlay-type":"","overlay-color":"","overlay-opacity":"","overlay-gradient":""},"mobile":{"background-color":"","background-image":"","background-repeat":"repeat","background-position":"center center","background-size":"auto","background-attachment":"scroll","background-type":"","background-media":"","overlay-type":"","overlay-color":"","overlay-opacity":"","overlay-gradient":""}},"ast-content-background-meta":{"desktop":{"background-color":"var(--ast-global-color-5)","background-image":"","background-repeat":"repeat","background-position":"center center","background-size":"auto","background-attachment":"scroll","background-type":"","background-media":"","overlay-type":"","overlay-color":"","overlay-opacity":"","overlay-gradient":""},"tablet":{"background-color":"var(--ast-global-color-5)","background-image":"","background-repeat":"repeat","background-position":"center center","background-size":"auto","background-attachment":"scroll","background-type":"","background-media":"","overlay-type":"","overlay-color":"","overlay-opacity":"","overlay-gradient":""},"mobile":{"background-color":"var(--ast-global-color-5)","background-image":"","background-repeat":"repeat","background-position":"center center","background-size":"auto","background-attachment":"scroll","background-type":"","background-media":"","overlay-type":"","overlay-color":"","overlay-opacity":"","overlay-gradient":""}},"footnotes":""},"class_list":["post-1409","page","type-page","status-publish","hentry"],"post_mailing_queue_ids":[],"_links":{"self":[{"href":"https:\/\/agora.xtec.cat\/inslacetania\/wp-json\/wp\/v2\/pages\/1409","targetHints":{"allow":["GET"]}}],"collection":[{"href":"https:\/\/agora.xtec.cat\/inslacetania\/wp-json\/wp\/v2\/pages"}],"about":[{"href":"https:\/\/agora.xtec.cat\/inslacetania\/wp-json\/wp\/v2\/types\/page"}],"author":[{"embeddable":true,"href":"https:\/\/agora.xtec.cat\/inslacetania\/wp-json\/wp\/v2\/users\/4"}],"replies":[{"embeddable":true,"href":"https:\/\/agora.xtec.cat\/inslacetania\/wp-json\/wp\/v2\/comments?post=1409"}],"version-history":[{"count":6,"href":"https:\/\/agora.xtec.cat\/inslacetania\/wp-json\/wp\/v2\/pages\/1409\/revisions"}],"predecessor-version":[{"id":23103,"href":"https:\/\/agora.xtec.cat\/inslacetania\/wp-json\/wp\/v2\/pages\/1409\/revisions\/23103"}],"up":[{"embeddable":true,"href":"https:\/\/agora.xtec.cat\/inslacetania\/wp-json\/wp\/v2\/pages\/635"}],"wp:attachment":[{"href":"https:\/\/agora.xtec.cat\/inslacetania\/wp-json\/wp\/v2\/media?parent=1409"}],"curies":[{"name":"wp","href":"https:\/\/api.w.org\/{rel}","templated":true}]}}