{"id":1407,"date":"2017-03-16T13:40:43","date_gmt":"2017-03-16T12:40:43","guid":{"rendered":"http:\/\/agora.xtec.cat\/inslacetania\/?page_id=1407"},"modified":"2024-08-31T19:59:29","modified_gmt":"2024-08-31T17:59:29","slug":"cfgs-desenvolupament-daplicacions-web-icc0","status":"publish","type":"page","link":"https:\/\/agora.xtec.cat\/inslacetania\/estudis\/fp\/cfgs\/cfgs-desenvolupament-daplicacions-web-icc0\/","title":{"rendered":"CFGS Desenvolupament d\u2019aplicacions web \u2013 ICC0"},"content":{"rendered":"<p>Fam\u00edlia professional: Inform\u00e0tica i comunicacions<\/p>\n<p><a href=\"http:\/\/agora.xtec.cat\/inslacetania\/wp-content\/uploads\/usu1045\/2017\/03\/desarrollo-aplicaciones-web.png\"><img loading=\"lazy\" decoding=\"async\" class=\"aligncenter wp-image-1441\" src=\"http:\/\/agora.xtec.cat\/inslacetania\/wp-content\/uploads\/usu1045\/2017\/03\/desarrollo-aplicaciones-web-300x190.png\" alt=\"desarrollo-aplicaciones-web\" width=\"450\" height=\"285\" srcset=\"https:\/\/agora.xtec.cat\/inslacetania\/wp-content\/uploads\/usu1045\/2017\/03\/desarrollo-aplicaciones-web-300x190.png 300w, https:\/\/agora.xtec.cat\/inslacetania\/wp-content\/uploads\/usu1045\/2017\/03\/desarrollo-aplicaciones-web.png 653w\" sizes=\"auto, (max-width: 450px) 100vw, 450px\" \/><\/a><\/p>\n<h4>Descripci\u00f3<\/h4>\n<p>Aquests estudis postobligatoris capaciten per desenvolupar, implantar i mantenir aplicacions web, amb independ\u00e8ncia del model emprat i utilitzant tecnologies espec\u00edfiques, garantint l&#8217;acc\u00e9s a les dades de forma segura i complint els criteris d&#8217;accessibilitat, usabilitat i qualitat exigides en els est\u00e0ndards establerts.<\/p>\n<p>Tenen una durada de 2.000 hores (amb formaci\u00f3 al centre educatiu i a l&#8217;empresa) distribu\u00efdes en dos cursos acad\u00e8mics.<\/p>\n<p>L\u2019alumnat pot realitzar pr\u00e0ctiques en empreses estrangeres dins del programa europeu de mobilitat Erasmus+.<\/p>\n<p style=\"text-align: center;\"><iframe loading=\"lazy\" title=\"YouTube video player\" src=\"https:\/\/www.youtube.com\/embed\/3ylYwy7pR-g\" width=\"560\" height=\"315\" frameborder=\"0\" allowfullscreen=\"allowfullscreen\"><\/iframe><\/p>\n<h4>Continguts<\/h4>\n<ul>\n<li>Sistemes inform\u00e0tics<\/li>\n<li>Bases de dades<\/li>\n<li>Programaci\u00f3<\/li>\n<li>Llenguatges de marques i sistemes de gesti\u00f3 d&#8217;informaci\u00f3<\/li>\n<li>Entorns de desenvolupament<\/li>\n<li>Desenvolupament web en entorn client<\/li>\n<li>Desenvolupament web en entorn servidor\n<ul>\n<li>Amazon Web Services (AWS): Prof. Maria Pilar Moreno Terricabras<\/li>\n<\/ul>\n<\/li>\n<li>Desplegament d&#8217;aplicacions web<\/li>\n<li>Disseny d&#8217;interf\u00edcies web<\/li>\n<li>Projecte de desenvolupament d&#8217;aplicacions web<\/li>\n<li>Angl\u00e8s professional<\/li>\n<li>Itinerari per a l`ocupabilitat I<\/li>\n<li>Itinerari per a l`ocupabilitat II<\/li>\n<li>Digitalitzaci\u00f3 aplicada al sector productiu<\/li>\n<li>Sostenibilitat aplicada al sector productiu<\/li>\n<li>Optativa \/ Optatives<\/li>\n<li>Dual \/ Dual Intensiva<\/li>\n<\/ul>\n<h4>Principals ocupacions i llocs de treball<\/h4>\n<ul>\n<li>Programador web<\/li>\n<li>Programador multim\u00e8dia<\/li>\n<li>Desenvolupador d&#8217;aplicacions en entorns web<\/li>\n<\/ul>\n<h4>Horari<\/h4>\n<p>Tardes de 15h a 21h (dimecres de 17:30h a 21:30h)<\/p>\n","protected":false},"excerpt":{"rendered":"<p>Fam\u00edlia professional: Inform\u00e0tica i comunicacions Descripci\u00f3 Aquests estudis postobligatoris capaciten per desenvolupar, implantar i mantenir aplicacions web, amb independ\u00e8ncia del model emprat i utilitzant tecnologies espec\u00edfiques, garantint l&#8217;acc\u00e9s a les dades de forma segura i complint els criteris d&#8217;accessibilitat, usabilitat i qualitat exigides en els est\u00e0ndards establerts. Tenen una durada de 2.000 hores (amb formaci\u00f3 [&hellip;]<\/p>\n","protected":false},"author":4,"featured_media":0,"parent":635,"menu_order":70,"comment_status":"closed","ping_status":"closed","template":"page-templates\/side-menu.php","meta":{"_bbp_topic_count":0,"_bbp_reply_count":0,"_bbp_total_topic_count":0,"_bbp_total_reply_count":0,"_bbp_voice_count":0,"_bbp_anonymous_reply_count":0,"_bbp_topic_count_hidden":0,"_bbp_reply_count_hidden":0,"_bbp_forum_subforum_count":0,"site-sidebar-layout":"default","site-content-layout":"","ast-site-content-layout":"","site-content-style":"default","site-sidebar-style":"default","ast-global-header-display":"","ast-banner-title-visibility":"","ast-main-header-display":"","ast-hfb-above-header-display":"","ast-hfb-below-header-display":"","ast-hfb-mobile-header-display":"","site-post-title":"","ast-breadcrumbs-content":"","ast-featured-img":"","footer-sml-layout":"","theme-transparent-header-meta":"","adv-header-id-meta":"","stick-header-meta":"","header-above-stick-meta":"","header-main-stick-meta":"","header-below-stick-meta":"","astra-migrate-meta-layouts":"default","ast-page-background-enabled":"default","ast-page-background-meta":{"desktop":{"background-color":"var(--ast-global-color-4)","background-image":"","background-repeat":"repeat","background-position":"center center","background-size":"auto","background-attachment":"scroll","background-type":"","background-media":"","overlay-type":"","overlay-color":"","overlay-opacity":"","overlay-gradient":""},"tablet":{"background-color":"","background-image":"","background-repeat":"repeat","background-position":"center center","background-size":"auto","background-attachment":"scroll","background-type":"","background-media":"","overlay-type":"","overlay-color":"","overlay-opacity":"","overlay-gradient":""},"mobile":{"background-color":"","background-image":"","background-repeat":"repeat","background-position":"center center","background-size":"auto","background-attachment":"scroll","background-type":"","background-media":"","overlay-type":"","overlay-color":"","overlay-opacity":"","overlay-gradient":""}},"ast-content-background-meta":{"desktop":{"background-color":"var(--ast-global-color-5)","background-image":"","background-repeat":"repeat","background-position":"center center","background-size":"auto","background-attachment":"scroll","background-type":"","background-media":"","overlay-type":"","overlay-color":"","overlay-opacity":"","overlay-gradient":""},"tablet":{"background-color":"var(--ast-global-color-5)","background-image":"","background-repeat":"repeat","background-position":"center center","background-size":"auto","background-attachment":"scroll","background-type":"","background-media":"","overlay-type":"","overlay-color":"","overlay-opacity":"","overlay-gradient":""},"mobile":{"background-color":"var(--ast-global-color-5)","background-image":"","background-repeat":"repeat","background-position":"center center","background-size":"auto","background-attachment":"scroll","background-type":"","background-media":"","overlay-type":"","overlay-color":"","overlay-opacity":"","overlay-gradient":""}},"footnotes":""},"class_list":["post-1407","page","type-page","status-publish","hentry"],"post_mailing_queue_ids":[],"_links":{"self":[{"href":"https:\/\/agora.xtec.cat\/inslacetania\/wp-json\/wp\/v2\/pages\/1407","targetHints":{"allow":["GET"]}}],"collection":[{"href":"https:\/\/agora.xtec.cat\/inslacetania\/wp-json\/wp\/v2\/pages"}],"about":[{"href":"https:\/\/agora.xtec.cat\/inslacetania\/wp-json\/wp\/v2\/types\/page"}],"author":[{"embeddable":true,"href":"https:\/\/agora.xtec.cat\/inslacetania\/wp-json\/wp\/v2\/users\/4"}],"replies":[{"embeddable":true,"href":"https:\/\/agora.xtec.cat\/inslacetania\/wp-json\/wp\/v2\/comments?post=1407"}],"version-history":[{"count":9,"href":"https:\/\/agora.xtec.cat\/inslacetania\/wp-json\/wp\/v2\/pages\/1407\/revisions"}],"predecessor-version":[{"id":23102,"href":"https:\/\/agora.xtec.cat\/inslacetania\/wp-json\/wp\/v2\/pages\/1407\/revisions\/23102"}],"up":[{"embeddable":true,"href":"https:\/\/agora.xtec.cat\/inslacetania\/wp-json\/wp\/v2\/pages\/635"}],"wp:attachment":[{"href":"https:\/\/agora.xtec.cat\/inslacetania\/wp-json\/wp\/v2\/media?parent=1407"}],"curies":[{"name":"wp","href":"https:\/\/api.w.org\/{rel}","templated":true}]}}