{"id":1398,"date":"2017-03-16T13:31:21","date_gmt":"2017-03-16T12:31:21","guid":{"rendered":"http:\/\/agora.xtec.cat\/inslacetania\/?page_id=1398"},"modified":"2024-08-31T19:58:54","modified_gmt":"2024-08-31T17:58:54","slug":"cfgs-disseny-en-fabricacio-mecanica-fmc0","status":"publish","type":"page","link":"https:\/\/agora.xtec.cat\/inslacetania\/estudis\/fp\/cfgs\/cfgs-disseny-en-fabricacio-mecanica-fmc0\/","title":{"rendered":"CFGS Disseny en fabricaci\u00f3 mec\u00e0nica \u2013 FMC0"},"content":{"rendered":"<p>Fam\u00edlia professional: Fabricaci\u00f3 mec\u00e0nica<\/p>\n<p><a href=\"http:\/\/agora.xtec.cat\/inslacetania\/wp-content\/uploads\/usu1045\/2017\/03\/dis.jpg\"><img loading=\"lazy\" decoding=\"async\" class=\"aligncenter wp-image-1434\" src=\"http:\/\/agora.xtec.cat\/inslacetania\/wp-content\/uploads\/usu1045\/2017\/03\/dis-300x172.jpg\" alt=\"dis\" width=\"450\" height=\"258\" srcset=\"https:\/\/agora.xtec.cat\/inslacetania\/wp-content\/uploads\/usu1045\/2017\/03\/dis-300x172.jpg 300w, https:\/\/agora.xtec.cat\/inslacetania\/wp-content\/uploads\/usu1045\/2017\/03\/dis.jpg 500w\" sizes=\"auto, (max-width: 450px) 100vw, 450px\" \/><\/a><\/p>\n<h4>Descripci\u00f3<\/h4>\n<p>Aquests estudis postobligatoris capaciten per dissenyar productes de fabricaci\u00f3 mec\u00e0nica, fosa, forja, estampaci\u00f3 i pulverimetal\u2022l\u00fargia, utillatge de processament de xapa i motlles i models per a pol\u00edmers, assegurant-ne la qualitat i segons la normativa de prevenci\u00f3 de riscos laborals i de protecci\u00f3 ambiental.<\/p>\n<p>Tenen una durada de 2.000 hores (amb formaci\u00f3 en un centre educatiu i a l&#8217;empresa) distribu\u00efdes en dos cursos acad\u00e8mics.<\/p>\n<p>L\u2019alumnat pot realitzar pr\u00e0ctiques en empreses estrangeres dins del programa europeu de mobilitat Erasmus+.<\/p>\n<p style=\"text-align: center;\"><iframe loading=\"lazy\" title=\"YouTube video player\" src=\"https:\/\/www.youtube.com\/embed\/ultaoy2n0BQ\" width=\"560\" height=\"315\" frameborder=\"0\" allowfullscreen=\"allowfullscreen\"><\/iframe><\/p>\n<h4>Continguts<\/h4>\n<ul>\n<li>Representaci\u00f3 gr\u00e0fica en fabricaci\u00f3 mec\u00e0nica<\/li>\n<li>Disseny de productes mec\u00e0nics<\/li>\n<li>Disseny d&#8217;estris de processament de xapa i estampaci\u00f3<\/li>\n<li>Disseny de motlles i models de fosa<\/li>\n<li>Disseny de motlles per a productes polim\u00e8rics<\/li>\n<li>Automatitzaci\u00f3 de la fabricaci\u00f3<\/li>\n<li>T\u00e8cniques de fabricaci\u00f3 mec\u00e0nica<\/li>\n<li>Materials<\/li>\n<li>Projecte de disseny de productes mec\u00e0nics<\/li>\n<li>Angl\u00e8s professional<\/li>\n<li>Itinerari per a l`ocupabilitat I<\/li>\n<li>Itinerari per a l`ocupabilitat II<\/li>\n<li>Digitalitzaci\u00f3 aplicada al sector productiu<\/li>\n<li>Sostenibilitat aplicada al sector productiu<\/li>\n<li>Optativa \/ Optatives<\/li>\n<li>Dual \/ Dual Intensiva<\/li>\n<\/ul>\n<h4>Principals ocupacions i llocs de treball<\/h4>\n<ul>\n<li>Delineant projectista<\/li>\n<li>T\u00e8cnic en disseny assistit per ordinador (CAD)<\/li>\n<li>T\u00e8cnic en desenvolupament de productes<\/li>\n<li>T\u00e8cnic en desenvolupament de matrius,<\/li>\n<li>T\u00e8cnic en desenvolupament d\u2019utillatges<\/li>\n<li>T\u00e8cnic en desenvolupament de motlles.<\/li>\n<\/ul>\n<h4>Horari<\/h4>\n<p>Tardes de 15h a 21h (dimecres de 17:30h a 21:30h)<\/p>\n","protected":false},"excerpt":{"rendered":"<p>Fam\u00edlia professional: Fabricaci\u00f3 mec\u00e0nica Descripci\u00f3 Aquests estudis postobligatoris capaciten per dissenyar productes de fabricaci\u00f3 mec\u00e0nica, fosa, forja, estampaci\u00f3 i pulverimetal\u2022l\u00fargia, utillatge de processament de xapa i motlles i models per a pol\u00edmers, assegurant-ne la qualitat i segons la normativa de prevenci\u00f3 de riscos laborals i de protecci\u00f3 ambiental. Tenen una durada de 2.000 hores (amb [&hellip;]<\/p>\n","protected":false},"author":4,"featured_media":0,"parent":635,"menu_order":40,"comment_status":"closed","ping_status":"closed","template":"page-templates\/side-menu.php","meta":{"_bbp_topic_count":0,"_bbp_reply_count":0,"_bbp_total_topic_count":0,"_bbp_total_reply_count":0,"_bbp_voice_count":0,"_bbp_anonymous_reply_count":0,"_bbp_topic_count_hidden":0,"_bbp_reply_count_hidden":0,"_bbp_forum_subforum_count":0,"site-sidebar-layout":"default","site-content-layout":"","ast-site-content-layout":"","site-content-style":"default","site-sidebar-style":"default","ast-global-header-display":"","ast-banner-title-visibility":"","ast-main-header-display":"","ast-hfb-above-header-display":"","ast-hfb-below-header-display":"","ast-hfb-mobile-header-display":"","site-post-title":"","ast-breadcrumbs-content":"","ast-featured-img":"","footer-sml-layout":"","theme-transparent-header-meta":"","adv-header-id-meta":"","stick-header-meta":"","header-above-stick-meta":"","header-main-stick-meta":"","header-below-stick-meta":"","astra-migrate-meta-layouts":"default","ast-page-background-enabled":"default","ast-page-background-meta":{"desktop":{"background-color":"var(--ast-global-color-4)","background-image":"","background-repeat":"repeat","background-position":"center center","background-size":"auto","background-attachment":"scroll","background-type":"","background-media":"","overlay-type":"","overlay-color":"","overlay-opacity":"","overlay-gradient":""},"tablet":{"background-color":"","background-image":"","background-repeat":"repeat","background-position":"center center","background-size":"auto","background-attachment":"scroll","background-type":"","background-media":"","overlay-type":"","overlay-color":"","overlay-opacity":"","overlay-gradient":""},"mobile":{"background-color":"","background-image":"","background-repeat":"repeat","background-position":"center center","background-size":"auto","background-attachment":"scroll","background-type":"","background-media":"","overlay-type":"","overlay-color":"","overlay-opacity":"","overlay-gradient":""}},"ast-content-background-meta":{"desktop":{"background-color":"var(--ast-global-color-5)","background-image":"","background-repeat":"repeat","background-position":"center center","background-size":"auto","background-attachment":"scroll","background-type":"","background-media":"","overlay-type":"","overlay-color":"","overlay-opacity":"","overlay-gradient":""},"tablet":{"background-color":"var(--ast-global-color-5)","background-image":"","background-repeat":"repeat","background-position":"center center","background-size":"auto","background-attachment":"scroll","background-type":"","background-media":"","overlay-type":"","overlay-color":"","overlay-opacity":"","overlay-gradient":""},"mobile":{"background-color":"var(--ast-global-color-5)","background-image":"","background-repeat":"repeat","background-position":"center center","background-size":"auto","background-attachment":"scroll","background-type":"","background-media":"","overlay-type":"","overlay-color":"","overlay-opacity":"","overlay-gradient":""}},"footnotes":""},"class_list":["post-1398","page","type-page","status-publish","hentry"],"post_mailing_queue_ids":[],"_links":{"self":[{"href":"https:\/\/agora.xtec.cat\/inslacetania\/wp-json\/wp\/v2\/pages\/1398","targetHints":{"allow":["GET"]}}],"collection":[{"href":"https:\/\/agora.xtec.cat\/inslacetania\/wp-json\/wp\/v2\/pages"}],"about":[{"href":"https:\/\/agora.xtec.cat\/inslacetania\/wp-json\/wp\/v2\/types\/page"}],"author":[{"embeddable":true,"href":"https:\/\/agora.xtec.cat\/inslacetania\/wp-json\/wp\/v2\/users\/4"}],"replies":[{"embeddable":true,"href":"https:\/\/agora.xtec.cat\/inslacetania\/wp-json\/wp\/v2\/comments?post=1398"}],"version-history":[{"count":6,"href":"https:\/\/agora.xtec.cat\/inslacetania\/wp-json\/wp\/v2\/pages\/1398\/revisions"}],"predecessor-version":[{"id":23100,"href":"https:\/\/agora.xtec.cat\/inslacetania\/wp-json\/wp\/v2\/pages\/1398\/revisions\/23100"}],"up":[{"embeddable":true,"href":"https:\/\/agora.xtec.cat\/inslacetania\/wp-json\/wp\/v2\/pages\/635"}],"wp:attachment":[{"href":"https:\/\/agora.xtec.cat\/inslacetania\/wp-json\/wp\/v2\/media?parent=1398"}],"curies":[{"name":"wp","href":"https:\/\/api.w.org\/{rel}","templated":true}]}}