{"id":1392,"date":"2017-03-16T11:53:18","date_gmt":"2017-03-16T10:53:18","guid":{"rendered":"http:\/\/agora.xtec.cat\/inslacetania\/?page_id=1392"},"modified":"2024-08-31T19:58:02","modified_gmt":"2024-08-31T17:58:02","slug":"cfgs-automatitzacio-i-robotica-industrial-eeb0","status":"publish","type":"page","link":"https:\/\/agora.xtec.cat\/inslacetania\/estudis\/fp\/cfgs\/cfgs-automatitzacio-i-robotica-industrial-eeb0\/","title":{"rendered":"CFGS Automatitzaci\u00f3 i Rob\u00f2tica Industrial \u2013 EEB0"},"content":{"rendered":"<p>Fam\u00edlia professional: Electricitat i electr\u00f2nica<\/p>\n<p><a href=\"http:\/\/agora.xtec.cat\/inslacetania\/wp-content\/uploads\/usu1045\/2017\/03\/foto1.png\"><img loading=\"lazy\" decoding=\"async\" class=\"aligncenter wp-image-1430\" src=\"http:\/\/agora.xtec.cat\/inslacetania\/wp-content\/uploads\/usu1045\/2017\/03\/foto1-300x216.png\" alt=\"foto1\" width=\"450\" height=\"324\" srcset=\"https:\/\/agora.xtec.cat\/inslacetania\/wp-content\/uploads\/usu1045\/2017\/03\/foto1-300x216.png 300w, https:\/\/agora.xtec.cat\/inslacetania\/wp-content\/uploads\/usu1045\/2017\/03\/foto1.png 519w\" sizes=\"auto, (max-width: 450px) 100vw, 450px\" \/><\/a><\/p>\n<h4>Descripci\u00f3<\/h4>\n<p>Aquests estudis capaciten per desenvolupar i gestionar projectes de muntatge i manteniment d&#8217;instal\u2022lacions autom\u00e0tiques de mesura, regulaci\u00f3 i control de processos en sistemes industrials, aix\u00ed com supervisar o executar el muntatge, manteniment i posada en marxa d&#8217;aquests sistemes, respectant criteris de qualitat, seguretat i respecte al medi ambient i al disseny per a tots.<\/p>\n<p>Tenen una durada de 2.000 hores (amb formaci\u00f3 en un centre educatiu i a l&#8217;empresa) distribu\u00efdes en dos cursos acad\u00e8mics.<\/p>\n<p>L\u2019alumnat pot realitzar pr\u00e0ctiques en empreses estrangeres dins del programa europeu de mobilitat Erasmus+.<\/p>\n<p style=\"text-align: center;\"><iframe loading=\"lazy\" title=\"YouTube video player\" src=\"https:\/\/www.youtube.com\/embed\/HqdxP2rXmog\" width=\"560\" height=\"315\" frameborder=\"0\" allowfullscreen=\"allowfullscreen\"><\/iframe><\/p>\n<h4>Continguts<\/h4>\n<ul>\n<li>Sistemes el\u00e8ctrics, pneum\u00e0tics i hidr\u00e0ulics<\/li>\n<li>Sistemes seq\u00fcencials programables<\/li>\n<li>Sistemes de mesura i regulaci\u00f3<\/li>\n<li>Sistemes de pot\u00e8ncia<\/li>\n<li>Documentaci\u00f3 t\u00e8cnica<\/li>\n<li>Inform\u00e0tica industrial<\/li>\n<li>Sistemes programables avan\u00e7ats<\/li>\n<li>Rob\u00f2tica industrial<\/li>\n<li>Comunicacions industrials<\/li>\n<li>Integraci\u00f3 de sistemes d&#8217;automatitzaci\u00f3 industrial<\/li>\n<li>Projecte d&#8217;automatitzaci\u00f3 i rob\u00f2tica industrial<\/li>\n<li>Angl\u00e8s professional<\/li>\n<li>Itinerari per a l`ocupabilitat I<\/li>\n<li>Itinerari per a l`ocupabilitat II<\/li>\n<li>Digitalitzaci\u00f3 aplicada al sector productiu<\/li>\n<li>Sostenibilitat aplicada al sector productiu<\/li>\n<li>Optativa \/ Optatives<\/li>\n<li>Dual \/ Dual Intensiva<\/li>\n<\/ul>\n<h4>Principals ocupacions i llocs de treball<\/h4>\n<ul>\n<li>Cap d&#8217;equip de supervisi\u00f3 de muntatge i de manteniment de sistemes d&#8217;automatitzaci\u00f3 industrial<\/li>\n<li>Verificador d&#8217;aparells, quadres i equips el\u00e8ctrics<\/li>\n<li>Cap d&#8217;equip en un taller electromec\u00e0nic<\/li>\n<li>T\u00e8cnic en organitzaci\u00f3 de manteniment de sistemes d&#8217;automatitzaci\u00f3 industrial<\/li>\n<li>T\u00e8cnic de posada en marxa de sistemes d&#8217;automatitzaci\u00f3 industrial<\/li>\n<li>Projectista de sistemes de control de sistemes d&#8217;automatitzaci\u00f3 industrial<\/li>\n<li>Projectista de sistemes de mesura i regulaci\u00f3 de sistemes d&#8217;automatitzaci\u00f3 industrial<\/li>\n<li>Projectista de xarxes de comunicaci\u00f3 de sistemes d&#8217;automatitzaci\u00f3 industrial<\/li>\n<li>Programador i controlador de robots industrials<\/li>\n<li>T\u00e8cnic en disseny de sistemes de control el\u00e8ctric<\/li>\n<li>Dissenyador de circuits i sistemes integrats en automatitzaci\u00f3 industrial<\/li>\n<\/ul>\n<h4>Horari<\/h4>\n<p>Tardes de 15h a 21h (dimecres de 17:30h a 21:30h)<\/p>\n<h4>Empreses prove\u00efdores que col\u00b7laboren amb nosaltres<\/h4>\n<table>\n<thead>\n<tr>\n<th scope=\"col\"><a href=\"https:\/\/www.gmaolinx.com\/es\/\" target=\"_blank\" rel=\"noopener noreferrer\"><img loading=\"lazy\" decoding=\"async\" class=\"img-responsive atto_image_button_text-bottom\" role=\"presentation\" src=\"https:\/\/educaciodigital.cat\/inslacetania\/moodle\/pluginfile.php\/3829\/coursecat\/description\/LinxSphere_LOGO.jpg?time=1606993819436\" alt=\"\" width=\"252\" height=\"63\" \/><\/a><\/th>\n<th scope=\"col\"><a href=\"https:\/\/www.plm.automation.siemens.com\/global\/es\/products\/nx\/\" target=\"_blank\" rel=\"noopener noreferrer\"><img loading=\"lazy\" decoding=\"async\" class=\"img-responsive atto_image_button_text-bottom\" role=\"presentation\" src=\"https:\/\/educaciodigital.cat\/inslacetania\/moodle\/pluginfile.php\/3829\/coursecat\/description\/siemens-nx-plm-logo-75A9A37993-seeklogo.com.png\" alt=\"\" width=\"300\" height=\"100\" \/><\/a><\/th>\n<th scope=\"col\"><a href=\"https:\/\/www.aveva.com\/en\/products\/system-platform\/\" target=\"_blank\" rel=\"noopener noreferrer\"><img loading=\"lazy\" decoding=\"async\" class=\"img-responsive atto_image_button_text-bottom\" role=\"presentation\" src=\"https:\/\/educaciodigital.cat\/inslacetania\/moodle\/pluginfile.php\/3829\/coursecat\/description\/wonderware_avea_logo_2-300x131.png\" alt=\"\" width=\"250\" height=\"109\" \/><\/a><\/th>\n<th scope=\"col\">\u00a0<a href=\"https:\/\/www.ni.com\/es-es.html\" target=\"_blank\" rel=\"noopener noreferrer\"><img loading=\"lazy\" decoding=\"async\" class=\"img-responsive atto_image_button_text-bottom\" role=\"presentation\" src=\"https:\/\/educaciodigital.cat\/inslacetania\/moodle\/pluginfile.php\/3829\/coursecat\/description\/NI.jpg?time=1606993562356\" alt=\"\" width=\"251\" height=\"139\" \/><\/a><\/th>\n<th scope=\"col\">\u00a0<a href=\"https:\/\/new.siemens.com\/global\/en\/products\/automation.html\" target=\"_blank\" rel=\"noopener noreferrer\"><img loading=\"lazy\" decoding=\"async\" class=\"img-responsive atto_image_button_text-bottom\" role=\"presentation\" src=\"https:\/\/educaciodigital.cat\/inslacetania\/moodle\/pluginfile.php\/3829\/coursecat\/description\/Siemens-Logo.png\" alt=\"\" width=\"250\" height=\"480\" \/><\/a><\/th>\n<th scope=\"col\">\u00a0<a href=\"https:\/\/www.tecnical.cat\/es-inicio-tecnical-ingenieria-domotica-automatizacion-electronica-industrial-manresa-igualada.html\" target=\"_blank\" rel=\"noopener noreferrer\"><img loading=\"lazy\" decoding=\"async\" class=\"img-responsive atto_image_button_text-bottom\" role=\"presentation\" src=\"https:\/\/educaciodigital.cat\/inslacetania\/moodle\/pluginfile.php\/3829\/coursecat\/description\/TECNICAL.png\" alt=\"\" width=\"249\" height=\"93\" \/><\/a><\/th>\n<\/tr>\n<\/thead>\n<tbody>\n<tr>\n<td><a href=\"https:\/\/www.densorobotics.com\/\" target=\"_blank\" rel=\"noopener noreferrer\"><img loading=\"lazy\" decoding=\"async\" class=\"img-responsive atto_image_button_text-bottom\" role=\"presentation\" src=\"https:\/\/educaciodigital.cat\/inslacetania\/moodle\/pluginfile.php\/3829\/coursecat\/description\/denso_logo.jpg?time=1606994282565\" alt=\"\" width=\"250\" height=\"250\" \/><\/a><\/td>\n<td><a href=\"https:\/\/new.abb.com\/products\/robotics\/es\" target=\"_blank\" rel=\"noopener noreferrer\"><img loading=\"lazy\" decoding=\"async\" class=\"img-responsive atto_image_button_text-bottom\" role=\"presentation\" src=\"https:\/\/educaciodigital.cat\/inslacetania\/moodle\/pluginfile.php\/3829\/coursecat\/description\/ABB-413x162_logo.png\" alt=\"\" width=\"250\" height=\"98\" \/><\/a><\/td>\n<td><a href=\"https:\/\/www.universal-robots.com\/es\/\" target=\"_blank\" rel=\"noopener noreferrer\"><img loading=\"lazy\" decoding=\"async\" class=\"img-responsive atto_image_button_text-bottom\" role=\"presentation\" src=\"https:\/\/educaciodigital.cat\/inslacetania\/moodle\/pluginfile.php\/3829\/coursecat\/description\/Logo-universal-robots.jpg\" alt=\"\" width=\"250\" height=\"110\" \/><\/a><\/td>\n<td>\u00a0<a href=\"https:\/\/www.ifm.com\/es\/es\" target=\"_blank\" rel=\"noopener noreferrer\"><img loading=\"lazy\" decoding=\"async\" class=\"img-responsive atto_image_button_text-bottom\" role=\"presentation\" src=\"https:\/\/educaciodigital.cat\/inslacetania\/moodle\/pluginfile.php\/3829\/coursecat\/description\/ifm_logo.jpg?time=1606994683431\" alt=\"\" width=\"251\" height=\"167\" \/><\/a><\/td>\n<td>\u00a0<a href=\"https:\/\/www.grupoelektra.es\/es\" target=\"_blank\" rel=\"noopener noreferrer\"><img loading=\"lazy\" decoding=\"async\" class=\"img-responsive atto_image_button_text-bottom\" role=\"presentation\" src=\"https:\/\/educaciodigital.cat\/inslacetania\/moodle\/pluginfile.php\/3829\/coursecat\/description\/elektra_logo.png\" alt=\"\" width=\"251\" height=\"91\" \/><\/a><\/td>\n<td>\u00a0<a href=\"https:\/\/www.loxone.com\/eses\/\" target=\"_blank\" rel=\"noopener noreferrer\"><img loading=\"lazy\" decoding=\"async\" class=\"img-responsive atto_image_button_text-bottom\" role=\"presentation\" src=\"https:\/\/educaciodigital.cat\/inslacetania\/moodle\/pluginfile.php\/3829\/coursecat\/description\/Logo-Loxone-green-RGB-XL.png?time=1606994968514\" alt=\"\" width=\"250\" height=\"56\" \/><\/a><\/td>\n<\/tr>\n<\/tbody>\n<\/table>\n","protected":false},"excerpt":{"rendered":"<p>Fam\u00edlia professional: Electricitat i electr\u00f2nica Descripci\u00f3 Aquests estudis capaciten per desenvolupar i gestionar projectes de muntatge i manteniment d&#8217;instal\u2022lacions autom\u00e0tiques de mesura, regulaci\u00f3 i control de processos en sistemes industrials, aix\u00ed com supervisar o executar el muntatge, manteniment i posada en marxa d&#8217;aquests sistemes, respectant criteris de qualitat, seguretat i respecte al medi ambient i [&hellip;]<\/p>\n","protected":false},"author":4,"featured_media":0,"parent":635,"menu_order":20,"comment_status":"closed","ping_status":"closed","template":"page-templates\/side-menu.php","meta":{"_bbp_topic_count":0,"_bbp_reply_count":0,"_bbp_total_topic_count":0,"_bbp_total_reply_count":0,"_bbp_voice_count":0,"_bbp_anonymous_reply_count":0,"_bbp_topic_count_hidden":0,"_bbp_reply_count_hidden":0,"_bbp_forum_subforum_count":0,"site-sidebar-layout":"default","site-content-layout":"","ast-site-content-layout":"","site-content-style":"default","site-sidebar-style":"default","ast-global-header-display":"","ast-banner-title-visibility":"","ast-main-header-display":"","ast-hfb-above-header-display":"","ast-hfb-below-header-display":"","ast-hfb-mobile-header-display":"","site-post-title":"","ast-breadcrumbs-content":"","ast-featured-img":"","footer-sml-layout":"","theme-transparent-header-meta":"","adv-header-id-meta":"","stick-header-meta":"","header-above-stick-meta":"","header-main-stick-meta":"","header-below-stick-meta":"","astra-migrate-meta-layouts":"default","ast-page-background-enabled":"default","ast-page-background-meta":{"desktop":{"background-color":"var(--ast-global-color-4)","background-image":"","background-repeat":"repeat","background-position":"center center","background-size":"auto","background-attachment":"scroll","background-type":"","background-media":"","overlay-type":"","overlay-color":"","overlay-opacity":"","overlay-gradient":""},"tablet":{"background-color":"","background-image":"","background-repeat":"repeat","background-position":"center center","background-size":"auto","background-attachment":"scroll","background-type":"","background-media":"","overlay-type":"","overlay-color":"","overlay-opacity":"","overlay-gradient":""},"mobile":{"background-color":"","background-image":"","background-repeat":"repeat","background-position":"center center","background-size":"auto","background-attachment":"scroll","background-type":"","background-media":"","overlay-type":"","overlay-color":"","overlay-opacity":"","overlay-gradient":""}},"ast-content-background-meta":{"desktop":{"background-color":"var(--ast-global-color-5)","background-image":"","background-repeat":"repeat","background-position":"center center","background-size":"auto","background-attachment":"scroll","background-type":"","background-media":"","overlay-type":"","overlay-color":"","overlay-opacity":"","overlay-gradient":""},"tablet":{"background-color":"var(--ast-global-color-5)","background-image":"","background-repeat":"repeat","background-position":"center center","background-size":"auto","background-attachment":"scroll","background-type":"","background-media":"","overlay-type":"","overlay-color":"","overlay-opacity":"","overlay-gradient":""},"mobile":{"background-color":"var(--ast-global-color-5)","background-image":"","background-repeat":"repeat","background-position":"center center","background-size":"auto","background-attachment":"scroll","background-type":"","background-media":"","overlay-type":"","overlay-color":"","overlay-opacity":"","overlay-gradient":""}},"footnotes":""},"class_list":["post-1392","page","type-page","status-publish","hentry"],"post_mailing_queue_ids":[],"_links":{"self":[{"href":"https:\/\/agora.xtec.cat\/inslacetania\/wp-json\/wp\/v2\/pages\/1392","targetHints":{"allow":["GET"]}}],"collection":[{"href":"https:\/\/agora.xtec.cat\/inslacetania\/wp-json\/wp\/v2\/pages"}],"about":[{"href":"https:\/\/agora.xtec.cat\/inslacetania\/wp-json\/wp\/v2\/types\/page"}],"author":[{"embeddable":true,"href":"https:\/\/agora.xtec.cat\/inslacetania\/wp-json\/wp\/v2\/users\/4"}],"replies":[{"embeddable":true,"href":"https:\/\/agora.xtec.cat\/inslacetania\/wp-json\/wp\/v2\/comments?post=1392"}],"version-history":[{"count":8,"href":"https:\/\/agora.xtec.cat\/inslacetania\/wp-json\/wp\/v2\/pages\/1392\/revisions"}],"predecessor-version":[{"id":23097,"href":"https:\/\/agora.xtec.cat\/inslacetania\/wp-json\/wp\/v2\/pages\/1392\/revisions\/23097"}],"up":[{"embeddable":true,"href":"https:\/\/agora.xtec.cat\/inslacetania\/wp-json\/wp\/v2\/pages\/635"}],"wp:attachment":[{"href":"https:\/\/agora.xtec.cat\/inslacetania\/wp-json\/wp\/v2\/media?parent=1392"}],"curies":[{"name":"wp","href":"https:\/\/api.w.org\/{rel}","templated":true}]}}