{"id":1364,"date":"2017-03-15T17:08:38","date_gmt":"2017-03-15T16:08:38","guid":{"rendered":"http:\/\/agora.xtec.cat\/inslacetania\/?page_id=1364"},"modified":"2024-08-31T19:57:07","modified_gmt":"2024-08-31T17:57:07","slug":"cfgm-sistemes-microinformatics-i-xarxes-ic10","status":"publish","type":"page","link":"https:\/\/agora.xtec.cat\/inslacetania\/estudis\/fp\/cfgm\/cfgm-sistemes-microinformatics-i-xarxes-ic10\/","title":{"rendered":"CFGM Sistemes microinform\u00e0tics i xarxes \u2013 IC10"},"content":{"rendered":"<p>Fam\u00edlia professional: Inform\u00e0tica i comunicacions<\/p>\n<p><a href=\"http:\/\/agora.xtec.cat\/inslacetania\/wp-content\/uploads\/usu1045\/2017\/03\/slide-image-1.jpg\"><img loading=\"lazy\" decoding=\"async\" class=\"aligncenter wp-image-1367\" src=\"http:\/\/agora.xtec.cat\/inslacetania\/wp-content\/uploads\/usu1045\/2017\/03\/slide-image-1-300x113.jpg\" alt=\"slide-image-1\" width=\"450\" height=\"169\" srcset=\"https:\/\/agora.xtec.cat\/inslacetania\/wp-content\/uploads\/usu1045\/2017\/03\/slide-image-1-300x113.jpg 300w, https:\/\/agora.xtec.cat\/inslacetania\/wp-content\/uploads\/usu1045\/2017\/03\/slide-image-1-768x288.jpg 768w, https:\/\/agora.xtec.cat\/inslacetania\/wp-content\/uploads\/usu1045\/2017\/03\/slide-image-1.jpg 800w\" sizes=\"auto, (max-width: 450px) 100vw, 450px\" \/><\/a><\/p>\n<h4>Descripci\u00f3<\/h4>\n<p>Aquests estudis capaciten per a instal\u2022lar, configurar i mantenir sistemes microinform\u00e0tics, a\u00efllats o en xarxa, aix\u00ed com xarxes locals en petits entorns, assegurant la seva funcionalitat i aplicant els protocols de qualitat, seguretat i respecte al medi ambient establerts.<\/p>\n<p>Tenen una durada de 2.000 hores (amb formaci\u00f3 al centre educatiu i a l&#8217;empresa) distribu\u00efdes en dos cursos acad\u00e8mics.<\/p>\n<p>L\u2019alumnat pot realitzar pr\u00e0ctiques en empreses estrangeres dins del programa europeu de mobilitat Erasmus+.<\/p>\n<p style=\"text-align: center;\"><iframe loading=\"lazy\" title=\"YouTube video player\" src=\"https:\/\/www.youtube.com\/embed\/PAnsfESwrOk\" width=\"560\" height=\"315\" frameborder=\"0\" allowfullscreen=\"allowfullscreen\"><\/iframe><\/p>\n<h4>Continguts<\/h4>\n<ul>\n<li>Muntatge i manteniment d\u2019equips<\/li>\n<li>Sistemes operatius locals i en xarxa<\/li>\n<li>Aplicacions ofim\u00e0tiques<\/li>\n<li>Xarxes locals<\/li>\n<li>Seguretat inform\u00e0tica<\/li>\n<li>Serveis de xarxa<\/li>\n<li>Aplicacions web<\/li>\n<li>Angl\u00e8s professional<\/li>\n<li>S\u00edntesi<\/li>\n<li>Itinerari per a l`ocupabilitat I<\/li>\n<li>Itinerari per a l`ocupabilitat II<\/li>\n<li>Digitalitzaci\u00f3 aplicada al sector productiu<\/li>\n<li>Sostenibilitat aplicada al sector productiu<\/li>\n<li>Optativa \/ Optatives<\/li>\n<li>Dual \/ Dual Intensiva<\/li>\n<\/ul>\n<h4>Principals ocupacions i llocs de treball<\/h4>\n<p>Aquest professional exercir\u00e0 l\u2019activitat principalment en empreses del sector serveis que es dediquin a la comercialitzaci\u00f3, el muntatge i la reparaci\u00f3 d\u2019equips, xarxes i serveis microinform\u00e0tics en general, com a part del suport inform\u00e0tic de l\u2019organitzaci\u00f3 o en entitats de qualsevol grand\u00e0ria i sector productiu que utilitzen sistemes microinform\u00e0tics i xarxes de dades per a la seva gesti\u00f3.<\/p>\n<ul>\n<li>Personal t\u00e8cnic instal\u2022lador-reparador d\u2019equips inform\u00e0tics<\/li>\n<li>Personal t\u00e8cnic de suport inform\u00e0ticPersonal t\u00e8cnic de xarxes de dades.<\/li>\n<li>Personal reparador de perif\u00e8rics de sistemes microinform\u00e0tics<\/li>\n<li>Comercials de microinform\u00e0tica<\/li>\n<li>Personal operador de teleassist\u00e8ncia<\/li>\n<li>Personal operador de sistemes.<\/li>\n<\/ul>\n<h4>Horari<\/h4>\n<ul>\n<li>2 grups en horari de mat\u00ed de 8h a 14:30h<\/li>\n<li>1 grup en horari de tarda de 15h a 21h<\/li>\n<\/ul>\n","protected":false},"excerpt":{"rendered":"<p>Fam\u00edlia professional: Inform\u00e0tica i comunicacions Descripci\u00f3 Aquests estudis capaciten per a instal\u2022lar, configurar i mantenir sistemes microinform\u00e0tics, a\u00efllats o en xarxa, aix\u00ed com xarxes locals en petits entorns, assegurant la seva funcionalitat i aplicant els protocols de qualitat, seguretat i respecte al medi ambient establerts. Tenen una durada de 2.000 hores (amb formaci\u00f3 al centre [&hellip;]<\/p>\n","protected":false},"author":4,"featured_media":0,"parent":632,"menu_order":60,"comment_status":"closed","ping_status":"closed","template":"page-templates\/side-menu.php","meta":{"_bbp_topic_count":0,"_bbp_reply_count":0,"_bbp_total_topic_count":0,"_bbp_total_reply_count":0,"_bbp_voice_count":0,"_bbp_anonymous_reply_count":0,"_bbp_topic_count_hidden":0,"_bbp_reply_count_hidden":0,"_bbp_forum_subforum_count":0,"site-sidebar-layout":"default","site-content-layout":"","ast-site-content-layout":"","site-content-style":"default","site-sidebar-style":"default","ast-global-header-display":"","ast-banner-title-visibility":"","ast-main-header-display":"","ast-hfb-above-header-display":"","ast-hfb-below-header-display":"","ast-hfb-mobile-header-display":"","site-post-title":"","ast-breadcrumbs-content":"","ast-featured-img":"","footer-sml-layout":"","theme-transparent-header-meta":"","adv-header-id-meta":"","stick-header-meta":"","header-above-stick-meta":"","header-main-stick-meta":"","header-below-stick-meta":"","astra-migrate-meta-layouts":"default","ast-page-background-enabled":"default","ast-page-background-meta":{"desktop":{"background-color":"var(--ast-global-color-4)","background-image":"","background-repeat":"repeat","background-position":"center center","background-size":"auto","background-attachment":"scroll","background-type":"","background-media":"","overlay-type":"","overlay-color":"","overlay-opacity":"","overlay-gradient":""},"tablet":{"background-color":"","background-image":"","background-repeat":"repeat","background-position":"center center","background-size":"auto","background-attachment":"scroll","background-type":"","background-media":"","overlay-type":"","overlay-color":"","overlay-opacity":"","overlay-gradient":""},"mobile":{"background-color":"","background-image":"","background-repeat":"repeat","background-position":"center center","background-size":"auto","background-attachment":"scroll","background-type":"","background-media":"","overlay-type":"","overlay-color":"","overlay-opacity":"","overlay-gradient":""}},"ast-content-background-meta":{"desktop":{"background-color":"var(--ast-global-color-5)","background-image":"","background-repeat":"repeat","background-position":"center center","background-size":"auto","background-attachment":"scroll","background-type":"","background-media":"","overlay-type":"","overlay-color":"","overlay-opacity":"","overlay-gradient":""},"tablet":{"background-color":"var(--ast-global-color-5)","background-image":"","background-repeat":"repeat","background-position":"center center","background-size":"auto","background-attachment":"scroll","background-type":"","background-media":"","overlay-type":"","overlay-color":"","overlay-opacity":"","overlay-gradient":""},"mobile":{"background-color":"var(--ast-global-color-5)","background-image":"","background-repeat":"repeat","background-position":"center center","background-size":"auto","background-attachment":"scroll","background-type":"","background-media":"","overlay-type":"","overlay-color":"","overlay-opacity":"","overlay-gradient":""}},"footnotes":""},"class_list":["post-1364","page","type-page","status-publish","hentry"],"post_mailing_queue_ids":[],"_links":{"self":[{"href":"https:\/\/agora.xtec.cat\/inslacetania\/wp-json\/wp\/v2\/pages\/1364","targetHints":{"allow":["GET"]}}],"collection":[{"href":"https:\/\/agora.xtec.cat\/inslacetania\/wp-json\/wp\/v2\/pages"}],"about":[{"href":"https:\/\/agora.xtec.cat\/inslacetania\/wp-json\/wp\/v2\/types\/page"}],"author":[{"embeddable":true,"href":"https:\/\/agora.xtec.cat\/inslacetania\/wp-json\/wp\/v2\/users\/4"}],"replies":[{"embeddable":true,"href":"https:\/\/agora.xtec.cat\/inslacetania\/wp-json\/wp\/v2\/comments?post=1364"}],"version-history":[{"count":6,"href":"https:\/\/agora.xtec.cat\/inslacetania\/wp-json\/wp\/v2\/pages\/1364\/revisions"}],"predecessor-version":[{"id":23095,"href":"https:\/\/agora.xtec.cat\/inslacetania\/wp-json\/wp\/v2\/pages\/1364\/revisions\/23095"}],"up":[{"embeddable":true,"href":"https:\/\/agora.xtec.cat\/inslacetania\/wp-json\/wp\/v2\/pages\/632"}],"wp:attachment":[{"href":"https:\/\/agora.xtec.cat\/inslacetania\/wp-json\/wp\/v2\/media?parent=1364"}],"curies":[{"name":"wp","href":"https:\/\/api.w.org\/{rel}","templated":true}]}}