{"id":1360,"date":"2017-03-15T16:45:57","date_gmt":"2017-03-15T15:45:57","guid":{"rendered":"http:\/\/agora.xtec.cat\/inslacetania\/?page_id=1360"},"modified":"2024-08-31T19:56:44","modified_gmt":"2024-08-31T17:56:44","slug":"cfgm-manteniment-electromecanic-im10","status":"publish","type":"page","link":"https:\/\/agora.xtec.cat\/inslacetania\/estudis\/fp\/cfgm\/cfgm-manteniment-electromecanic-im10\/","title":{"rendered":"CFGM Manteniment electromec\u00e0nic \u2013 IM10"},"content":{"rendered":"<p>Fam\u00edlia professional: Instal\u00b7laci\u00f3 i manteniment<\/p>\n<p><a href=\"http:\/\/agora.xtec.cat\/inslacetania\/wp-content\/uploads\/usu1045\/2017\/03\/mantenimiento-industrial.jpg\"><img loading=\"lazy\" decoding=\"async\" class=\"aligncenter wp-image-1362\" src=\"http:\/\/agora.xtec.cat\/inslacetania\/wp-content\/uploads\/usu1045\/2017\/03\/mantenimiento-industrial-300x199.jpg\" alt=\"mantenimiento-industrial\" width=\"450\" height=\"299\" srcset=\"https:\/\/agora.xtec.cat\/inslacetania\/wp-content\/uploads\/usu1045\/2017\/03\/mantenimiento-industrial-300x199.jpg 300w, https:\/\/agora.xtec.cat\/inslacetania\/wp-content\/uploads\/usu1045\/2017\/03\/mantenimiento-industrial-768x510.jpg 768w, https:\/\/agora.xtec.cat\/inslacetania\/wp-content\/uploads\/usu1045\/2017\/03\/mantenimiento-industrial.jpg 940w\" sizes=\"auto, (max-width: 450px) 100vw, 450px\" \/><\/a><\/p>\n<h4>Descripci\u00f3<\/h4>\n<p>Aquests estudis capaciten per a muntar i mantenir maquin\u00e0ria i equip industrial i l\u00ednies automatitzades de producci\u00f3 d&#8217;acord amb els reglaments i normes establertes, seguint els protocols de qualitat, de seguretat i de prevenci\u00f3 de riscos laborals i respecte ambiental.<\/p>\n<p>Tenen una durada de 2.000 hores (amb formaci\u00f3 al centre educatiu i a l&#8217;empresa) distribu\u00efdes en dos cursos acad\u00e8mics.<\/p>\n<p>L\u2019alumnat pot realitzar pr\u00e0ctiques en empreses estrangeres dins del programa europeu de mobilitat Erasmus+.<\/p>\n<p style=\"text-align: center;\"><iframe loading=\"lazy\" title=\"YouTube video player\" src=\"https:\/\/www.youtube.com\/embed\/xf1iIayuaM4\" width=\"560\" height=\"315\" frameborder=\"0\" allowfullscreen=\"allowfullscreen\"><\/iframe><\/p>\n<h4>Continguts<\/h4>\n<ul>\n<li>T\u00e8cniques de fabricaci\u00f3<\/li>\n<li>T\u00e8cniques d\u2019uni\u00f3 i muntage<\/li>\n<li>Electricitat i automatismes el\u00e8ctrics<\/li>\n<li>Muntatge i manteniment electrot\u00e8cnic<\/li>\n<li>Automatismes pneum\u00e0tics i hidr\u00e0ulics<\/li>\n<li>Muntatge i manteniment mec\u00e0nic<\/li>\n<li>Muntatge i manteniment de l\u00ednies automatitzades<\/li>\n<li>Angl\u00e8s professional<\/li>\n<li>S\u00edntesi<\/li>\n<li>Itinerari per a l`ocupabilitat I<\/li>\n<li>Itinerari per a l`ocupabilitat II<\/li>\n<li>Digitalitzaci\u00f3 aplicada al sector productiu<\/li>\n<li>Sostenibilitat aplicada al sector productiu<\/li>\n<li>Optativa \/ Optatives<\/li>\n<li>Dual \/ Dual Intensiva<\/li>\n<\/ul>\n<h4>Principals ocupacions i llocs de treball<\/h4>\n<p>Aquest professional exercir\u00e0 l&#8217;activitat en empreses, majorit\u00e0riament privades, dedicades al muntatge i al manteniment o instal\u2022lacions de maquin\u00e0ria, equip industrial i l\u00ednies automatitzades b\u00e9 per compte propi o ali\u00e8.<\/p>\n<ul>\n<li>Mec\u00e0nic de manteniment<\/li>\n<li>Muntador industrial<\/li>\n<li>Muntador d&#8217;equips el\u00e8ctrics<\/li>\n<li>Muntador d&#8217;equips electr\u00f2nics<\/li>\n<li>Mantenidor de l\u00ednia automatitzada<\/li>\n<li>Muntador de b\u00e9ns d&#8217;equip<\/li>\n<li>Muntador d&#8217;automatismes pneum\u00e0tics i hidr\u00e0ulics<\/li>\n<li>Instal\u2022lador electricista industrial<\/li>\n<li>Electricista de manteniment i reparaci\u00f3 d&#8217;equips de control, mesura i precisi\u00f3<\/li>\n<\/ul>\n<h4>Horari<\/h4>\n<p>Mati de 8 a 14:30<\/p>\n","protected":false},"excerpt":{"rendered":"<p>Fam\u00edlia professional: Instal\u00b7laci\u00f3 i manteniment Descripci\u00f3 Aquests estudis capaciten per a muntar i mantenir maquin\u00e0ria i equip industrial i l\u00ednies automatitzades de producci\u00f3 d&#8217;acord amb els reglaments i normes establertes, seguint els protocols de qualitat, de seguretat i de prevenci\u00f3 de riscos laborals i respecte ambiental. Tenen una durada de 2.000 hores (amb formaci\u00f3 al [&hellip;]<\/p>\n","protected":false},"author":4,"featured_media":0,"parent":632,"menu_order":50,"comment_status":"closed","ping_status":"closed","template":"page-templates\/side-menu.php","meta":{"_bbp_topic_count":0,"_bbp_reply_count":0,"_bbp_total_topic_count":0,"_bbp_total_reply_count":0,"_bbp_voice_count":0,"_bbp_anonymous_reply_count":0,"_bbp_topic_count_hidden":0,"_bbp_reply_count_hidden":0,"_bbp_forum_subforum_count":0,"site-sidebar-layout":"default","site-content-layout":"","ast-site-content-layout":"","site-content-style":"default","site-sidebar-style":"default","ast-global-header-display":"","ast-banner-title-visibility":"","ast-main-header-display":"","ast-hfb-above-header-display":"","ast-hfb-below-header-display":"","ast-hfb-mobile-header-display":"","site-post-title":"","ast-breadcrumbs-content":"","ast-featured-img":"","footer-sml-layout":"","theme-transparent-header-meta":"","adv-header-id-meta":"","stick-header-meta":"","header-above-stick-meta":"","header-main-stick-meta":"","header-below-stick-meta":"","astra-migrate-meta-layouts":"default","ast-page-background-enabled":"default","ast-page-background-meta":{"desktop":{"background-color":"var(--ast-global-color-4)","background-image":"","background-repeat":"repeat","background-position":"center center","background-size":"auto","background-attachment":"scroll","background-type":"","background-media":"","overlay-type":"","overlay-color":"","overlay-opacity":"","overlay-gradient":""},"tablet":{"background-color":"","background-image":"","background-repeat":"repeat","background-position":"center center","background-size":"auto","background-attachment":"scroll","background-type":"","background-media":"","overlay-type":"","overlay-color":"","overlay-opacity":"","overlay-gradient":""},"mobile":{"background-color":"","background-image":"","background-repeat":"repeat","background-position":"center center","background-size":"auto","background-attachment":"scroll","background-type":"","background-media":"","overlay-type":"","overlay-color":"","overlay-opacity":"","overlay-gradient":""}},"ast-content-background-meta":{"desktop":{"background-color":"var(--ast-global-color-5)","background-image":"","background-repeat":"repeat","background-position":"center center","background-size":"auto","background-attachment":"scroll","background-type":"","background-media":"","overlay-type":"","overlay-color":"","overlay-opacity":"","overlay-gradient":""},"tablet":{"background-color":"var(--ast-global-color-5)","background-image":"","background-repeat":"repeat","background-position":"center center","background-size":"auto","background-attachment":"scroll","background-type":"","background-media":"","overlay-type":"","overlay-color":"","overlay-opacity":"","overlay-gradient":""},"mobile":{"background-color":"var(--ast-global-color-5)","background-image":"","background-repeat":"repeat","background-position":"center center","background-size":"auto","background-attachment":"scroll","background-type":"","background-media":"","overlay-type":"","overlay-color":"","overlay-opacity":"","overlay-gradient":""}},"footnotes":""},"class_list":["post-1360","page","type-page","status-publish","hentry"],"post_mailing_queue_ids":[],"_links":{"self":[{"href":"https:\/\/agora.xtec.cat\/inslacetania\/wp-json\/wp\/v2\/pages\/1360","targetHints":{"allow":["GET"]}}],"collection":[{"href":"https:\/\/agora.xtec.cat\/inslacetania\/wp-json\/wp\/v2\/pages"}],"about":[{"href":"https:\/\/agora.xtec.cat\/inslacetania\/wp-json\/wp\/v2\/types\/page"}],"author":[{"embeddable":true,"href":"https:\/\/agora.xtec.cat\/inslacetania\/wp-json\/wp\/v2\/users\/4"}],"replies":[{"embeddable":true,"href":"https:\/\/agora.xtec.cat\/inslacetania\/wp-json\/wp\/v2\/comments?post=1360"}],"version-history":[{"count":6,"href":"https:\/\/agora.xtec.cat\/inslacetania\/wp-json\/wp\/v2\/pages\/1360\/revisions"}],"predecessor-version":[{"id":23094,"href":"https:\/\/agora.xtec.cat\/inslacetania\/wp-json\/wp\/v2\/pages\/1360\/revisions\/23094"}],"up":[{"embeddable":true,"href":"https:\/\/agora.xtec.cat\/inslacetania\/wp-json\/wp\/v2\/pages\/632"}],"wp:attachment":[{"href":"https:\/\/agora.xtec.cat\/inslacetania\/wp-json\/wp\/v2\/media?parent=1360"}],"curies":[{"name":"wp","href":"https:\/\/api.w.org\/{rel}","templated":true}]}}