{"id":1355,"date":"2017-03-15T16:37:55","date_gmt":"2017-03-15T15:37:55","guid":{"rendered":"http:\/\/agora.xtec.cat\/inslacetania\/?page_id=1355"},"modified":"2024-08-31T19:56:27","modified_gmt":"2024-08-31T17:56:27","slug":"cfgm-mecanitzacio-fm20","status":"publish","type":"page","link":"https:\/\/agora.xtec.cat\/inslacetania\/estudis\/fp\/cfgm\/cfgm-mecanitzacio-fm20\/","title":{"rendered":"CFGM Mecanitzaci\u00f3 \u2013 FM20"},"content":{"rendered":"<p>Fam\u00edlia professional: Fabricaci\u00f3 mec\u00e0nica<\/p>\n<p style=\"text-align: center;\"><a href=\"http:\/\/agora.xtec.cat\/inslacetania\/wp-content\/uploads\/usu1045\/2017\/03\/1024-1.jpg\"><img loading=\"lazy\" decoding=\"async\" class=\"alignnone wp-image-1358\" src=\"http:\/\/agora.xtec.cat\/inslacetania\/wp-content\/uploads\/usu1045\/2017\/03\/1024-1-300x199.jpg\" alt=\"1024-1\" width=\"450\" height=\"299\" srcset=\"https:\/\/agora.xtec.cat\/inslacetania\/wp-content\/uploads\/usu1045\/2017\/03\/1024-1-300x199.jpg 300w, https:\/\/agora.xtec.cat\/inslacetania\/wp-content\/uploads\/usu1045\/2017\/03\/1024-1-768x510.jpg 768w, https:\/\/agora.xtec.cat\/inslacetania\/wp-content\/uploads\/usu1045\/2017\/03\/1024-1.jpg 1024w\" sizes=\"auto, (max-width: 450px) 100vw, 450px\" \/><\/a><\/p>\n<h4>Descripci\u00f3<\/h4>\n<p>Capacita per a executar processos de mecanitzaci\u00f3 per arrencament de ferritja, conformaci\u00f3 i procediments especials, preparar, programar, operar les m\u00e0quines eina i verificar el producte obtingut, complint sempre amb les especificacions de qualitat, seguretat i protecci\u00f3 ambiental.<\/p>\n<p>Tenen una durada de 2.000 hores (amb formaci\u00f3 al centre educatiu i a l&#8217;empresa) distribu\u00efdes en dos cursos acad\u00e8mics.<\/p>\n<p>L\u2019alumnat pot realitzar pr\u00e0ctiques en empreses estrangeres dins del programa europeu de mobilitat Erasmus+.<\/p>\n<p style=\"text-align: center;\"><iframe loading=\"lazy\" title=\"YouTube video player\" src=\"https:\/\/www.youtube.com\/embed\/Px8obKsGzsg\" width=\"560\" height=\"315\" frameborder=\"0\" allowfullscreen=\"allowfullscreen\"><\/iframe><\/p>\n<h4>Continguts<\/h4>\n<ul>\n<li>Processos de mecanitzaci\u00f3<\/li>\n<li>Mecanitzat per control num\u00e8ric<\/li>\n<li>Fabricaci\u00f3 per abrasi\u00f3, electroerosi\u00f3, tall i conformaci\u00f3, i processos especials<\/li>\n<li>Fabricaci\u00f3 per arrencament de ferritja<\/li>\n<li>Sistemes automatitzats<\/li>\n<li>Metrologia i assajos<\/li>\n<li>Interpretaci\u00f3 gr\u00e0fica<\/li>\n<li>Angl\u00e8s professional<\/li>\n<li>Itinerari per a l`ocupabilitat I<\/li>\n<li>Itinerari per a l`ocupabilitat II<\/li>\n<li>Digitalitzaci\u00f3 aplicada al sector productiu<\/li>\n<li>Sostenibilitat aplicada al sector productiu<\/li>\n<li>Optativa \/ Optatives<\/li>\n<li>Dual \/ Dual Intensiva<\/li>\n<\/ul>\n<h4>Principals ocupacions i llocs de treball<\/h4>\n<ul>\n<li>Ajustador operari de m\u00e0quines i eines<\/li>\n<li>Polidor de metalls i afilador\/a d&#8217;eines<\/li>\n<li>Operador de m\u00e0quines per treballar metalls<\/li>\n<li>Operador de m\u00e0quines eina<\/li>\n<li>Operador de robots industrials<\/li>\n<li>Treballadors de la fabricaci\u00f3 d&#8217;eines, mec\u00e0nics i ajustadors, modelistes, matricers i similars<\/li>\n<li>Torner, fresador i mandrinador<\/li>\n<li>Verificador en departaments de control de qualitat<\/li>\n<\/ul>\n<h4>Horari<\/h4>\n<p>Mati de 8 a\u00a014:30<\/p>\n","protected":false},"excerpt":{"rendered":"<p>Fam\u00edlia professional: Fabricaci\u00f3 mec\u00e0nica Descripci\u00f3 Capacita per a executar processos de mecanitzaci\u00f3 per arrencament de ferritja, conformaci\u00f3 i procediments especials, preparar, programar, operar les m\u00e0quines eina i verificar el producte obtingut, complint sempre amb les especificacions de qualitat, seguretat i protecci\u00f3 ambiental. Tenen una durada de 2.000 hores (amb formaci\u00f3 al centre educatiu i a [&hellip;]<\/p>\n","protected":false},"author":4,"featured_media":0,"parent":632,"menu_order":40,"comment_status":"closed","ping_status":"closed","template":"page-templates\/side-menu.php","meta":{"_bbp_topic_count":0,"_bbp_reply_count":0,"_bbp_total_topic_count":0,"_bbp_total_reply_count":0,"_bbp_voice_count":0,"_bbp_anonymous_reply_count":0,"_bbp_topic_count_hidden":0,"_bbp_reply_count_hidden":0,"_bbp_forum_subforum_count":0,"site-sidebar-layout":"default","site-content-layout":"","ast-site-content-layout":"","site-content-style":"default","site-sidebar-style":"default","ast-global-header-display":"","ast-banner-title-visibility":"","ast-main-header-display":"","ast-hfb-above-header-display":"","ast-hfb-below-header-display":"","ast-hfb-mobile-header-display":"","site-post-title":"","ast-breadcrumbs-content":"","ast-featured-img":"","footer-sml-layout":"","theme-transparent-header-meta":"","adv-header-id-meta":"","stick-header-meta":"","header-above-stick-meta":"","header-main-stick-meta":"","header-below-stick-meta":"","astra-migrate-meta-layouts":"default","ast-page-background-enabled":"default","ast-page-background-meta":{"desktop":{"background-color":"var(--ast-global-color-4)","background-image":"","background-repeat":"repeat","background-position":"center center","background-size":"auto","background-attachment":"scroll","background-type":"","background-media":"","overlay-type":"","overlay-color":"","overlay-opacity":"","overlay-gradient":""},"tablet":{"background-color":"","background-image":"","background-repeat":"repeat","background-position":"center center","background-size":"auto","background-attachment":"scroll","background-type":"","background-media":"","overlay-type":"","overlay-color":"","overlay-opacity":"","overlay-gradient":""},"mobile":{"background-color":"","background-image":"","background-repeat":"repeat","background-position":"center center","background-size":"auto","background-attachment":"scroll","background-type":"","background-media":"","overlay-type":"","overlay-color":"","overlay-opacity":"","overlay-gradient":""}},"ast-content-background-meta":{"desktop":{"background-color":"var(--ast-global-color-5)","background-image":"","background-repeat":"repeat","background-position":"center center","background-size":"auto","background-attachment":"scroll","background-type":"","background-media":"","overlay-type":"","overlay-color":"","overlay-opacity":"","overlay-gradient":""},"tablet":{"background-color":"var(--ast-global-color-5)","background-image":"","background-repeat":"repeat","background-position":"center center","background-size":"auto","background-attachment":"scroll","background-type":"","background-media":"","overlay-type":"","overlay-color":"","overlay-opacity":"","overlay-gradient":""},"mobile":{"background-color":"var(--ast-global-color-5)","background-image":"","background-repeat":"repeat","background-position":"center center","background-size":"auto","background-attachment":"scroll","background-type":"","background-media":"","overlay-type":"","overlay-color":"","overlay-opacity":"","overlay-gradient":""}},"footnotes":""},"class_list":["post-1355","page","type-page","status-publish","hentry"],"post_mailing_queue_ids":[],"_links":{"self":[{"href":"https:\/\/agora.xtec.cat\/inslacetania\/wp-json\/wp\/v2\/pages\/1355","targetHints":{"allow":["GET"]}}],"collection":[{"href":"https:\/\/agora.xtec.cat\/inslacetania\/wp-json\/wp\/v2\/pages"}],"about":[{"href":"https:\/\/agora.xtec.cat\/inslacetania\/wp-json\/wp\/v2\/types\/page"}],"author":[{"embeddable":true,"href":"https:\/\/agora.xtec.cat\/inslacetania\/wp-json\/wp\/v2\/users\/4"}],"replies":[{"embeddable":true,"href":"https:\/\/agora.xtec.cat\/inslacetania\/wp-json\/wp\/v2\/comments?post=1355"}],"version-history":[{"count":6,"href":"https:\/\/agora.xtec.cat\/inslacetania\/wp-json\/wp\/v2\/pages\/1355\/revisions"}],"predecessor-version":[{"id":23093,"href":"https:\/\/agora.xtec.cat\/inslacetania\/wp-json\/wp\/v2\/pages\/1355\/revisions\/23093"}],"up":[{"embeddable":true,"href":"https:\/\/agora.xtec.cat\/inslacetania\/wp-json\/wp\/v2\/pages\/632"}],"wp:attachment":[{"href":"https:\/\/agora.xtec.cat\/inslacetania\/wp-json\/wp\/v2\/media?parent=1355"}],"curies":[{"name":"wp","href":"https:\/\/api.w.org\/{rel}","templated":true}]}}