{"id":1342,"date":"2017-03-15T16:02:06","date_gmt":"2017-03-15T15:02:06","guid":{"rendered":"http:\/\/agora.xtec.cat\/inslacetania\/?page_id=1342"},"modified":"2024-08-31T19:54:43","modified_gmt":"2024-08-31T17:54:43","slug":"cfgm-electromecanica-de-vehicles-automobils-tm10","status":"publish","type":"page","link":"https:\/\/agora.xtec.cat\/inslacetania\/estudis\/fp\/cfgm\/cfgm-electromecanica-de-vehicles-automobils-tm10\/","title":{"rendered":"CFGM Electromec\u00e0nica de vehicles autom\u00f2bils \u2013 TM10"},"content":{"rendered":"<p>Fam\u00edlia professional: Transport i manteniment de vehicles<\/p>\n<p><a href=\"http:\/\/agora.xtec.cat\/inslacetania\/wp-content\/uploads\/usu1045\/2017\/03\/2_bmwm3.jpg\"><img loading=\"lazy\" decoding=\"async\" class=\"aligncenter wp-image-1344\" src=\"http:\/\/agora.xtec.cat\/inslacetania\/wp-content\/uploads\/usu1045\/2017\/03\/2_bmwm3.jpg\" alt=\"2_bmwm3\" width=\"450\" height=\"228\" srcset=\"https:\/\/agora.xtec.cat\/inslacetania\/wp-content\/uploads\/usu1045\/2017\/03\/2_bmwm3.jpg 600w, https:\/\/agora.xtec.cat\/inslacetania\/wp-content\/uploads\/usu1045\/2017\/03\/2_bmwm3-300x152.jpg 300w\" sizes=\"auto, (max-width: 450px) 100vw, 450px\" \/><\/a><\/p>\n<h4>Descripci\u00f3<\/h4>\n<p>Aquests estudis postobligatoris capaciten per realitzar operacions de manteniment, muntatge d&#8217;accessoris i transformacions a les \u00e0rees de mec\u00e0nica, hidr\u00e0ulica, pneum\u00e0tica i electricitat del sector d\u2019automoci\u00f3, ajustant-se a procediments i temps establerts, complint amb les especificacions de qualitat, seguretat i protecci\u00f3 ambiental.<\/p>\n<p>Tenen una durada de 2.000 hores (amb formaci\u00f3 al centre educatiu i a l&#8217;empresa) distribu\u00efdes en dos cursos acad\u00e8mics.<\/p>\n<p style=\"text-align: center;\"><iframe loading=\"lazy\" title=\"YouTube video player\" src=\"https:\/\/www.youtube.com\/embed\/IO9Pyssmvc8\" width=\"560\" height=\"315\" frameborder=\"0\" allowfullscreen=\"allowfullscreen\"><\/iframe><\/p>\n<p>L\u2019alumnat pot realitzar pr\u00e0ctiques en empreses estrangeres dins del programa europeu de mobilitat Erasmus+.<\/p>\n<h4>Continguts<\/h4>\n<ul>\n<li>Motors<\/li>\n<li>Sistemes auxiliars del motor<\/li>\n<li>Circuits de fluids, suspensi\u00f3 i direcci\u00f3<\/li>\n<li>Sistemes de transmissi\u00f3 i frenada<\/li>\n<li>Sistemes de c\u00e0rrega i arrencada<\/li>\n<li>Circuits el\u00e8ctrics auxiliars del vehicle<\/li>\n<li>Sistemes de seguretat i confortabilitat<\/li>\n<li>Mecanitzat b\u00e0sic<\/li>\n<li>Angl\u00e8s t\u00e8cnic<\/li>\n<li>S\u00edntesi<\/li>\n<li>Itinerari per a l`ocupabilitat I<\/li>\n<li>Itinerari per a l`ocupabilitat II<\/li>\n<li>Digitalitzaci\u00f3 aplicada al sector productiu<\/li>\n<li>Sostenibilitat aplicada al sector productiu<\/li>\n<li>Optativa \/ Optatives<\/li>\n<li>Dual General \/ Dual Intensiva<\/li>\n<\/ul>\n<h4>Principals ocupacions i llocs de treball<\/h4>\n<ul>\n<li>Reparador o reparadora de sistemes pneum\u00e0tics i hidr\u00e0ulics<\/li>\n<li>Reparador o reparadora de sistemes de transmissi\u00f3 i frens<\/li>\n<li>Reparador o reparadora de sistemes de direcci\u00f3 i suspensi\u00f3<\/li>\n<li>Operari o oper\u00e0ria d&#8217;ITV<\/li>\n<li>Instal\u00b7lador o instal\u00b7ladora d&#8217;accessoris a vehicles<\/li>\n<li>Operari o oper\u00e0ria d&#8217;empreses dedicades a la fabricaci\u00f3 de recanvis<\/li>\n<li>Electromec\u00e0nic de motocicletes<\/li>\n<li>Venedor o venedora, distribu\u00efdor o distribu\u00efdora de recanvis i d&#8217;equips de diagnosi<\/li>\n<\/ul>\n<p>Amb aquesta titulaci\u00f3 s&#8217;obt\u00e9 de forma directa el certificat acreditatiu per a la comercialitzaci\u00f3 i manipulaci\u00f3 d&#8217;equips amb sistemes frigor\u00edfics que utilitzin refrigerants fluorats destinats a confort t\u00e8rmic de persones instal\u00b7lats en vehicles.<\/p>\n<h4>Horari<\/h4>\n<ul>\n<li>1 grup en horari de mat\u00ed de 8h a 14:30h<\/li>\n<li>1 grup en horari de tarda de 15h a 21h<\/li>\n<\/ul>\n","protected":false},"excerpt":{"rendered":"<p>Fam\u00edlia professional: Transport i manteniment de vehicles Descripci\u00f3 Aquests estudis postobligatoris capaciten per realitzar operacions de manteniment, muntatge d&#8217;accessoris i transformacions a les \u00e0rees de mec\u00e0nica, hidr\u00e0ulica, pneum\u00e0tica i electricitat del sector d\u2019automoci\u00f3, ajustant-se a procediments i temps establerts, complint amb les especificacions de qualitat, seguretat i protecci\u00f3 ambiental. Tenen una durada de 2.000 hores [&hellip;]<\/p>\n","protected":false},"author":4,"featured_media":0,"parent":632,"menu_order":10,"comment_status":"closed","ping_status":"closed","template":"page-templates\/side-menu.php","meta":{"_bbp_topic_count":0,"_bbp_reply_count":0,"_bbp_total_topic_count":0,"_bbp_total_reply_count":0,"_bbp_voice_count":0,"_bbp_anonymous_reply_count":0,"_bbp_topic_count_hidden":0,"_bbp_reply_count_hidden":0,"_bbp_forum_subforum_count":0,"site-sidebar-layout":"default","site-content-layout":"","ast-site-content-layout":"","site-content-style":"default","site-sidebar-style":"default","ast-global-header-display":"","ast-banner-title-visibility":"","ast-main-header-display":"","ast-hfb-above-header-display":"","ast-hfb-below-header-display":"","ast-hfb-mobile-header-display":"","site-post-title":"","ast-breadcrumbs-content":"","ast-featured-img":"","footer-sml-layout":"","theme-transparent-header-meta":"","adv-header-id-meta":"","stick-header-meta":"","header-above-stick-meta":"","header-main-stick-meta":"","header-below-stick-meta":"","astra-migrate-meta-layouts":"default","ast-page-background-enabled":"default","ast-page-background-meta":{"desktop":{"background-color":"var(--ast-global-color-4)","background-image":"","background-repeat":"repeat","background-position":"center center","background-size":"auto","background-attachment":"scroll","background-type":"","background-media":"","overlay-type":"","overlay-color":"","overlay-opacity":"","overlay-gradient":""},"tablet":{"background-color":"","background-image":"","background-repeat":"repeat","background-position":"center center","background-size":"auto","background-attachment":"scroll","background-type":"","background-media":"","overlay-type":"","overlay-color":"","overlay-opacity":"","overlay-gradient":""},"mobile":{"background-color":"","background-image":"","background-repeat":"repeat","background-position":"center center","background-size":"auto","background-attachment":"scroll","background-type":"","background-media":"","overlay-type":"","overlay-color":"","overlay-opacity":"","overlay-gradient":""}},"ast-content-background-meta":{"desktop":{"background-color":"var(--ast-global-color-5)","background-image":"","background-repeat":"repeat","background-position":"center center","background-size":"auto","background-attachment":"scroll","background-type":"","background-media":"","overlay-type":"","overlay-color":"","overlay-opacity":"","overlay-gradient":""},"tablet":{"background-color":"var(--ast-global-color-5)","background-image":"","background-repeat":"repeat","background-position":"center center","background-size":"auto","background-attachment":"scroll","background-type":"","background-media":"","overlay-type":"","overlay-color":"","overlay-opacity":"","overlay-gradient":""},"mobile":{"background-color":"var(--ast-global-color-5)","background-image":"","background-repeat":"repeat","background-position":"center center","background-size":"auto","background-attachment":"scroll","background-type":"","background-media":"","overlay-type":"","overlay-color":"","overlay-opacity":"","overlay-gradient":""}},"footnotes":""},"class_list":["post-1342","page","type-page","status-publish","hentry"],"post_mailing_queue_ids":[],"_links":{"self":[{"href":"https:\/\/agora.xtec.cat\/inslacetania\/wp-json\/wp\/v2\/pages\/1342","targetHints":{"allow":["GET"]}}],"collection":[{"href":"https:\/\/agora.xtec.cat\/inslacetania\/wp-json\/wp\/v2\/pages"}],"about":[{"href":"https:\/\/agora.xtec.cat\/inslacetania\/wp-json\/wp\/v2\/types\/page"}],"author":[{"embeddable":true,"href":"https:\/\/agora.xtec.cat\/inslacetania\/wp-json\/wp\/v2\/users\/4"}],"replies":[{"embeddable":true,"href":"https:\/\/agora.xtec.cat\/inslacetania\/wp-json\/wp\/v2\/comments?post=1342"}],"version-history":[{"count":6,"href":"https:\/\/agora.xtec.cat\/inslacetania\/wp-json\/wp\/v2\/pages\/1342\/revisions"}],"predecessor-version":[{"id":23089,"href":"https:\/\/agora.xtec.cat\/inslacetania\/wp-json\/wp\/v2\/pages\/1342\/revisions\/23089"}],"up":[{"embeddable":true,"href":"https:\/\/agora.xtec.cat\/inslacetania\/wp-json\/wp\/v2\/pages\/632"}],"wp:attachment":[{"href":"https:\/\/agora.xtec.cat\/inslacetania\/wp-json\/wp\/v2\/media?parent=1342"}],"curies":[{"name":"wp","href":"https:\/\/api.w.org\/{rel}","templated":true}]}}