{"id":1335,"date":"2017-03-15T15:51:23","date_gmt":"2017-03-15T14:51:23","guid":{"rendered":"http:\/\/agora.xtec.cat\/inslacetania\/?page_id=1335"},"modified":"2024-08-31T19:53:42","modified_gmt":"2024-08-31T17:53:42","slug":"cfgm-gestio-administrativa-ag10","status":"publish","type":"page","link":"https:\/\/agora.xtec.cat\/inslacetania\/estudis\/fp\/cfgm\/cfgm-gestio-administrativa-ag10\/","title":{"rendered":"CFGM Gesti\u00f3 administrativa \u2013 AG10"},"content":{"rendered":"<p>Fam\u00edlia professional: Administraci\u00f3 i gesti\u00f3<\/p>\n<p style=\"text-align: center;\"><a href=\"http:\/\/agora.xtec.cat\/inslacetania\/wp-content\/uploads\/usu1045\/2017\/03\/Servicios_contables.png\"><img loading=\"lazy\" decoding=\"async\" class=\"alignnone wp-image-1339\" src=\"http:\/\/agora.xtec.cat\/inslacetania\/wp-content\/uploads\/usu1045\/2017\/03\/Servicios_contables.png\" alt=\"servicios_contables\" width=\"450\" height=\"287\" srcset=\"https:\/\/agora.xtec.cat\/inslacetania\/wp-content\/uploads\/usu1045\/2017\/03\/Servicios_contables.png 394w, https:\/\/agora.xtec.cat\/inslacetania\/wp-content\/uploads\/usu1045\/2017\/03\/Servicios_contables-300x191.png 300w\" sizes=\"auto, (max-width: 450px) 100vw, 450px\" \/><\/a><\/p>\n<h4>Descripci\u00f3<\/h4>\n<p>La compet\u00e8ncia general d\u2019aquest t\u00edtol consisteix a realitzar activitats de suport administratiu en l&#8217;\u00e0mbit laboral, comptable, comercial, financer i fiscal, aix\u00ed com d&#8217;atenci\u00f3 al client\/usuari, tant en empreses p\u00fabliques com en empreses privades, aplicant la normativa vigent i protocols de qualitat, assegurant la satisfacci\u00f3 del client i actuant segons les normes de prevenci\u00f3 de riscos laborals i de protecci\u00f3 ambiental.<\/p>\n<p>Tenen una durada de 2.000 hores (amb formaci\u00f3 al centre educatiu i a l&#8217;empresa) distribu\u00efdes en dos cursos acad\u00e8mics.<\/p>\n<p>L\u2019alumnat pot realitzar pr\u00e0ctiques en empreses estrangeres dins del programa europeu de mobilitat Erasmus+.<\/p>\n<p style=\"text-align: center;\"><iframe loading=\"lazy\" title=\"YouTube video player\" src=\"https:\/\/www.youtube.com\/embed\/kpfl2PttYeI\" width=\"560\" height=\"315\" frameborder=\"0\" allowfullscreen=\"allowfullscreen\"><\/iframe><\/p>\n<h4>Continguts<\/h4>\n<ul>\n<li>Comunicaci\u00f3 empresarial i atenci\u00f3 al client<\/li>\n<li>Operacions administratives de compravenda<\/li>\n<li>Operacions administratives de recursos humans<\/li>\n<li>Operacions auxiliars de gesti\u00f3 de tresoreria<\/li>\n<li>T\u00e8cnica comptable<\/li>\n<li>Tractament de la documentaci\u00f3 comptable<\/li>\n<li>Tractament inform\u00e0tic de la informaci\u00f3<\/li>\n<li>Operacions administratives de suport<\/li>\n<li>Angl\u00e8s professional<\/li>\n<li>Empresa i administraci\u00f3<\/li>\n<li>Empresa a l\u2019aula<\/li>\n<li>Catal\u00e0<\/li>\n<li>Itinerari per a l`ocupabilitat I<\/li>\n<li>Itinerari per a l`ocupabilitat II<\/li>\n<li>Digitalitzaci\u00f3 aplicada al sector productiu<\/li>\n<li>Sostenibilitat aplicada al sector productiu<\/li>\n<li>Optativa \/ Optatives<\/li>\n<li>Dual General \/ Dual Intensiva<\/li>\n<\/ul>\n<h4>Principals ocupacions i llocs de treball<\/h4>\n<p>Personal auxiliar administratiu.<br \/>\nPersonal ajudant d\u2019oficina.<br \/>\nPersonal auxiliar administratiu de cobraments i pagaments.<br \/>\nPersonal administratiu comercial.<br \/>\nPersonal auxiliar administratiu de gesti\u00f3 de personal.<br \/>\nPersonal auxiliar administratiu de les administracions p\u00fabliques.<br \/>\nRecepcionista.<br \/>\nPersonal empleat d\u2019atenci\u00f3 al client.<br \/>\nPersonal empleat de tresoreria.<br \/>\nPersonal empleat de mitjans de pagament.<\/p>\n<h4>Horari<\/h4>\n<ul>\n<li>2 grups en horari de mat\u00ed de 8h a 14h<\/li>\n<\/ul>\n","protected":false},"excerpt":{"rendered":"<p>Fam\u00edlia professional: Administraci\u00f3 i gesti\u00f3 Descripci\u00f3 La compet\u00e8ncia general d\u2019aquest t\u00edtol consisteix a realitzar activitats de suport administratiu en l&#8217;\u00e0mbit laboral, comptable, comercial, financer i fiscal, aix\u00ed com d&#8217;atenci\u00f3 al client\/usuari, tant en empreses p\u00fabliques com en empreses privades, aplicant la normativa vigent i protocols de qualitat, assegurant la satisfacci\u00f3 del client i actuant segons [&hellip;]<\/p>\n","protected":false},"author":4,"featured_media":0,"parent":632,"menu_order":0,"comment_status":"closed","ping_status":"closed","template":"page-templates\/side-menu.php","meta":{"_bbp_topic_count":0,"_bbp_reply_count":0,"_bbp_total_topic_count":0,"_bbp_total_reply_count":0,"_bbp_voice_count":0,"_bbp_anonymous_reply_count":0,"_bbp_topic_count_hidden":0,"_bbp_reply_count_hidden":0,"_bbp_forum_subforum_count":0,"site-sidebar-layout":"default","site-content-layout":"","ast-site-content-layout":"","site-content-style":"default","site-sidebar-style":"default","ast-global-header-display":"","ast-banner-title-visibility":"","ast-main-header-display":"","ast-hfb-above-header-display":"","ast-hfb-below-header-display":"","ast-hfb-mobile-header-display":"","site-post-title":"","ast-breadcrumbs-content":"","ast-featured-img":"","footer-sml-layout":"","theme-transparent-header-meta":"","adv-header-id-meta":"","stick-header-meta":"","header-above-stick-meta":"","header-main-stick-meta":"","header-below-stick-meta":"","astra-migrate-meta-layouts":"default","ast-page-background-enabled":"default","ast-page-background-meta":{"desktop":{"background-color":"var(--ast-global-color-4)","background-image":"","background-repeat":"repeat","background-position":"center center","background-size":"auto","background-attachment":"scroll","background-type":"","background-media":"","overlay-type":"","overlay-color":"","overlay-opacity":"","overlay-gradient":""},"tablet":{"background-color":"","background-image":"","background-repeat":"repeat","background-position":"center center","background-size":"auto","background-attachment":"scroll","background-type":"","background-media":"","overlay-type":"","overlay-color":"","overlay-opacity":"","overlay-gradient":""},"mobile":{"background-color":"","background-image":"","background-repeat":"repeat","background-position":"center center","background-size":"auto","background-attachment":"scroll","background-type":"","background-media":"","overlay-type":"","overlay-color":"","overlay-opacity":"","overlay-gradient":""}},"ast-content-background-meta":{"desktop":{"background-color":"var(--ast-global-color-5)","background-image":"","background-repeat":"repeat","background-position":"center center","background-size":"auto","background-attachment":"scroll","background-type":"","background-media":"","overlay-type":"","overlay-color":"","overlay-opacity":"","overlay-gradient":""},"tablet":{"background-color":"var(--ast-global-color-5)","background-image":"","background-repeat":"repeat","background-position":"center center","background-size":"auto","background-attachment":"scroll","background-type":"","background-media":"","overlay-type":"","overlay-color":"","overlay-opacity":"","overlay-gradient":""},"mobile":{"background-color":"var(--ast-global-color-5)","background-image":"","background-repeat":"repeat","background-position":"center center","background-size":"auto","background-attachment":"scroll","background-type":"","background-media":"","overlay-type":"","overlay-color":"","overlay-opacity":"","overlay-gradient":""}},"footnotes":""},"class_list":["post-1335","page","type-page","status-publish","hentry"],"post_mailing_queue_ids":[],"_links":{"self":[{"href":"https:\/\/agora.xtec.cat\/inslacetania\/wp-json\/wp\/v2\/pages\/1335","targetHints":{"allow":["GET"]}}],"collection":[{"href":"https:\/\/agora.xtec.cat\/inslacetania\/wp-json\/wp\/v2\/pages"}],"about":[{"href":"https:\/\/agora.xtec.cat\/inslacetania\/wp-json\/wp\/v2\/types\/page"}],"author":[{"embeddable":true,"href":"https:\/\/agora.xtec.cat\/inslacetania\/wp-json\/wp\/v2\/users\/4"}],"replies":[{"embeddable":true,"href":"https:\/\/agora.xtec.cat\/inslacetania\/wp-json\/wp\/v2\/comments?post=1335"}],"version-history":[{"count":7,"href":"https:\/\/agora.xtec.cat\/inslacetania\/wp-json\/wp\/v2\/pages\/1335\/revisions"}],"predecessor-version":[{"id":23088,"href":"https:\/\/agora.xtec.cat\/inslacetania\/wp-json\/wp\/v2\/pages\/1335\/revisions\/23088"}],"up":[{"embeddable":true,"href":"https:\/\/agora.xtec.cat\/inslacetania\/wp-json\/wp\/v2\/pages\/632"}],"wp:attachment":[{"href":"https:\/\/agora.xtec.cat\/inslacetania\/wp-json\/wp\/v2\/media?parent=1335"}],"curies":[{"name":"wp","href":"https:\/\/api.w.org\/{rel}","templated":true}]}}