{"id":12627,"date":"2021-11-17T17:44:15","date_gmt":"2021-11-17T16:44:15","guid":{"rendered":"https:\/\/agora.xtec.cat\/inslacetania\/?page_id=12627"},"modified":"2025-09-18T10:24:50","modified_gmt":"2025-09-18T08:24:50","slug":"els-riscos-i-les-oportunitats","status":"publish","type":"page","link":"https:\/\/agora.xtec.cat\/inslacetania\/projectes\/qualitat\/els-riscos-i-les-oportunitats\/","title":{"rendered":"Els riscos i les oportunitats"},"content":{"rendered":"<p style=\"text-align: justify;\">Entenem per an\u00e0lisi de riscos i oportunitats el fet de considerar els esdeveniments que impedeixen o faciliten el normal desenvolupament de les activitats del centre i que impedeixen o faciliten assolir all\u00f2 que hav\u00edem planificat.<\/p>\n<p style=\"text-align: justify;\">Cal que peri\u00f2dicament realitzem una an\u00e0lisi dels riscos\/oportunitats que tenen els nostres processos de no acomplir\/millorar el que est\u00e0 planificat. La idea \u00e9s anticipar-se per evitar en la mesura del possible els possibles riscos que tingui el nostre sistema o aprofitar les oportunitats que es puguin presentar. El nostre sistema es basa en la utilitzaci\u00f3 d&#8217;una <strong>matriu de riscos\/oportunitats<\/strong> on cada responsable de proc\u00e9s consigna els riscos que poden fer que el \u00abseu\u00bb proc\u00e9s no assoleixi les caracter\u00edstiques de qualitat previstes i les oportunitats que poden fer millorar el proc\u00e9s.<\/p>\n<p><a href=\"https:\/\/agora.xtec.cat\/inslacetania\/wp-content\/uploads\/usu1045\/2021\/11\/Risks-Opportunities-Heat-Map.png\"><img loading=\"lazy\" decoding=\"async\" class=\"aligncenter wp-image-12629\" src=\"https:\/\/agora.xtec.cat\/inslacetania\/wp-content\/uploads\/usu1045\/2021\/11\/Risks-Opportunities-Heat-Map-1024x571.png\" alt=\"\" width=\"640\" height=\"357\" srcset=\"https:\/\/agora.xtec.cat\/inslacetania\/wp-content\/uploads\/usu1045\/2021\/11\/Risks-Opportunities-Heat-Map-1024x571.png 1024w, https:\/\/agora.xtec.cat\/inslacetania\/wp-content\/uploads\/usu1045\/2021\/11\/Risks-Opportunities-Heat-Map-300x167.png 300w, https:\/\/agora.xtec.cat\/inslacetania\/wp-content\/uploads\/usu1045\/2021\/11\/Risks-Opportunities-Heat-Map-768x428.png 768w, https:\/\/agora.xtec.cat\/inslacetania\/wp-content\/uploads\/usu1045\/2021\/11\/Risks-Opportunities-Heat-Map.png 1409w\" sizes=\"auto, (max-width: 640px) 100vw, 640px\" \/><\/a><\/p>\n","protected":false},"excerpt":{"rendered":"<p>Entenem per an\u00e0lisi de riscos i oportunitats el fet de considerar els esdeveniments que impedeixen o faciliten el normal desenvolupament de les activitats del centre i que impedeixen o faciliten assolir all\u00f2 que hav\u00edem planificat. Cal que peri\u00f2dicament realitzem una an\u00e0lisi dels riscos\/oportunitats que tenen els nostres processos de no acomplir\/millorar el que est\u00e0 planificat. [&hellip;]<\/p>\n","protected":false},"author":4,"featured_media":0,"parent":12445,"menu_order":50,"comment_status":"closed","ping_status":"closed","template":"page-templates\/side-menu.php","meta":{"_bbp_topic_count":0,"_bbp_reply_count":0,"_bbp_total_topic_count":0,"_bbp_total_reply_count":0,"_bbp_voice_count":0,"_bbp_anonymous_reply_count":0,"_bbp_topic_count_hidden":0,"_bbp_reply_count_hidden":0,"_bbp_forum_subforum_count":0,"site-sidebar-layout":"default","site-content-layout":"","ast-site-content-layout":"","site-content-style":"default","site-sidebar-style":"default","ast-global-header-display":"","ast-banner-title-visibility":"","ast-main-header-display":"","ast-hfb-above-header-display":"","ast-hfb-below-header-display":"","ast-hfb-mobile-header-display":"","site-post-title":"","ast-breadcrumbs-content":"","ast-featured-img":"","footer-sml-layout":"","theme-transparent-header-meta":"","adv-header-id-meta":"","stick-header-meta":"","header-above-stick-meta":"","header-main-stick-meta":"","header-below-stick-meta":"","astra-migrate-meta-layouts":"default","ast-page-background-enabled":"default","ast-page-background-meta":{"desktop":{"background-color":"var(--ast-global-color-4)","background-image":"","background-repeat":"repeat","background-position":"center center","background-size":"auto","background-attachment":"scroll","background-type":"","background-media":"","overlay-type":"","overlay-color":"","overlay-opacity":"","overlay-gradient":""},"tablet":{"background-color":"","background-image":"","background-repeat":"repeat","background-position":"center center","background-size":"auto","background-attachment":"scroll","background-type":"","background-media":"","overlay-type":"","overlay-color":"","overlay-opacity":"","overlay-gradient":""},"mobile":{"background-color":"","background-image":"","background-repeat":"repeat","background-position":"center center","background-size":"auto","background-attachment":"scroll","background-type":"","background-media":"","overlay-type":"","overlay-color":"","overlay-opacity":"","overlay-gradient":""}},"ast-content-background-meta":{"desktop":{"background-color":"var(--ast-global-color-5)","background-image":"","background-repeat":"repeat","background-position":"center center","background-size":"auto","background-attachment":"scroll","background-type":"","background-media":"","overlay-type":"","overlay-color":"","overlay-opacity":"","overlay-gradient":""},"tablet":{"background-color":"var(--ast-global-color-5)","background-image":"","background-repeat":"repeat","background-position":"center center","background-size":"auto","background-attachment":"scroll","background-type":"","background-media":"","overlay-type":"","overlay-color":"","overlay-opacity":"","overlay-gradient":""},"mobile":{"background-color":"var(--ast-global-color-5)","background-image":"","background-repeat":"repeat","background-position":"center center","background-size":"auto","background-attachment":"scroll","background-type":"","background-media":"","overlay-type":"","overlay-color":"","overlay-opacity":"","overlay-gradient":""}},"footnotes":""},"class_list":["post-12627","page","type-page","status-publish","hentry"],"post_mailing_queue_ids":[],"_links":{"self":[{"href":"https:\/\/agora.xtec.cat\/inslacetania\/wp-json\/wp\/v2\/pages\/12627","targetHints":{"allow":["GET"]}}],"collection":[{"href":"https:\/\/agora.xtec.cat\/inslacetania\/wp-json\/wp\/v2\/pages"}],"about":[{"href":"https:\/\/agora.xtec.cat\/inslacetania\/wp-json\/wp\/v2\/types\/page"}],"author":[{"embeddable":true,"href":"https:\/\/agora.xtec.cat\/inslacetania\/wp-json\/wp\/v2\/users\/4"}],"replies":[{"embeddable":true,"href":"https:\/\/agora.xtec.cat\/inslacetania\/wp-json\/wp\/v2\/comments?post=12627"}],"version-history":[{"count":5,"href":"https:\/\/agora.xtec.cat\/inslacetania\/wp-json\/wp\/v2\/pages\/12627\/revisions"}],"predecessor-version":[{"id":27523,"href":"https:\/\/agora.xtec.cat\/inslacetania\/wp-json\/wp\/v2\/pages\/12627\/revisions\/27523"}],"up":[{"embeddable":true,"href":"https:\/\/agora.xtec.cat\/inslacetania\/wp-json\/wp\/v2\/pages\/12445"}],"wp:attachment":[{"href":"https:\/\/agora.xtec.cat\/inslacetania\/wp-json\/wp\/v2\/media?parent=12627"}],"curies":[{"name":"wp","href":"https:\/\/api.w.org\/{rel}","templated":true}]}}