{"id":12623,"date":"2021-11-17T17:30:03","date_gmt":"2021-11-17T16:30:03","guid":{"rendered":"https:\/\/agora.xtec.cat\/inslacetania\/?page_id=12623"},"modified":"2025-09-18T10:23:52","modified_gmt":"2025-09-18T08:23:52","slug":"els-indicadors","status":"publish","type":"page","link":"https:\/\/agora.xtec.cat\/inslacetania\/projectes\/qualitat\/els-indicadors\/","title":{"rendered":"Els indicadors"},"content":{"rendered":"<p style=\"text-align: justify;\">Els indicadors de qualitat s\u00f3n instruments de mesura, de car\u00e0cter tangible i quantificable, que permeten avaluar la qualitat dels processos, productes i serveis per a assegurar la satisfacci\u00f3 dels usuaris.<\/p>\n<p><a href=\"https:\/\/agora.xtec.cat\/inslacetania\/wp-content\/uploads\/usu1045\/2021\/11\/indicador.jpg\"><img loading=\"lazy\" decoding=\"async\" class=\"size-full wp-image-12625 aligncenter\" src=\"https:\/\/agora.xtec.cat\/inslacetania\/wp-content\/uploads\/usu1045\/2021\/11\/indicador.jpg\" alt=\"\" width=\"259\" height=\"194\" srcset=\"https:\/\/agora.xtec.cat\/inslacetania\/wp-content\/uploads\/usu1045\/2021\/11\/indicador.jpg 259w, https:\/\/agora.xtec.cat\/inslacetania\/wp-content\/uploads\/usu1045\/2021\/11\/indicador-200x150.jpg 200w\" sizes=\"auto, (max-width: 259px) 100vw, 259px\" \/><\/a><\/p>\n<p>Alguns exemples d&#8217;indicadors poden ser:<\/p>\n<ul>\n<li>Grau de satisfacci\u00f3 de l&#8217;alumnat<\/li>\n<li>Percentatge d&#8217;alumnat que es gradua<\/li>\n<li>Demanda d&#8217;escolaritzaci\u00f3 del centre<\/li>\n<li>\u00cdndex de superaci\u00f3 de les PAU<\/li>\n<li>Entre d&#8217;altres<\/li>\n<\/ul>\n","protected":false},"excerpt":{"rendered":"<p>Els indicadors de qualitat s\u00f3n instruments de mesura, de car\u00e0cter tangible i quantificable, que permeten avaluar la qualitat dels processos, productes i serveis per a assegurar la satisfacci\u00f3 dels usuaris. Alguns exemples d&#8217;indicadors poden ser: Grau de satisfacci\u00f3 de l&#8217;alumnat Percentatge d&#8217;alumnat que es gradua Demanda d&#8217;escolaritzaci\u00f3 del centre \u00cdndex de superaci\u00f3 de les PAU [&hellip;]<\/p>\n","protected":false},"author":4,"featured_media":0,"parent":12445,"menu_order":40,"comment_status":"closed","ping_status":"closed","template":"page-templates\/side-menu.php","meta":{"_bbp_topic_count":0,"_bbp_reply_count":0,"_bbp_total_topic_count":0,"_bbp_total_reply_count":0,"_bbp_voice_count":0,"_bbp_anonymous_reply_count":0,"_bbp_topic_count_hidden":0,"_bbp_reply_count_hidden":0,"_bbp_forum_subforum_count":0,"site-sidebar-layout":"default","site-content-layout":"","ast-site-content-layout":"","site-content-style":"default","site-sidebar-style":"default","ast-global-header-display":"","ast-banner-title-visibility":"","ast-main-header-display":"","ast-hfb-above-header-display":"","ast-hfb-below-header-display":"","ast-hfb-mobile-header-display":"","site-post-title":"","ast-breadcrumbs-content":"","ast-featured-img":"","footer-sml-layout":"","theme-transparent-header-meta":"","adv-header-id-meta":"","stick-header-meta":"","header-above-stick-meta":"","header-main-stick-meta":"","header-below-stick-meta":"","astra-migrate-meta-layouts":"default","ast-page-background-enabled":"default","ast-page-background-meta":{"desktop":{"background-color":"var(--ast-global-color-4)","background-image":"","background-repeat":"repeat","background-position":"center center","background-size":"auto","background-attachment":"scroll","background-type":"","background-media":"","overlay-type":"","overlay-color":"","overlay-opacity":"","overlay-gradient":""},"tablet":{"background-color":"","background-image":"","background-repeat":"repeat","background-position":"center center","background-size":"auto","background-attachment":"scroll","background-type":"","background-media":"","overlay-type":"","overlay-color":"","overlay-opacity":"","overlay-gradient":""},"mobile":{"background-color":"","background-image":"","background-repeat":"repeat","background-position":"center center","background-size":"auto","background-attachment":"scroll","background-type":"","background-media":"","overlay-type":"","overlay-color":"","overlay-opacity":"","overlay-gradient":""}},"ast-content-background-meta":{"desktop":{"background-color":"var(--ast-global-color-5)","background-image":"","background-repeat":"repeat","background-position":"center center","background-size":"auto","background-attachment":"scroll","background-type":"","background-media":"","overlay-type":"","overlay-color":"","overlay-opacity":"","overlay-gradient":""},"tablet":{"background-color":"var(--ast-global-color-5)","background-image":"","background-repeat":"repeat","background-position":"center center","background-size":"auto","background-attachment":"scroll","background-type":"","background-media":"","overlay-type":"","overlay-color":"","overlay-opacity":"","overlay-gradient":""},"mobile":{"background-color":"var(--ast-global-color-5)","background-image":"","background-repeat":"repeat","background-position":"center center","background-size":"auto","background-attachment":"scroll","background-type":"","background-media":"","overlay-type":"","overlay-color":"","overlay-opacity":"","overlay-gradient":""}},"footnotes":""},"class_list":["post-12623","page","type-page","status-publish","hentry"],"post_mailing_queue_ids":[],"_links":{"self":[{"href":"https:\/\/agora.xtec.cat\/inslacetania\/wp-json\/wp\/v2\/pages\/12623","targetHints":{"allow":["GET"]}}],"collection":[{"href":"https:\/\/agora.xtec.cat\/inslacetania\/wp-json\/wp\/v2\/pages"}],"about":[{"href":"https:\/\/agora.xtec.cat\/inslacetania\/wp-json\/wp\/v2\/types\/page"}],"author":[{"embeddable":true,"href":"https:\/\/agora.xtec.cat\/inslacetania\/wp-json\/wp\/v2\/users\/4"}],"replies":[{"embeddable":true,"href":"https:\/\/agora.xtec.cat\/inslacetania\/wp-json\/wp\/v2\/comments?post=12623"}],"version-history":[{"count":5,"href":"https:\/\/agora.xtec.cat\/inslacetania\/wp-json\/wp\/v2\/pages\/12623\/revisions"}],"predecessor-version":[{"id":27521,"href":"https:\/\/agora.xtec.cat\/inslacetania\/wp-json\/wp\/v2\/pages\/12623\/revisions\/27521"}],"up":[{"embeddable":true,"href":"https:\/\/agora.xtec.cat\/inslacetania\/wp-json\/wp\/v2\/pages\/12445"}],"wp:attachment":[{"href":"https:\/\/agora.xtec.cat\/inslacetania\/wp-json\/wp\/v2\/media?parent=12623"}],"curies":[{"name":"wp","href":"https:\/\/api.w.org\/{rel}","templated":true}]}}