{"id":12619,"date":"2021-11-17T17:22:48","date_gmt":"2021-11-17T16:22:48","guid":{"rendered":"https:\/\/agora.xtec.cat\/inslacetania\/?page_id=12619"},"modified":"2025-11-28T12:03:45","modified_gmt":"2025-11-28T11:03:45","slug":"els-procediments","status":"publish","type":"page","link":"https:\/\/agora.xtec.cat\/inslacetania\/projectes\/qualitat\/els-procediments\/","title":{"rendered":"Els procediments"},"content":{"rendered":"<p>Un procediment \u00e9s un forma especificada de fer les accions planificades sota una mateixa condici\u00f3 per tal d\u2019obtenir uns mateixos resultats.<\/p>\n<p style=\"text-align: center;\"><a href=\"https:\/\/agora.xtec.cat\/inslacetania\/wp-content\/uploads\/usu1045\/2021\/11\/procedimiento.jpg\"><img loading=\"lazy\" decoding=\"async\" class=\"aligncenter wp-image-12620\" src=\"https:\/\/agora.xtec.cat\/inslacetania\/wp-content\/uploads\/usu1045\/2021\/11\/procedimiento.jpg\" alt=\"\" width=\"500\" height=\"236\" srcset=\"https:\/\/agora.xtec.cat\/inslacetania\/wp-content\/uploads\/usu1045\/2021\/11\/procedimiento.jpg 720w, https:\/\/agora.xtec.cat\/inslacetania\/wp-content\/uploads\/usu1045\/2021\/11\/procedimiento-300x142.jpg 300w\" sizes=\"auto, (max-width: 500px) 100vw, 500px\" \/><\/a><\/p>\n<p>En el nostre institut, especifiquem les accions planificades en els <strong>procediments<\/strong> i en els <strong>manuals de c\u00e0rrec<\/strong>.<\/p>\n<p>El manual de c\u00e0rrec \u00e9s un document en el qual s&#8217;estableixen de manera ordenada i\/o consecutiva les tasques corresponents a un c\u00e0rrec. \u00c9s un document viu i din\u00e0mic.<\/p>\n","protected":false},"excerpt":{"rendered":"<p>Un procediment \u00e9s un forma especificada de fer les accions planificades sota una mateixa condici\u00f3 per tal d\u2019obtenir uns mateixos resultats. En el nostre institut, especifiquem les accions planificades en els procediments i en els manuals de c\u00e0rrec. El manual de c\u00e0rrec \u00e9s un document en el qual s&#8217;estableixen de manera ordenada i\/o consecutiva les [&hellip;]<\/p>\n","protected":false},"author":4,"featured_media":0,"parent":12445,"menu_order":30,"comment_status":"closed","ping_status":"closed","template":"","meta":{"_bbp_topic_count":0,"_bbp_reply_count":0,"_bbp_total_topic_count":0,"_bbp_total_reply_count":0,"_bbp_voice_count":0,"_bbp_anonymous_reply_count":0,"_bbp_topic_count_hidden":0,"_bbp_reply_count_hidden":0,"_bbp_forum_subforum_count":0,"site-sidebar-layout":"default","site-content-layout":"","ast-site-content-layout":"default","site-content-style":"default","site-sidebar-style":"default","ast-global-header-display":"","ast-banner-title-visibility":"","ast-main-header-display":"","ast-hfb-above-header-display":"","ast-hfb-below-header-display":"","ast-hfb-mobile-header-display":"","site-post-title":"","ast-breadcrumbs-content":"","ast-featured-img":"","footer-sml-layout":"","theme-transparent-header-meta":"","adv-header-id-meta":"","stick-header-meta":"","header-above-stick-meta":"","header-main-stick-meta":"","header-below-stick-meta":"","astra-migrate-meta-layouts":"set","ast-page-background-enabled":"default","ast-page-background-meta":{"desktop":{"background-color":"var(--ast-global-color-4)","background-image":"","background-repeat":"repeat","background-position":"center center","background-size":"auto","background-attachment":"scroll","background-type":"","background-media":"","overlay-type":"","overlay-color":"","overlay-opacity":"","overlay-gradient":""},"tablet":{"background-color":"","background-image":"","background-repeat":"repeat","background-position":"center center","background-size":"auto","background-attachment":"scroll","background-type":"","background-media":"","overlay-type":"","overlay-color":"","overlay-opacity":"","overlay-gradient":""},"mobile":{"background-color":"","background-image":"","background-repeat":"repeat","background-position":"center center","background-size":"auto","background-attachment":"scroll","background-type":"","background-media":"","overlay-type":"","overlay-color":"","overlay-opacity":"","overlay-gradient":""}},"ast-content-background-meta":{"desktop":{"background-color":"var(--ast-global-color-5)","background-image":"","background-repeat":"repeat","background-position":"center center","background-size":"auto","background-attachment":"scroll","background-type":"","background-media":"","overlay-type":"","overlay-color":"","overlay-opacity":"","overlay-gradient":""},"tablet":{"background-color":"var(--ast-global-color-5)","background-image":"","background-repeat":"repeat","background-position":"center center","background-size":"auto","background-attachment":"scroll","background-type":"","background-media":"","overlay-type":"","overlay-color":"","overlay-opacity":"","overlay-gradient":""},"mobile":{"background-color":"var(--ast-global-color-5)","background-image":"","background-repeat":"repeat","background-position":"center center","background-size":"auto","background-attachment":"scroll","background-type":"","background-media":"","overlay-type":"","overlay-color":"","overlay-opacity":"","overlay-gradient":""}},"footnotes":""},"class_list":["post-12619","page","type-page","status-publish","hentry"],"post_mailing_queue_ids":[],"_links":{"self":[{"href":"https:\/\/agora.xtec.cat\/inslacetania\/wp-json\/wp\/v2\/pages\/12619","targetHints":{"allow":["GET"]}}],"collection":[{"href":"https:\/\/agora.xtec.cat\/inslacetania\/wp-json\/wp\/v2\/pages"}],"about":[{"href":"https:\/\/agora.xtec.cat\/inslacetania\/wp-json\/wp\/v2\/types\/page"}],"author":[{"embeddable":true,"href":"https:\/\/agora.xtec.cat\/inslacetania\/wp-json\/wp\/v2\/users\/4"}],"replies":[{"embeddable":true,"href":"https:\/\/agora.xtec.cat\/inslacetania\/wp-json\/wp\/v2\/comments?post=12619"}],"version-history":[{"count":5,"href":"https:\/\/agora.xtec.cat\/inslacetania\/wp-json\/wp\/v2\/pages\/12619\/revisions"}],"predecessor-version":[{"id":28451,"href":"https:\/\/agora.xtec.cat\/inslacetania\/wp-json\/wp\/v2\/pages\/12619\/revisions\/28451"}],"up":[{"embeddable":true,"href":"https:\/\/agora.xtec.cat\/inslacetania\/wp-json\/wp\/v2\/pages\/12445"}],"wp:attachment":[{"href":"https:\/\/agora.xtec.cat\/inslacetania\/wp-json\/wp\/v2\/media?parent=12619"}],"curies":[{"name":"wp","href":"https:\/\/api.w.org\/{rel}","templated":true}]}}