{"id":12603,"date":"2021-11-17T16:56:37","date_gmt":"2021-11-17T15:56:37","guid":{"rendered":"https:\/\/agora.xtec.cat\/inslacetania\/?page_id=12603"},"modified":"2022-02-01T12:29:25","modified_gmt":"2022-02-01T11:29:25","slug":"els-sistemes-de-gestio-de-la-qualitat","status":"publish","type":"page","link":"https:\/\/agora.xtec.cat\/inslacetania\/projectes\/qualitat\/els-sistemes-de-gestio-de-la-qualitat\/","title":{"rendered":"Els sistemes de gesti\u00f3 de la qualitat"},"content":{"rendered":"<p style=\"text-align: justify;\">Un sistema de gesti\u00f3 de la qualitat \u00e9s el conjunt de t\u00e8cniques i eines que s\u2019apliquen per garantir el nivell de qualitat d\u2019un producte, servei i\/o activitat.<a href=\"https:\/\/agora.xtec.cat\/inslacetania\/wp-content\/uploads\/usu1045\/2021\/11\/logo_pqimc.png\"><img loading=\"lazy\" decoding=\"async\" class=\"aligncenter wp-image-12605\" src=\"https:\/\/agora.xtec.cat\/inslacetania\/wp-content\/uploads\/usu1045\/2021\/11\/logo_pqimc.png\" alt=\"\" width=\"500\" height=\"132\" srcset=\"https:\/\/agora.xtec.cat\/inslacetania\/wp-content\/uploads\/usu1045\/2021\/11\/logo_pqimc.png 638w, https:\/\/agora.xtec.cat\/inslacetania\/wp-content\/uploads\/usu1045\/2021\/11\/logo_pqimc-300x79.png 300w\" sizes=\"auto, (max-width: 500px) 100vw, 500px\" \/><\/a><\/p>\n<p style=\"text-align: justify;\">El fonament de tot sistema de gesti\u00f3 de la qualitat \u00e9s el cicle de Deming, PDCA o de millora cont\u00ednua que es divideix en 4 etapes que es realitzen de manera c\u00edclica.<\/p>\n<p><a href=\"https:\/\/agora.xtec.cat\/inslacetania\/wp-content\/uploads\/usu1045\/2021\/11\/cicledeming.png\"><img loading=\"lazy\" decoding=\"async\" class=\"aligncenter wp-image-12608\" src=\"https:\/\/agora.xtec.cat\/inslacetania\/wp-content\/uploads\/usu1045\/2021\/11\/cicledeming.png\" alt=\"\" width=\"600\" height=\"413\" srcset=\"https:\/\/agora.xtec.cat\/inslacetania\/wp-content\/uploads\/usu1045\/2021\/11\/cicledeming.png 720w, https:\/\/agora.xtec.cat\/inslacetania\/wp-content\/uploads\/usu1045\/2021\/11\/cicledeming-300x207.png 300w\" sizes=\"auto, (max-width: 600px) 100vw, 600px\" \/><\/a><\/p>\n<p style=\"text-align: justify;\">Per tant, cal una bona planificaci\u00f3 de la nostra activitat, dur a terme els processos i activitats segons aquesta planificaci\u00f3 pr\u00e8via, comprovar els resultats obtinguts i, en funci\u00f3 d&#8217;ells, actuar amb l&#8217;objectiu de millorar aquests resultats.<\/p>\n<p style=\"text-align: justify;\">En l&#8217;organitzaci\u00f3 d&#8217;un sistema de gesti\u00f3 de la qualitat \u00e9s important definir una s\u00e8rie d&#8217;elements que ens ajudaran en la tasca de millora cont\u00ednua. Aquests s\u00f3n:<\/p>\n<ol>\n<li>Identificar els <strong>Processos<\/strong> que intervenen en el nostre sistema.<\/li>\n<li>Definir els <strong>Procediments<\/strong> que ens ajudaran en la forma de fer determinades accions.<\/li>\n<li>Definir els <strong>Indicadors<\/strong> que ens permetran analitzar el nostre sistema.<\/li>\n<li>Analitzar els possibles <strong>Riscos i Oportunitats<\/strong> presents en la nostra activitat.<\/li>\n<\/ol>\n","protected":false},"excerpt":{"rendered":"<p>Un sistema de gesti\u00f3 de la qualitat \u00e9s el conjunt de t\u00e8cniques i eines que s\u2019apliquen per garantir el nivell de qualitat d\u2019un producte, servei i\/o activitat. El fonament de tot sistema de gesti\u00f3 de la qualitat \u00e9s el cicle de Deming, PDCA o de millora cont\u00ednua que es divideix en 4 etapes que es [&hellip;]<\/p>\n","protected":false},"author":4,"featured_media":0,"parent":12445,"menu_order":10,"comment_status":"closed","ping_status":"closed","template":"page-templates\/side-menu.php","meta":{"_bbp_topic_count":0,"_bbp_reply_count":0,"_bbp_total_topic_count":0,"_bbp_total_reply_count":0,"_bbp_voice_count":0,"_bbp_anonymous_reply_count":0,"_bbp_topic_count_hidden":0,"_bbp_reply_count_hidden":0,"_bbp_forum_subforum_count":0,"site-sidebar-layout":"default","site-content-layout":"","ast-site-content-layout":"","site-content-style":"default","site-sidebar-style":"default","ast-global-header-display":"","ast-banner-title-visibility":"","ast-main-header-display":"","ast-hfb-above-header-display":"","ast-hfb-below-header-display":"","ast-hfb-mobile-header-display":"","site-post-title":"","ast-breadcrumbs-content":"","ast-featured-img":"","footer-sml-layout":"","theme-transparent-header-meta":"","adv-header-id-meta":"","stick-header-meta":"","header-above-stick-meta":"","header-main-stick-meta":"","header-below-stick-meta":"","astra-migrate-meta-layouts":"default","ast-page-background-enabled":"default","ast-page-background-meta":{"desktop":{"background-color":"var(--ast-global-color-4)","background-image":"","background-repeat":"repeat","background-position":"center center","background-size":"auto","background-attachment":"scroll","background-type":"","background-media":"","overlay-type":"","overlay-color":"","overlay-opacity":"","overlay-gradient":""},"tablet":{"background-color":"","background-image":"","background-repeat":"repeat","background-position":"center center","background-size":"auto","background-attachment":"scroll","background-type":"","background-media":"","overlay-type":"","overlay-color":"","overlay-opacity":"","overlay-gradient":""},"mobile":{"background-color":"","background-image":"","background-repeat":"repeat","background-position":"center center","background-size":"auto","background-attachment":"scroll","background-type":"","background-media":"","overlay-type":"","overlay-color":"","overlay-opacity":"","overlay-gradient":""}},"ast-content-background-meta":{"desktop":{"background-color":"var(--ast-global-color-5)","background-image":"","background-repeat":"repeat","background-position":"center center","background-size":"auto","background-attachment":"scroll","background-type":"","background-media":"","overlay-type":"","overlay-color":"","overlay-opacity":"","overlay-gradient":""},"tablet":{"background-color":"var(--ast-global-color-5)","background-image":"","background-repeat":"repeat","background-position":"center center","background-size":"auto","background-attachment":"scroll","background-type":"","background-media":"","overlay-type":"","overlay-color":"","overlay-opacity":"","overlay-gradient":""},"mobile":{"background-color":"var(--ast-global-color-5)","background-image":"","background-repeat":"repeat","background-position":"center center","background-size":"auto","background-attachment":"scroll","background-type":"","background-media":"","overlay-type":"","overlay-color":"","overlay-opacity":"","overlay-gradient":""}},"footnotes":""},"class_list":["post-12603","page","type-page","status-publish","hentry"],"post_mailing_queue_ids":[],"_links":{"self":[{"href":"https:\/\/agora.xtec.cat\/inslacetania\/wp-json\/wp\/v2\/pages\/12603","targetHints":{"allow":["GET"]}}],"collection":[{"href":"https:\/\/agora.xtec.cat\/inslacetania\/wp-json\/wp\/v2\/pages"}],"about":[{"href":"https:\/\/agora.xtec.cat\/inslacetania\/wp-json\/wp\/v2\/types\/page"}],"author":[{"embeddable":true,"href":"https:\/\/agora.xtec.cat\/inslacetania\/wp-json\/wp\/v2\/users\/4"}],"replies":[{"embeddable":true,"href":"https:\/\/agora.xtec.cat\/inslacetania\/wp-json\/wp\/v2\/comments?post=12603"}],"version-history":[{"count":3,"href":"https:\/\/agora.xtec.cat\/inslacetania\/wp-json\/wp\/v2\/pages\/12603\/revisions"}],"predecessor-version":[{"id":13186,"href":"https:\/\/agora.xtec.cat\/inslacetania\/wp-json\/wp\/v2\/pages\/12603\/revisions\/13186"}],"up":[{"embeddable":true,"href":"https:\/\/agora.xtec.cat\/inslacetania\/wp-json\/wp\/v2\/pages\/12445"}],"wp:attachment":[{"href":"https:\/\/agora.xtec.cat\/inslacetania\/wp-json\/wp\/v2\/media?parent=12603"}],"curies":[{"name":"wp","href":"https:\/\/api.w.org\/{rel}","templated":true}]}}