{"id":12550,"date":"2021-11-15T17:03:55","date_gmt":"2021-11-15T16:03:55","guid":{"rendered":"https:\/\/agora.xtec.cat\/inslacetania\/?page_id=12550"},"modified":"2023-12-15T19:25:31","modified_gmt":"2023-12-15T18:25:31","slug":"convocatoria-actual","status":"publish","type":"page","link":"https:\/\/agora.xtec.cat\/inslacetania\/projectes\/erasmusplus\/erasmus-ka1\/convocatoria-actual\/","title":{"rendered":"Convocat\u00f2ria actual"},"content":{"rendered":"<h3>MOBILITATS INTERNACIONALS. CURS 23-24.<\/h3>\n<hr \/>\n<ul>\n<li><a href=\"#anc_alumnat\">Alumnat<\/a><\/li>\n<li><a href=\"#anc_professorat\">Professorat<\/a><\/li>\n<\/ul>\n<hr \/>\n<h4><a id=\"anc_alumnat\"><\/a>1. ALUMNAT<\/h4>\n<p style=\"text-align: justify;\">Vols apuntar-te a un Erasmus per aquest curs?\u00a0<span style=\"font-family: arial, sans-serif;\">Tot l&#8217;alumnat que vulgui participar ha d&#8217;omplir el formulari de sota per grau mitj\u00e0 o superior abans que finalitzi la data l\u00edmit d&#8217;inscripci\u00f3.<\/span><\/p>\n<p><strong>Data l\u00edmit d&#8217;inscripci\u00f3: \u00daltim dia laborable de gener<\/strong><\/p>\n<hr \/>\n<h5 dir=\"ltr\">Formularis<\/h5>\n<p><strong>:: GRAU MITJ\u00c0 ::<\/strong><\/p>\n<p dir=\"ltr\"><span style=\"font-family: arial, sans-serif;\"><a href=\"https:\/\/app.movingeneration.net\/calls\/532\" target=\"_blank\" rel=\"noopener\">FORMULARI D&#8217;INSCRIPCI\u00d3 GRAU MITJ\u00c0<\/a>\u00a0<\/span><\/p>\n<p><strong>:: GRAU SUPERIOR ::<\/strong><\/p>\n<p dir=\"ltr\"><span style=\"font-family: arial, sans-serif;\"><a href=\"https:\/\/app.movingeneration.net\/login?back=\/calls\/531\" target=\"_blank\" rel=\"noopener\">FORMULARI D&#8217;INSCRIPCI\u00d3 GRAU SUPERIOR<\/a>\u00a0<\/span><\/p>\n<hr \/>\n<h5 dir=\"ltr\">Convocat\u00f2ries<\/h5>\n<p><strong>:: GRAU MITJ\u00c0 ::<\/strong><\/p>\n<p><a href=\"https:\/\/docs.google.com\/document\/d\/1ia94qBSFN2FobJZlBh7HQlWAP2R7ptTukjbvGg744Cc\/edit?usp=sharing\" target=\"_blank\" rel=\"noopener\"><span style=\"font-family: arial, sans-serif;\">DOCUMENT CONVOCAT\u00d2RIA GRAU MITJ\u00c0<\/span><\/a><\/p>\n<p dir=\"ltr\"><strong><span style=\"color: #000000;\">:: GRAU SUPERIOR ::<\/span><\/strong><b><br \/>\n<\/b><\/p>\n<p dir=\"ltr\"><a href=\"https:\/\/docs.google.com\/document\/d\/1dXW82QFx0xqZl7Ggejx1BACBVMIsktbzyb0zsr52jpY\/edit?usp=sharing\" target=\"_blank\" rel=\"noopener\"><span style=\"font-family: arial, sans-serif;\">DOCUMENT CONVOCAT\u00d2RIA GRAU SUPERIOR<\/span><\/a><\/p>\n<hr \/>\n<h5>Procediment i criteris per a la selecci\u00f3 de participants a la mobilitat internacional d\u2019FP<\/h5>\n<p><span style=\"font-weight: 400;\">El proc\u00e9s de selecci\u00f3 es dur\u00e0 a terme seguint el seg\u00fcent procediment:<\/span><\/p>\n<ol>\n<li style=\"font-weight: 400;\" aria-level=\"1\"><span style=\"font-weight: 400;\">Inscripci\u00f3 del proc\u00e9s de selecci\u00f3.<\/span><\/li>\n<li style=\"font-weight: 400;\" aria-level=\"1\"><span style=\"font-weight: 400;\">Lliurament dels documents obligatoris.<\/span><\/li>\n<li style=\"font-weight: 400;\" aria-level=\"1\"><span style=\"font-weight: 400;\">Entrevista personal<\/span><\/li>\n<li style=\"font-weight: 400;\" aria-level=\"1\"><span style=\"font-weight: 400;\">Selecci\u00f3 dels participants<\/span><\/li>\n<li style=\"font-weight: 400;\" aria-level=\"1\"><span style=\"font-weight: 400;\">Acceptaci\u00f3 de la beca i selecci\u00f3 de l\u2019opci\u00f3 de gesti\u00f3<\/span><\/li>\n<\/ol>\n<p style=\"text-align: justify;\">La selecci\u00f3 de les persones participants s&#8217;estableix d&#8217;acord amb els criteris seg\u00fcents. Per passar a la fase de selecci\u00f3 \u00e9s condici\u00f3 imprescindible que la documentaci\u00f3 estigui lliurada en temps i forma segons s&#8217;estableix a la convocat\u00f2ria.<\/p>\n<ol>\n<li><strong>Expedient acad\u00e8mic i criteri intern (ponderaci\u00f3 30%)<\/strong>\n<ol>\n<li style=\"list-style-type: none;\">\n<ul>\n<li style=\"text-align: justify;\">De 0 a 10 punts. Aquesta part de la valoraci\u00f3 la realitzar\u00e0 l&#8217;equip docent i a part de l&#8217;expedient de l&#8217;alumne, es valoraran aspectes com assist\u00e8ncia, actitud, comprom\u00eds i esfor\u00e7. S&#8217;estableix criteri uniforme per a totes les persones candidates.<\/li>\n<\/ul>\n<\/li>\n<\/ol>\n<\/li>\n<li><strong>Documentaci\u00f3 aportada (ponderaci\u00f3 40%)<\/strong>\n<ol>\n<li style=\"list-style-type: none;\">\n<ul>\n<li>De 0 a 10 punts pel Curriculum Vitae (20%)<\/li>\n<li>De 0 a 10 punts pel v\u00eddeo de presentaci\u00f3 (20%)<\/li>\n<\/ul>\n<\/li>\n<\/ol>\n<\/li>\n<li><strong>Entrevista (ponderaci\u00f3 30%)<\/strong>\n<ol>\n<li style=\"list-style-type: none;\">\n<ul>\n<li>De 0 a 10 punts per l&#8217;entrevista personal. El tribunal valorar\u00e0 la idone\u00eftat de les persones candidates en funci\u00f3:\n<ul>\n<li style=\"text-align: justify;\">Claredat i pertinen\u00e7a de les motivacions expressades. Es valorar\u00e0 la motivaci\u00f3 i les expectatives d&#8217;acord amb el perfil propi i el projecte.<\/li>\n<li style=\"text-align: justify;\">Es valoraran les qualitats de: responsabilitat, tenacitat, motivaci\u00f3 d&#8217;\u00e8xit, autodisciplina, adaptabilitat i autonomia.<\/li>\n<li style=\"text-align: justify;\">Nivell d&#8217;angl\u00e8s, claredat de l&#8217;exposici\u00f3, capacitat d&#8217;expressi\u00f3 i vocabulari.<\/li>\n<\/ul>\n<\/li>\n<\/ul>\n<\/li>\n<\/ol>\n<\/li>\n<\/ol>\n<p><strong>Procediment i temporitzaci\u00f3:<\/strong><\/p>\n<ul>\n<li style=\"text-align: justify;\"><strong>Desembre<\/strong>: informaci\u00f3 a l&#8217;alumnat mitjan\u00e7ant la tutoria de grup, <strong><em>xerrades informatives (dijous, 14 desembre)<\/em><\/strong> per part de la coordinaci\u00f3 de mobilitat i difusi\u00f3 a la web del centre.<\/li>\n<li style=\"text-align: justify;\"><strong>Desembre-gener<\/strong>: obertura de formulari web per poder fer la inscripci\u00f3 durant el termini establert.<\/li>\n<li style=\"text-align: justify;\"><strong>Febrer<\/strong>: valoraci\u00f3 dels candidats per part de l&#8217;equip docent, entrevistes personals per part del tribunal i valoraci\u00f3 de la documentaci\u00f3 lliurada.<\/li>\n<li style=\"text-align: justify;\"><strong>4 de mar\u00e7<\/strong>: Valoraci\u00f3 final per suma ponderada dels resultats obtinguts, i publicaci\u00f3 del llistat d&#8217;alumnat seleccionat en Grau Superior.<\/li>\n<li style=\"text-align: justify;\"><strong>22 de mar\u00e7:<\/strong> Valoraci\u00f3 final per suma ponderada dels resultats obtinguts, i publicaci\u00f3 del llistat d&#8217;alumnat seleccionat en Grau Mitj\u00e0.<\/li>\n<\/ul>\n<hr \/>\n<h5>Recursos<\/h5>\n<ul>\n<li><a href=\"https:\/\/drive.google.com\/file\/d\/1nhnBJ2sSkaMtu1CPjfjQQOPc-YJrtuvZ\/view?usp=drive_link\" target=\"_blank\" rel=\"noopener\">Presentaci\u00f3 mobilitat Erasmus 23-24<\/a><\/li>\n<li><a href=\"https:\/\/drive.google.com\/file\/d\/1GFCtsRA1qF_6R3qNYLVOeOql72srmsym\/view?usp=sharing\" target=\"_blank\" rel=\"noopener\">Europass CV and video applying for Erasmus.<\/a><\/li>\n<\/ul>\n<p style=\"text-align: justify;\">Si tens dubtes de com fer el CV i el v\u00eddeo pots consultar les presentacions anteriors i demanar ajuda al teu tutor\/a i\/o professor\/a de FOL i EIE, o Angl\u00e8s T\u00e8cnic.<\/p>\n<hr \/>\n<h4><a id=\"anc_professorat\"><\/a>2. PROFESSORAT<\/h4>\n<p style=\"text-align: justify;\">Vols apuntar-te a un Erasmus per aquest curs? Com a acompanyant o com a staff. <span style=\"font-family: arial, sans-serif;\">Tot el professorat que vulgui participar ha d&#8217;omplir el formulari de sota per acompanyant o staff abans que finalitzi la data l\u00edmit d&#8217;inscripci\u00f3.<\/span><\/p>\n<p><strong>Data l\u00edmit d&#8217;inscripci\u00f3: \u00daltim dia laborable de gener<\/strong><\/p>\n<hr \/>\n<h5 dir=\"ltr\">Formularis<\/h5>\n<p><strong>:: ACOMPANYANT ::<\/strong><\/p>\n<p dir=\"ltr\"><a href=\"https:\/\/docs.google.com\/forms\/d\/e\/1FAIpQLSdbUAo8vL3jU8uz09d1MZ20hnC4IIzIptER82F4xQ7OTlZjGQ\/viewform\" target=\"_blank\" rel=\"noopener\"><span style=\"font-family: arial, sans-serif;\">FORMULARI D&#8217;INSCRIPCI\u00d3 PROFESSORAT ACOMPANYANT\u00a0<\/span><\/a><\/p>\n<p><strong>:: STAFF ::<\/strong><\/p>\n<p dir=\"ltr\"><a href=\"https:\/\/docs.google.com\/forms\/d\/e\/1FAIpQLSdoebju0wFAYFyMDQVecal4_D0z4KAJn2GHiRIU67nnBkB7lg\/viewform?usp=sf_link\" target=\"_blank\" rel=\"noopener\"><span style=\"font-family: arial, sans-serif;\">FORMULARI D&#8217;INSCRIPCI\u00d3 STAFF\u00a0<\/span><\/a><\/p>\n<hr \/>\n<h5 dir=\"ltr\">Convocat\u00f2ries<\/h5>\n<p><strong>:: ACOMPANYANT ::<\/strong><\/p>\n<p><a href=\"https:\/\/docs.google.com\/document\/d\/1Y-OXHUujXr_cHG0z_X5nM8Of86ACpHbx1Wc4X9ExILI\/edit?usp=sharing\" target=\"_blank\" rel=\"noopener\"><span style=\"font-family: arial, sans-serif;\">DOCUMENT CONVOCAT\u00d2RIA ACOMPANYANT<\/span><\/a><\/p>\n<p dir=\"ltr\"><strong><span style=\"color: #000000;\">:: STAFF ::<\/span><\/strong><b><br \/>\n<\/b><\/p>\n<p dir=\"ltr\"><a href=\"https:\/\/docs.google.com\/document\/d\/1IGBWydMLH6YFKFQH9k5n15zDWADuNmk2\/edit?usp=sharing&amp;ouid=112315580875759813809&amp;rtpof=true&amp;sd=true\" target=\"_blank\" rel=\"noopener\"><span style=\"font-family: arial, sans-serif;\">D<\/span><span style=\"font-family: arial, sans-serif;\">OCUMENT CONVOCAT\u00d2RIA STAFF<\/span><\/a><\/p>\n<hr \/>\n<p style=\"text-align: right;\"><a href=\"https:\/\/agora.xtec.cat\/inslacetania\/wp-content\/uploads\/usu1045\/2016\/11\/EU-flag-Erasmus-e1478460285882.jpg\"><img loading=\"lazy\" decoding=\"async\" class=\"alignnone size-medium wp-image-618\" src=\"https:\/\/agora.xtec.cat\/inslacetania\/wp-content\/uploads\/usu1045\/2016\/11\/EU-flag-Erasmus-300x86.jpg\" alt=\"\" width=\"300\" height=\"86\" \/><\/a><\/p>\n","protected":false},"excerpt":{"rendered":"<p>MOBILITATS INTERNACIONALS. CURS 23-24. Alumnat Professorat 1. ALUMNAT Vols apuntar-te a un Erasmus per aquest curs?\u00a0Tot l&#8217;alumnat que vulgui participar ha d&#8217;omplir el formulari de sota per grau mitj\u00e0 o superior abans que finalitzi la data l\u00edmit d&#8217;inscripci\u00f3. Data l\u00edmit d&#8217;inscripci\u00f3: \u00daltim dia laborable de gener Formularis :: GRAU MITJ\u00c0 :: FORMULARI D&#8217;INSCRIPCI\u00d3 GRAU MITJ\u00c0\u00a0 [&hellip;]<\/p>\n","protected":false},"author":4,"featured_media":0,"parent":3812,"menu_order":10,"comment_status":"closed","ping_status":"closed","template":"page-templates\/side-menu.php","meta":{"_bbp_topic_count":0,"_bbp_reply_count":0,"_bbp_total_topic_count":0,"_bbp_total_reply_count":0,"_bbp_voice_count":0,"_bbp_anonymous_reply_count":0,"_bbp_topic_count_hidden":0,"_bbp_reply_count_hidden":0,"_bbp_forum_subforum_count":0,"site-sidebar-layout":"default","site-content-layout":"","ast-site-content-layout":"","site-content-style":"default","site-sidebar-style":"default","ast-global-header-display":"","ast-banner-title-visibility":"","ast-main-header-display":"","ast-hfb-above-header-display":"","ast-hfb-below-header-display":"","ast-hfb-mobile-header-display":"","site-post-title":"","ast-breadcrumbs-content":"","ast-featured-img":"","footer-sml-layout":"","theme-transparent-header-meta":"","adv-header-id-meta":"","stick-header-meta":"","header-above-stick-meta":"","header-main-stick-meta":"","header-below-stick-meta":"","astra-migrate-meta-layouts":"default","ast-page-background-enabled":"default","ast-page-background-meta":{"desktop":{"background-color":"var(--ast-global-color-4)","background-image":"","background-repeat":"repeat","background-position":"center center","background-size":"auto","background-attachment":"scroll","background-type":"","background-media":"","overlay-type":"","overlay-color":"","overlay-opacity":"","overlay-gradient":""},"tablet":{"background-color":"","background-image":"","background-repeat":"repeat","background-position":"center center","background-size":"auto","background-attachment":"scroll","background-type":"","background-media":"","overlay-type":"","overlay-color":"","overlay-opacity":"","overlay-gradient":""},"mobile":{"background-color":"","background-image":"","background-repeat":"repeat","background-position":"center center","background-size":"auto","background-attachment":"scroll","background-type":"","background-media":"","overlay-type":"","overlay-color":"","overlay-opacity":"","overlay-gradient":""}},"ast-content-background-meta":{"desktop":{"background-color":"var(--ast-global-color-5)","background-image":"","background-repeat":"repeat","background-position":"center center","background-size":"auto","background-attachment":"scroll","background-type":"","background-media":"","overlay-type":"","overlay-color":"","overlay-opacity":"","overlay-gradient":""},"tablet":{"background-color":"var(--ast-global-color-5)","background-image":"","background-repeat":"repeat","background-position":"center center","background-size":"auto","background-attachment":"scroll","background-type":"","background-media":"","overlay-type":"","overlay-color":"","overlay-opacity":"","overlay-gradient":""},"mobile":{"background-color":"var(--ast-global-color-5)","background-image":"","background-repeat":"repeat","background-position":"center center","background-size":"auto","background-attachment":"scroll","background-type":"","background-media":"","overlay-type":"","overlay-color":"","overlay-opacity":"","overlay-gradient":""}},"footnotes":""},"class_list":["post-12550","page","type-page","status-publish","hentry"],"post_mailing_queue_ids":[],"_links":{"self":[{"href":"https:\/\/agora.xtec.cat\/inslacetania\/wp-json\/wp\/v2\/pages\/12550","targetHints":{"allow":["GET"]}}],"collection":[{"href":"https:\/\/agora.xtec.cat\/inslacetania\/wp-json\/wp\/v2\/pages"}],"about":[{"href":"https:\/\/agora.xtec.cat\/inslacetania\/wp-json\/wp\/v2\/types\/page"}],"author":[{"embeddable":true,"href":"https:\/\/agora.xtec.cat\/inslacetania\/wp-json\/wp\/v2\/users\/4"}],"replies":[{"embeddable":true,"href":"https:\/\/agora.xtec.cat\/inslacetania\/wp-json\/wp\/v2\/comments?post=12550"}],"version-history":[{"count":7,"href":"https:\/\/agora.xtec.cat\/inslacetania\/wp-json\/wp\/v2\/pages\/12550\/revisions"}],"predecessor-version":[{"id":20790,"href":"https:\/\/agora.xtec.cat\/inslacetania\/wp-json\/wp\/v2\/pages\/12550\/revisions\/20790"}],"up":[{"embeddable":true,"href":"https:\/\/agora.xtec.cat\/inslacetania\/wp-json\/wp\/v2\/pages\/3812"}],"wp:attachment":[{"href":"https:\/\/agora.xtec.cat\/inslacetania\/wp-json\/wp\/v2\/media?parent=12550"}],"curies":[{"name":"wp","href":"https:\/\/api.w.org\/{rel}","templated":true}]}}