{"id":12445,"date":"2021-11-16T11:02:29","date_gmt":"2021-11-16T10:02:29","guid":{"rendered":"https:\/\/agora.xtec.cat\/inslacetania\/?page_id=12445"},"modified":"2022-05-09T18:26:18","modified_gmt":"2022-05-09T16:26:18","slug":"qualitat","status":"publish","type":"page","link":"https:\/\/agora.xtec.cat\/inslacetania\/projectes\/qualitat\/","title":{"rendered":"Qualitat"},"content":{"rendered":"<p style=\"text-align: justify;\">A l&#8217;Institut Lacet\u00e0nia estem compromesos amb la Qualitat des de l&#8217;inici de l&#8217;aplicaci\u00f3 dels Sistemes de Gesti\u00f3 de la Qualitat als centres educatius a finals dels anys 1.990. De fet, la <a href=\"https:\/\/agora.xtec.cat\/inslacetania\/wp-content\/uploads\/usu1045\/2021\/11\/I-Jornada-de-qualitat-a-lensenyament-Lacetania.png\" target=\"_blank\" rel=\"noopener\">primera jornada de Qualitat a l&#8217;Ensenyament<\/a> es va celebrar al nostre institut l&#8217;any 1.998 i poc despr\u00e9s, el 2.002, vam obtenir el certificat ISO 9001, convertint-nos d&#8217;aquesta manera en el <a href=\"https:\/\/www.ccma.cat\/324\/linstitut-lacetania-obte-el-certificat-de-qualitat-iso-9001\/noticia\/15486\/\" target=\"_blank\" rel=\"noopener\">primer centre catal\u00e0 en ser acreditat<\/a>.<\/p>\n<p><a href=\"https:\/\/agora.xtec.cat\/inslacetania\/wp-content\/uploads\/usu1045\/2022\/05\/1rcertificat-ISO_page-0001.jpg\"><img loading=\"lazy\" decoding=\"async\" class=\"marc aligncenter wp-image-14081\" src=\"https:\/\/agora.xtec.cat\/inslacetania\/wp-content\/uploads\/usu1045\/2022\/05\/1rcertificat-ISO_page-0001.jpg\" alt=\"\" width=\"400\" height=\"566\" srcset=\"https:\/\/agora.xtec.cat\/inslacetania\/wp-content\/uploads\/usu1045\/2022\/05\/1rcertificat-ISO_page-0001.jpg 1240w, https:\/\/agora.xtec.cat\/inslacetania\/wp-content\/uploads\/usu1045\/2022\/05\/1rcertificat-ISO_page-0001-212x300.jpg 212w, https:\/\/agora.xtec.cat\/inslacetania\/wp-content\/uploads\/usu1045\/2022\/05\/1rcertificat-ISO_page-0001-724x1024.jpg 724w, https:\/\/agora.xtec.cat\/inslacetania\/wp-content\/uploads\/usu1045\/2022\/05\/1rcertificat-ISO_page-0001-768x1087.jpg 768w, https:\/\/agora.xtec.cat\/inslacetania\/wp-content\/uploads\/usu1045\/2022\/05\/1rcertificat-ISO_page-0001-1085x1536.jpg 1085w\" sizes=\"auto, (max-width: 400px) 100vw, 400px\" \/><\/a><\/p>\n<p style=\"text-align: justify;\">El comprom\u00eds amb la Qualitat de Lacet\u00e0nia per\u00f2 ja venia d&#8217;abans ja que un dels eixos b\u00e0sics en la nostra gesti\u00f3 sempre ha estat oferir una formaci\u00f3 d&#8217;excel\u00b7l\u00e8ncia al nostre alumnat i intentar millorar-la cada dia. Aquesta vocaci\u00f3, el nostre per qu\u00e8 fem el qu\u00e8 fem, es va aliniar amb el llavors nou eix de treball del Departament i a l&#8217;institut ens vam comen\u00e7ar a preparar molt aviat per acreditar-nos segons la norma. Despr\u00e9s d&#8217;una important tasca d&#8217;an\u00e0lisi, organitzaci\u00f3, s\u00edntesi i desenvolupament, la certificaci\u00f3 va arribar aquell any 2.002 i, a m\u00e9s, aquesta gran feina es va veure reconeguda i recompensada amb l&#8217;obtenci\u00f3 el mateix any del <a href=\"https:\/\/govern.cat\/salapremsa\/notes-premsa\/65194\/departament-densenyament-convoca-segona-edicio-dels-premis-catalunya-deducacio\" target=\"_blank\" rel=\"noopener\">Premi Catalunya d&#8217;Educaci\u00f3 en la categoria de Centres Docents<\/a>.<\/p>\n<p style=\"text-align: center;\"><a href=\"https:\/\/agora.xtec.cat\/inslacetania\/wp-content\/uploads\/usu1045\/2021\/11\/Q.jpg\"><img loading=\"lazy\" decoding=\"async\" class=\"aligncenter wp-image-12453\" src=\"https:\/\/agora.xtec.cat\/inslacetania\/wp-content\/uploads\/usu1045\/2021\/11\/Q-e1635880391724.jpg\" alt=\"\" width=\"200\" height=\"207\" \/><\/a><\/p>\n<p style=\"text-align: justify;\">Des de llavors, al centre no hem deixat de treballar i any darrera any hem anat revisant i millorant els nostres processos per adaptar-nos a les noves condicions de l&#8217;ensenyament. Prova d&#8217;aix\u00f2 \u00e9s la superaci\u00f3 amb \u00e8xit de les successives auditories de revisi\u00f3 i recertificaci\u00f3 que fa que en l&#8217;actualitat estem acreditats en l&#8217;\u00faltima versi\u00f3 de la norma, la ISO 9001:2015.<\/p>\n<p style=\"text-align: justify;\">La Qualitat \u00e9s per tant un dels eixos vertebradors de l&#8217;Institut i en el qual estem compromesos. De fet no entenem una altra forma de treballar que no sigui la de seguir el cam\u00ed de la Qualitat i de la Millora Cont\u00ednua.<\/p>\n","protected":false},"excerpt":{"rendered":"<p>A l&#8217;Institut Lacet\u00e0nia estem compromesos amb la Qualitat des de l&#8217;inici de l&#8217;aplicaci\u00f3 dels Sistemes de Gesti\u00f3 de la Qualitat als centres educatius a finals dels anys 1.990. De fet, la primera jornada de Qualitat a l&#8217;Ensenyament es va celebrar al nostre institut l&#8217;any 1.998 i poc despr\u00e9s, el 2.002, vam obtenir el certificat ISO [&hellip;]<\/p>\n","protected":false},"author":4,"featured_media":0,"parent":514,"menu_order":40,"comment_status":"closed","ping_status":"closed","template":"page-templates\/side-menu.php","meta":{"_bbp_topic_count":0,"_bbp_reply_count":0,"_bbp_total_topic_count":0,"_bbp_total_reply_count":0,"_bbp_voice_count":0,"_bbp_anonymous_reply_count":0,"_bbp_topic_count_hidden":0,"_bbp_reply_count_hidden":0,"_bbp_forum_subforum_count":0,"site-sidebar-layout":"default","site-content-layout":"","ast-site-content-layout":"","site-content-style":"default","site-sidebar-style":"default","ast-global-header-display":"","ast-banner-title-visibility":"","ast-main-header-display":"","ast-hfb-above-header-display":"","ast-hfb-below-header-display":"","ast-hfb-mobile-header-display":"","site-post-title":"","ast-breadcrumbs-content":"","ast-featured-img":"","footer-sml-layout":"","theme-transparent-header-meta":"","adv-header-id-meta":"","stick-header-meta":"","header-above-stick-meta":"","header-main-stick-meta":"","header-below-stick-meta":"","astra-migrate-meta-layouts":"default","ast-page-background-enabled":"default","ast-page-background-meta":{"desktop":{"background-color":"var(--ast-global-color-4)","background-image":"","background-repeat":"repeat","background-position":"center center","background-size":"auto","background-attachment":"scroll","background-type":"","background-media":"","overlay-type":"","overlay-color":"","overlay-opacity":"","overlay-gradient":""},"tablet":{"background-color":"","background-image":"","background-repeat":"repeat","background-position":"center center","background-size":"auto","background-attachment":"scroll","background-type":"","background-media":"","overlay-type":"","overlay-color":"","overlay-opacity":"","overlay-gradient":""},"mobile":{"background-color":"","background-image":"","background-repeat":"repeat","background-position":"center center","background-size":"auto","background-attachment":"scroll","background-type":"","background-media":"","overlay-type":"","overlay-color":"","overlay-opacity":"","overlay-gradient":""}},"ast-content-background-meta":{"desktop":{"background-color":"var(--ast-global-color-5)","background-image":"","background-repeat":"repeat","background-position":"center center","background-size":"auto","background-attachment":"scroll","background-type":"","background-media":"","overlay-type":"","overlay-color":"","overlay-opacity":"","overlay-gradient":""},"tablet":{"background-color":"var(--ast-global-color-5)","background-image":"","background-repeat":"repeat","background-position":"center center","background-size":"auto","background-attachment":"scroll","background-type":"","background-media":"","overlay-type":"","overlay-color":"","overlay-opacity":"","overlay-gradient":""},"mobile":{"background-color":"var(--ast-global-color-5)","background-image":"","background-repeat":"repeat","background-position":"center center","background-size":"auto","background-attachment":"scroll","background-type":"","background-media":"","overlay-type":"","overlay-color":"","overlay-opacity":"","overlay-gradient":""}},"footnotes":""},"class_list":["post-12445","page","type-page","status-publish","hentry"],"post_mailing_queue_ids":[],"_links":{"self":[{"href":"https:\/\/agora.xtec.cat\/inslacetania\/wp-json\/wp\/v2\/pages\/12445","targetHints":{"allow":["GET"]}}],"collection":[{"href":"https:\/\/agora.xtec.cat\/inslacetania\/wp-json\/wp\/v2\/pages"}],"about":[{"href":"https:\/\/agora.xtec.cat\/inslacetania\/wp-json\/wp\/v2\/types\/page"}],"author":[{"embeddable":true,"href":"https:\/\/agora.xtec.cat\/inslacetania\/wp-json\/wp\/v2\/users\/4"}],"replies":[{"embeddable":true,"href":"https:\/\/agora.xtec.cat\/inslacetania\/wp-json\/wp\/v2\/comments?post=12445"}],"version-history":[{"count":3,"href":"https:\/\/agora.xtec.cat\/inslacetania\/wp-json\/wp\/v2\/pages\/12445\/revisions"}],"predecessor-version":[{"id":14099,"href":"https:\/\/agora.xtec.cat\/inslacetania\/wp-json\/wp\/v2\/pages\/12445\/revisions\/14099"}],"up":[{"embeddable":true,"href":"https:\/\/agora.xtec.cat\/inslacetania\/wp-json\/wp\/v2\/pages\/514"}],"wp:attachment":[{"href":"https:\/\/agora.xtec.cat\/inslacetania\/wp-json\/wp\/v2\/media?parent=12445"}],"curies":[{"name":"wp","href":"https:\/\/api.w.org\/{rel}","templated":true}]}}