{"id":12249,"date":"2021-10-07T13:40:56","date_gmt":"2021-10-07T11:40:56","guid":{"rendered":"https:\/\/agora.xtec.cat\/inslacetania\/?page_id=12249"},"modified":"2021-10-07T15:27:35","modified_gmt":"2021-10-07T13:27:35","slug":"el-raco-del-catala","status":"publish","type":"page","link":"https:\/\/agora.xtec.cat\/inslacetania\/recursos\/el-raco-del-catala\/","title":{"rendered":"El rac\u00f3 del catal\u00e0"},"content":{"rendered":"<p>Amb l&#8217;objectiu de millorar el nivell de llengua catalana de tots els membres de la nostra comunitat educativa, aix\u00ed com de fomentar el seu \u00fas, informem sobre alguns enlla\u00e7os.<\/p>\n<p><a href=\"https:\/\/agora.xtec.cat\/inslacetania\/wp-content\/uploads\/usu1045\/2021\/10\/catala-llengua.jpg\"><img loading=\"lazy\" decoding=\"async\" class=\"alignnone wp-image-12251\" src=\"https:\/\/agora.xtec.cat\/inslacetania\/wp-content\/uploads\/usu1045\/2021\/10\/catala-llengua.jpg\" alt=\"\" width=\"283\" height=\"163\" srcset=\"https:\/\/agora.xtec.cat\/inslacetania\/wp-content\/uploads\/usu1045\/2021\/10\/catala-llengua.jpg 360w, https:\/\/agora.xtec.cat\/inslacetania\/wp-content\/uploads\/usu1045\/2021\/10\/catala-llengua-300x173.jpg 300w\" sizes=\"auto, (max-width: 283px) 100vw, 283px\" \/><\/a><\/p>\n<h3>GENERALS<\/h3>\n<h5>El portal ling\u00fc\u00edstic de la Corporaci\u00f3 Catalana de Mitjans Audiovisuals<\/h5>\n<p>Molt complet (model de llengua, gram\u00e0tica, l\u00e8xic, convencions, \u00faltims canvis, &#8230;)<br \/>\nTamb\u00e9 enlla\u00e7os a altres lleng\u00fces<br \/>\n<a href=\"https:\/\/esadir.cat\/\" target=\"_blank\" rel=\"noopener\">https:\/\/esadir.cat\/<\/a><\/p>\n<h5>Consorci per a la Normalitzaci\u00f3 Ling\u00fc\u00edstica<\/h5>\n<p>Cursos, serveis, voluntariat<br \/>\n<a href=\"https:\/\/www.cpnl.cat\/xarxa\/cnlmontserrat\/\" target=\"_blank\" rel=\"noopener\">https:\/\/www.cpnl.cat\/xarxa\/cnlmontserrat\/<\/a><\/p>\n<h5>Softcatal\u00e0<\/h5>\n<p>Corrector, traductor, diccionaris, eines, aplicacions, ordinadors, m\u00f2bils<br \/>\n<a href=\"https:\/\/www.softcatala.org\/\" target=\"_blank\" rel=\"noopener\">https:\/\/www.softcatala.org\/<\/a><\/p>\n<h5>Plataforma per la llengua<\/h5>\n<p>Voluntariat, serveis, campanyes<br \/>\n<a href=\"https:\/\/www.notexcusis.cat\/\" target=\"_blank\" rel=\"noopener\">https:\/\/www.notexcusis.cat\/<\/a><br \/>\n<a href=\"https:\/\/www.plataforma-llengua.cat\/\" target=\"_blank\" rel=\"noopener\">https:\/\/www.plataforma-llengua.cat\/<\/a><\/p>\n<h5>Optimot<\/h5>\n<p>Consultes ling\u00fc\u00edstiques<br \/>\n<a href=\"https:\/\/aplicacions.llengua.gencat.cat\/llc\/AppJava\/index.html\" target=\"_blank\" rel=\"noopener\">https:\/\/aplicacions.llengua.gencat.cat\/llc\/AppJava\/index.html<\/a><\/p>\n<hr \/>\n<h3>Autoaprenentatge<\/h3>\n<h5>Departament d&#8217;Educaci\u00f3. Alumnat nouvingut<\/h5>\n<p>P\u00e0gina d\u2019autoaprenentage per a alumnat de Cicles Formatius o Batxillerat que ja no pot assistir a l\u2019Aula d\u2019Acollida, per\u00f2 que t\u00e9 mancances i vol aprendre catal\u00e0. Online o per imprimir.<br \/>\n<a href=\"http:\/\/xtec.gencat.cat\/ca\/projectes\/alumnat-origen-estranger\/alumnatnou\/materials\/\" target=\"_blank\" rel=\"noopener\">http:\/\/xtec.gencat.cat\/ca\/projectes\/alumnat-origen-estranger\/alumnatnou\/materials\/<\/a><\/p>\n<hr \/>\n<h3>DICCIONARIS<\/h3>\n<h5>Grup Enciclop\u00e8dia Catalana<\/h5>\n<p><a href=\"http:\/\/www.diccionari.cat\/\" target=\"_blank\" rel=\"noopener\">http:\/\/www.diccionari.cat\/<\/a><\/p>\n<h5>Institut d\u2019Estudis Catalans<\/h5>\n<p><a href=\"https:\/\/dlc.iec.cat\/\" target=\"_blank\" rel=\"noopener\">https:\/\/dlc.iec.cat\/<\/a><\/p>\n<hr \/>\n<h3>VOLUNTARIAT<\/h3>\n<h5>Voluntariat per la llengua<\/h5>\n<p>Programa que, des de 2009, posa en contacte ensenyants i aprenents<br \/>\n<a href=\"https:\/\/www.plataforma-llengua.cat\/voluntariatperlallengua\" target=\"_blank\" rel=\"noopener\">https:\/\/www.plataforma-llengua.cat\/voluntariatperlallengua<\/a><\/p>\n<h5>Aparella&#8217;t. Utilitza la llengua<\/h5>\n<p>Aplicaci\u00f3 gratu\u00efta per trobar parella ling\u00fc\u00edstica<br \/>\n<a href=\"http:\/\/www.apparellat.cat\/\" target=\"_blank\" rel=\"noopener\">http:\/\/www.apparellat.cat\/<\/a><\/p>\n<hr \/>\n<h3>TALLERS<\/h3>\n<h5>Tallers per a joves<\/h5>\n<p>Tallers adre\u00e7ats a joves per a fomentar l&#8217;\u00fas del catal\u00e0 a trav\u00e9s de la m\u00fasica i les noves tecnologies<br \/>\n<a href=\"https:\/\/www.plataforma-llengua.cat\/serveis-formacions\/tallers-joves\/\" target=\"_blank\" rel=\"noopener\">https:\/\/www.plataforma-llengua.cat\/serveis-formacions\/tallers-joves\/<\/a><\/p>\n<hr \/>\n<h3>CANALS DE YOUTUBE<\/h3>\n<h5>Canal Malaia<\/h5>\n<p>Plataforma digital amb contingut en catal\u00e0 a Internet. Promou la creaci\u00f3 de contingut en llengua catalana a la xarxa, amb un especial focus en el p\u00fablic adolescent i jove.<br \/>\n<a href=\"https:\/\/www.youtube.com\/channel\/UC-Z3S_8M0LEm3LiH7OiOjGQ\" target=\"_blank\" rel=\"noopener\">https:\/\/www.youtube.com\/channel\/UC-Z3S_8M0LEm3LiH7OiOjGQ<\/a><\/p>\n<h5>Plataforma per la Llengua<\/h5>\n<p>Propostes, informes, campanyes, &#8230;<br \/>\n<a href=\"https:\/\/www.youtube.com\/channel\/UCr_6TTko7tsq00mi0pZh9fA\" target=\"_blank\" rel=\"noopener\">https:\/\/www.youtube.com\/channel\/UCr_6TTko7tsq00mi0pZh9fA<\/a><\/p>\n<h5>Llengua Catalana<\/h5>\n<p>Tr\u00e0ilers i espots de cinema en catal\u00e0, materials audiovisuals per aprendre catal\u00e0, campanyes de difusi\u00f3 de l\u2019\u00fas de la llengua catalana, presentacions de dades i estudis en l&#8217;\u00e0mbit ling\u00fc\u00edstic i enregistraments d\u2019actes com lliuraments de premis, commemoracions o presentacions d\u2019eines i programes de Pol\u00edtica Ling\u00fc\u00edstica, entre d\u2019altres.<br \/>\n<a href=\"https:\/\/www.youtube.com\/user\/llengua\" target=\"_blank\" rel=\"noopener\">https:\/\/www.youtube.com\/user\/llengua<\/a><\/p>\n<hr \/>\n<h3>INSTAGRAM<\/h3>\n<h5>Canal Malaia<\/h5>\n<p>Plataforma digital amb contingut en catal\u00e0 a Internet. Promou la creaci\u00f3 de contingut en llengua catalana a la xarxa, amb un especial focus en el p\u00fablic adolescent i jove.<br \/>\n<a href=\"https:\/\/www.instagram.com\/canalmalaia\/\" target=\"_blank\" rel=\"noopener\">https:\/\/www.instagram.com\/canalmalaia\/<\/a><\/p>\n","protected":false},"excerpt":{"rendered":"<p>Amb l&#8217;objectiu de millorar el nivell de llengua catalana de tots els membres de la nostra comunitat educativa, aix\u00ed com de fomentar el seu \u00fas, informem sobre alguns enlla\u00e7os. GENERALS El portal ling\u00fc\u00edstic de la Corporaci\u00f3 Catalana de Mitjans Audiovisuals Molt complet (model de llengua, gram\u00e0tica, l\u00e8xic, convencions, \u00faltims canvis, &#8230;) Tamb\u00e9 enlla\u00e7os a altres [&hellip;]<\/p>\n","protected":false},"author":4,"featured_media":0,"parent":3316,"menu_order":30,"comment_status":"closed","ping_status":"closed","template":"page-templates\/side-menu.php","meta":{"_bbp_topic_count":0,"_bbp_reply_count":0,"_bbp_total_topic_count":0,"_bbp_total_reply_count":0,"_bbp_voice_count":0,"_bbp_anonymous_reply_count":0,"_bbp_topic_count_hidden":0,"_bbp_reply_count_hidden":0,"_bbp_forum_subforum_count":0,"site-sidebar-layout":"default","site-content-layout":"","ast-site-content-layout":"","site-content-style":"default","site-sidebar-style":"default","ast-global-header-display":"","ast-banner-title-visibility":"","ast-main-header-display":"","ast-hfb-above-header-display":"","ast-hfb-below-header-display":"","ast-hfb-mobile-header-display":"","site-post-title":"","ast-breadcrumbs-content":"","ast-featured-img":"","footer-sml-layout":"","theme-transparent-header-meta":"","adv-header-id-meta":"","stick-header-meta":"","header-above-stick-meta":"","header-main-stick-meta":"","header-below-stick-meta":"","astra-migrate-meta-layouts":"default","ast-page-background-enabled":"default","ast-page-background-meta":{"desktop":{"background-color":"var(--ast-global-color-4)","background-image":"","background-repeat":"repeat","background-position":"center center","background-size":"auto","background-attachment":"scroll","background-type":"","background-media":"","overlay-type":"","overlay-color":"","overlay-opacity":"","overlay-gradient":""},"tablet":{"background-color":"","background-image":"","background-repeat":"repeat","background-position":"center center","background-size":"auto","background-attachment":"scroll","background-type":"","background-media":"","overlay-type":"","overlay-color":"","overlay-opacity":"","overlay-gradient":""},"mobile":{"background-color":"","background-image":"","background-repeat":"repeat","background-position":"center center","background-size":"auto","background-attachment":"scroll","background-type":"","background-media":"","overlay-type":"","overlay-color":"","overlay-opacity":"","overlay-gradient":""}},"ast-content-background-meta":{"desktop":{"background-color":"var(--ast-global-color-5)","background-image":"","background-repeat":"repeat","background-position":"center center","background-size":"auto","background-attachment":"scroll","background-type":"","background-media":"","overlay-type":"","overlay-color":"","overlay-opacity":"","overlay-gradient":""},"tablet":{"background-color":"var(--ast-global-color-5)","background-image":"","background-repeat":"repeat","background-position":"center center","background-size":"auto","background-attachment":"scroll","background-type":"","background-media":"","overlay-type":"","overlay-color":"","overlay-opacity":"","overlay-gradient":""},"mobile":{"background-color":"var(--ast-global-color-5)","background-image":"","background-repeat":"repeat","background-position":"center center","background-size":"auto","background-attachment":"scroll","background-type":"","background-media":"","overlay-type":"","overlay-color":"","overlay-opacity":"","overlay-gradient":""}},"footnotes":""},"class_list":["post-12249","page","type-page","status-publish","hentry"],"post_mailing_queue_ids":[],"_links":{"self":[{"href":"https:\/\/agora.xtec.cat\/inslacetania\/wp-json\/wp\/v2\/pages\/12249","targetHints":{"allow":["GET"]}}],"collection":[{"href":"https:\/\/agora.xtec.cat\/inslacetania\/wp-json\/wp\/v2\/pages"}],"about":[{"href":"https:\/\/agora.xtec.cat\/inslacetania\/wp-json\/wp\/v2\/types\/page"}],"author":[{"embeddable":true,"href":"https:\/\/agora.xtec.cat\/inslacetania\/wp-json\/wp\/v2\/users\/4"}],"replies":[{"embeddable":true,"href":"https:\/\/agora.xtec.cat\/inslacetania\/wp-json\/wp\/v2\/comments?post=12249"}],"version-history":[{"count":3,"href":"https:\/\/agora.xtec.cat\/inslacetania\/wp-json\/wp\/v2\/pages\/12249\/revisions"}],"predecessor-version":[{"id":12277,"href":"https:\/\/agora.xtec.cat\/inslacetania\/wp-json\/wp\/v2\/pages\/12249\/revisions\/12277"}],"up":[{"embeddable":true,"href":"https:\/\/agora.xtec.cat\/inslacetania\/wp-json\/wp\/v2\/pages\/3316"}],"wp:attachment":[{"href":"https:\/\/agora.xtec.cat\/inslacetania\/wp-json\/wp\/v2\/media?parent=12249"}],"curies":[{"name":"wp","href":"https:\/\/api.w.org\/{rel}","templated":true}]}}