{"id":12176,"date":"2021-09-30T08:53:02","date_gmt":"2021-09-30T06:53:02","guid":{"rendered":"https:\/\/agora.xtec.cat\/inslacetania\/?page_id=12176"},"modified":"2022-02-23T13:00:36","modified_gmt":"2022-02-23T12:00:36","slug":"secretaria-informacio-de-secretaria-sobre-el-sare","status":"publish","type":"page","link":"https:\/\/agora.xtec.cat\/inslacetania\/oficines\/informacio-de-secretaria-per-a-lalumnat\/secretaria-informacio-de-secretaria-sobre-el-sare\/","title":{"rendered":"Informaci\u00f3 de secretaria sobre el SARE (Servei d&#8217;assessorament i reconeixement de l&#8217;experi\u00e8ncia laboral)"},"content":{"rendered":"<h5><strong>Inscripci\u00f3 al Servei d&#8217;Assessorament i Reconeixement (SARE)<\/strong><\/h5>\n<h6>Termini: del 24 de febrer al 3 de mar\u00e7 de 2022<\/h6>\n<h6>Procediment:<\/h6>\n<div>1- Descarregueu i empleneu el document d&#8217;inscripci\u00f3.<\/div>\n<div>2- Efectueu el pagament clicant a aquest enlla\u00e7 i guardeu el justificant.<\/div>\n<div>3- Envieu el document d&#8217;inscripci\u00f3, el comprovant de pagament i la resta de documentaci\u00f3 requerida al correu: tramits@lacetania.cat<\/div>\n","protected":false},"excerpt":{"rendered":"<p>Inscripci\u00f3 al Servei d&#8217;Assessorament i Reconeixement (SARE) Termini: del 24 de febrer al 3 de mar\u00e7 de 2022 Procediment: 1- Descarregueu i empleneu el document d&#8217;inscripci\u00f3. 2- Efectueu el pagament clicant a aquest enlla\u00e7 i guardeu el justificant. 3- Envieu el document d&#8217;inscripci\u00f3, el comprovant de pagament i la resta de documentaci\u00f3 requerida al correu: [&hellip;]<\/p>\n","protected":false},"author":4,"featured_media":0,"parent":10993,"menu_order":90,"comment_status":"closed","ping_status":"closed","template":"page-templates\/side-menu.php","meta":{"_bbp_topic_count":0,"_bbp_reply_count":0,"_bbp_total_topic_count":0,"_bbp_total_reply_count":0,"_bbp_voice_count":0,"_bbp_anonymous_reply_count":0,"_bbp_topic_count_hidden":0,"_bbp_reply_count_hidden":0,"_bbp_forum_subforum_count":0,"site-sidebar-layout":"default","site-content-layout":"","ast-site-content-layout":"","site-content-style":"default","site-sidebar-style":"default","ast-global-header-display":"","ast-banner-title-visibility":"","ast-main-header-display":"","ast-hfb-above-header-display":"","ast-hfb-below-header-display":"","ast-hfb-mobile-header-display":"","site-post-title":"","ast-breadcrumbs-content":"","ast-featured-img":"","footer-sml-layout":"","theme-transparent-header-meta":"","adv-header-id-meta":"","stick-header-meta":"","header-above-stick-meta":"","header-main-stick-meta":"","header-below-stick-meta":"","astra-migrate-meta-layouts":"default","ast-page-background-enabled":"default","ast-page-background-meta":{"desktop":{"background-color":"var(--ast-global-color-4)","background-image":"","background-repeat":"repeat","background-position":"center center","background-size":"auto","background-attachment":"scroll","background-type":"","background-media":"","overlay-type":"","overlay-color":"","overlay-opacity":"","overlay-gradient":""},"tablet":{"background-color":"","background-image":"","background-repeat":"repeat","background-position":"center center","background-size":"auto","background-attachment":"scroll","background-type":"","background-media":"","overlay-type":"","overlay-color":"","overlay-opacity":"","overlay-gradient":""},"mobile":{"background-color":"","background-image":"","background-repeat":"repeat","background-position":"center center","background-size":"auto","background-attachment":"scroll","background-type":"","background-media":"","overlay-type":"","overlay-color":"","overlay-opacity":"","overlay-gradient":""}},"ast-content-background-meta":{"desktop":{"background-color":"var(--ast-global-color-5)","background-image":"","background-repeat":"repeat","background-position":"center center","background-size":"auto","background-attachment":"scroll","background-type":"","background-media":"","overlay-type":"","overlay-color":"","overlay-opacity":"","overlay-gradient":""},"tablet":{"background-color":"var(--ast-global-color-5)","background-image":"","background-repeat":"repeat","background-position":"center center","background-size":"auto","background-attachment":"scroll","background-type":"","background-media":"","overlay-type":"","overlay-color":"","overlay-opacity":"","overlay-gradient":""},"mobile":{"background-color":"var(--ast-global-color-5)","background-image":"","background-repeat":"repeat","background-position":"center center","background-size":"auto","background-attachment":"scroll","background-type":"","background-media":"","overlay-type":"","overlay-color":"","overlay-opacity":"","overlay-gradient":""}},"footnotes":""},"class_list":["post-12176","page","type-page","status-publish","hentry"],"post_mailing_queue_ids":[],"_links":{"self":[{"href":"https:\/\/agora.xtec.cat\/inslacetania\/wp-json\/wp\/v2\/pages\/12176","targetHints":{"allow":["GET"]}}],"collection":[{"href":"https:\/\/agora.xtec.cat\/inslacetania\/wp-json\/wp\/v2\/pages"}],"about":[{"href":"https:\/\/agora.xtec.cat\/inslacetania\/wp-json\/wp\/v2\/types\/page"}],"author":[{"embeddable":true,"href":"https:\/\/agora.xtec.cat\/inslacetania\/wp-json\/wp\/v2\/users\/4"}],"replies":[{"embeddable":true,"href":"https:\/\/agora.xtec.cat\/inslacetania\/wp-json\/wp\/v2\/comments?post=12176"}],"version-history":[{"count":5,"href":"https:\/\/agora.xtec.cat\/inslacetania\/wp-json\/wp\/v2\/pages\/12176\/revisions"}],"predecessor-version":[{"id":13420,"href":"https:\/\/agora.xtec.cat\/inslacetania\/wp-json\/wp\/v2\/pages\/12176\/revisions\/13420"}],"up":[{"embeddable":true,"href":"https:\/\/agora.xtec.cat\/inslacetania\/wp-json\/wp\/v2\/pages\/10993"}],"wp:attachment":[{"href":"https:\/\/agora.xtec.cat\/inslacetania\/wp-json\/wp\/v2\/media?parent=12176"}],"curies":[{"name":"wp","href":"https:\/\/api.w.org\/{rel}","templated":true}]}}