{"id":11971,"date":"2021-09-01T00:01:06","date_gmt":"2021-08-31T22:01:06","guid":{"rendered":"https:\/\/agora.xtec.cat\/inslacetania\/?page_id=11971"},"modified":"2024-03-05T23:09:52","modified_gmt":"2024-03-05T22:09:52","slug":"secretaria-matricula-pfi","status":"publish","type":"page","link":"https:\/\/agora.xtec.cat\/inslacetania\/oficines\/informacio-de-secretaria-per-a-lalumnat\/informacio-de-secretaria-per-a-lalumnat-dels-pfi\/secretaria-matricula-pfi\/","title":{"rendered":"Secretaria. Matr\u00edcula PFI."},"content":{"rendered":"<p><strong>Per\u00edode de matr\u00edcula: del 3 al 14 de juliol de 2023<\/strong><\/p>\n<p>L&#8217;alumnat adm\u00e8s al <em>PIP Auxiliar de muntatge d&#8217;instal\u00b7lacions el\u00e8ctriques i d&#8217;aigua i gas <\/em>ha de formalitzar la matr\u00edcula a les Oficines de l&#8217;Institut Lacet\u00e0nia, en horari de 10h a 14h, i en el termini establert.<\/p>\n<p>L&#8217;alumnat adm\u00e8s a un curs del PTT (<em>Aux. de perruqueria i est\u00e8tica, Aux, de fabricaci\u00f3 mec\u00e0nica i d&#8217;ajust i soldadura i Aux. de comercialitzaci\u00f3 de productes i log\u00edstica) <\/em>ha de formalitzar la matr\u00edcula a ProManresa (Casa Caritat) al carrer Verge de l&#8217;Alba 5-7 de Manresa, demanant cita pr\u00e8via al tel\u00e8fon 93 877 64 94. Cal formalitzar la matr\u00edcula en el terrmini establert.<\/p>\n","protected":false},"excerpt":{"rendered":"<p>Per\u00edode de matr\u00edcula: del 3 al 14 de juliol de 2023 L&#8217;alumnat adm\u00e8s al PIP Auxiliar de muntatge d&#8217;instal\u00b7lacions el\u00e8ctriques i d&#8217;aigua i gas ha de formalitzar la matr\u00edcula a les Oficines de l&#8217;Institut Lacet\u00e0nia, en horari de 10h a 14h, i en el termini establert. L&#8217;alumnat adm\u00e8s a un curs del PTT (Aux. de [&hellip;]<\/p>\n","protected":false},"author":4,"featured_media":0,"parent":11208,"menu_order":20,"comment_status":"closed","ping_status":"closed","template":"page-templates\/side-menu.php","meta":{"_bbp_topic_count":0,"_bbp_reply_count":0,"_bbp_total_topic_count":0,"_bbp_total_reply_count":0,"_bbp_voice_count":0,"_bbp_anonymous_reply_count":0,"_bbp_topic_count_hidden":0,"_bbp_reply_count_hidden":0,"_bbp_forum_subforum_count":0,"site-sidebar-layout":"default","site-content-layout":"","ast-site-content-layout":"","site-content-style":"default","site-sidebar-style":"default","ast-global-header-display":"","ast-banner-title-visibility":"","ast-main-header-display":"","ast-hfb-above-header-display":"","ast-hfb-below-header-display":"","ast-hfb-mobile-header-display":"","site-post-title":"","ast-breadcrumbs-content":"","ast-featured-img":"","footer-sml-layout":"","theme-transparent-header-meta":"","adv-header-id-meta":"","stick-header-meta":"","header-above-stick-meta":"","header-main-stick-meta":"","header-below-stick-meta":"","astra-migrate-meta-layouts":"default","ast-page-background-enabled":"default","ast-page-background-meta":{"desktop":{"background-color":"var(--ast-global-color-4)","background-image":"","background-repeat":"repeat","background-position":"center center","background-size":"auto","background-attachment":"scroll","background-type":"","background-media":"","overlay-type":"","overlay-color":"","overlay-opacity":"","overlay-gradient":""},"tablet":{"background-color":"","background-image":"","background-repeat":"repeat","background-position":"center center","background-size":"auto","background-attachment":"scroll","background-type":"","background-media":"","overlay-type":"","overlay-color":"","overlay-opacity":"","overlay-gradient":""},"mobile":{"background-color":"","background-image":"","background-repeat":"repeat","background-position":"center center","background-size":"auto","background-attachment":"scroll","background-type":"","background-media":"","overlay-type":"","overlay-color":"","overlay-opacity":"","overlay-gradient":""}},"ast-content-background-meta":{"desktop":{"background-color":"var(--ast-global-color-5)","background-image":"","background-repeat":"repeat","background-position":"center center","background-size":"auto","background-attachment":"scroll","background-type":"","background-media":"","overlay-type":"","overlay-color":"","overlay-opacity":"","overlay-gradient":""},"tablet":{"background-color":"var(--ast-global-color-5)","background-image":"","background-repeat":"repeat","background-position":"center center","background-size":"auto","background-attachment":"scroll","background-type":"","background-media":"","overlay-type":"","overlay-color":"","overlay-opacity":"","overlay-gradient":""},"mobile":{"background-color":"var(--ast-global-color-5)","background-image":"","background-repeat":"repeat","background-position":"center center","background-size":"auto","background-attachment":"scroll","background-type":"","background-media":"","overlay-type":"","overlay-color":"","overlay-opacity":"","overlay-gradient":""}},"footnotes":""},"class_list":["post-11971","page","type-page","status-publish","hentry"],"post_mailing_queue_ids":[],"_links":{"self":[{"href":"https:\/\/agora.xtec.cat\/inslacetania\/wp-json\/wp\/v2\/pages\/11971","targetHints":{"allow":["GET"]}}],"collection":[{"href":"https:\/\/agora.xtec.cat\/inslacetania\/wp-json\/wp\/v2\/pages"}],"about":[{"href":"https:\/\/agora.xtec.cat\/inslacetania\/wp-json\/wp\/v2\/types\/page"}],"author":[{"embeddable":true,"href":"https:\/\/agora.xtec.cat\/inslacetania\/wp-json\/wp\/v2\/users\/4"}],"replies":[{"embeddable":true,"href":"https:\/\/agora.xtec.cat\/inslacetania\/wp-json\/wp\/v2\/comments?post=11971"}],"version-history":[{"count":4,"href":"https:\/\/agora.xtec.cat\/inslacetania\/wp-json\/wp\/v2\/pages\/11971\/revisions"}],"predecessor-version":[{"id":21501,"href":"https:\/\/agora.xtec.cat\/inslacetania\/wp-json\/wp\/v2\/pages\/11971\/revisions\/21501"}],"up":[{"embeddable":true,"href":"https:\/\/agora.xtec.cat\/inslacetania\/wp-json\/wp\/v2\/pages\/11208"}],"wp:attachment":[{"href":"https:\/\/agora.xtec.cat\/inslacetania\/wp-json\/wp\/v2\/media?parent=11971"}],"curies":[{"name":"wp","href":"https:\/\/api.w.org\/{rel}","templated":true}]}}