{"id":11904,"date":"2021-07-08T14:12:36","date_gmt":"2021-07-08T12:12:36","guid":{"rendered":"http:\/\/agora.xtec.cat\/inslacetania\/?page_id=11904"},"modified":"2023-07-20T22:04:17","modified_gmt":"2023-07-20T20:04:17","slug":"secretaria-matricula-cfgm","status":"publish","type":"page","link":"https:\/\/agora.xtec.cat\/inslacetania\/oficines\/informacio-de-secretaria-per-a-lalumnat\/informacio-de-secretaria-per-a-lalumnat-de-cfgm\/secretaria-matricula-cfgm\/","title":{"rendered":"Secretaria. Matr\u00edcula CFGM."},"content":{"rendered":"<p><strong>PER QUI HA TINGUT PLA\u00c7A A L&#8217;ACTE P\u00daBLIC DEL DIA 20\/07\/2023:<\/strong><\/p>\n<p>Termini de matr\u00edcula: <strong>del 20 al 21 de juliol<\/strong><\/p>\n<p>Procediment per realitzar la matr\u00edcula a CFGM:<\/p>\n<ol>\n<li>Llegiu el document <em><a href=\"https:\/\/drive.google.com\/file\/d\/1eFrU_7pe6UEsYHnZl4NhoVVseMxBGUqy\/view?usp=drive_link\">Instruccions de matr\u00edcula<\/a>\u00a0 \u00a0 \u00a0 \u00a0 \u00a0 \u00a0 \u00a0 \u00a0 \u00a0\u00a0<\/em><\/li>\n<li>Accediu al seg\u00fcent <a href=\"https:\/\/aplicacions.lacetania.cat\/matricula\/\">enlla\u00e7<\/a> per formalitzar la matr\u00edcula<em>.\u00a0<\/em><\/li>\n<\/ol>\n<p>Excepte per als cicles TM10 i TM20, si voleu utilitzar un armariet de lloguer que ofereix l&#8217;AMPA, descarregueu el <a href=\"https:\/\/drive.google.com\/file\/d\/1jSMtQMWm4V8tO_9pnK--mRvJ6upyZ4vs\/view?usp=sharing\" target=\"_blank\" rel=\"noopener\">document<\/a>.<\/p>\n<p><strong>Important:\u00a0<\/strong>per l&#8217;alumnat de 1r curs del cicle AG10 Gesti\u00f3 administrativa, s&#8217;ofereix la modalitat del <em>Pla d&#8217;impuls a les lleng\u00fces estrangeres<\/em>. Llegiu el <a href=\"https:\/\/drive.google.com\/file\/d\/18M9H1I63z6nxC54u_FlvhntXK9YOfvf6\/view?usp=sharing\" target=\"_blank\" rel=\"noopener\">document informatiu<\/a> i, en cas de NO voler optar per aquesta modalitat, cal que empleneu el <a href=\"https:\/\/drive.google.com\/file\/d\/1PckkLpHm2ujfnw0U3jZA3YMBNOSRR65_\/view?usp=sharing\" target=\"_blank\" rel=\"noopener\">document de ren\u00fancia<\/a> a l&#8217;esmentat Pla i l&#8217;envieu a: fp.cfgm@lacetania.cat<\/p>\n<p><span style=\"color: #000080;\">L&#8217;alumnat del cicle de <em>Gesti\u00f3 administrativa<\/em> que no renuncia al <em>Pla d&#8217;impuls a<\/em> <em>les<\/em> <em>lleng\u00fces<\/em> <em>estrangeres<\/em> es considerar\u00e0 que opta per aquesta modalitat.<\/span><\/p>\n<p>&nbsp;<\/p>\n<p>&nbsp;<\/p>\n<p>&nbsp;<\/p>\n<p>&nbsp;<\/p>\n<p>&nbsp;<\/p>\n<p>&nbsp;<\/p>\n","protected":false},"excerpt":{"rendered":"<p>PER QUI HA TINGUT PLA\u00c7A A L&#8217;ACTE P\u00daBLIC DEL DIA 20\/07\/2023: Termini de matr\u00edcula: del 20 al 21 de juliol Procediment per realitzar la matr\u00edcula a CFGM: Llegiu el document Instruccions de matr\u00edcula\u00a0 \u00a0 \u00a0 \u00a0 \u00a0 \u00a0 \u00a0 \u00a0 \u00a0\u00a0 Accediu al seg\u00fcent enlla\u00e7 per formalitzar la matr\u00edcula.\u00a0 Excepte per als cicles TM10 i [&hellip;]<\/p>\n","protected":false},"author":4,"featured_media":0,"parent":11073,"menu_order":20,"comment_status":"closed","ping_status":"closed","template":"page-templates\/side-menu.php","meta":{"_bbp_topic_count":0,"_bbp_reply_count":0,"_bbp_total_topic_count":0,"_bbp_total_reply_count":0,"_bbp_voice_count":0,"_bbp_anonymous_reply_count":0,"_bbp_topic_count_hidden":0,"_bbp_reply_count_hidden":0,"_bbp_forum_subforum_count":0,"site-sidebar-layout":"default","site-content-layout":"","ast-site-content-layout":"","site-content-style":"default","site-sidebar-style":"default","ast-global-header-display":"","ast-banner-title-visibility":"","ast-main-header-display":"","ast-hfb-above-header-display":"","ast-hfb-below-header-display":"","ast-hfb-mobile-header-display":"","site-post-title":"","ast-breadcrumbs-content":"","ast-featured-img":"","footer-sml-layout":"","theme-transparent-header-meta":"","adv-header-id-meta":"","stick-header-meta":"","header-above-stick-meta":"","header-main-stick-meta":"","header-below-stick-meta":"","astra-migrate-meta-layouts":"default","ast-page-background-enabled":"default","ast-page-background-meta":{"desktop":{"background-color":"var(--ast-global-color-4)","background-image":"","background-repeat":"repeat","background-position":"center center","background-size":"auto","background-attachment":"scroll","background-type":"","background-media":"","overlay-type":"","overlay-color":"","overlay-opacity":"","overlay-gradient":""},"tablet":{"background-color":"","background-image":"","background-repeat":"repeat","background-position":"center center","background-size":"auto","background-attachment":"scroll","background-type":"","background-media":"","overlay-type":"","overlay-color":"","overlay-opacity":"","overlay-gradient":""},"mobile":{"background-color":"","background-image":"","background-repeat":"repeat","background-position":"center center","background-size":"auto","background-attachment":"scroll","background-type":"","background-media":"","overlay-type":"","overlay-color":"","overlay-opacity":"","overlay-gradient":""}},"ast-content-background-meta":{"desktop":{"background-color":"var(--ast-global-color-5)","background-image":"","background-repeat":"repeat","background-position":"center center","background-size":"auto","background-attachment":"scroll","background-type":"","background-media":"","overlay-type":"","overlay-color":"","overlay-opacity":"","overlay-gradient":""},"tablet":{"background-color":"var(--ast-global-color-5)","background-image":"","background-repeat":"repeat","background-position":"center center","background-size":"auto","background-attachment":"scroll","background-type":"","background-media":"","overlay-type":"","overlay-color":"","overlay-opacity":"","overlay-gradient":""},"mobile":{"background-color":"var(--ast-global-color-5)","background-image":"","background-repeat":"repeat","background-position":"center center","background-size":"auto","background-attachment":"scroll","background-type":"","background-media":"","overlay-type":"","overlay-color":"","overlay-opacity":"","overlay-gradient":""}},"footnotes":""},"class_list":["post-11904","page","type-page","status-publish","hentry"],"post_mailing_queue_ids":[],"_links":{"self":[{"href":"https:\/\/agora.xtec.cat\/inslacetania\/wp-json\/wp\/v2\/pages\/11904","targetHints":{"allow":["GET"]}}],"collection":[{"href":"https:\/\/agora.xtec.cat\/inslacetania\/wp-json\/wp\/v2\/pages"}],"about":[{"href":"https:\/\/agora.xtec.cat\/inslacetania\/wp-json\/wp\/v2\/types\/page"}],"author":[{"embeddable":true,"href":"https:\/\/agora.xtec.cat\/inslacetania\/wp-json\/wp\/v2\/users\/4"}],"replies":[{"embeddable":true,"href":"https:\/\/agora.xtec.cat\/inslacetania\/wp-json\/wp\/v2\/comments?post=11904"}],"version-history":[{"count":4,"href":"https:\/\/agora.xtec.cat\/inslacetania\/wp-json\/wp\/v2\/pages\/11904\/revisions"}],"predecessor-version":[{"id":19371,"href":"https:\/\/agora.xtec.cat\/inslacetania\/wp-json\/wp\/v2\/pages\/11904\/revisions\/19371"}],"up":[{"embeddable":true,"href":"https:\/\/agora.xtec.cat\/inslacetania\/wp-json\/wp\/v2\/pages\/11073"}],"wp:attachment":[{"href":"https:\/\/agora.xtec.cat\/inslacetania\/wp-json\/wp\/v2\/media?parent=11904"}],"curies":[{"name":"wp","href":"https:\/\/api.w.org\/{rel}","templated":true}]}}