{"id":11832,"date":"2021-06-03T14:54:59","date_gmt":"2021-06-03T12:54:59","guid":{"rendered":"http:\/\/agora.xtec.cat\/inslacetania\/?page_id=11832"},"modified":"2024-06-11T14:21:03","modified_gmt":"2024-06-11T12:21:03","slug":"informacio-de-secretaria-sobre-beques-ajuts-transport-escolar","status":"publish","type":"page","link":"https:\/\/agora.xtec.cat\/inslacetania\/oficines\/informacio-de-secretaria-per-a-lalumnat\/informacio-de-secretaria-sobre-beques-ajuts-transport-escolar\/","title":{"rendered":"Informaci\u00f3 de secretaria sobre beques, ajuts i transport escolar."},"content":{"rendered":"<h5><span style=\"color: #000000;\"><strong>Convocat\u00f2ries del Ministeri d&#8217;Educaci\u00f3 i Formaci\u00f3 Professional<\/strong><\/span><\/h5>\n<h5><span style=\"color: #000000;\">\u00a0 \u00a0-Beques per a estudis post-obligatoris per al curs 2024-25 (Batxillerat , CFGM, CFGS):<\/span><\/h5>\n<p>Informaci\u00f3 general i sol\u00b7licitud a aquest <a href=\"https:\/\/www.becaseducacion.gob.es\/becas-y-ayudas.html\" target=\"_blank\" rel=\"noopener\">enlla\u00e7<\/a>.<\/p>\n<p>Termini de sol\u00b7licitud:\u00a0 <strong>del 19.03.24 a les 09.00 hores al 10.05.24 a les 15.00 hores,<\/strong><\/p>\n<h5>\u00a0<span style=\"color: #000000;\"> &#8211; Ajuts per a alumnat amb necessitat espec\u00edfica de suport educatiu per al curs 2024-25<\/span><\/h5>\n<p>Termini de sol\u00b7licitud: <strong>s&#8217;espera que es publiqui el mes de maig.<\/strong><\/p>\n<p>Podeu trobar tota la informaci\u00f3 <a href=\"https:\/\/www.becaseducacion.gob.es\/becas-y-ayudas\/ayudas-apoyo-educativo\/tipos-de-becas.html\">aqu\u00ed<\/a> i fer la sol\u00b7licitud.<\/p>\n<h5><span style=\"color: #000000;\"><strong>Convocat\u00f2ria de l&#8217;Ajuntament de Manresa: Ajuts per a material escolar i activitats de suport a la normalitzaci\u00f3 educativa per al curs 2024-25 pels alumnes de 4t ESO.<\/strong><\/span><\/h5>\n<p><span style=\"background-color: #00ffff;\">A partir del 21 de juny<\/span> es pot demanar cita pr\u00e8via per sol\u00b7licitar l&#8217;ajut. <strong>Totes les sol\u00b7licituds s&#8217;han de fer presencialment al Casal de Les Escodines<\/strong> (C\/ Sant Bartomeu, 50).<\/p>\n<p>Per demanar cita pr\u00e8via truqueu al tel\u00e8fon 93 875 24 85 o b\u00e9 clicant a aquest <a href=\"http:\/\/www.manresa.cat\/react\/citaprevia\/solicitud\/EDU\">enlla\u00e7<\/a>.<\/p>\n<p>Caldr\u00e0 portar la documentaci\u00f3 necess\u00e0ria original i vigent: llibre de fam\u00edlia, DNI o NIE o passaport de totes les persones que formen la unitat familiar i empadronades al domicili familiar.<\/p>\n<h5><strong><span style=\"color: #000000;\">Sol\u00b7licitud del servei escolar de transport del Consell Comarcal per al curs <span style=\"background-color: #ffffff;\">2024-2025.<\/span><\/span><\/strong><\/h5>\n<p>Per alumnat de continu\u00eftat d&#8217;ESO: del 27 de maig al 21 de juny de 2024.<\/p>\n<p>Per alumnat de nova matr\u00edcula d&#8217;ESO: del 27 de maig al 26 de juny de 2024.<\/p>\n<p>Per alumnat de post-obligatoris: del 27 de maig al 3 de juliol de 2024.<\/p>\n<p>Per persones adultes: del 27 de maig al 3 de juliol de 2024.<\/p>\n<p>Per m\u00e9s informaci\u00f3, manual i tr\u00e0mit de la sol\u00b7licitud cliqueu <a href=\"https:\/\/www.ccbages.cat\/educacioicultura\/educacio\/transport\/\" target=\"_blank\" rel=\"noopener\">aqu\u00ed<\/a>.<\/p>\n<p>&nbsp;<\/p>\n<p>&nbsp;<\/p>\n<p>&nbsp;<\/p>\n<p>&nbsp;<\/p>\n<p>&nbsp;<\/p>\n<p>&nbsp;<\/p>\n","protected":false},"excerpt":{"rendered":"<p>Convocat\u00f2ries del Ministeri d&#8217;Educaci\u00f3 i Formaci\u00f3 Professional \u00a0 \u00a0-Beques per a estudis post-obligatoris per al curs 2024-25 (Batxillerat , CFGM, CFGS): Informaci\u00f3 general i sol\u00b7licitud a aquest enlla\u00e7. Termini de sol\u00b7licitud:\u00a0 del 19.03.24 a les 09.00 hores al 10.05.24 a les 15.00 hores, \u00a0 &#8211; Ajuts per a alumnat amb necessitat espec\u00edfica de suport educatiu [&hellip;]<\/p>\n","protected":false},"author":4,"featured_media":0,"parent":10993,"menu_order":80,"comment_status":"closed","ping_status":"closed","template":"page-templates\/side-menu.php","meta":{"_bbp_topic_count":0,"_bbp_reply_count":0,"_bbp_total_topic_count":0,"_bbp_total_reply_count":0,"_bbp_voice_count":0,"_bbp_anonymous_reply_count":0,"_bbp_topic_count_hidden":0,"_bbp_reply_count_hidden":0,"_bbp_forum_subforum_count":0,"site-sidebar-layout":"default","site-content-layout":"","ast-site-content-layout":"","site-content-style":"default","site-sidebar-style":"default","ast-global-header-display":"","ast-banner-title-visibility":"","ast-main-header-display":"","ast-hfb-above-header-display":"","ast-hfb-below-header-display":"","ast-hfb-mobile-header-display":"","site-post-title":"","ast-breadcrumbs-content":"","ast-featured-img":"","footer-sml-layout":"","theme-transparent-header-meta":"","adv-header-id-meta":"","stick-header-meta":"","header-above-stick-meta":"","header-main-stick-meta":"","header-below-stick-meta":"","astra-migrate-meta-layouts":"default","ast-page-background-enabled":"default","ast-page-background-meta":{"desktop":{"background-color":"var(--ast-global-color-4)","background-image":"","background-repeat":"repeat","background-position":"center center","background-size":"auto","background-attachment":"scroll","background-type":"","background-media":"","overlay-type":"","overlay-color":"","overlay-opacity":"","overlay-gradient":""},"tablet":{"background-color":"","background-image":"","background-repeat":"repeat","background-position":"center center","background-size":"auto","background-attachment":"scroll","background-type":"","background-media":"","overlay-type":"","overlay-color":"","overlay-opacity":"","overlay-gradient":""},"mobile":{"background-color":"","background-image":"","background-repeat":"repeat","background-position":"center center","background-size":"auto","background-attachment":"scroll","background-type":"","background-media":"","overlay-type":"","overlay-color":"","overlay-opacity":"","overlay-gradient":""}},"ast-content-background-meta":{"desktop":{"background-color":"var(--ast-global-color-5)","background-image":"","background-repeat":"repeat","background-position":"center center","background-size":"auto","background-attachment":"scroll","background-type":"","background-media":"","overlay-type":"","overlay-color":"","overlay-opacity":"","overlay-gradient":""},"tablet":{"background-color":"var(--ast-global-color-5)","background-image":"","background-repeat":"repeat","background-position":"center center","background-size":"auto","background-attachment":"scroll","background-type":"","background-media":"","overlay-type":"","overlay-color":"","overlay-opacity":"","overlay-gradient":""},"mobile":{"background-color":"var(--ast-global-color-5)","background-image":"","background-repeat":"repeat","background-position":"center center","background-size":"auto","background-attachment":"scroll","background-type":"","background-media":"","overlay-type":"","overlay-color":"","overlay-opacity":"","overlay-gradient":""}},"footnotes":""},"class_list":["post-11832","page","type-page","status-publish","hentry"],"post_mailing_queue_ids":[],"_links":{"self":[{"href":"https:\/\/agora.xtec.cat\/inslacetania\/wp-json\/wp\/v2\/pages\/11832","targetHints":{"allow":["GET"]}}],"collection":[{"href":"https:\/\/agora.xtec.cat\/inslacetania\/wp-json\/wp\/v2\/pages"}],"about":[{"href":"https:\/\/agora.xtec.cat\/inslacetania\/wp-json\/wp\/v2\/types\/page"}],"author":[{"embeddable":true,"href":"https:\/\/agora.xtec.cat\/inslacetania\/wp-json\/wp\/v2\/users\/4"}],"replies":[{"embeddable":true,"href":"https:\/\/agora.xtec.cat\/inslacetania\/wp-json\/wp\/v2\/comments?post=11832"}],"version-history":[{"count":5,"href":"https:\/\/agora.xtec.cat\/inslacetania\/wp-json\/wp\/v2\/pages\/11832\/revisions"}],"predecessor-version":[{"id":22841,"href":"https:\/\/agora.xtec.cat\/inslacetania\/wp-json\/wp\/v2\/pages\/11832\/revisions\/22841"}],"up":[{"embeddable":true,"href":"https:\/\/agora.xtec.cat\/inslacetania\/wp-json\/wp\/v2\/pages\/10993"}],"wp:attachment":[{"href":"https:\/\/agora.xtec.cat\/inslacetania\/wp-json\/wp\/v2\/media?parent=11832"}],"curies":[{"name":"wp","href":"https:\/\/api.w.org\/{rel}","templated":true}]}}