{"id":11794,"date":"2021-05-30T17:41:20","date_gmt":"2021-05-30T15:41:20","guid":{"rendered":"http:\/\/agora.xtec.cat\/inslacetania\/?page_id=11794"},"modified":"2026-05-05T09:03:34","modified_gmt":"2026-05-05T07:03:34","slug":"informacio-de-secretaria-per-a-lalumnat-de-cefp","status":"publish","type":"page","link":"https:\/\/agora.xtec.cat\/inslacetania\/oficines\/informacio-de-secretaria-per-a-lalumnat\/informacio-de-secretaria-per-a-lalumnat-de-cefp\/","title":{"rendered":"CEFP. Informaci\u00f3 de secretaria per a l&#8217;alumnat."},"content":{"rendered":"<p><span style=\"font-size: 20px; font-weight: bold;\">Curs Especialitzaci\u00f3 en Fabricaci\u00f3 Intel\u00b7ligent. Secretaria. Preinscripci\u00f3, matr\u00edcula, llistats, calendari\u2026<\/span><\/p>\n<div class=\"entry-content\">\n<h5><img loading=\"lazy\" decoding=\"async\" class=\"alignleft\" src=\"http:\/\/agora.xtec.cat\/inslacetania\/wp-content\/uploads\/usu1045\/2017\/06\/anagrama_lacetania_02.png\" alt=\"anagrama_lacetania_02\" width=\"61\" height=\"46\" \/><\/h5>\n<p>Benvinguts i benvingudes al calendari de preinscripci\u00f3 i matr\u00edcula a\u00a0<strong>CURS D&#8217;ESPECIALITZACI\u00d3 EN FABRICACI\u00d3 INTEL\u00b7LIGENT <\/strong>per al curs 2025-2026!<\/p>\n<p>Aqu\u00ed podr\u00e0s trobar les dates clau d\u2019aquesta preinscripci\u00f3 i el seu enlla\u00e7 als documents i\/o proc\u00e9s que s\u2019aniran activant a mesura que es vagin publicant:<\/p>\n<table style=\"border-style: solid; border-color: #000000; width: 100%; height: 566px;\">\n<tbody>\n<tr style=\"height: 102px;\">\n<td style=\"height: 102px;\" colspan=\"2\"><a href=\"https:\/\/drive.google.com\/file\/d\/1Nlkr4N3etm0LvrpNcA2m9kA9kbY34fkn\/view?usp=sharing\"><strong>Document informatiu de preinscripci\u00f3 al Lacet\u00e0nia.<\/strong><\/a>M\u00e9s informaci\u00f3\u00a0 de la preinscripci\u00f3 a la web del <a href=\"https:\/\/preinscripcio.gencat.cat\/ca\/estudis\/cursos-especialitzacio-fp\/inici\/\">Departament d\u2019Educaci\u00f3<\/a><\/td>\n<\/tr>\n<tr style=\"height: 23px;\">\n<td style=\"height: 23px; border-style: solid; border-color: #000000;\"><strong>FASES DE LA PREINSCRIPCI\u00d3<\/strong><\/td>\n<td style=\"height: 23px; border-style: solid; border-color: #000000;\"><strong>DATE<\/strong><strong>S 2025<\/strong><\/td>\n<\/tr>\n<tr style=\"height: 23px;\">\n<td style=\"height: 23px; border-style: solid; border-color: #000000;\">Publicaci\u00f3 de l\u2019oferta inicial<\/td>\n<td style=\"height: 23px; border-style: solid; border-color: #000000;\">XX de juny<\/td>\n<\/tr>\n<tr style=\"height: 163px;\">\n<td style=\"height: 163px; border-style: solid; border-color: #000000;\">Codi de centre:\u00a0<strong>08020462<\/strong><strong>Presentaci\u00f3 i\/o modificaci\u00f3 de sol\u00b7licituds de\u00a0PREINSCRIPCI\u00d3 (presencial)<\/strong><\/p>\n<p>(recordeu llegir el Document informatiu de preinscripci\u00f3 al Lacet\u00e0nia, teniu l&#8217;enlla\u00e7 a l&#8217;inici)<\/td>\n<td style=\"height: 163px; border-style: solid; border-color: #000000;\"><strong>Del 25 de juny al 4 de juliol<\/strong><\/td>\n<\/tr>\n<tr style=\"height: 23px;\">\n<td style=\"height: 23px; border-style: solid; border-color: #000000;\">Publicaci\u00f3 de la llista de sol\u00b7licituds de preinscripci\u00f3 amb la puntuaci\u00f3 provisional<\/td>\n<td style=\"height: 23px; border-style: solid; border-color: #000000;\">XX de juliol<\/td>\n<\/tr>\n<tr style=\"height: 23px;\">\n<td style=\"height: 23px; border-style: solid; border-color: #000000;\">Termini per presentar reclamacions<\/td>\n<td style=\"height: 23px; border-style: solid; border-color: #000000;\">Del XX al XX de juliol<\/td>\n<\/tr>\n<tr style=\"height: 163px;\">\n<td style=\"height: 163px; border-style: solid; border-color: #000000;\">Publicaci\u00f3 de:<\/p>\n<ul>\n<li>llista de sol\u00b7licituds amb la puntuaci\u00f3 definitiva<\/li>\n<li>llista d&#8217;alumnes admesos<\/li>\n<\/ul>\n<\/td>\n<td style=\"height: 163px; border-style: solid; border-color: #000000;\">XX de juliol<\/td>\n<\/tr>\n<tr style=\"height: 23px;\">\n<td style=\"height: 23px; border-style: solid; border-color: #000000;\">MATR\u00cdCULA (presencial)<\/td>\n<td style=\"height: 23px; border-style: solid; border-color: #000000;\">Del XX al 25 de juliol<\/td>\n<\/tr>\n<tr style=\"height: 23px;\">\n<td style=\"height: 23px; border-style: solid; border-color: #000000;\">Gesti\u00f3 llista d&#8217;espera<\/td>\n<td style=\"height: 23px; border-style: solid; border-color: #000000;\">Del XX al XX de setembre<\/td>\n<\/tr>\n<\/tbody>\n<\/table>\n<\/div>\n","protected":false},"excerpt":{"rendered":"<p>Curs Especialitzaci\u00f3 en Fabricaci\u00f3 Intel\u00b7ligent. Secretaria. Preinscripci\u00f3, matr\u00edcula, llistats, calendari\u2026 Benvinguts i benvingudes al calendari de preinscripci\u00f3 i matr\u00edcula a\u00a0CURS D&#8217;ESPECIALITZACI\u00d3 EN FABRICACI\u00d3 INTEL\u00b7LIGENT per al curs 2025-2026! Aqu\u00ed podr\u00e0s trobar les dates clau d\u2019aquesta preinscripci\u00f3 i el seu enlla\u00e7 als documents i\/o proc\u00e9s que s\u2019aniran activant a mesura que es vagin publicant: Document informatiu [&hellip;]<\/p>\n","protected":false},"author":4,"featured_media":0,"parent":10993,"menu_order":60,"comment_status":"closed","ping_status":"closed","template":"","meta":{"_bbp_topic_count":0,"_bbp_reply_count":0,"_bbp_total_topic_count":0,"_bbp_total_reply_count":0,"_bbp_voice_count":0,"_bbp_anonymous_reply_count":0,"_bbp_topic_count_hidden":0,"_bbp_reply_count_hidden":0,"_bbp_forum_subforum_count":0,"site-sidebar-layout":"default","site-content-layout":"","ast-site-content-layout":"default","site-content-style":"default","site-sidebar-style":"default","ast-global-header-display":"","ast-banner-title-visibility":"","ast-main-header-display":"","ast-hfb-above-header-display":"","ast-hfb-below-header-display":"","ast-hfb-mobile-header-display":"","site-post-title":"","ast-breadcrumbs-content":"","ast-featured-img":"","footer-sml-layout":"","theme-transparent-header-meta":"","adv-header-id-meta":"","stick-header-meta":"","header-above-stick-meta":"","header-main-stick-meta":"","header-below-stick-meta":"","astra-migrate-meta-layouts":"set","ast-page-background-enabled":"default","ast-page-background-meta":{"desktop":{"background-color":"var(--ast-global-color-4)","background-image":"","background-repeat":"repeat","background-position":"center center","background-size":"auto","background-attachment":"scroll","background-type":"","background-media":"","overlay-type":"","overlay-color":"","overlay-opacity":"","overlay-gradient":""},"tablet":{"background-color":"","background-image":"","background-repeat":"repeat","background-position":"center center","background-size":"auto","background-attachment":"scroll","background-type":"","background-media":"","overlay-type":"","overlay-color":"","overlay-opacity":"","overlay-gradient":""},"mobile":{"background-color":"","background-image":"","background-repeat":"repeat","background-position":"center center","background-size":"auto","background-attachment":"scroll","background-type":"","background-media":"","overlay-type":"","overlay-color":"","overlay-opacity":"","overlay-gradient":""}},"ast-content-background-meta":{"desktop":{"background-color":"var(--ast-global-color-5)","background-image":"","background-repeat":"repeat","background-position":"center center","background-size":"auto","background-attachment":"scroll","background-type":"","background-media":"","overlay-type":"","overlay-color":"","overlay-opacity":"","overlay-gradient":""},"tablet":{"background-color":"var(--ast-global-color-5)","background-image":"","background-repeat":"repeat","background-position":"center center","background-size":"auto","background-attachment":"scroll","background-type":"","background-media":"","overlay-type":"","overlay-color":"","overlay-opacity":"","overlay-gradient":""},"mobile":{"background-color":"var(--ast-global-color-5)","background-image":"","background-repeat":"repeat","background-position":"center center","background-size":"auto","background-attachment":"scroll","background-type":"","background-media":"","overlay-type":"","overlay-color":"","overlay-opacity":"","overlay-gradient":""}},"footnotes":""},"class_list":["post-11794","page","type-page","status-publish","hentry"],"post_mailing_queue_ids":[],"_links":{"self":[{"href":"https:\/\/agora.xtec.cat\/inslacetania\/wp-json\/wp\/v2\/pages\/11794","targetHints":{"allow":["GET"]}}],"collection":[{"href":"https:\/\/agora.xtec.cat\/inslacetania\/wp-json\/wp\/v2\/pages"}],"about":[{"href":"https:\/\/agora.xtec.cat\/inslacetania\/wp-json\/wp\/v2\/types\/page"}],"author":[{"embeddable":true,"href":"https:\/\/agora.xtec.cat\/inslacetania\/wp-json\/wp\/v2\/users\/4"}],"replies":[{"embeddable":true,"href":"https:\/\/agora.xtec.cat\/inslacetania\/wp-json\/wp\/v2\/comments?post=11794"}],"version-history":[{"count":6,"href":"https:\/\/agora.xtec.cat\/inslacetania\/wp-json\/wp\/v2\/pages\/11794\/revisions"}],"predecessor-version":[{"id":29770,"href":"https:\/\/agora.xtec.cat\/inslacetania\/wp-json\/wp\/v2\/pages\/11794\/revisions\/29770"}],"up":[{"embeddable":true,"href":"https:\/\/agora.xtec.cat\/inslacetania\/wp-json\/wp\/v2\/pages\/10993"}],"wp:attachment":[{"href":"https:\/\/agora.xtec.cat\/inslacetania\/wp-json\/wp\/v2\/media?parent=11794"}],"curies":[{"name":"wp","href":"https:\/\/api.w.org\/{rel}","templated":true}]}}