{"id":11452,"date":"2021-05-30T17:47:07","date_gmt":"2021-05-30T15:47:07","guid":{"rendered":"http:\/\/agora.xtec.cat\/inslacetania\/?page_id=11452"},"modified":"2021-05-30T17:47:07","modified_gmt":"2021-05-30T15:47:07","slug":"fp-dual-experiencies-de-lalumnat","status":"publish","type":"page","link":"https:\/\/agora.xtec.cat\/inslacetania\/estudis\/fp\/fp-dual\/fp-dual-experiencies-de-lalumnat\/","title":{"rendered":"FP Dual. Experi\u00e8ncies de l&#8217;alumnat"},"content":{"rendered":"<p style=\"text-align: justify;\">Actualment estic cursant el cicle formatiu superior Manteniment Electr\u00f2nic i vaig iniciar la formaci\u00f3 DUAL l&#8217;Octubre de 2020. Com a alumne, el fet de poder treballar en una empresa mentre estic estudiant es una gran oportunitat, tant en l&#8217;\u00e0mbit de treball com de coneixement. La meva experi\u00e8ncia est\u00e0 essent molt positiva. A l&#8217;empresa sempre estan disposats a ensenyar-me tot el que sigui possible per\u00f2 tamb\u00e9 se m&#8217;exigeix responsabilitat i const\u00e0ncia en el treball, tot amb la voluntat d&#8217;ajudar-me a millorar. Adquireixes nous coneixements gr\u00e0cies a l&#8217;aplicaci\u00f3 de la tecnologia i aprens nous m\u00e8todes d&#8217;organitzaci\u00f3 en un entorn real. Tamb\u00e9 per\u00f2 has de desenvolupar d&#8217;altres aptituds com poden ser la capacitat de resoluci\u00f3 de problemes o l&#8217;aplicabilitat d&#8217;idees.<\/p>\n<p>Recomano la formaci\u00f3 DUAL a tot alumne amb motivaci\u00f3 d&#8217;iniciar-se en el m\u00f3n laboral.<\/p>\n<p><em>Arnau Guanyabens<\/em><\/p>\n<hr \/>\n<p style=\"text-align: justify;\">Actualment estic cursant el grau de manteniment electr\u00f2nic, i vaig iniciar la formaci\u00f3 DUAL l\u2019octubre del 2020. Treballar a una empresa del sector electr\u00f2nic que es el que estic estudiant i que estigui tant a prop de casa esta sent tot un luxe, ja que es pot combinar de meravella el fet de treballar i estudiar. Posar en pr\u00e0ctica el que aprens a classe es el mes reconfortant de tot.<\/p>\n<p style=\"text-align: justify;\">L\u2019estada a l\u2019empresa t\u2019ajuda molt a familiaritzar-te amb les eines, materials i coneixements que has vist a classe. Tamb\u00e9 comences a con\u00e8ixer empreses del sector, tant clients com prove\u00efdors. Relacionar-te amb els treballadors \u00e9s b\u00e0sic, igual que preguntar tot el que no saps fer, en el meu cas l\u2019experi\u00e8ncia es molt positiva, ja que sempre que he demanat ajuda me l\u2019han donat i de bon grat, des de ben a l\u2019inici ja et donen molta confian\u00e7a i si t\u2019equivoques et corregeixen i et diuen com ho has de fer, perqu\u00e8 no et torni a passar.<\/p>\n<p style=\"text-align: justify;\">Tamb\u00e9 ajuda que l\u2019empresa te una bona organitzaci\u00f3 i en prens exemple, l\u2019ordre es la clau perqu\u00e8 la feina surti ben feta.<\/p>\n<p style=\"text-align: justify;\">Penso que la formaci\u00f3 DUAL es el futur i animaria a tots els alumnes a entrar a una empresa per fer les practiques (normalment remunerades) per posar en pr\u00e0ctica totes les coses fetes a classe i aprendre\u2019n moltes de noves.<\/p>\n<p><em>Roger Garcia<\/em><\/p>\n<hr \/>\n<p>&nbsp;<\/p>\n<table style=\"width: 100%;\">\n<tbody>\n<tr>\n<td style=\"width: 47.0352%;\"><a href=\"https:\/\/agora.xtec.cat\/inslacetania\/wp-content\/uploads\/usu1045\/2021\/02\/DE_2l_vermell-LOGO-GENE-EDUCACIO-II.jpg\"><img loading=\"lazy\" decoding=\"async\" class=\"wp-image-10740 size-medium alignleft\" src=\"https:\/\/agora.xtec.cat\/inslacetania\/wp-content\/uploads\/usu1045\/2021\/02\/DE_2l_vermell-LOGO-GENE-EDUCACIO-II-300x49.jpg\" alt=\"\" width=\"300\" height=\"49\" srcset=\"https:\/\/agora.xtec.cat\/inslacetania\/wp-content\/uploads\/usu1045\/2021\/02\/DE_2l_vermell-LOGO-GENE-EDUCACIO-II-300x49.jpg 300w, https:\/\/agora.xtec.cat\/inslacetania\/wp-content\/uploads\/usu1045\/2021\/02\/DE_2l_vermell-LOGO-GENE-EDUCACIO-II-768x125.jpg 768w, https:\/\/agora.xtec.cat\/inslacetania\/wp-content\/uploads\/usu1045\/2021\/02\/DE_2l_vermell-LOGO-GENE-EDUCACIO-II.jpg 769w\" sizes=\"auto, (max-width: 300px) 100vw, 300px\" \/><\/a><\/td>\n<td style=\"width: 52.3618%;\"><a href=\"https:\/\/agora.xtec.cat\/inslacetania\/wp-content\/uploads\/usu1045\/2021\/02\/Logo-Ministeri-i-Fons.png\"><img loading=\"lazy\" decoding=\"async\" class=\"wp-image-10741 alignright\" src=\"https:\/\/agora.xtec.cat\/inslacetania\/wp-content\/uploads\/usu1045\/2021\/02\/Logo-Ministeri-i-Fons-300x37.png\" alt=\"\" width=\"397\" height=\"49\" srcset=\"https:\/\/agora.xtec.cat\/inslacetania\/wp-content\/uploads\/usu1045\/2021\/02\/Logo-Ministeri-i-Fons-300x37.png 300w, https:\/\/agora.xtec.cat\/inslacetania\/wp-content\/uploads\/usu1045\/2021\/02\/Logo-Ministeri-i-Fons.png 594w\" sizes=\"auto, (max-width: 397px) 100vw, 397px\" \/><\/a><\/td>\n<\/tr>\n<\/tbody>\n<\/table>\n","protected":false},"excerpt":{"rendered":"<p>Actualment estic cursant el cicle formatiu superior Manteniment Electr\u00f2nic i vaig iniciar la formaci\u00f3 DUAL l&#8217;Octubre de 2020. Com a alumne, el fet de poder treballar en una empresa mentre estic estudiant es una gran oportunitat, tant en l&#8217;\u00e0mbit de treball com de coneixement. La meva experi\u00e8ncia est\u00e0 essent molt positiva. A l&#8217;empresa sempre estan [&hellip;]<\/p>\n","protected":false},"author":4,"featured_media":0,"parent":10647,"menu_order":35,"comment_status":"closed","ping_status":"closed","template":"page-templates\/side-menu.php","meta":{"_bbp_topic_count":0,"_bbp_reply_count":0,"_bbp_total_topic_count":0,"_bbp_total_reply_count":0,"_bbp_voice_count":0,"_bbp_anonymous_reply_count":0,"_bbp_topic_count_hidden":0,"_bbp_reply_count_hidden":0,"_bbp_forum_subforum_count":0,"site-sidebar-layout":"default","site-content-layout":"","ast-site-content-layout":"","site-content-style":"default","site-sidebar-style":"default","ast-global-header-display":"","ast-banner-title-visibility":"","ast-main-header-display":"","ast-hfb-above-header-display":"","ast-hfb-below-header-display":"","ast-hfb-mobile-header-display":"","site-post-title":"","ast-breadcrumbs-content":"","ast-featured-img":"","footer-sml-layout":"","theme-transparent-header-meta":"","adv-header-id-meta":"","stick-header-meta":"","header-above-stick-meta":"","header-main-stick-meta":"","header-below-stick-meta":"","astra-migrate-meta-layouts":"default","ast-page-background-enabled":"default","ast-page-background-meta":{"desktop":{"background-color":"var(--ast-global-color-4)","background-image":"","background-repeat":"repeat","background-position":"center center","background-size":"auto","background-attachment":"scroll","background-type":"","background-media":"","overlay-type":"","overlay-color":"","overlay-opacity":"","overlay-gradient":""},"tablet":{"background-color":"","background-image":"","background-repeat":"repeat","background-position":"center center","background-size":"auto","background-attachment":"scroll","background-type":"","background-media":"","overlay-type":"","overlay-color":"","overlay-opacity":"","overlay-gradient":""},"mobile":{"background-color":"","background-image":"","background-repeat":"repeat","background-position":"center center","background-size":"auto","background-attachment":"scroll","background-type":"","background-media":"","overlay-type":"","overlay-color":"","overlay-opacity":"","overlay-gradient":""}},"ast-content-background-meta":{"desktop":{"background-color":"var(--ast-global-color-5)","background-image":"","background-repeat":"repeat","background-position":"center center","background-size":"auto","background-attachment":"scroll","background-type":"","background-media":"","overlay-type":"","overlay-color":"","overlay-opacity":"","overlay-gradient":""},"tablet":{"background-color":"var(--ast-global-color-5)","background-image":"","background-repeat":"repeat","background-position":"center center","background-size":"auto","background-attachment":"scroll","background-type":"","background-media":"","overlay-type":"","overlay-color":"","overlay-opacity":"","overlay-gradient":""},"mobile":{"background-color":"var(--ast-global-color-5)","background-image":"","background-repeat":"repeat","background-position":"center center","background-size":"auto","background-attachment":"scroll","background-type":"","background-media":"","overlay-type":"","overlay-color":"","overlay-opacity":"","overlay-gradient":""}},"footnotes":""},"class_list":["post-11452","page","type-page","status-publish","hentry"],"post_mailing_queue_ids":[],"_links":{"self":[{"href":"https:\/\/agora.xtec.cat\/inslacetania\/wp-json\/wp\/v2\/pages\/11452","targetHints":{"allow":["GET"]}}],"collection":[{"href":"https:\/\/agora.xtec.cat\/inslacetania\/wp-json\/wp\/v2\/pages"}],"about":[{"href":"https:\/\/agora.xtec.cat\/inslacetania\/wp-json\/wp\/v2\/types\/page"}],"author":[{"embeddable":true,"href":"https:\/\/agora.xtec.cat\/inslacetania\/wp-json\/wp\/v2\/users\/4"}],"replies":[{"embeddable":true,"href":"https:\/\/agora.xtec.cat\/inslacetania\/wp-json\/wp\/v2\/comments?post=11452"}],"version-history":[{"count":3,"href":"https:\/\/agora.xtec.cat\/inslacetania\/wp-json\/wp\/v2\/pages\/11452\/revisions"}],"predecessor-version":[{"id":11490,"href":"https:\/\/agora.xtec.cat\/inslacetania\/wp-json\/wp\/v2\/pages\/11452\/revisions\/11490"}],"up":[{"embeddable":true,"href":"https:\/\/agora.xtec.cat\/inslacetania\/wp-json\/wp\/v2\/pages\/10647"}],"wp:attachment":[{"href":"https:\/\/agora.xtec.cat\/inslacetania\/wp-json\/wp\/v2\/media?parent=11452"}],"curies":[{"name":"wp","href":"https:\/\/api.w.org\/{rel}","templated":true}]}}