{"id":11424,"date":"2021-04-20T19:06:09","date_gmt":"2021-04-20T17:06:09","guid":{"rendered":"http:\/\/agora.xtec.cat\/inslacetania\/?page_id=11424"},"modified":"2024-07-19T13:54:59","modified_gmt":"2024-07-19T11:54:59","slug":"cefp-en-fabricacio-intelligent-im01","status":"publish","type":"page","link":"https:\/\/agora.xtec.cat\/inslacetania\/estudis\/fp\/cursos-despecialitzacio-dfp\/cefp-en-fabricacio-intelligent-im01\/","title":{"rendered":"CEFP en Fabricaci\u00f3 intel\u00b7ligent \u2013 IM01"},"content":{"rendered":"<p>Fam\u00edlia professional: Instal\u00b7lacions i manteniment<\/p>\n<p style=\"text-align: center;\"><a href=\"https:\/\/agora.xtec.cat\/inslacetania\/wp-content\/uploads\/usu1045\/2021\/04\/smart-manufacturing-watch-industry.jpg\"><img loading=\"lazy\" decoding=\"async\" class=\"aligncenter wp-image-11429\" src=\"https:\/\/agora.xtec.cat\/inslacetania\/wp-content\/uploads\/usu1045\/2021\/04\/smart-manufacturing-watch-industry.jpg\" alt=\"\" width=\"450\" height=\"227\" srcset=\"https:\/\/agora.xtec.cat\/inslacetania\/wp-content\/uploads\/usu1045\/2021\/04\/smart-manufacturing-watch-industry.jpg 768w, https:\/\/agora.xtec.cat\/inslacetania\/wp-content\/uploads\/usu1045\/2021\/04\/smart-manufacturing-watch-industry-300x151.jpg 300w\" sizes=\"auto, (max-width: 450px) 100vw, 450px\" \/><\/a><\/p>\n<h4>Descripci\u00f3<\/h4>\n<p style=\"text-align: justify;\">Aquests estudis capaciten per desenvolupar i gestionar projectes d&#8217;adaptaci\u00f3 de processos productius, identificant els objectius de producci\u00f3, tenint en compte els indicadors clau de rendiment (IKA), i aplicant tecnologies avan\u00e7ades de control de la producci\u00f3 i els requeriments de qualitat i seguretat.<\/p>\n<p style=\"text-align: justify;\">La durada \u00e9s de 600 hores (429 en un centre educatiu i 171 en un centre de treball)<\/p>\n<h4>Continguts<\/h4>\n<ul>\n<li>Processos Productius Intel\u00b7ligents<\/li>\n<li>Metrologia i Instrumentaci\u00f3 Intel\u00b7ligent<\/li>\n<li>Entorns Connectats en Xarxa i Internet de les Coses<\/li>\n<li>Virtualitzaci\u00f3 de M\u00e0quines i Processos Productius<\/li>\n<li>Formaci\u00f3 en Centres de Treball<\/li>\n<\/ul>\n<h4>Principals ocupacions i llocs de treball<\/h4>\n<ul>\n<li>Expert o experta en sistemes de fabricaci\u00f3 intel\u00b7ligent<\/li>\n<\/ul>\n<h4>Horari<\/h4>\n<ul>\n<li>Sol ser 3 tardes de 15h a 21h (si es cursa dimecres, l&#8217;horari \u00e9s de 17:30h a 21:30h)<\/li>\n<\/ul>\n","protected":false},"excerpt":{"rendered":"<p>Fam\u00edlia professional: Instal\u00b7lacions i manteniment Descripci\u00f3 Aquests estudis capaciten per desenvolupar i gestionar projectes d&#8217;adaptaci\u00f3 de processos productius, identificant els objectius de producci\u00f3, tenint en compte els indicadors clau de rendiment (IKA), i aplicant tecnologies avan\u00e7ades de control de la producci\u00f3 i els requeriments de qualitat i seguretat. La durada \u00e9s de 600 hores (429 [&hellip;]<\/p>\n","protected":false},"author":4,"featured_media":0,"parent":11411,"menu_order":20,"comment_status":"closed","ping_status":"closed","template":"page-templates\/side-menu.php","meta":{"_bbp_topic_count":0,"_bbp_reply_count":0,"_bbp_total_topic_count":0,"_bbp_total_reply_count":0,"_bbp_voice_count":0,"_bbp_anonymous_reply_count":0,"_bbp_topic_count_hidden":0,"_bbp_reply_count_hidden":0,"_bbp_forum_subforum_count":0,"site-sidebar-layout":"default","site-content-layout":"","ast-site-content-layout":"","site-content-style":"default","site-sidebar-style":"default","ast-global-header-display":"","ast-banner-title-visibility":"","ast-main-header-display":"","ast-hfb-above-header-display":"","ast-hfb-below-header-display":"","ast-hfb-mobile-header-display":"","site-post-title":"","ast-breadcrumbs-content":"","ast-featured-img":"","footer-sml-layout":"","theme-transparent-header-meta":"","adv-header-id-meta":"","stick-header-meta":"","header-above-stick-meta":"","header-main-stick-meta":"","header-below-stick-meta":"","astra-migrate-meta-layouts":"default","ast-page-background-enabled":"default","ast-page-background-meta":{"desktop":{"background-color":"var(--ast-global-color-4)","background-image":"","background-repeat":"repeat","background-position":"center center","background-size":"auto","background-attachment":"scroll","background-type":"","background-media":"","overlay-type":"","overlay-color":"","overlay-opacity":"","overlay-gradient":""},"tablet":{"background-color":"","background-image":"","background-repeat":"repeat","background-position":"center center","background-size":"auto","background-attachment":"scroll","background-type":"","background-media":"","overlay-type":"","overlay-color":"","overlay-opacity":"","overlay-gradient":""},"mobile":{"background-color":"","background-image":"","background-repeat":"repeat","background-position":"center center","background-size":"auto","background-attachment":"scroll","background-type":"","background-media":"","overlay-type":"","overlay-color":"","overlay-opacity":"","overlay-gradient":""}},"ast-content-background-meta":{"desktop":{"background-color":"var(--ast-global-color-5)","background-image":"","background-repeat":"repeat","background-position":"center center","background-size":"auto","background-attachment":"scroll","background-type":"","background-media":"","overlay-type":"","overlay-color":"","overlay-opacity":"","overlay-gradient":""},"tablet":{"background-color":"var(--ast-global-color-5)","background-image":"","background-repeat":"repeat","background-position":"center center","background-size":"auto","background-attachment":"scroll","background-type":"","background-media":"","overlay-type":"","overlay-color":"","overlay-opacity":"","overlay-gradient":""},"mobile":{"background-color":"var(--ast-global-color-5)","background-image":"","background-repeat":"repeat","background-position":"center center","background-size":"auto","background-attachment":"scroll","background-type":"","background-media":"","overlay-type":"","overlay-color":"","overlay-opacity":"","overlay-gradient":""}},"footnotes":""},"class_list":["post-11424","page","type-page","status-publish","hentry"],"post_mailing_queue_ids":[],"_links":{"self":[{"href":"https:\/\/agora.xtec.cat\/inslacetania\/wp-json\/wp\/v2\/pages\/11424","targetHints":{"allow":["GET"]}}],"collection":[{"href":"https:\/\/agora.xtec.cat\/inslacetania\/wp-json\/wp\/v2\/pages"}],"about":[{"href":"https:\/\/agora.xtec.cat\/inslacetania\/wp-json\/wp\/v2\/types\/page"}],"author":[{"embeddable":true,"href":"https:\/\/agora.xtec.cat\/inslacetania\/wp-json\/wp\/v2\/users\/4"}],"replies":[{"embeddable":true,"href":"https:\/\/agora.xtec.cat\/inslacetania\/wp-json\/wp\/v2\/comments?post=11424"}],"version-history":[{"count":4,"href":"https:\/\/agora.xtec.cat\/inslacetania\/wp-json\/wp\/v2\/pages\/11424\/revisions"}],"predecessor-version":[{"id":23016,"href":"https:\/\/agora.xtec.cat\/inslacetania\/wp-json\/wp\/v2\/pages\/11424\/revisions\/23016"}],"up":[{"embeddable":true,"href":"https:\/\/agora.xtec.cat\/inslacetania\/wp-json\/wp\/v2\/pages\/11411"}],"wp:attachment":[{"href":"https:\/\/agora.xtec.cat\/inslacetania\/wp-json\/wp\/v2\/media?parent=11424"}],"curies":[{"name":"wp","href":"https:\/\/api.w.org\/{rel}","templated":true}]}}