{"id":11416,"date":"2021-04-20T18:52:24","date_gmt":"2021-04-20T16:52:24","guid":{"rendered":"http:\/\/agora.xtec.cat\/inslacetania\/?page_id=11416"},"modified":"2023-03-23T19:00:13","modified_gmt":"2023-03-23T18:00:13","slug":"cefp-en-ciberseguretat-en-entorns-de-les-tecnologies-de-la-informacio-ic01","status":"publish","type":"page","link":"https:\/\/agora.xtec.cat\/inslacetania\/estudis\/fp\/cursos-despecialitzacio-dfp\/cefp-en-ciberseguretat-en-entorns-de-les-tecnologies-de-la-informacio-ic01\/","title":{"rendered":"CEFP en Ciberseguretat en Entorns de les Tecnologies de la Informaci\u00f3 &#8211; IC01"},"content":{"rendered":"<p>Fam\u00edlia professional: Inform\u00e0tica i comunicacions<\/p>\n<p><a href=\"https:\/\/agora.xtec.cat\/inslacetania\/wp-content\/uploads\/usu1045\/2021\/04\/ciberseguridad_en_2020.jpg\"><img loading=\"lazy\" decoding=\"async\" class=\"aligncenter wp-image-11420\" src=\"https:\/\/agora.xtec.cat\/inslacetania\/wp-content\/uploads\/usu1045\/2021\/04\/ciberseguridad_en_2020-1024x439.jpg\" alt=\"\" width=\"450\" height=\"193\" srcset=\"https:\/\/agora.xtec.cat\/inslacetania\/wp-content\/uploads\/usu1045\/2021\/04\/ciberseguridad_en_2020-1024x439.jpg 1024w, https:\/\/agora.xtec.cat\/inslacetania\/wp-content\/uploads\/usu1045\/2021\/04\/ciberseguridad_en_2020-300x129.jpg 300w, https:\/\/agora.xtec.cat\/inslacetania\/wp-content\/uploads\/usu1045\/2021\/04\/ciberseguridad_en_2020-768x329.jpg 768w, https:\/\/agora.xtec.cat\/inslacetania\/wp-content\/uploads\/usu1045\/2021\/04\/ciberseguridad_en_2020.jpg 1400w\" sizes=\"auto, (max-width: 450px) 100vw, 450px\" \/><\/a><\/p>\n<p style=\"text-align: center;\"><span style=\"font-size: 24px; color: #ff0000;\"><strong>El curs 23-24 deixen d&#8217;impartir-se a Lacet\u00e0nia aquests estudis.<\/strong><\/span><\/p>\n<h4>Descripci\u00f3<\/h4>\n<p style=\"text-align: justify;\">Aquests estudis consisteixen a definir i implementar estrat\u00e8gies de seguretat en els sistemes d&#8217;informaci\u00f3 fent diagn\u00f2stics de ciberseguretat, identificant-hi vulnerabilitats i implementant-hi les mesures necess\u00e0ries per mitigar-les, d&#8217;acord amb la normativa vigent i est\u00e0ndards del sector, i els protocols de qualitat, de prevenci\u00f3 de riscos laborals i de respecte ambiental.<\/p>\n<p style=\"text-align: justify;\">La durada \u00e9s de 720 hores (594 en un centre educatiu i 126 en un centre de treball).<\/p>\n<h4>Continguts<\/h4>\n<ul>\n<li>Incidents de Ciberseguretat<\/li>\n<li>Enfortiment de Xarxes i Sistemes<\/li>\n<li>Posada en Producci\u00f3 Segura<\/li>\n<li>An\u00e0lisi Forense Inform\u00e0tica<\/li>\n<li>Hacking \u00c8tic<\/li>\n<li>Normativa de Ciberseguretat<\/li>\n<li>Formaci\u00f3 en Centres de Treball<\/li>\n<\/ul>\n<h4>Principals ocupacions i llocs de treball<\/h4>\n<ul>\n<li>Expert o experta en ciberseguretat<\/li>\n<li>Auditor o auditora de ciberseguretat<\/li>\n<li>Consultor o consultora de ciberseguretat<\/li>\n<li>Hacker \u00e8tic o \u00e8tica<\/li>\n<\/ul>\n<h4>Horari<\/h4>\n<p>Tardes de 15h a 21h (dimecres de 17:30h a 21:30h)<\/p>\n","protected":false},"excerpt":{"rendered":"<p>Fam\u00edlia professional: Inform\u00e0tica i comunicacions El curs 23-24 deixen d&#8217;impartir-se a Lacet\u00e0nia aquests estudis. Descripci\u00f3 Aquests estudis consisteixen a definir i implementar estrat\u00e8gies de seguretat en els sistemes d&#8217;informaci\u00f3 fent diagn\u00f2stics de ciberseguretat, identificant-hi vulnerabilitats i implementant-hi les mesures necess\u00e0ries per mitigar-les, d&#8217;acord amb la normativa vigent i est\u00e0ndards del sector, i els protocols de [&hellip;]<\/p>\n","protected":false},"author":4,"featured_media":0,"parent":11411,"menu_order":10,"comment_status":"closed","ping_status":"closed","template":"page-templates\/side-menu.php","meta":{"_bbp_topic_count":0,"_bbp_reply_count":0,"_bbp_total_topic_count":0,"_bbp_total_reply_count":0,"_bbp_voice_count":0,"_bbp_anonymous_reply_count":0,"_bbp_topic_count_hidden":0,"_bbp_reply_count_hidden":0,"_bbp_forum_subforum_count":0,"site-sidebar-layout":"default","site-content-layout":"","ast-site-content-layout":"","site-content-style":"default","site-sidebar-style":"default","ast-global-header-display":"","ast-banner-title-visibility":"","ast-main-header-display":"","ast-hfb-above-header-display":"","ast-hfb-below-header-display":"","ast-hfb-mobile-header-display":"","site-post-title":"","ast-breadcrumbs-content":"","ast-featured-img":"","footer-sml-layout":"","theme-transparent-header-meta":"","adv-header-id-meta":"","stick-header-meta":"","header-above-stick-meta":"","header-main-stick-meta":"","header-below-stick-meta":"","astra-migrate-meta-layouts":"default","ast-page-background-enabled":"default","ast-page-background-meta":{"desktop":{"background-color":"var(--ast-global-color-4)","background-image":"","background-repeat":"repeat","background-position":"center center","background-size":"auto","background-attachment":"scroll","background-type":"","background-media":"","overlay-type":"","overlay-color":"","overlay-opacity":"","overlay-gradient":""},"tablet":{"background-color":"","background-image":"","background-repeat":"repeat","background-position":"center center","background-size":"auto","background-attachment":"scroll","background-type":"","background-media":"","overlay-type":"","overlay-color":"","overlay-opacity":"","overlay-gradient":""},"mobile":{"background-color":"","background-image":"","background-repeat":"repeat","background-position":"center center","background-size":"auto","background-attachment":"scroll","background-type":"","background-media":"","overlay-type":"","overlay-color":"","overlay-opacity":"","overlay-gradient":""}},"ast-content-background-meta":{"desktop":{"background-color":"var(--ast-global-color-5)","background-image":"","background-repeat":"repeat","background-position":"center center","background-size":"auto","background-attachment":"scroll","background-type":"","background-media":"","overlay-type":"","overlay-color":"","overlay-opacity":"","overlay-gradient":""},"tablet":{"background-color":"var(--ast-global-color-5)","background-image":"","background-repeat":"repeat","background-position":"center center","background-size":"auto","background-attachment":"scroll","background-type":"","background-media":"","overlay-type":"","overlay-color":"","overlay-opacity":"","overlay-gradient":""},"mobile":{"background-color":"var(--ast-global-color-5)","background-image":"","background-repeat":"repeat","background-position":"center center","background-size":"auto","background-attachment":"scroll","background-type":"","background-media":"","overlay-type":"","overlay-color":"","overlay-opacity":"","overlay-gradient":""}},"footnotes":""},"class_list":["post-11416","page","type-page","status-publish","hentry"],"post_mailing_queue_ids":[],"_links":{"self":[{"href":"https:\/\/agora.xtec.cat\/inslacetania\/wp-json\/wp\/v2\/pages\/11416","targetHints":{"allow":["GET"]}}],"collection":[{"href":"https:\/\/agora.xtec.cat\/inslacetania\/wp-json\/wp\/v2\/pages"}],"about":[{"href":"https:\/\/agora.xtec.cat\/inslacetania\/wp-json\/wp\/v2\/types\/page"}],"author":[{"embeddable":true,"href":"https:\/\/agora.xtec.cat\/inslacetania\/wp-json\/wp\/v2\/users\/4"}],"replies":[{"embeddable":true,"href":"https:\/\/agora.xtec.cat\/inslacetania\/wp-json\/wp\/v2\/comments?post=11416"}],"version-history":[{"count":3,"href":"https:\/\/agora.xtec.cat\/inslacetania\/wp-json\/wp\/v2\/pages\/11416\/revisions"}],"predecessor-version":[{"id":17676,"href":"https:\/\/agora.xtec.cat\/inslacetania\/wp-json\/wp\/v2\/pages\/11416\/revisions\/17676"}],"up":[{"embeddable":true,"href":"https:\/\/agora.xtec.cat\/inslacetania\/wp-json\/wp\/v2\/pages\/11411"}],"wp:attachment":[{"href":"https:\/\/agora.xtec.cat\/inslacetania\/wp-json\/wp\/v2\/media?parent=11416"}],"curies":[{"name":"wp","href":"https:\/\/api.w.org\/{rel}","templated":true}]}}