{"id":11411,"date":"2021-04-20T18:51:59","date_gmt":"2021-04-20T16:51:59","guid":{"rendered":"http:\/\/agora.xtec.cat\/inslacetania\/?page_id=11411"},"modified":"2025-03-21T21:45:56","modified_gmt":"2025-03-21T20:45:56","slug":"cursos-despecialitzacio-dfp","status":"publish","type":"page","link":"https:\/\/agora.xtec.cat\/inslacetania\/estudis\/fp\/cursos-despecialitzacio-dfp\/","title":{"rendered":"Cursos d&#8217;especialitzaci\u00f3"},"content":{"rendered":"<h3><strong>Oferta de cursos d&#8217;especialitzaci\u00f3 a Lacet\u00e0nia<\/strong><\/h3>\n<ul>\n<li><a href=\"https:\/\/agora.xtec.cat\/inslacetania\/fp\/cursos-despecialitzacio-dfp\/cefp-en-fabricacio-intelligent-im01\/\" target=\"_blank\" rel=\"noopener noreferrer\">Fabricaci\u00f3 Intel\u00b7ligent<\/a><\/li>\n<\/ul>\n<p><a href=\"https:\/\/agora.xtec.cat\/inslacetania\/wp-content\/uploads\/usu1045\/2021\/04\/specialization.jpg\"><img loading=\"lazy\" decoding=\"async\" class=\"wp-image-11414 aligncenter\" src=\"https:\/\/agora.xtec.cat\/inslacetania\/wp-content\/uploads\/usu1045\/2021\/04\/specialization-1024x536.jpg\" alt=\"\" width=\"667\" height=\"349\" srcset=\"https:\/\/agora.xtec.cat\/inslacetania\/wp-content\/uploads\/usu1045\/2021\/04\/specialization-1024x536.jpg 1024w, https:\/\/agora.xtec.cat\/inslacetania\/wp-content\/uploads\/usu1045\/2021\/04\/specialization-300x157.jpg 300w, https:\/\/agora.xtec.cat\/inslacetania\/wp-content\/uploads\/usu1045\/2021\/04\/specialization-768x402.jpg 768w, https:\/\/agora.xtec.cat\/inslacetania\/wp-content\/uploads\/usu1045\/2021\/04\/specialization.jpg 1201w\" sizes=\"auto, (max-width: 667px) 100vw, 667px\" \/><\/a><\/p>\n<h3><span style=\"font-size: 20px;\">Qu\u00e8 necessito per accedir-hi<\/span><\/h3>\n<div class=\"etapa csectionodd\">\n<div class=\"pd-15x\">\n<p>Pots accedir als cicles d&#8217;especialitzaci\u00f3 si compleixes algun dels requisits seg\u00fcents:<\/p>\n<ul>\n<li>Tenir una titulaci\u00f3 de t\u00e8cnic\/a o t\u00e8cnic\/a superior de les que s&#8217;especifiquen en la normativa del curs.<\/li>\n<li>Tenir un t\u00edtol de t\u00e8cnic\/a, t\u00e8cnic\/a especialista o t\u00e8cnic\/a superior equivalent als que s&#8217;especifiquen en la normativa del curs.<\/li>\n<\/ul>\n<p>A m\u00e9s, si hi ha places lliures, pots optar a un 20 % d&#8217;aquestes places, si compleixes un dels requisits seg\u00fcents:<\/p>\n<ul>\n<li>Tenir un t\u00edtol de t\u00e8cnic\/a o t\u00e8cnic\/a superior d&#8217;FP diferent dels que donen acc\u00e9s al curs, per\u00f2 acreditar que tens experi\u00e8ncia en l&#8217;\u00e0rea professional.<\/li>\n<li>Tenir un t\u00edtol de t\u00e8cnic\/a o t\u00e8cnic\/a superior d&#8217;FP diferent dels que donen acc\u00e9s al curs, per\u00f2 acreditar que tens uns coneixements previs adequats.<\/li>\n<li>Acreditar que tens coneixements per seguir amb \u00e8xit el curs d&#8217;especialitzaci\u00f3, tot i que no tinguis un t\u00edtol de t\u00e8cnic\/a o t\u00e8cnic\/a superior d&#8217;FP. En aquest cas, obtindr\u00e0s un certificat acad\u00e8mic de realitzaci\u00f3 del curs amb aprofitament.<\/li>\n<\/ul>\n<\/div>\n<\/div>\n<div class=\"etapa \">\n<div>\n<div>\n<div class=\"row\">\n<h3 class=\"subtitle\">Quines s\u00f3n les sortides acad\u00e8miques i professionals<\/h3>\n<\/div>\n<\/div>\n<\/div>\n<div class=\"pd-15x\">\n<p>Les persones que hagin obtingut el certificat que acredita la superaci\u00f3 d&#8217;un curs d&#8217;especialitzaci\u00f3\u00a0podran exercir l\u2019activitat en empreses i entitats\u00a0dels sectors corresponents.<\/p>\n<\/div>\n<\/div>\n<p>&nbsp;<\/p>\n","protected":false},"excerpt":{"rendered":"<p>Oferta de cursos d&#8217;especialitzaci\u00f3 a Lacet\u00e0nia Fabricaci\u00f3 Intel\u00b7ligent Qu\u00e8 necessito per accedir-hi Pots accedir als cicles d&#8217;especialitzaci\u00f3 si compleixes algun dels requisits seg\u00fcents: Tenir una titulaci\u00f3 de t\u00e8cnic\/a o t\u00e8cnic\/a superior de les que s&#8217;especifiquen en la normativa del curs. Tenir un t\u00edtol de t\u00e8cnic\/a, t\u00e8cnic\/a especialista o t\u00e8cnic\/a superior equivalent als que s&#8217;especifiquen en [&hellip;]<\/p>\n","protected":false},"author":4,"featured_media":0,"parent":531,"menu_order":70,"comment_status":"closed","ping_status":"closed","template":"page-templates\/side-menu.php","meta":{"_bbp_topic_count":0,"_bbp_reply_count":0,"_bbp_total_topic_count":0,"_bbp_total_reply_count":0,"_bbp_voice_count":0,"_bbp_anonymous_reply_count":0,"_bbp_topic_count_hidden":0,"_bbp_reply_count_hidden":0,"_bbp_forum_subforum_count":0,"site-sidebar-layout":"default","site-content-layout":"","ast-site-content-layout":"","site-content-style":"default","site-sidebar-style":"default","ast-global-header-display":"","ast-banner-title-visibility":"","ast-main-header-display":"","ast-hfb-above-header-display":"","ast-hfb-below-header-display":"","ast-hfb-mobile-header-display":"","site-post-title":"","ast-breadcrumbs-content":"","ast-featured-img":"","footer-sml-layout":"","theme-transparent-header-meta":"","adv-header-id-meta":"","stick-header-meta":"","header-above-stick-meta":"","header-main-stick-meta":"","header-below-stick-meta":"","astra-migrate-meta-layouts":"default","ast-page-background-enabled":"default","ast-page-background-meta":{"desktop":{"background-color":"var(--ast-global-color-4)","background-image":"","background-repeat":"repeat","background-position":"center center","background-size":"auto","background-attachment":"scroll","background-type":"","background-media":"","overlay-type":"","overlay-color":"","overlay-opacity":"","overlay-gradient":""},"tablet":{"background-color":"","background-image":"","background-repeat":"repeat","background-position":"center center","background-size":"auto","background-attachment":"scroll","background-type":"","background-media":"","overlay-type":"","overlay-color":"","overlay-opacity":"","overlay-gradient":""},"mobile":{"background-color":"","background-image":"","background-repeat":"repeat","background-position":"center center","background-size":"auto","background-attachment":"scroll","background-type":"","background-media":"","overlay-type":"","overlay-color":"","overlay-opacity":"","overlay-gradient":""}},"ast-content-background-meta":{"desktop":{"background-color":"var(--ast-global-color-5)","background-image":"","background-repeat":"repeat","background-position":"center center","background-size":"auto","background-attachment":"scroll","background-type":"","background-media":"","overlay-type":"","overlay-color":"","overlay-opacity":"","overlay-gradient":""},"tablet":{"background-color":"var(--ast-global-color-5)","background-image":"","background-repeat":"repeat","background-position":"center center","background-size":"auto","background-attachment":"scroll","background-type":"","background-media":"","overlay-type":"","overlay-color":"","overlay-opacity":"","overlay-gradient":""},"mobile":{"background-color":"var(--ast-global-color-5)","background-image":"","background-repeat":"repeat","background-position":"center center","background-size":"auto","background-attachment":"scroll","background-type":"","background-media":"","overlay-type":"","overlay-color":"","overlay-opacity":"","overlay-gradient":""}},"footnotes":""},"class_list":["post-11411","page","type-page","status-publish","hentry"],"post_mailing_queue_ids":[],"_links":{"self":[{"href":"https:\/\/agora.xtec.cat\/inslacetania\/wp-json\/wp\/v2\/pages\/11411","targetHints":{"allow":["GET"]}}],"collection":[{"href":"https:\/\/agora.xtec.cat\/inslacetania\/wp-json\/wp\/v2\/pages"}],"about":[{"href":"https:\/\/agora.xtec.cat\/inslacetania\/wp-json\/wp\/v2\/types\/page"}],"author":[{"embeddable":true,"href":"https:\/\/agora.xtec.cat\/inslacetania\/wp-json\/wp\/v2\/users\/4"}],"replies":[{"embeddable":true,"href":"https:\/\/agora.xtec.cat\/inslacetania\/wp-json\/wp\/v2\/comments?post=11411"}],"version-history":[{"count":7,"href":"https:\/\/agora.xtec.cat\/inslacetania\/wp-json\/wp\/v2\/pages\/11411\/revisions"}],"predecessor-version":[{"id":25757,"href":"https:\/\/agora.xtec.cat\/inslacetania\/wp-json\/wp\/v2\/pages\/11411\/revisions\/25757"}],"up":[{"embeddable":true,"href":"https:\/\/agora.xtec.cat\/inslacetania\/wp-json\/wp\/v2\/pages\/531"}],"wp:attachment":[{"href":"https:\/\/agora.xtec.cat\/inslacetania\/wp-json\/wp\/v2\/media?parent=11411"}],"curies":[{"name":"wp","href":"https:\/\/api.w.org\/{rel}","templated":true}]}}