{"id":11218,"date":"2021-03-25T11:06:36","date_gmt":"2021-03-25T10:06:36","guid":{"rendered":"http:\/\/agora.xtec.cat\/inslacetania\/?page_id=11218"},"modified":"2026-04-14T12:38:02","modified_gmt":"2026-04-14T10:38:02","slug":"secretaria-preinscripcio-cfgs","status":"publish","type":"page","link":"https:\/\/agora.xtec.cat\/inslacetania\/oficines\/informacio-de-secretaria-per-a-lalumnat\/secretaria-preinscripcio-cfgs\/","title":{"rendered":"CFGS. Secretaria. Preinscripci\u00f3, matr\u00edcula, llistats, calendari\u2026"},"content":{"rendered":"<h5><\/h5>\n<p style=\"text-align: left;\"><a href=\"https:\/\/agora.xtec.cat\/inslacetania\/wp-content\/uploads\/usu1045\/2025\/04\/LOGO_LACETANIA_NOU.png\"><img loading=\"lazy\" decoding=\"async\" class=\"wp-image-26277 alignleft\" src=\"https:\/\/agora.xtec.cat\/inslacetania\/wp-content\/uploads\/usu1045\/2025\/04\/LOGO_LACETANIA_NOU.png\" alt=\"\" width=\"62\" height=\"62\" srcset=\"https:\/\/agora.xtec.cat\/inslacetania\/wp-content\/uploads\/usu1045\/2025\/04\/LOGO_LACETANIA_NOU.png 969w, https:\/\/agora.xtec.cat\/inslacetania\/wp-content\/uploads\/usu1045\/2025\/04\/LOGO_LACETANIA_NOU-300x300.png 300w, https:\/\/agora.xtec.cat\/inslacetania\/wp-content\/uploads\/usu1045\/2025\/04\/LOGO_LACETANIA_NOU-150x150.png 150w, https:\/\/agora.xtec.cat\/inslacetania\/wp-content\/uploads\/usu1045\/2025\/04\/LOGO_LACETANIA_NOU-768x766.png 768w\" sizes=\"auto, (max-width: 62px) 100vw, 62px\" \/><\/a>Benvinguts i benvingudes al calendari de preinscripci\u00f3 i matr\u00edcula a <strong>CICLES FORMARMATIUS GRAU SUPERIOR <\/strong>per al curs 2026-2027!<\/p>\n<p>Aqu\u00ed podr\u00e0s trobar les dates clau d\u2019aquesta preinscripci\u00f3 i el seu enlla\u00e7 als documents i\/o proc\u00e9s que s\u2019aniran activant a mesura que es vagin publicant:<\/p>\n<table style=\"width: 64.6519%; height: 896px;\">\n<tbody>\n<tr style=\"height: 107px;\">\n<td style=\"border-style: solid; border-color: #000000; height: 107px; width: 98.9922%;\" colspan=\"2\">\n<p style=\"text-align: center;\"><a href=\"https:\/\/drive.google.com\/file\/d\/19vS4vd8ZgE2GWwwoomCLQArVOg-P_uBt\/view?usp=sharing\"><span style=\"font-size: 20px;\">Document informatiu de GS<\/span><\/a><\/p>\n<p style=\"text-align: center;\">M\u00e9s informaci\u00f3 del procediment a la web de preinscripci\u00f3 del <a href=\"https:\/\/preinscripcio.gencat.cat\/ca\/estudis\/fp-grau-superior\/inici\/\" target=\"_blank\" rel=\"noopener\">Departament d&#8217;Educaci\u00f3<\/a><\/p>\n<\/td>\n<\/tr>\n<tr style=\"height: 33px;\">\n<td style=\"border-style: solid; border-color: #000000; height: 33px; width: 71.8925%;\"><span style=\"background-color: #00ff00;\"><strong>FASES DE LA PREINSCRIPCI\u00d3<\/strong><\/span><\/td>\n<td style=\"border-style: solid; border-color: #000000; height: 33px; width: 27.0997%;\"><span style=\"background-color: #00ff00;\"><strong>DATE<\/strong><strong>S 2026<\/strong><\/span><\/td>\n<\/tr>\n<tr style=\"height: 33px;\">\n<td style=\"border-style: solid; border-color: #000000; height: 33px; width: 71.8925%;\">Publicaci\u00f3 de l\u2019oferta inicial<\/td>\n<td style=\"border-style: solid; border-color: #000000; height: 33px; width: 27.0997%;\">22 de maig<\/td>\n<\/tr>\n<tr style=\"height: 137px;\">\n<td style=\"border-style: solid; border-color: #000000; height: 137px; width: 71.8925%;\"><span style=\"background-color: #00ffff;\">Codi de centre: <strong>08020462<\/strong><\/span><strong>Presentaci\u00f3 de sol\u00b7licituds de <a href=\"https:\/\/preinscripcio.gencat.cat\/ca\/estudis\/fp-grau-superior\/preinscriute\/sollicitud\/\">PREINSCRIPCI\u00d3<\/a> (telem\u00e0tica)<\/strong><\/p>\n<p>Presentaci\u00f3 de documentaci\u00f3<\/td>\n<td style=\"border-style: solid; border-color: #000000; height: 137px; width: 27.0997%;\"><strong>Del 26 de maig a l&#8217;1 de juny<\/strong><\/p>\n<p>fins el 2 de juny<\/td>\n<\/tr>\n<tr style=\"height: 33px;\">\n<td style=\"border-style: solid; border-color: #000000; height: 33px; width: 71.8925%;\">Publicaci\u00f3 de la llista de sol\u00b7licituds amb la puntuaci\u00f3 provisional<\/td>\n<td style=\"border-style: solid; border-color: #000000; height: 33px; width: 27.0997%;\">29 de juny<\/td>\n<\/tr>\n<tr style=\"height: 49px;\">\n<td style=\"border-style: solid; border-color: #000000; height: 49px; width: 71.8925%;\">Presentaci\u00f3 de reclamacions<\/td>\n<td style=\"border-style: solid; border-color: #000000; height: 49px; width: 27.0997%;\">Del 29 de juny al 2 de juliol<\/td>\n<\/tr>\n<tr style=\"height: 33px;\">\n<td style=\"border-style: solid; border-color: #000000; height: 33px; width: 71.8925%;\">Publicaci\u00f3 de la llista amb el barem un cop resoltes les reclamacions<\/td>\n<td style=\"border-style: solid; border-color: #000000; height: 33px; width: 27.0997%;\">7 de juliol<\/td>\n<\/tr>\n<tr style=\"height: 33px;\">\n<td style=\"border-style: solid; border-color: #000000; height: 33px; width: 71.8925%;\">Publicaci\u00f3 de l&#8217;oferta final<\/td>\n<td style=\"border-style: solid; border-color: #000000; height: 33px; width: 27.0997%;\">10 de juliol<\/td>\n<\/tr>\n<tr style=\"height: 97px;\">\n<td style=\"border-style: solid; border-color: #000000; height: 97px; width: 71.8925%;\">Publicaci\u00f3 de la primera tanda d&#8217;assignacions<\/p>\n<ul>\n<li>Alumnes preinscrits al centre<\/li>\n<\/ul>\n<\/td>\n<td style=\"border-style: solid; border-color: #000000; height: 97px; width: 27.0997%;\">10 de juliol<\/td>\n<\/tr>\n<tr style=\"height: 49px;\">\n<td style=\"border-style: solid; border-color: #000000; height: 49px; width: 71.8925%;\"><strong><span style=\"color: #3366ff;\">NOVETAT:<\/span> <\/strong>L&#8217;alumne assignat en la primera tanda ha de confirmar la matr\u00edcula pel m\u00f2dul online:<span style=\"color: #ff0000;\">Si has obtingut pla\u00e7a en qualsevol de les tres tandes, rebr\u00e0s un SMS i un correu electr\u00f2nic amb l&#8217;enlla\u00e7 a una declaraci\u00f3 responsable on haur\u00e0s d&#8217;acceptar la pla\u00e7a.<\/span><\/p>\n<p>Despr\u00e9s cal fer la matr\u00edcula al centre.<\/p>\n<p><strong>Per\u00edode de <a href=\"https:\/\/aplicacions.lacetania.cat\/matricula\/\">MATR\u00cdCULA<\/a> de la primera tanda d&#8217;assignacions (telem\u00e0tica)<\/strong><\/td>\n<td style=\"border-style: solid; border-color: #000000; height: 49px; width: 27.0997%;\"><strong>Del 10 al 14 de juliol<\/strong><\/p>\n<p><strong>Del 10 al 16 de juliol<\/strong><\/td>\n<\/tr>\n<tr style=\"height: 97px;\">\n<td style=\"border-style: solid; border-color: #000000; height: 97px; width: 71.8925%;\">Publicaci\u00f3 de la segona tanda d&#8217;assignacions<\/p>\n<ul>\n<li>Alumnes preinscrits a centre<\/li>\n<\/ul>\n<\/td>\n<td style=\"border-style: solid; border-color: #000000; height: 97px; width: 27.0997%;\">24 de j\u00a0uliol<\/td>\n<\/tr>\n<tr style=\"height: 49px;\">\n<td style=\"border-style: solid; border-color: #000000; height: 49px; width: 71.8925%;\"><strong><span style=\"color: #3366ff;\">NOVETAT:<\/span> <\/strong>L&#8217;alumne assignat en la segona tanda ha de confirmar la matr\u00edcula pel m\u00f2dul online:<span style=\"color: #ff0000;\">Si has obtingut pla\u00e7a en qualsevol de les tres tandes, rebr\u00e0s un SMS i un correu electr\u00f2nic amb l&#8217;enlla\u00e7 a una declaraci\u00f3 responsable on haur\u00e0s d&#8217;acceptar la pla\u00e7a.<\/span><\/p>\n<p>Despr\u00e9s cal fer la matr\u00edcula al centre.<\/p>\n<p><strong>Per\u00edode de <a href=\"https:\/\/aplicacions.lacetania.cat\/matricula\/\">MATR\u00cdCULA<\/a> de la segona tanda d&#8217;assignacions (telem\u00e0tica)<\/strong><\/td>\n<td style=\"border-style: solid; border-color: #000000; height: 49px; width: 27.0997%;\"><strong>Del 24 al 28 de juliol<\/strong><\/p>\n<p><strong>Del 24 al 28 de juliol i de l&#8217;1 al 3 de setembre<\/strong><\/td>\n<\/tr>\n<tr style=\"height: 97px;\">\n<td style=\"border-style: solid; border-color: #000000; height: 97px; width: 71.8925%;\">Publicaci\u00f3 de la tercera tanda d&#8217;assignacions<\/p>\n<ul>\n<li>Alumnes preinscrits a centre<\/li>\n<\/ul>\n<\/td>\n<td style=\"border-style: solid; border-color: #000000; height: 97px; width: 27.0997%;\"><\/td>\n<\/tr>\n<tr style=\"height: 49px;\">\n<td style=\"border-style: solid; border-color: #000000; height: 49px; width: 71.8925%;\"><strong><span style=\"color: #3366ff;\">NOVETAT:<\/span> <\/strong>L&#8217;alumne assignat en la tercera tanda ha de confirmar la matr\u00edcula pel m\u00f2dul online:<span style=\"color: #ff0000;\">Si has obtingut pla\u00e7a en qualsevol de les tres tandes, rebr\u00e0s un SMS i un correu electr\u00f2nic amb l&#8217;enlla\u00e7 a una declaraci\u00f3 responsable on haur\u00e0s d&#8217;acceptar la pla\u00e7a.<\/span><\/p>\n<p>Despr\u00e9s cal fer la matr\u00edcula al centre.<\/p>\n<p><strong>Per\u00edode de <a href=\"https:\/\/aplicacions.lacetania.cat\/matricula\/\">MATR\u00cdCULA<\/a> de la tercera tanda d&#8217;assignacions (telem\u00e0tica)<\/strong><\/td>\n<td style=\"border-style: solid; border-color: #000000; height: 49px; width: 27.0997%;\"><strong>Del XX al XX de juliol<\/strong><\/td>\n<\/tr>\n<\/tbody>\n<\/table>\n<p><a class=\"a2a_button_facebook\" title=\"Facebook\" href=\"https:\/\/agora.xtec.cat\/#facebook\" target=\"_blank\" rel=\"nofollow noopener\"><span class=\"a2a_label\">Facebook<\/span><\/a><a class=\"a2a_button_twitter\" title=\"Twitter\" href=\"https:\/\/agora.xtec.cat\/#twitter\" target=\"_blank\" rel=\"nofollow noopener\"><span class=\"a2a_label\">Twitter<\/span><\/a><a class=\"a2a_button_google_gmail\" title=\"Gmail\" href=\"https:\/\/agora.xtec.cat\/#google_gmail\" target=\"_blank\" rel=\"nofollow noopener\"><span class=\"a2a_label\">Gmail<\/span><\/a><\/p>\n","protected":false},"excerpt":{"rendered":"<p>Benvinguts i benvingudes al calendari de preinscripci\u00f3 i matr\u00edcula a CICLES FORMARMATIUS GRAU SUPERIOR per al curs 2026-2027! Aqu\u00ed podr\u00e0s trobar les dates clau d\u2019aquesta preinscripci\u00f3 i el seu enlla\u00e7 als documents i\/o proc\u00e9s que s\u2019aniran activant a mesura que es vagin publicant: Document informatiu de GS M\u00e9s informaci\u00f3 del procediment a la web de [&hellip;]<\/p>\n","protected":false},"author":4,"featured_media":0,"parent":10993,"menu_order":25,"comment_status":"closed","ping_status":"closed","template":"","meta":{"_bbp_topic_count":0,"_bbp_reply_count":0,"_bbp_total_topic_count":0,"_bbp_total_reply_count":0,"_bbp_voice_count":0,"_bbp_anonymous_reply_count":0,"_bbp_topic_count_hidden":0,"_bbp_reply_count_hidden":0,"_bbp_forum_subforum_count":0,"site-sidebar-layout":"default","site-content-layout":"","ast-site-content-layout":"default","site-content-style":"default","site-sidebar-style":"default","ast-global-header-display":"","ast-banner-title-visibility":"","ast-main-header-display":"","ast-hfb-above-header-display":"","ast-hfb-below-header-display":"","ast-hfb-mobile-header-display":"","site-post-title":"","ast-breadcrumbs-content":"","ast-featured-img":"","footer-sml-layout":"","theme-transparent-header-meta":"","adv-header-id-meta":"","stick-header-meta":"","header-above-stick-meta":"","header-main-stick-meta":"","header-below-stick-meta":"","astra-migrate-meta-layouts":"set","ast-page-background-enabled":"default","ast-page-background-meta":{"desktop":{"background-color":"var(--ast-global-color-4)","background-image":"","background-repeat":"repeat","background-position":"center center","background-size":"auto","background-attachment":"scroll","background-type":"","background-media":"","overlay-type":"","overlay-color":"","overlay-opacity":"","overlay-gradient":""},"tablet":{"background-color":"","background-image":"","background-repeat":"repeat","background-position":"center center","background-size":"auto","background-attachment":"scroll","background-type":"","background-media":"","overlay-type":"","overlay-color":"","overlay-opacity":"","overlay-gradient":""},"mobile":{"background-color":"","background-image":"","background-repeat":"repeat","background-position":"center center","background-size":"auto","background-attachment":"scroll","background-type":"","background-media":"","overlay-type":"","overlay-color":"","overlay-opacity":"","overlay-gradient":""}},"ast-content-background-meta":{"desktop":{"background-color":"var(--ast-global-color-5)","background-image":"","background-repeat":"repeat","background-position":"center center","background-size":"auto","background-attachment":"scroll","background-type":"","background-media":"","overlay-type":"","overlay-color":"","overlay-opacity":"","overlay-gradient":""},"tablet":{"background-color":"var(--ast-global-color-5)","background-image":"","background-repeat":"repeat","background-position":"center center","background-size":"auto","background-attachment":"scroll","background-type":"","background-media":"","overlay-type":"","overlay-color":"","overlay-opacity":"","overlay-gradient":""},"mobile":{"background-color":"var(--ast-global-color-5)","background-image":"","background-repeat":"repeat","background-position":"center center","background-size":"auto","background-attachment":"scroll","background-type":"","background-media":"","overlay-type":"","overlay-color":"","overlay-opacity":"","overlay-gradient":""}},"footnotes":""},"class_list":["post-11218","page","type-page","status-publish","hentry"],"post_mailing_queue_ids":[],"_links":{"self":[{"href":"https:\/\/agora.xtec.cat\/inslacetania\/wp-json\/wp\/v2\/pages\/11218","targetHints":{"allow":["GET"]}}],"collection":[{"href":"https:\/\/agora.xtec.cat\/inslacetania\/wp-json\/wp\/v2\/pages"}],"about":[{"href":"https:\/\/agora.xtec.cat\/inslacetania\/wp-json\/wp\/v2\/types\/page"}],"author":[{"embeddable":true,"href":"https:\/\/agora.xtec.cat\/inslacetania\/wp-json\/wp\/v2\/users\/4"}],"replies":[{"embeddable":true,"href":"https:\/\/agora.xtec.cat\/inslacetania\/wp-json\/wp\/v2\/comments?post=11218"}],"version-history":[{"count":5,"href":"https:\/\/agora.xtec.cat\/inslacetania\/wp-json\/wp\/v2\/pages\/11218\/revisions"}],"predecessor-version":[{"id":29599,"href":"https:\/\/agora.xtec.cat\/inslacetania\/wp-json\/wp\/v2\/pages\/11218\/revisions\/29599"}],"up":[{"embeddable":true,"href":"https:\/\/agora.xtec.cat\/inslacetania\/wp-json\/wp\/v2\/pages\/10993"}],"wp:attachment":[{"href":"https:\/\/agora.xtec.cat\/inslacetania\/wp-json\/wp\/v2\/media?parent=11218"}],"curies":[{"name":"wp","href":"https:\/\/api.w.org\/{rel}","templated":true}]}}