{"id":11210,"date":"2021-03-25T10:56:32","date_gmt":"2021-03-25T09:56:32","guid":{"rendered":"http:\/\/agora.xtec.cat\/inslacetania\/?page_id=11210"},"modified":"2026-05-05T09:00:05","modified_gmt":"2026-05-05T07:00:05","slug":"secretaria-preinscripcio-pfi","status":"publish","type":"page","link":"https:\/\/agora.xtec.cat\/inslacetania\/oficines\/informacio-de-secretaria-per-a-lalumnat\/secretaria-preinscripcio-pfi\/","title":{"rendered":"PFI. Secretaria. Preinscripci\u00f3, matr\u00edcula, llistats, calendari\u2026"},"content":{"rendered":"<h5><span style=\"color: #000000;\">\u00a0<\/span><span style=\"color: #000000; font-size: 1.125em;\">\u00a0 \u00a0<\/span><span style=\"color: #000000; font-size: 1.125em;\">Programes de Formaci\u00f3 i Inserci\u00f3 (PFI):\u00a0 \u00a0 \u00a0 \u00a0 \u00a0 \u00a0 \u00a0 \u00a0 \u00a0 \u00a0 \u00a0 \u00a0 \u00a0 \u00a0 \u00a0 \u00a0 \u00a0 \u00a0 \u00a0 \u00a0 \u00a0 \u00a0 \u00a0 \u00a0 \u00a0 \u00a0 \u00a0 \u00a0 \u00a0 \u00a0 \u00a0 \u00a0 \u00a0 \u00a0 \u00a0 \u00a0 \u00a0<\/span><\/h5>\n<ul>\n<li>Informaci\u00f3 de PIP <a href=\"https:\/\/agora.xtec.cat\/inslacetania\/estudis\/fp\/pfi\/pip-manteniment-auxiliar-en-muntatges-dinstallacions-electriques-i-daigua-i-gas\/\">Auxiliar en muntatges d&#8217;instal\u00b7lacions el\u00e8ctriques en edificis<\/a> (EE01)<\/li>\n<li>Document informatiu dels cursos de PTT (<a href=\"https:\/\/agora.xtec.cat\/inslacetania\/estudis\/fp\/pfi\/ptt-auxiliar-de-comercialitzacio-de-productes-i-logistica-cm03\/\">Auxiliar de comercialitzaci\u00f3 de productes i log\u00edstica<\/a> (CM03) \/ <a href=\"https:\/\/agora.xtec.cat\/inslacetania\/estudis\/fp\/pfi\/ptt-auxiliar-de-fabricacio-mecanica-i-dajust-i-soldadura-fm02\/\">Auxiliar de fabricaci\u00f3 mec\u00e0nica i d&#8217;ajust i soldadura<\/a> (FM02) \/ <a href=\"https:\/\/agora.xtec.cat\/inslacetania\/estudis\/fp\/pfi\/ptt-auxiliar-de-perruqueria-i-estetica-ip03\/\">Auxiliar de perruqueria i est\u00e8tica<\/a> (IP03))<\/li>\n<\/ul>\n<p>Resum calendari del procediment de preinscripci\u00f3 i matr\u00edcula 2026-2027:<\/p>\n<p><a href=\"https:\/\/agora.xtec.cat\/inslacetania\/wp-content\/uploads\/usu1045\/2025\/04\/LOGO_LACETANIA_NOU.png\"><img loading=\"lazy\" decoding=\"async\" class=\"wp-image-26277 alignleft\" src=\"https:\/\/agora.xtec.cat\/inslacetania\/wp-content\/uploads\/usu1045\/2025\/04\/LOGO_LACETANIA_NOU.png\" alt=\"\" width=\"64\" height=\"64\" srcset=\"https:\/\/agora.xtec.cat\/inslacetania\/wp-content\/uploads\/usu1045\/2025\/04\/LOGO_LACETANIA_NOU.png 969w, https:\/\/agora.xtec.cat\/inslacetania\/wp-content\/uploads\/usu1045\/2025\/04\/LOGO_LACETANIA_NOU-300x300.png 300w, https:\/\/agora.xtec.cat\/inslacetania\/wp-content\/uploads\/usu1045\/2025\/04\/LOGO_LACETANIA_NOU-150x150.png 150w, https:\/\/agora.xtec.cat\/inslacetania\/wp-content\/uploads\/usu1045\/2025\/04\/LOGO_LACETANIA_NOU-768x766.png 768w\" sizes=\"auto, (max-width: 64px) 100vw, 64px\" \/><\/a>Benvinguts i benvingudes al calendari de preinscripci\u00f3 i matr\u00edcula a <strong>PFI<\/strong> pel curs 2026-2027!<\/p>\n<p>Aqu\u00ed podr\u00e0s trobar les dates clau d&#8217;aquesta preinscripci\u00f3 i el seu enlla\u00e7 als documents i\/o proc\u00e9s\u00a0 que s&#8217;aniran activant a mesura que es vagin publicant:<\/p>\n<table style=\"height: 710px; width: 82.6665%; border-style: solid; border-color: #030202;\">\n<tbody>\n<tr style=\"height: 144px; border-style: solid; border-color: #000000;\">\n<td style=\"height: 144px; width: 81.2055%;\" colspan=\"2\">\n<p style=\"text-align: center;\"><a href=\"https:\/\/preinscripcio.gencat.cat\/ca\/estudis\/pfi\/informat\/\"><span style=\"font-size: 20px;\">Informaci\u00f3 de la preinscripci\u00f3<\/span><\/a><\/p>\n<p style=\"text-align: center;\">M\u00e9s informaci\u00f3 del procediment a la web de preinscripci\u00f3 del <a href=\"https:\/\/preinscripcio.gencat.cat\/ca\/estudis\/pfi\/inici\/\" target=\"_blank\" rel=\"noopener\">Departament d&#8217;Educaci\u00f3.<\/a><\/p>\n<\/td>\n<\/tr>\n<tr style=\"height: 23px; border-color: #000000;\">\n<td style=\"height: 23px; width: 63.0815%; border-style: solid; border-color: #000000;\"><span style=\"background-color: #00ff00;\"><strong>FASES DE LA PREINSCRIPCI\u00d3<\/strong><\/span><\/td>\n<td style=\"height: 23px; width: 18.124%; border-style: solid; border-color: #000000;\"><span style=\"background-color: #00ff00;\"><strong>DATE<\/strong><strong>S 2026<\/strong><\/span><\/td>\n<\/tr>\n<tr style=\"height: 23px;\">\n<td style=\"height: 23px; width: 63.0815%; border-style: solid; border-color: #000000;\">Publicaci\u00f3 de l&#8217;<a href=\"https:\/\/drive.google.com\/file\/d\/1cOFIFk4d6nuMDHxpHVU_aGCQsROgN3Q3\/view?usp=sharing\">oferta inicial<\/a><\/td>\n<td style=\"height: 23px; width: 18.124%; border-style: solid; border-color: #000000;\">30 d&#8217;abril<\/td>\n<\/tr>\n<tr style=\"height: 225px; border-color: #000000;\">\n<td style=\"height: 225px; width: 63.0815%; border-style: solid; border-color: #000000;\"><a href=\"https:\/\/preinscripcio.gencat.cat\/ca\/estudis\/pfi\/informat\/prepara-documentacio\/\">Documentaci\u00f3<\/a> a preparar per a la preinscripci\u00f3.<span style=\"background-color: #00ffff;\">Codi de centre:\u00a0<strong>08020462<\/strong><\/span>\n<p><strong>Presentaci\u00f3 i\/o modificaci\u00f3 de sol\u00b7licituds de <a href=\"https:\/\/educacio.gencat.cat\/ca\/tramits\/tramits-temes\/preinscripcio-pfi\">PREINSCRIPCI\u00d3<\/a> (Online)<\/strong><\/p>\n<p>Presentaci\u00f3 de documentaci\u00f3<\/p>\n<\/td>\n<td style=\"height: 225px; width: 18.124%; border-style: solid; border-color: #000000;\">\n<p><strong>Del 4 al 13 de maig<\/strong><\/p>\n<p>Fins al 14 de maig<\/p>\n<\/td>\n<\/tr>\n<tr style=\"height: 46px;\">\n<td style=\"height: 46px; width: 63.0815%; border-style: solid; border-color: #000000;\">Entrevistes d&#8217;orientaci\u00f3 i valoraci\u00f3 (segons convocat\u00f2ria de cada centre)<\/td>\n<td style=\"height: 46px; width: 18.124%; border-style: solid; border-color: #000000;\">Del 4 al 26 de maig a les 14h<\/td>\n<\/tr>\n<tr style=\"height: 23px;\">\n<td style=\"height: 23px; width: 63.0815%; border-style: solid; border-color: #000000;\">Publicaci\u00f3 de la llista de sol\u00b7licituds amb la puntuaci\u00f3 provisional<\/td>\n<td style=\"height: 23px; width: 18.124%; border-style: solid; border-color: #000000;\">28 de maig<\/td>\n<\/tr>\n<tr style=\"height: 102px;\">\n<td style=\"height: 81px; width: 63.0815%; border-style: solid; border-color: #000000;\">Presentaci\u00f3 de reclamacions a la llista amb la puntuaci\u00f3 provisionalEs pot fer des de la mateixa consulta individual o des de la mateixa adre\u00e7a del web preinscripci\u00f3.<\/td>\n<td style=\"height: 81px; width: 18.124%; border-style: solid; border-color: #000000;\">Del 28 de maig al 3 de juny<\/td>\n<\/tr>\n<tr style=\"height: 140px;\">\n<td style=\"height: 10px; width: 63.0815%; border-style: solid; border-color: #000000;\">Publicaci\u00f3 de la llista de sol\u00b7licituds un cop resoltes les reclamacions\n<p>Sorteig per resoldre les sol\u00b7licituds de preinscripci\u00f3 empatades en punts<\/p>\n<\/td>\n<td style=\"height: 10px; width: 18.124%; border-style: solid; border-color: #000000;\">8 de juny<\/td>\n<\/tr>\n<tr style=\"height: 23px;\">\n<td style=\"height: 23px; width: 63.0815%; border-style: solid; border-color: #000000;\"><span style=\"background-color: #f9f9f9;\">Publicaci\u00f3 de la llista ordenada<\/span><\/td>\n<td style=\"height: 23px; width: 18.124%; border-style: solid; border-color: #000000;\">11 de juny<\/td>\n<\/tr>\n<tr style=\"height: 46px;\">\n<td style=\"height: 46px; width: 63.0815%; border-style: solid; border-color: #000000;\"><span style=\"background-color: #f9f9f9;\">Ampliaci\u00f3 de peticions per a alumnes no assignats a cap centre (es poden demanar places a centres on hi hagi places disponibles)<\/span><\/td>\n<td style=\"height: 46px; width: 18.124%; border-style: solid; border-color: #000000;\"><span style=\"background-color: #f9f9f9;\">Del 25 al 29 de juny<\/span><\/td>\n<\/tr>\n<tr style=\"height: 23px;\">\n<td style=\"height: 23px; width: 63.0815%; border-style: solid; border-color: #000000;\"><span style=\"background-color: #f9f9f9;\">Publicaci\u00f3 de l&#8217;oferta final de places<\/span><\/td>\n<td style=\"height: 23px; width: 18.124%; border-style: solid; border-color: #000000;\">3 de juliol<\/td>\n<\/tr>\n<tr style=\"height: 100px;\">\n<td style=\"height: 10px; width: 63.0815%; border-style: solid; border-color: #000000;\"><span style=\"background-color: #f9f9f9;\">Publicaci\u00f3 de la llista<\/span> d&#8217;admesos<span style=\"background-color: #f9f9f9;\"> i la llista d&#8217;espera<\/span><\/td>\n<td style=\"height: 10px; width: 18.124%; border-style: solid; border-color: #000000;\"><span style=\"background-color: #f9f9f9;\">3 de juliol<\/span><\/td>\n<\/tr>\n<tr style=\"height: 163px;\">\n<td style=\"height: 33px; width: 63.0815%; border-style: solid; border-color: #000000;\"><span style=\"background-color: #f9f9f9;\">Per\u00edode de MATR\u00cdCULA<\/span>\n<ul>\n<li><a href=\"https:\/\/drive.google.com\/file\/d\/161UZBHf9_2J2oWxF8-BpUAqlVwt04UB7\/view?usp=sharing\">Full de matr\u00edcula<\/a><\/li>\n<li>Instruccions<\/li>\n<\/ul>\n<\/td>\n<td style=\"height: 33px; width: 18.124%; border-style: solid; border-color: #000000;\"><span style=\"background-color: #f9f9f9;\">Del 6 a l&#8217;10 de juliol<\/span><\/td>\n<\/tr>\n<\/tbody>\n<\/table>\n<p><a class=\"a2a_button_facebook\" title=\"Facebook\" href=\"https:\/\/agora.xtec.cat\/#facebook\" target=\"_blank\" rel=\"nofollow noopener\"><span class=\"a2a_label\">Facebook<\/span><\/a><a class=\"a2a_button_twitter\" title=\"Twitter\" href=\"https:\/\/agora.xtec.cat\/#twitter\" target=\"_blank\" rel=\"nofollow noopener\"><span class=\"a2a_label\">Twitter<\/span><\/a><a class=\"a2a_button_google_gmail\" title=\"Gmail\" href=\"https:\/\/agora.xtec.cat\/#google_gmail\" target=\"_blank\" rel=\"nofollow noopener\"><span class=\"a2a_label\">Gmail<\/span><\/a><\/p>\n\n\n<p><\/p>\n","protected":false},"excerpt":{"rendered":"<p>\u00a0\u00a0 \u00a0Programes de Formaci\u00f3 i Inserci\u00f3 (PFI):\u00a0 \u00a0 \u00a0 \u00a0 \u00a0 \u00a0 \u00a0 \u00a0 \u00a0 \u00a0 \u00a0 \u00a0 \u00a0 \u00a0 \u00a0 \u00a0 \u00a0 \u00a0 \u00a0 \u00a0 \u00a0 \u00a0 \u00a0 \u00a0 \u00a0 \u00a0 \u00a0 \u00a0 \u00a0 \u00a0 \u00a0 \u00a0 \u00a0 \u00a0 \u00a0 \u00a0 \u00a0 Informaci\u00f3 de PIP Auxiliar en muntatges d&#8217;instal\u00b7lacions el\u00e8ctriques en edificis (EE01) Document [&hellip;]<\/p>\n","protected":false},"author":4,"featured_media":0,"parent":10993,"menu_order":15,"comment_status":"closed","ping_status":"closed","template":"","meta":{"_bbp_topic_count":0,"_bbp_reply_count":0,"_bbp_total_topic_count":0,"_bbp_total_reply_count":0,"_bbp_voice_count":0,"_bbp_anonymous_reply_count":0,"_bbp_topic_count_hidden":0,"_bbp_reply_count_hidden":0,"_bbp_forum_subforum_count":0,"site-sidebar-layout":"default","site-content-layout":"","ast-site-content-layout":"default","site-content-style":"default","site-sidebar-style":"default","ast-global-header-display":"","ast-banner-title-visibility":"","ast-main-header-display":"","ast-hfb-above-header-display":"","ast-hfb-below-header-display":"","ast-hfb-mobile-header-display":"","site-post-title":"","ast-breadcrumbs-content":"","ast-featured-img":"","footer-sml-layout":"","theme-transparent-header-meta":"","adv-header-id-meta":"","stick-header-meta":"","header-above-stick-meta":"","header-main-stick-meta":"","header-below-stick-meta":"","astra-migrate-meta-layouts":"set","ast-page-background-enabled":"default","ast-page-background-meta":{"desktop":{"background-color":"var(--ast-global-color-4)","background-image":"","background-repeat":"repeat","background-position":"center center","background-size":"auto","background-attachment":"scroll","background-type":"","background-media":"","overlay-type":"","overlay-color":"","overlay-opacity":"","overlay-gradient":""},"tablet":{"background-color":"","background-image":"","background-repeat":"repeat","background-position":"center center","background-size":"auto","background-attachment":"scroll","background-type":"","background-media":"","overlay-type":"","overlay-color":"","overlay-opacity":"","overlay-gradient":""},"mobile":{"background-color":"","background-image":"","background-repeat":"repeat","background-position":"center center","background-size":"auto","background-attachment":"scroll","background-type":"","background-media":"","overlay-type":"","overlay-color":"","overlay-opacity":"","overlay-gradient":""}},"ast-content-background-meta":{"desktop":{"background-color":"var(--ast-global-color-5)","background-image":"","background-repeat":"repeat","background-position":"center center","background-size":"auto","background-attachment":"scroll","background-type":"","background-media":"","overlay-type":"","overlay-color":"","overlay-opacity":"","overlay-gradient":""},"tablet":{"background-color":"var(--ast-global-color-5)","background-image":"","background-repeat":"repeat","background-position":"center center","background-size":"auto","background-attachment":"scroll","background-type":"","background-media":"","overlay-type":"","overlay-color":"","overlay-opacity":"","overlay-gradient":""},"mobile":{"background-color":"var(--ast-global-color-5)","background-image":"","background-repeat":"repeat","background-position":"center center","background-size":"auto","background-attachment":"scroll","background-type":"","background-media":"","overlay-type":"","overlay-color":"","overlay-opacity":"","overlay-gradient":""}},"footnotes":""},"class_list":["post-11210","page","type-page","status-publish","hentry"],"post_mailing_queue_ids":[],"_links":{"self":[{"href":"https:\/\/agora.xtec.cat\/inslacetania\/wp-json\/wp\/v2\/pages\/11210","targetHints":{"allow":["GET"]}}],"collection":[{"href":"https:\/\/agora.xtec.cat\/inslacetania\/wp-json\/wp\/v2\/pages"}],"about":[{"href":"https:\/\/agora.xtec.cat\/inslacetania\/wp-json\/wp\/v2\/types\/page"}],"author":[{"embeddable":true,"href":"https:\/\/agora.xtec.cat\/inslacetania\/wp-json\/wp\/v2\/users\/4"}],"replies":[{"embeddable":true,"href":"https:\/\/agora.xtec.cat\/inslacetania\/wp-json\/wp\/v2\/comments?post=11210"}],"version-history":[{"count":6,"href":"https:\/\/agora.xtec.cat\/inslacetania\/wp-json\/wp\/v2\/pages\/11210\/revisions"}],"predecessor-version":[{"id":29769,"href":"https:\/\/agora.xtec.cat\/inslacetania\/wp-json\/wp\/v2\/pages\/11210\/revisions\/29769"}],"up":[{"embeddable":true,"href":"https:\/\/agora.xtec.cat\/inslacetania\/wp-json\/wp\/v2\/pages\/10993"}],"wp:attachment":[{"href":"https:\/\/agora.xtec.cat\/inslacetania\/wp-json\/wp\/v2\/media?parent=11210"}],"curies":[{"name":"wp","href":"https:\/\/api.w.org\/{rel}","templated":true}]}}