{"id":11203,"date":"2021-03-25T10:46:54","date_gmt":"2021-03-25T09:46:54","guid":{"rendered":"http:\/\/agora.xtec.cat\/inslacetania\/?page_id=11203"},"modified":"2026-02-11T16:34:14","modified_gmt":"2026-02-11T15:34:14","slug":"secretaria-preinscripcio-bat","status":"publish","type":"page","link":"https:\/\/agora.xtec.cat\/inslacetania\/oficines\/informacio-de-secretaria-per-a-lalumnat\/secretaria-preinscripcio-bat\/","title":{"rendered":"BAT. Secretaria. Preinscripci\u00f3, matr\u00edcula, llistats, calendari&#8230;"},"content":{"rendered":"<h5><\/h5>\n<p><a href=\"https:\/\/agora.xtec.cat\/inslacetania\/wp-content\/uploads\/usu1045\/2025\/03\/LOGO_LACETANIA_NOU.png\"><img loading=\"lazy\" decoding=\"async\" class=\"wp-image-25619 aligncenter\" src=\"https:\/\/agora.xtec.cat\/inslacetania\/wp-content\/uploads\/usu1045\/2025\/03\/LOGO_LACETANIA_NOU.png\" alt=\"\" width=\"67\" height=\"67\" srcset=\"https:\/\/agora.xtec.cat\/inslacetania\/wp-content\/uploads\/usu1045\/2025\/03\/LOGO_LACETANIA_NOU.png 969w, https:\/\/agora.xtec.cat\/inslacetania\/wp-content\/uploads\/usu1045\/2025\/03\/LOGO_LACETANIA_NOU-300x300.png 300w, https:\/\/agora.xtec.cat\/inslacetania\/wp-content\/uploads\/usu1045\/2025\/03\/LOGO_LACETANIA_NOU-150x150.png 150w, https:\/\/agora.xtec.cat\/inslacetania\/wp-content\/uploads\/usu1045\/2025\/03\/LOGO_LACETANIA_NOU-768x766.png 768w\" sizes=\"auto, (max-width: 67px) 100vw, 67px\" \/><\/a>Benvinguts i benvingudes al calendari de preinscripci\u00f3 i matr\u00edcula a <strong>BATXILLERAT<\/strong> pel <strong>curs 2026-2027<\/strong>.<\/p>\n<p>Aqu\u00ed podr\u00e0s trobar les dates clau d\u2019aquesta preinscripci\u00f3 i el seu enlla\u00e7 als documents i\/o proc\u00e9s que s\u2019aniran activant a mesura que es vagin publicant:<\/p>\n<table style=\"width: 82.5645%;\">\n<tbody>\n<tr>\n<td style=\"border-color: #000000; border-style: solid; width: 99.8593%;\" colspan=\"2\">\n<p style=\"text-align: center;\"><a href=\"https:\/\/drive.google.com\/file\/d\/1d6CF_udFeGmUXInksFKpNu3MOA8SLJiD\/view?usp=sharing\"><span style=\"font-size: 20px;\"><strong>Document informatiu de la preinscripci\u00f3<\/strong><\/span><\/a><\/p>\n<p style=\"text-align: center;\">M\u00e9s informaci\u00f3 del procediment a la web de preinscripci\u00f3 del <a href=\"https:\/\/preinscripcio.gencat.cat\/ca\/estudis\/batxillerat\/inici\/\" target=\"_blank\" rel=\"noopener\">Departament d&#8217;Educaci\u00f3.<\/a><\/p>\n<\/td>\n<\/tr>\n<tr>\n<td style=\"border-color: #000000; border-style: solid; width: 69.1285%;\"><span style=\"background-color: #00ff00;\"><strong>FASES DE LA PREINSCRIPCI\u00d3<\/strong><\/span><\/td>\n<td style=\"border-color: #000000; border-style: solid; width: 30.7308%;\"><span style=\"background-color: #00ff00;\"><strong>DATE<\/strong><strong>S 2026<\/strong><\/span><\/td>\n<\/tr>\n<tr>\n<td style=\"border-color: #000000; border-style: solid; width: 69.1285%;\">Publicaci\u00f3 de l\u2019oferta inicial<\/td>\n<td style=\"border-color: #000000; border-style: solid; width: 30.7308%;\">8 d&#8217;abril<\/td>\n<\/tr>\n<tr>\n<td style=\"border-color: #000000; border-style: solid; width: 69.1285%;\"><a href=\"https:\/\/drive.google.com\/file\/d\/1tjn_I9XwelFMxjE35hlq6jfuLUnRa75G\/view?usp=sharing\">Documentaci\u00f3 a preparar<\/a> per a la preinscripci\u00f3.<a href=\"https:\/\/educacio.gencat.cat\/ca\/tramits\/tramits-temes\/identificador-alumne\">Consulta IDALU<\/a>\u00a0(<strong>ID<\/strong>entificaci\u00f3\u00a0<strong>ALU<\/strong>mne\/a amb identificaci\u00f3 digital)<\/p>\n<p><span style=\"background-color: #00ffff;\">Codi de centre: <strong>08020462<\/strong><\/span><\/p>\n<p><strong>Presentaci\u00f3 de sol\u00b7licituds de <a href=\"https:\/\/educacio.gencat.cat\/ca\/tramits\/tramits-temes\/9388-batxillerat?moda=1\">PREINSCRIPCI\u00d3<\/a> (telem\u00e0tica)<\/strong><\/p>\n<p>Presentaci\u00f3 de documentaci\u00f3<\/td>\n<td style=\"border-color: #000000; border-style: solid; width: 30.7308%;\">\n<p><strong>Del 9 al 16 d&#8217;abril<\/strong><\/p>\n<p>Fins l&#8217;17 d&#8217;abril<\/td>\n<\/tr>\n<tr>\n<td style=\"border-color: #000000; border-style: solid; width: 69.1285%;\">Publicaci\u00f3 de la llista de sol\u00b7licituds amb la puntuaci\u00f3 provisional<\/td>\n<td style=\"border-color: #000000; border-style: solid; width: 30.7308%;\">14 de maig<\/td>\n<\/tr>\n<tr>\n<td style=\"border-color: #000000; border-style: solid; width: 69.1285%;\">Presentaci\u00f3 de reclamacions al barem provisional<\/td>\n<td style=\"border-color: #000000; border-style: solid; width: 30.7308%;\">Del 14 al 20 de maig<\/td>\n<\/tr>\n<tr>\n<td style=\"border-color: #000000; border-style: solid; width: 69.1285%;\">Publicaci\u00f3 de la llista amb la puntuaci\u00f3, un cop resoltes les reclamacions<\/td>\n<td style=\"border-color: #000000; border-style: solid; width: 30.7308%;\">26 de maig<\/td>\n<\/tr>\n<tr>\n<td style=\"border-color: #000000; border-style: solid; width: 69.1285%;\">Sorteig desempat<\/td>\n<td style=\"border-color: #000000; border-style: solid; width: 30.7308%;\">26 de maig<\/td>\n<\/tr>\n<tr>\n<td style=\"border-color: #000000; border-style: solid; width: 69.1285%;\">Publicaci\u00f3 de la llista ordenada<\/td>\n<td style=\"border-color: #000000; border-style: solid; width: 30.7308%;\">29 de maig<\/td>\n<\/tr>\n<tr>\n<td style=\"border-color: #000000; border-style: solid; width: 69.1285%;\">Publicaci\u00f3 de l\u2019oferta final<\/td>\n<td style=\"border-color: #000000; border-style: solid; width: 30.7308%;\">17 de juny<\/td>\n<\/tr>\n<tr>\n<td style=\"border-color: #000000; border-style: solid; width: 69.1285%;\">Publicaci\u00f3 de la llista d\u2019admesos, llista preinscrits i la llista d\u2019esperaDe moment no hi ha llista d&#8217;espera.<\/td>\n<td style=\"border-color: #000000; border-style: solid; width: 30.7308%;\">17 de juny<\/td>\n<\/tr>\n<tr>\n<td style=\"border-color: #000000; border-style: solid; width: 69.1285%;\"><strong>Per\u00edode de matriculaci\u00f3\u00a0<\/strong><\/p>\n<ul>\n<li><a href=\"https:\/\/drive.google.com\/file\/d\/14HugPvu8m0tWT9mjr3fTTyHKL861Q2m8\/view?usp=sharing\">Instruccions matr\u00edcula<\/a><\/li>\n<li><a href=\"https:\/\/aplicacions.lacetania.cat\/matricula\/#\/pages\/login\">Enlla\u00e7 programa MATR\u00cdCULA<\/a><\/li>\n<li><a href=\"https:\/\/drive.google.com\/file\/d\/16xOI9AH5t7k-pF-Y702IKuSfqwdot3xm\/view?usp=sharing\">Formulari tria de mat\u00e8ries.<\/a><\/li>\n<li><a href=\"https:\/\/drive.google.com\/file\/d\/1S4ypTF6NadZL1ftjXdf9azAorJfg1LZ1\/view?usp=sharing\">Circular armariets<\/a><\/li>\n<li><a href=\"https:\/\/drive.google.com\/file\/d\/1PNQMpFpTD48rkkP_9IY9U83JUbVv87mF\/view?usp=sharing\">Circular Iddink<\/a> i <a href=\"https:\/\/drive.google.com\/file\/d\/1gY5fjMJvr2hPeznfSVOaelHlFZSF6G9B\/view?usp=sharing\">com fer la comanda de llibres<\/a><\/li>\n<\/ul>\n<\/td>\n<td style=\"border-color: #000000; border-style: solid; width: 30.7308%;\"><strong>Del 18 al 26 de juny\u00a0<\/strong><\/td>\n<\/tr>\n<\/tbody>\n<\/table>\n<div><\/div>\n<div class=\"addtoany_share_save_container addtoany_content addtoany_content_bottom\">\n<div data-a2a-url=\"https:\/\/agora.xtec.cat\/inslacetania\/oficines\/informacio-de-secretaria-per-a-lalumnat\/informacio-de-secretaria-per-a-lalumnat-deso\/secretaria-preinscripcio-eso\/\" data-a2a-title=\"Secretaria. Preinscripci\u00f3 ESO\"><\/div>\n<div class=\"a2a_kit a2a_kit_size_25 addtoany_list\" data-a2a-url=\"https:\/\/agora.xtec.cat\/inslacetania\/oficines\/informacio-de-secretaria-per-a-lalumnat\/informacio-de-secretaria-per-a-lalumnat-deso\/secretaria-preinscripcio-eso\/\" data-a2a-title=\"Secretaria. Preinscripci\u00f3 ESO\"><a class=\"a2a_button_facebook\" title=\"Facebook\" href=\"https:\/\/agora.xtec.cat\/#facebook\" target=\"_blank\" rel=\"nofollow noopener\"><span class=\"a2a_label\">Facebook<\/span><\/a><a class=\"a2a_button_twitter\" title=\"Twitter\" href=\"https:\/\/agora.xtec.cat\/#twitter\" target=\"_blank\" rel=\"nofollow noopener\"><span class=\"a2a_label\">Twitter<\/span><\/a><a class=\"a2a_button_google_gmail\" title=\"Gmail\" href=\"https:\/\/agora.xtec.cat\/#google_gmail\" target=\"_blank\" rel=\"nofollow noopener\"><span class=\"a2a_label\">Gmail<\/span><\/a><\/div>\n<\/div>\n","protected":false},"excerpt":{"rendered":"<p>Benvinguts i benvingudes al calendari de preinscripci\u00f3 i matr\u00edcula a BATXILLERAT pel curs 2026-2027. Aqu\u00ed podr\u00e0s trobar les dates clau d\u2019aquesta preinscripci\u00f3 i el seu enlla\u00e7 als documents i\/o proc\u00e9s que s\u2019aniran activant a mesura que es vagin publicant: Document informatiu de la preinscripci\u00f3 M\u00e9s informaci\u00f3 del procediment a la web de preinscripci\u00f3 del Departament [&hellip;]<\/p>\n","protected":false},"author":4,"featured_media":0,"parent":10993,"menu_order":10,"comment_status":"closed","ping_status":"closed","template":"","meta":{"_bbp_topic_count":0,"_bbp_reply_count":0,"_bbp_total_topic_count":0,"_bbp_total_reply_count":0,"_bbp_voice_count":0,"_bbp_anonymous_reply_count":0,"_bbp_topic_count_hidden":0,"_bbp_reply_count_hidden":0,"_bbp_forum_subforum_count":0,"site-sidebar-layout":"default","site-content-layout":"","ast-site-content-layout":"default","site-content-style":"default","site-sidebar-style":"default","ast-global-header-display":"","ast-banner-title-visibility":"","ast-main-header-display":"","ast-hfb-above-header-display":"","ast-hfb-below-header-display":"","ast-hfb-mobile-header-display":"","site-post-title":"","ast-breadcrumbs-content":"","ast-featured-img":"","footer-sml-layout":"","theme-transparent-header-meta":"","adv-header-id-meta":"","stick-header-meta":"","header-above-stick-meta":"","header-main-stick-meta":"","header-below-stick-meta":"","astra-migrate-meta-layouts":"set","ast-page-background-enabled":"default","ast-page-background-meta":{"desktop":{"background-color":"var(--ast-global-color-4)","background-image":"","background-repeat":"repeat","background-position":"center center","background-size":"auto","background-attachment":"scroll","background-type":"","background-media":"","overlay-type":"","overlay-color":"","overlay-opacity":"","overlay-gradient":""},"tablet":{"background-color":"","background-image":"","background-repeat":"repeat","background-position":"center center","background-size":"auto","background-attachment":"scroll","background-type":"","background-media":"","overlay-type":"","overlay-color":"","overlay-opacity":"","overlay-gradient":""},"mobile":{"background-color":"","background-image":"","background-repeat":"repeat","background-position":"center center","background-size":"auto","background-attachment":"scroll","background-type":"","background-media":"","overlay-type":"","overlay-color":"","overlay-opacity":"","overlay-gradient":""}},"ast-content-background-meta":{"desktop":{"background-color":"var(--ast-global-color-5)","background-image":"","background-repeat":"repeat","background-position":"center center","background-size":"auto","background-attachment":"scroll","background-type":"","background-media":"","overlay-type":"","overlay-color":"","overlay-opacity":"","overlay-gradient":""},"tablet":{"background-color":"var(--ast-global-color-5)","background-image":"","background-repeat":"repeat","background-position":"center center","background-size":"auto","background-attachment":"scroll","background-type":"","background-media":"","overlay-type":"","overlay-color":"","overlay-opacity":"","overlay-gradient":""},"mobile":{"background-color":"var(--ast-global-color-5)","background-image":"","background-repeat":"repeat","background-position":"center center","background-size":"auto","background-attachment":"scroll","background-type":"","background-media":"","overlay-type":"","overlay-color":"","overlay-opacity":"","overlay-gradient":""}},"footnotes":""},"class_list":["post-11203","page","type-page","status-publish","hentry"],"post_mailing_queue_ids":[],"_links":{"self":[{"href":"https:\/\/agora.xtec.cat\/inslacetania\/wp-json\/wp\/v2\/pages\/11203","targetHints":{"allow":["GET"]}}],"collection":[{"href":"https:\/\/agora.xtec.cat\/inslacetania\/wp-json\/wp\/v2\/pages"}],"about":[{"href":"https:\/\/agora.xtec.cat\/inslacetania\/wp-json\/wp\/v2\/types\/page"}],"author":[{"embeddable":true,"href":"https:\/\/agora.xtec.cat\/inslacetania\/wp-json\/wp\/v2\/users\/4"}],"replies":[{"embeddable":true,"href":"https:\/\/agora.xtec.cat\/inslacetania\/wp-json\/wp\/v2\/comments?post=11203"}],"version-history":[{"count":6,"href":"https:\/\/agora.xtec.cat\/inslacetania\/wp-json\/wp\/v2\/pages\/11203\/revisions"}],"predecessor-version":[{"id":28971,"href":"https:\/\/agora.xtec.cat\/inslacetania\/wp-json\/wp\/v2\/pages\/11203\/revisions\/28971"}],"up":[{"embeddable":true,"href":"https:\/\/agora.xtec.cat\/inslacetania\/wp-json\/wp\/v2\/pages\/10993"}],"wp:attachment":[{"href":"https:\/\/agora.xtec.cat\/inslacetania\/wp-json\/wp\/v2\/media?parent=11203"}],"curies":[{"name":"wp","href":"https:\/\/api.w.org\/{rel}","templated":true}]}}