{"id":11139,"date":"2021-03-17T11:46:04","date_gmt":"2021-03-17T10:46:04","guid":{"rendered":"http:\/\/agora.xtec.cat\/inslacetania\/?page_id=11139"},"modified":"2025-05-20T14:59:29","modified_gmt":"2025-05-20T12:59:29","slug":"informacio-de-secretaria-sobre-les-proves-dacces-a-cicles-formatius-de-grau-superior","status":"publish","type":"page","link":"https:\/\/agora.xtec.cat\/inslacetania\/oficines\/informacio-de-secretaria-per-a-lalumnat\/informacio-de-secretaria-sobre-les-proves-dacces-a-cicles-formatius-de-grau-superior\/","title":{"rendered":"Informaci\u00f3 de secretaria sobre les proves d&#8217;acc\u00e9s a cicles formatius de grau mig i superior"},"content":{"rendered":"<p><strong>Inscripcions<\/strong>: <strong>del 7 al 18 de mar\u00e7 de 2024<\/strong>, de forma telem\u00e0tica a la web del Departament d&#8217;Educaci\u00f3.<\/p>\n<p><strong>Dates<\/strong> de realitzaci\u00f3 de les proves:<\/p>\n<p><span style=\"background-color: #00ff00;\"><strong>GRAU SUPERIOR:<\/strong><\/span><\/p>\n<ul>\n<li><strong>Part comuna: dia 21 de maig de 2025<\/strong><\/li>\n<li style=\"list-style-type: none;\">\n<ul>\n<li style=\"list-style-type: none;\">\n<ul>\n<li style=\"list-style-type: none;\">\n<ul>\n<li style=\"list-style-type: none;\">\n<ul>\n<li style=\"list-style-type: none;\">\n<ul>\n<li>16.00 hores\u00a0 \u00a0Primer bloc: Llengua catalana i llengua castellana<\/li>\n<li style=\"text-align: left;\">18.30 hores\u00a0 \u00a0Segon bloc:Llengua estrangera (angl\u00e8s, franc\u00e8s o alemany)\u00a0 i matem\u00e0tiques<\/li>\n<\/ul>\n<\/li>\n<\/ul>\n<\/li>\n<\/ul>\n<\/li>\n<\/ul>\n<\/li>\n<\/ul>\n<\/li>\n<li><strong>Part espec\u00edfica: dia 22 de maig de 2025<\/strong>\n<ul>\n<li style=\"list-style-type: none;\">\n<ul>\n<li style=\"list-style-type: none;\">\n<ul>\n<li style=\"list-style-type: none;\">\n<ul>\n<li style=\"list-style-type: none;\">\n<ul>\n<li>\n<p style=\"font-family: 'Helvetica Neue', Helvetica, Helvetica, Arial, sans-serif; font-size: 16px;\">16.00 hores\u00a0 \u00a0Mat\u00e8ries espec\u00edfiques triades<\/p>\n<\/li>\n<\/ul>\n<\/li>\n<\/ul>\n<\/li>\n<\/ul>\n<\/li>\n<\/ul>\n<\/li>\n<\/ul>\n<\/li>\n<\/ul>\n<p><strong>Horari<\/strong>: les proves s&#8217;inicien a les 1<span style=\"font-family: inherit; font-size: 1em;\">6h per\u00f2 <\/span><strong style=\"font-family: inherit; font-size: 1em;\">cal presentar-se al centre a les 15.30h<\/strong><\/p>\n<p><strong>M\u00e9s informaci\u00f3 i inscripcions<\/strong> a la web del <a href=\"https:\/\/educacio.gencat.cat\/ca\/serveis-tramits\/proves\/proves-acces\/\">Departament d&#8217;Educaci\u00f3h)<\/a><\/p>\n","protected":false},"excerpt":{"rendered":"<p>Inscripcions: del 7 al 18 de mar\u00e7 de 2024, de forma telem\u00e0tica a la web del Departament d&#8217;Educaci\u00f3. Dates de realitzaci\u00f3 de les proves: GRAU SUPERIOR: Part comuna: dia 21 de maig de 2025 16.00 hores\u00a0 \u00a0Primer bloc: Llengua catalana i llengua castellana 18.30 hores\u00a0 \u00a0Segon bloc:Llengua estrangera (angl\u00e8s, franc\u00e8s o alemany)\u00a0 i matem\u00e0tiques Part [&hellip;]<\/p>\n","protected":false},"author":9,"featured_media":0,"parent":10993,"menu_order":70,"comment_status":"closed","ping_status":"closed","template":"page-templates\/side-menu.php","meta":{"_bbp_topic_count":0,"_bbp_reply_count":0,"_bbp_total_topic_count":0,"_bbp_total_reply_count":0,"_bbp_voice_count":0,"_bbp_anonymous_reply_count":0,"_bbp_topic_count_hidden":0,"_bbp_reply_count_hidden":0,"_bbp_forum_subforum_count":0,"site-sidebar-layout":"default","site-content-layout":"","ast-site-content-layout":"","site-content-style":"default","site-sidebar-style":"default","ast-global-header-display":"","ast-banner-title-visibility":"","ast-main-header-display":"","ast-hfb-above-header-display":"","ast-hfb-below-header-display":"","ast-hfb-mobile-header-display":"","site-post-title":"","ast-breadcrumbs-content":"","ast-featured-img":"","footer-sml-layout":"","theme-transparent-header-meta":"","adv-header-id-meta":"","stick-header-meta":"","header-above-stick-meta":"","header-main-stick-meta":"","header-below-stick-meta":"","astra-migrate-meta-layouts":"default","ast-page-background-enabled":"default","ast-page-background-meta":{"desktop":{"background-color":"var(--ast-global-color-4)","background-image":"","background-repeat":"repeat","background-position":"center center","background-size":"auto","background-attachment":"scroll","background-type":"","background-media":"","overlay-type":"","overlay-color":"","overlay-opacity":"","overlay-gradient":""},"tablet":{"background-color":"","background-image":"","background-repeat":"repeat","background-position":"center center","background-size":"auto","background-attachment":"scroll","background-type":"","background-media":"","overlay-type":"","overlay-color":"","overlay-opacity":"","overlay-gradient":""},"mobile":{"background-color":"","background-image":"","background-repeat":"repeat","background-position":"center center","background-size":"auto","background-attachment":"scroll","background-type":"","background-media":"","overlay-type":"","overlay-color":"","overlay-opacity":"","overlay-gradient":""}},"ast-content-background-meta":{"desktop":{"background-color":"var(--ast-global-color-5)","background-image":"","background-repeat":"repeat","background-position":"center center","background-size":"auto","background-attachment":"scroll","background-type":"","background-media":"","overlay-type":"","overlay-color":"","overlay-opacity":"","overlay-gradient":""},"tablet":{"background-color":"var(--ast-global-color-5)","background-image":"","background-repeat":"repeat","background-position":"center center","background-size":"auto","background-attachment":"scroll","background-type":"","background-media":"","overlay-type":"","overlay-color":"","overlay-opacity":"","overlay-gradient":""},"mobile":{"background-color":"var(--ast-global-color-5)","background-image":"","background-repeat":"repeat","background-position":"center center","background-size":"auto","background-attachment":"scroll","background-type":"","background-media":"","overlay-type":"","overlay-color":"","overlay-opacity":"","overlay-gradient":""}},"footnotes":""},"class_list":["post-11139","page","type-page","status-publish","hentry"],"post_mailing_queue_ids":[],"_links":{"self":[{"href":"https:\/\/agora.xtec.cat\/inslacetania\/wp-json\/wp\/v2\/pages\/11139","targetHints":{"allow":["GET"]}}],"collection":[{"href":"https:\/\/agora.xtec.cat\/inslacetania\/wp-json\/wp\/v2\/pages"}],"about":[{"href":"https:\/\/agora.xtec.cat\/inslacetania\/wp-json\/wp\/v2\/types\/page"}],"author":[{"embeddable":true,"href":"https:\/\/agora.xtec.cat\/inslacetania\/wp-json\/wp\/v2\/users\/9"}],"replies":[{"embeddable":true,"href":"https:\/\/agora.xtec.cat\/inslacetania\/wp-json\/wp\/v2\/comments?post=11139"}],"version-history":[{"count":6,"href":"https:\/\/agora.xtec.cat\/inslacetania\/wp-json\/wp\/v2\/pages\/11139\/revisions"}],"predecessor-version":[{"id":26646,"href":"https:\/\/agora.xtec.cat\/inslacetania\/wp-json\/wp\/v2\/pages\/11139\/revisions\/26646"}],"up":[{"embeddable":true,"href":"https:\/\/agora.xtec.cat\/inslacetania\/wp-json\/wp\/v2\/pages\/10993"}],"wp:attachment":[{"href":"https:\/\/agora.xtec.cat\/inslacetania\/wp-json\/wp\/v2\/media?parent=11139"}],"curies":[{"name":"wp","href":"https:\/\/api.w.org\/{rel}","templated":true}]}}