{"id":10993,"date":"2021-03-11T13:12:57","date_gmt":"2021-03-11T12:12:57","guid":{"rendered":"http:\/\/agora.xtec.cat\/inslacetania\/?page_id=10993"},"modified":"2024-07-04T14:16:05","modified_gmt":"2024-07-04T12:16:05","slug":"informacio-de-secretaria-per-a-lalumnat","status":"publish","type":"page","link":"https:\/\/agora.xtec.cat\/inslacetania\/oficines\/informacio-de-secretaria-per-a-lalumnat\/","title":{"rendered":"Informaci\u00f3 de secretaria per a l&#8217;alumnat."},"content":{"rendered":"<p>Informaci\u00f3 sobre preinscripci\u00f3, matr\u00edcules, llistats, beques&#8230;<\/p>\n<div align=\"center\">\n<table style=\"height: 379px; width: 100%;\">\n<tbody>\n<tr style=\"height: 168px;\">\n<td style=\"width: 25.0251%; height: 151px;\">\n<p style=\"text-align: center;\">\n<\/td>\n<td style=\"height: 151px; width: 24.3216%; text-align: center;\"><a href=\"https:\/\/agora.xtec.cat\/inslacetania\/oficines\/informacio-de-secretaria-per-a-lalumnat\/informacio-de-secretaria-per-a-lalumnat-deso\/\" target=\"_blank\" rel=\"noopener noreferrer\"><img loading=\"lazy\" decoding=\"async\" class=\"aligncenter wp-image-11001 size-full\" src=\"https:\/\/agora.xtec.cat\/inslacetania\/wp-content\/uploads\/usu1045\/2021\/03\/light_bulb.png\" alt=\"\" width=\"72\" height=\"72\" \/><\/a><br \/>\n<a href=\"https:\/\/agora.xtec.cat\/inslacetania\/?page_id=21578&amp;preview=true\" target=\"_blank\" rel=\"noopener noreferrer\">ESO<\/a><\/td>\n<td style=\"height: 151px; width: 24.6231%; text-align: center;\"><a href=\"https:\/\/agora.xtec.cat\/inslacetania\/oficines\/informacio-de-secretaria-per-a-lalumnat\/informacio-de-secretaria-per-a-lalumnat-de-batxillerat\/\" target=\"_blank\" rel=\"noopener noreferrer\"><img loading=\"lazy\" decoding=\"async\" class=\"aligncenter wp-image-11000 size-full\" src=\"https:\/\/agora.xtec.cat\/inslacetania\/wp-content\/uploads\/usu1045\/2021\/03\/graduation.png\" alt=\"\" width=\"72\" height=\"72\" \/><\/a><br \/>\n<a href=\"https:\/\/agora.xtec.cat\/inslacetania\/oficines\/informacio-de-secretaria-per-a-lalumnat\/informacio-de-secretaria-per-a-lalumnat-de-batxillerat\/secretaria-preinscripcio-bat\/\">Batxillerat<\/a><\/td>\n<td style=\"height: 151px; width: 25.0251%; text-align: center;\">\n<p style=\"text-align: center;\">\n<\/td>\n<\/tr>\n<tr style=\"height: 31px;\">\n<td style=\"width: 25.0251%; text-align: center; height: 122px;\"><img loading=\"lazy\" decoding=\"async\" class=\"alignnone size-full wp-image-10999 aligncenter\" src=\"https:\/\/agora.xtec.cat\/inslacetania\/wp-content\/uploads\/usu1045\/2021\/03\/gear.png\" alt=\"\" width=\"72\" height=\"72\" \/><a href=\"https:\/\/agora.xtec.cat\/inslacetania\/oficines\/informacio-de-secretaria-per-a-lalumnat\/informacio-de-secretaria-per-a-lalumnat-dels-pfi\/secretaria-preinscripcio-pfi\/\">Programes de Formaci\u00f3 i Inserci\u00f3<\/a><\/td>\n<td style=\"height: 122px; width: 24.3216%; text-align: center;\"><a href=\"https:\/\/agora.xtec.cat\/inslacetania\/oficines\/informacio-de-secretaria-per-a-lalumnat\/informacio-de-secretaria-per-a-lalumnat-de-cfgm\/secretaria-preinscripcio-cfgm\/\" target=\"_blank\" rel=\"noopener noreferrer\"><img loading=\"lazy\" decoding=\"async\" class=\"alignnone wp-image-10998 size-full\" src=\"https:\/\/agora.xtec.cat\/inslacetania\/wp-content\/uploads\/usu1045\/2021\/03\/gear2.png\" alt=\"\" width=\"72\" height=\"72\" \/><\/a><br \/>\n<a href=\"https:\/\/agora.xtec.cat\/inslacetania\/oficines\/informacio-de-secretaria-per-a-lalumnat\/informacio-de-secretaria-per-a-lalumnat-de-cfgm\/secretaria-preinscripcio-cfgm\/\">Cicles Formatius de Grau Mitj\u00e0<\/a><\/td>\n<td style=\"height: 122px; width: 24.6231%; text-align: center;\"><a href=\"https:\/\/agora.xtec.cat\/inslacetania\/oficines\/informacio-de-secretaria-per-a-lalumnat\/informacio-de-secretaria-per-a-lalumnat-de-cfgs\/secretaria-preinscripcio-cfgs\/\" target=\"_blank\" rel=\"noopener noreferrer\"><img loading=\"lazy\" decoding=\"async\" class=\"alignnone wp-image-10997 size-full\" src=\"https:\/\/agora.xtec.cat\/inslacetania\/wp-content\/uploads\/usu1045\/2021\/03\/gear3.png\" alt=\"\" width=\"72\" height=\"72\" \/><\/a><br \/>\n<a href=\"https:\/\/agora.xtec.cat\/inslacetania\/oficines\/informacio-de-secretaria-per-a-lalumnat\/informacio-de-secretaria-per-a-lalumnat-de-cfgs\/secretaria-preinscripcio-cfgs\/\">Cicles Formatius de Grau Superior<\/a><\/td>\n<td style=\"height: 122px; width: 25.0251%; text-align: center;\"><a href=\"https:\/\/agora.xtec.cat\/inslacetania\/oficines\/informacio-de-secretaria-per-a-lalumnat\/informacio-de-secretaria-per-a-lalumnat-de-cefp\/\" target=\"_blank\" rel=\"noopener noreferrer\"><img loading=\"lazy\" decoding=\"async\" class=\"alignnone wp-image-11196 size-full\" src=\"https:\/\/agora.xtec.cat\/inslacetania\/wp-content\/uploads\/usu1045\/2021\/03\/subnet.png\" alt=\"\" width=\"72\" height=\"72\" \/><\/a><br \/>\n<a href=\"https:\/\/agora.xtec.cat\/inslacetania\/oficines\/informacio-de-secretaria-per-a-lalumnat\/informacio-de-secretaria-per-a-lalumnat-de-cefp\/\" target=\"_blank\" rel=\"noopener noreferrer\">Cursos d&#8217;especialitzaci\u00f3<br \/>\nd&#8217;FP<\/a><\/td>\n<\/tr>\n<tr style=\"height: 106px;\">\n<td style=\"width: 25.0251%; text-align: center; height: 106px;\"><\/td>\n<td style=\"text-align: center; height: 106px; width: 24.3216%;\"><a href=\"https:\/\/agora.xtec.cat\/inslacetania\/oficines\/informacio-de-secretaria-per-a-lalumnat\/informacio-de-secretaria-sobre-les-proves-dacces-a-cicles-formatius-de-grau-superior\/\" target=\"_blank\" rel=\"noopener noreferrer\"><img loading=\"lazy\" decoding=\"async\" class=\"alignnone wp-image-10996 size-full\" src=\"https:\/\/agora.xtec.cat\/inslacetania\/wp-content\/uploads\/usu1045\/2021\/03\/exam.png\" alt=\"\" width=\"72\" height=\"72\" \/><\/a><br \/>\n<a href=\"https:\/\/agora.xtec.cat\/inslacetania\/oficines\/informacio-de-secretaria-per-a-lalumnat\/informacio-de-secretaria-sobre-les-proves-dacces-a-cicles-formatius-de-grau-superior\/\" target=\"_blank\" rel=\"noopener noreferrer\">Proves d&#8217;acc\u00e9s a Cicles Formatius<\/a><\/td>\n<td style=\"text-align: center; width: 24.6231%; height: 106px;\"><\/td>\n<td style=\"width: 25.0251%; text-align: center; height: 106px;\"><\/td>\n<\/tr>\n<tr>\n<td style=\"width: 25.0251%; text-align: center;\"><\/td>\n<td style=\"text-align: center; width: 48.9447%; height: 106px;\" colspan=\"2\"><a href=\"https:\/\/agora.xtec.cat\/inslacetania\/oficines\/informacio-de-secretaria-per-a-lalumnat\/informacio-de-secretaria-sobre-beques-ajuts-transport-escolar\/\" target=\"_blank\" rel=\"noopener noreferrer\"><img loading=\"lazy\" decoding=\"async\" class=\"alignnone wp-image-11002 size-full\" src=\"https:\/\/agora.xtec.cat\/inslacetania\/wp-content\/uploads\/usu1045\/2021\/03\/help_fav.png\" alt=\"\" width=\"72\" height=\"72\" \/><\/a><br \/>\n<a href=\"https:\/\/agora.xtec.cat\/inslacetania\/oficines\/informacio-de-secretaria-per-a-lalumnat\/informacio-de-secretaria-sobre-beques-ajuts-transport-escolar\/\" target=\"_blank\" rel=\"noopener noreferrer\">Beques, ajuts, transport escolar<\/a><\/td>\n<td style=\"width: 25.0251%; text-align: center;\"><\/td>\n<\/tr>\n<\/tbody>\n<\/table>\n<\/div>\n<p>&nbsp;<\/p>\n<p>&nbsp;<\/p>\n","protected":false},"excerpt":{"rendered":"<p>Informaci\u00f3 sobre preinscripci\u00f3, matr\u00edcules, llistats, beques&#8230; ESO Batxillerat Programes de Formaci\u00f3 i Inserci\u00f3 Cicles Formatius de Grau Mitj\u00e0 Cicles Formatius de Grau Superior Cursos d&#8217;especialitzaci\u00f3 d&#8217;FP Proves d&#8217;acc\u00e9s a Cicles Formatius Beques, ajuts, transport escolar &nbsp; &nbsp;<\/p>\n","protected":false},"author":4,"featured_media":0,"parent":81,"menu_order":20,"comment_status":"closed","ping_status":"closed","template":"page-templates\/side-menu.php","meta":{"_bbp_topic_count":0,"_bbp_reply_count":0,"_bbp_total_topic_count":0,"_bbp_total_reply_count":0,"_bbp_voice_count":0,"_bbp_anonymous_reply_count":0,"_bbp_topic_count_hidden":0,"_bbp_reply_count_hidden":0,"_bbp_forum_subforum_count":0,"site-sidebar-layout":"default","site-content-layout":"","ast-site-content-layout":"","site-content-style":"default","site-sidebar-style":"default","ast-global-header-display":"","ast-banner-title-visibility":"","ast-main-header-display":"","ast-hfb-above-header-display":"","ast-hfb-below-header-display":"","ast-hfb-mobile-header-display":"","site-post-title":"","ast-breadcrumbs-content":"","ast-featured-img":"","footer-sml-layout":"","theme-transparent-header-meta":"","adv-header-id-meta":"","stick-header-meta":"","header-above-stick-meta":"","header-main-stick-meta":"","header-below-stick-meta":"","astra-migrate-meta-layouts":"default","ast-page-background-enabled":"default","ast-page-background-meta":{"desktop":{"background-color":"var(--ast-global-color-4)","background-image":"","background-repeat":"repeat","background-position":"center center","background-size":"auto","background-attachment":"scroll","background-type":"","background-media":"","overlay-type":"","overlay-color":"","overlay-opacity":"","overlay-gradient":""},"tablet":{"background-color":"","background-image":"","background-repeat":"repeat","background-position":"center center","background-size":"auto","background-attachment":"scroll","background-type":"","background-media":"","overlay-type":"","overlay-color":"","overlay-opacity":"","overlay-gradient":""},"mobile":{"background-color":"","background-image":"","background-repeat":"repeat","background-position":"center center","background-size":"auto","background-attachment":"scroll","background-type":"","background-media":"","overlay-type":"","overlay-color":"","overlay-opacity":"","overlay-gradient":""}},"ast-content-background-meta":{"desktop":{"background-color":"var(--ast-global-color-5)","background-image":"","background-repeat":"repeat","background-position":"center center","background-size":"auto","background-attachment":"scroll","background-type":"","background-media":"","overlay-type":"","overlay-color":"","overlay-opacity":"","overlay-gradient":""},"tablet":{"background-color":"var(--ast-global-color-5)","background-image":"","background-repeat":"repeat","background-position":"center center","background-size":"auto","background-attachment":"scroll","background-type":"","background-media":"","overlay-type":"","overlay-color":"","overlay-opacity":"","overlay-gradient":""},"mobile":{"background-color":"var(--ast-global-color-5)","background-image":"","background-repeat":"repeat","background-position":"center center","background-size":"auto","background-attachment":"scroll","background-type":"","background-media":"","overlay-type":"","overlay-color":"","overlay-opacity":"","overlay-gradient":""}},"footnotes":""},"class_list":["post-10993","page","type-page","status-publish","hentry"],"post_mailing_queue_ids":[],"_links":{"self":[{"href":"https:\/\/agora.xtec.cat\/inslacetania\/wp-json\/wp\/v2\/pages\/10993","targetHints":{"allow":["GET"]}}],"collection":[{"href":"https:\/\/agora.xtec.cat\/inslacetania\/wp-json\/wp\/v2\/pages"}],"about":[{"href":"https:\/\/agora.xtec.cat\/inslacetania\/wp-json\/wp\/v2\/types\/page"}],"author":[{"embeddable":true,"href":"https:\/\/agora.xtec.cat\/inslacetania\/wp-json\/wp\/v2\/users\/4"}],"replies":[{"embeddable":true,"href":"https:\/\/agora.xtec.cat\/inslacetania\/wp-json\/wp\/v2\/comments?post=10993"}],"version-history":[{"count":8,"href":"https:\/\/agora.xtec.cat\/inslacetania\/wp-json\/wp\/v2\/pages\/10993\/revisions"}],"predecessor-version":[{"id":22937,"href":"https:\/\/agora.xtec.cat\/inslacetania\/wp-json\/wp\/v2\/pages\/10993\/revisions\/22937"}],"up":[{"embeddable":true,"href":"https:\/\/agora.xtec.cat\/inslacetania\/wp-json\/wp\/v2\/pages\/81"}],"wp:attachment":[{"href":"https:\/\/agora.xtec.cat\/inslacetania\/wp-json\/wp\/v2\/media?parent=10993"}],"curies":[{"name":"wp","href":"https:\/\/api.w.org\/{rel}","templated":true}]}}