{"id":10826,"date":"2021-02-19T18:36:24","date_gmt":"2021-02-19T17:36:24","guid":{"rendered":"http:\/\/agora.xtec.cat\/inslacetania\/?page_id=10826"},"modified":"2021-04-28T18:54:46","modified_gmt":"2021-04-28T16:54:46","slug":"fp-dual-experiencies-de-les-empreses","status":"publish","type":"page","link":"https:\/\/agora.xtec.cat\/inslacetania\/estudis\/fp\/fp-dual\/fp-dual-experiencies-de-les-empreses\/","title":{"rendered":"FP Dual. Experi\u00e8ncies de les empreses."},"content":{"rendered":"<hr \/>\n<p><a href=\"https:\/\/agora.xtec.cat\/inslacetania\/wp-content\/uploads\/usu1045\/2021\/02\/Denso.jpg\"><img loading=\"lazy\" decoding=\"async\" class=\"alignnone wp-image-10831\" src=\"https:\/\/agora.xtec.cat\/inslacetania\/wp-content\/uploads\/usu1045\/2021\/02\/Denso-300x138.jpg\" alt=\"\" width=\"200\" height=\"92\" srcset=\"https:\/\/agora.xtec.cat\/inslacetania\/wp-content\/uploads\/usu1045\/2021\/02\/Denso-300x138.jpg 300w, https:\/\/agora.xtec.cat\/inslacetania\/wp-content\/uploads\/usu1045\/2021\/02\/Denso-768x353.jpg 768w, https:\/\/agora.xtec.cat\/inslacetania\/wp-content\/uploads\/usu1045\/2021\/02\/Denso-1024x471.jpg 1024w, https:\/\/agora.xtec.cat\/inslacetania\/wp-content\/uploads\/usu1045\/2021\/02\/Denso.jpg 2000w\" sizes=\"auto, (max-width: 200px) 100vw, 200px\" \/><\/a><\/p>\n<p style=\"text-align: justify;\">A DENSO vam iniciar l\u2019experi\u00e8ncia de DUAL el 2019, amb l\u2019inici del CFGS Manteniment Electr\u00f2nic, i des d\u2019aleshores hem mantingut 2-3 alumnes cada any, afegits a les pr\u00e0ctiques FCT d\u2019altres especialitats.<\/p>\n<p style=\"text-align: justify;\">Com empresa tenim clar que l\u2019acollida d\u2019estudiants \u00e9s una activitat que fomenta l\u2019obtenci\u00f3 constant de coneixement i experi\u00e8ncia a tothom, sigui alumnat, centre educatiu o empresa. I com no pot ser d\u2019altra manera, tamb\u00e9 \u00e9s una via d\u2019incorporaci\u00f3 a plantilla en cas de coincid\u00e8ncia amb necessitats laborals.<\/p>\n<p style=\"text-align: justify;\">Si b\u00e9 ja portem anys de col\u00b7laboraci\u00f3 en pr\u00e0ctiques de modalitat FCT, ha estat l\u2019ampliaci\u00f3 a l\u2019experi\u00e8ncia de modalitat DUAL la que creiem ha donat un impuls addicional a l\u2019activitat docent. La major durada permet a l\u2019empresa preparar continguts m\u00e9s extensos, i en conseq\u00fc\u00e8ncia, l\u2019estudiant pot assolir un major nivell d\u2019aprenentatge i experi\u00e8ncia en m\u00e8todes i tecnologia en entorn real.<\/p>\n<p style=\"text-align: justify;\">Per a l\u2019estudiant, el DUAL li ser\u00e0 un tret diferencial alhora de cercar oportunitats laborals, ja que haur\u00e0 crescut en compet\u00e8ncies gr\u00e0cies a utilitzar m\u00e8todes i tecnologia en entorn real, i alhora tenir assumits els nivells de responsabilitat i exig\u00e8ncia que l\u2019entorn laboral li demanar\u00e0 assolir.<\/p>\n<p style=\"text-align: justify;\">Al mateix temps, com empresa, reconeixem el beneficis interns que estem obtenint, ja que si b\u00e9 pot arribar a ser una bona font de reclutament, el fet d\u2019haver de compartir coneixement i experi\u00e8ncia ens afegeix una motivaci\u00f3 extra en assegurar l\u2019estandarditzaci\u00f3 de m\u00e8todes, millorar la formaci\u00f3 interna, fomentar l\u2019escolta activa i analitzar l\u2019aplicabilitat de noves idees (millora continuada).<\/p>\n<p style=\"text-align: justify;\">Per tot el que hem comentat, no en tenim cap dubte. Les pr\u00e0ctiques DUALS, es una activitat molt efica\u00e7 en el proc\u00e9s de capacitaci\u00f3 de futurs\/es professionals, de millora continua de les empreses, i alhora de foment de contractacions.<\/p>\n<p><em>Francesc Iba\u00f1ez<\/em><br \/>\n<em>HR Systems, Recruitment &amp; GA<\/em><\/p>\n<hr \/>\n<p><a href=\"https:\/\/agora.xtec.cat\/inslacetania\/wp-content\/uploads\/usu1045\/2021\/02\/Maxion.jpg\"><img loading=\"lazy\" decoding=\"async\" class=\"alignnone wp-image-10829\" src=\"https:\/\/agora.xtec.cat\/inslacetania\/wp-content\/uploads\/usu1045\/2021\/02\/Maxion.jpg\" alt=\"\" width=\"200\" height=\"119\" \/><\/a><\/p>\n<p style=\"text-align: justify;\">D&#8217;en\u00e7\u00e0 de l&#8217;any 2013 que Maxion Wheels Espa\u00f1a SL comen\u00e7a a incorporar estudiants en pr\u00e0ctiques en la modalitat de dual principalment en col\u00b7laboraci\u00f3 amb Lacet\u00e0nia.<\/p>\n<p style=\"text-align: justify;\">Aquesta, \u00e9s, sens dubte, una f\u00f3rmula d\u00b4\u00e8xit per totes les parts implicades:<\/p>\n<ul>\n<li style=\"text-align: justify;\">Per l\u00b4alumne, perqu\u00e8 li permet combinar la formaci\u00f3 en el centre educatiu i l\u00b4aprenentatge a l\u00b4empresa, ajudant-lo en el seu proc\u00e9s de creixement i apropant-lo a con\u00e8ixer el m\u00f3n professional que hi ha darrera de la seva futura professi\u00f3. Una excel\u00b7lent experi\u00e8ncia.<\/li>\n<li style=\"text-align: justify;\">Pel centre educatiu i per l\u00b4empresa, que comparteixen les responsabilitats formatives i ajuden a que els ensenyaments professionals s&#8217;adeq\u00fcin a les necessitats del mercat laboral amb l\u00b4objectiu de millorar la qualitat d&#8217;aquests, fent cr\u00e9ixer el talent al territori.<\/li>\n<\/ul>\n<p style=\"text-align: justify;\">A Maxion estem conven\u00e7uts que aquesta \u00e9s la l\u00ednia a seguir i amb aquesta vocaci\u00f3 de comprom\u00eds amb el nostre entorn seguim apostant cada any per diversos programes d\u00b4ensenyament dual en les nostres \u00e0rees i processos de treball.<\/p>\n<p style=\"text-align: justify;\">L\u00b4ensenyament dual ja forma part de la cultura de Maxion, i, naturalment, ens permet crear una pedrera de professionals del futur que fructifica a mig termini amb la seva incorporaci\u00f3 als nostres equips. En aquest cam\u00ed no vull oblidar l\u00b4esfor\u00e7 dels nostres professionals que, m\u00e9s enll\u00e0 de les seves responsabilitats di\u00e0ries, exerceixen la funci\u00f3 de tutor i guien aquests nois i noies en la seva traject\u00f2ria amb nosaltres. La funci\u00f3 de tutor es clau i la seva elecci\u00f3 cabdal pel correcte funcionament del programa.<\/p>\n<p style=\"text-align: justify;\">Finalment, agrair tamb\u00e9 l\u00b4esfor\u00e7 de Lacet\u00e0nia i els seus responsables per facilitar els programes dual en els seus cicles de grau formatiu.<\/p>\n<p style=\"text-align: justify;\">Com deia a l\u00b4inici, estic conven\u00e7ut que aquesta \u00e9s una f\u00f3rmula beneficiosa per a tots.<\/p>\n<p style=\"text-align: justify;\">Convido a totes les empreses del nostre territori a compartir l\u00b4experi\u00e8ncia.<\/p>\n<p><em>Josep Maria Esquius<\/em><br \/>\n<em>Director de Recursos Humans<\/em><\/p>\n<hr \/>\n<p><a href=\"https:\/\/agora.xtec.cat\/inslacetania\/wp-content\/uploads\/usu1045\/2021\/02\/Anelco.jpg\"><img loading=\"lazy\" decoding=\"async\" class=\"alignnone wp-image-10852\" src=\"https:\/\/agora.xtec.cat\/inslacetania\/wp-content\/uploads\/usu1045\/2021\/02\/Anelco.jpg\" alt=\"\" width=\"200\" height=\"82\" \/><\/a><\/p>\n<p style=\"text-align: justify;\">ANELCO ELECTR\u00d2NICA, en col\u00b7laboraci\u00f3 amb l\u2019Institut Lacet\u00e0nia, acull alumnat en modalitat dual. Acollir alumnat durant el per\u00edode d\u2019un any, suposa un bon projecte per l\u2019empresa, ja que la formaci\u00f3 de joves dins l\u2019\u00e0mbit laboral sempre \u00e9s un repte i \u00e9s molt gratificant.<\/p>\n<p style=\"text-align: justify;\">La col\u00b7laboraci\u00f3 amb Lacet\u00e0nia la portem fent durant uns quants anys, acollint alumnes que estudien el grau mitj\u00e0, durant per\u00edodes de no m\u00e9s de sis mesos, i la difer\u00e8ncia entre aquesta modalitat i la modalitat dual \u00e9s que amb la dual en ser la duraci\u00f3 m\u00e9s llarga, l\u2019alumne pot desenvolupar-se millor i ser m\u00e9s aut\u00f2nom i independent a l\u2019hora de poder dur a terme les tasques encomanades.<\/p>\n<p><em>Manel Cuevas<\/em><br \/>\n<em>Anelco Electr\u00f2nica<\/em><\/p>\n<hr \/>\n<p><a href=\"https:\/\/agora.xtec.cat\/inslacetania\/wp-content\/uploads\/usu1045\/2021\/02\/Gestamp.png\"><img loading=\"lazy\" decoding=\"async\" class=\"alignnone wp-image-10863\" src=\"https:\/\/agora.xtec.cat\/inslacetania\/wp-content\/uploads\/usu1045\/2021\/02\/Gestamp-1024x190.png\" alt=\"\" width=\"200\" height=\"37\" srcset=\"https:\/\/agora.xtec.cat\/inslacetania\/wp-content\/uploads\/usu1045\/2021\/02\/Gestamp-1024x190.png 1024w, https:\/\/agora.xtec.cat\/inslacetania\/wp-content\/uploads\/usu1045\/2021\/02\/Gestamp-300x56.png 300w, https:\/\/agora.xtec.cat\/inslacetania\/wp-content\/uploads\/usu1045\/2021\/02\/Gestamp-768x142.png 768w, https:\/\/agora.xtec.cat\/inslacetania\/wp-content\/uploads\/usu1045\/2021\/02\/Gestamp.png 1464w\" sizes=\"auto, (max-width: 200px) 100vw, 200px\" \/><\/a><\/p>\n<p style=\"text-align: justify;\">A Gestamp Metalbages, S.A. vam tenir el primer estudiant en modalitat Dual a l\u2019any 2014 i des d\u2019aquest any que n\u2019hem tingut com a m\u00ednim un cada any. Cada any tenim estudiants en FCT de les especialitats que fins ara no contemplaven la formaci\u00f3 Dual, per\u00f2 el fet que nom\u00e9s siguin 350 hores d\u2019estada a l\u2019empresa fa que als alumnes no els sigui f\u00e0cil assimilar els coneixements i les experi\u00e8ncies que podrien adquirir en la seva estada a l\u2019empresa. Realment la majoria de vegades nom\u00e9s se\u2019ls poden ensenyar feines auxiliars perqu\u00e8 puguin con\u00e8ixer l\u2019empresa i el mon laboral per\u00f2 poca cosa m\u00e9s.<\/p>\n<p style=\"text-align: justify;\">La formaci\u00f3 Dual, on l\u2019estada a l\u2019empresa \u00e9s de moltes m\u00e9s hores, t\u00e9 dues grans avantatges: 1) Els tutors de l\u2019empresa s\u2019impliquen m\u00e9s en la formaci\u00f3 de l\u2019estudiant 2) Com empresa tenim m\u00e9s temps per con\u00e8ixer la persona i tenir m\u00e9s elements per decidir si l\u2019incorporem a plantilla o no. En els \u00faltims 5 anys hem incorporat a 3 estudiants de Dual.<\/p>\n<p><em>Miquel Gal\u00ed<\/em><br \/>\n<em>Director de Recursos Humans<\/em><\/p>\n<hr \/>\n<p>&nbsp;<\/p>\n<table style=\"width: 100%;\">\n<tbody>\n<tr>\n<td style=\"width: 47.0352%;\"><a href=\"https:\/\/agora.xtec.cat\/inslacetania\/wp-content\/uploads\/usu1045\/2021\/02\/DE_2l_vermell-LOGO-GENE-EDUCACIO-II.jpg\"><img loading=\"lazy\" decoding=\"async\" class=\"wp-image-10740 size-medium alignleft\" src=\"https:\/\/agora.xtec.cat\/inslacetania\/wp-content\/uploads\/usu1045\/2021\/02\/DE_2l_vermell-LOGO-GENE-EDUCACIO-II-300x49.jpg\" alt=\"\" width=\"300\" height=\"49\" srcset=\"https:\/\/agora.xtec.cat\/inslacetania\/wp-content\/uploads\/usu1045\/2021\/02\/DE_2l_vermell-LOGO-GENE-EDUCACIO-II-300x49.jpg 300w, https:\/\/agora.xtec.cat\/inslacetania\/wp-content\/uploads\/usu1045\/2021\/02\/DE_2l_vermell-LOGO-GENE-EDUCACIO-II-768x125.jpg 768w, https:\/\/agora.xtec.cat\/inslacetania\/wp-content\/uploads\/usu1045\/2021\/02\/DE_2l_vermell-LOGO-GENE-EDUCACIO-II.jpg 769w\" sizes=\"auto, (max-width: 300px) 100vw, 300px\" \/><\/a><\/td>\n<td style=\"width: 52.3618%;\"><a href=\"https:\/\/agora.xtec.cat\/inslacetania\/wp-content\/uploads\/usu1045\/2021\/02\/Logo-Ministeri-i-Fons.png\"><img loading=\"lazy\" decoding=\"async\" class=\"wp-image-10741 alignright\" src=\"https:\/\/agora.xtec.cat\/inslacetania\/wp-content\/uploads\/usu1045\/2021\/02\/Logo-Ministeri-i-Fons-300x37.png\" alt=\"\" width=\"397\" height=\"49\" srcset=\"https:\/\/agora.xtec.cat\/inslacetania\/wp-content\/uploads\/usu1045\/2021\/02\/Logo-Ministeri-i-Fons-300x37.png 300w, https:\/\/agora.xtec.cat\/inslacetania\/wp-content\/uploads\/usu1045\/2021\/02\/Logo-Ministeri-i-Fons.png 594w\" sizes=\"auto, (max-width: 397px) 100vw, 397px\" \/><\/a><\/td>\n<\/tr>\n<\/tbody>\n<\/table>\n","protected":false},"excerpt":{"rendered":"<p>A DENSO vam iniciar l\u2019experi\u00e8ncia de DUAL el 2019, amb l\u2019inici del CFGS Manteniment Electr\u00f2nic, i des d\u2019aleshores hem mantingut 2-3 alumnes cada any, afegits a les pr\u00e0ctiques FCT d\u2019altres especialitats. Com empresa tenim clar que l\u2019acollida d\u2019estudiants \u00e9s una activitat que fomenta l\u2019obtenci\u00f3 constant de coneixement i experi\u00e8ncia a tothom, sigui alumnat, centre educatiu [&hellip;]<\/p>\n","protected":false},"author":4,"featured_media":0,"parent":10647,"menu_order":30,"comment_status":"closed","ping_status":"closed","template":"page-templates\/side-menu.php","meta":{"_bbp_topic_count":0,"_bbp_reply_count":0,"_bbp_total_topic_count":0,"_bbp_total_reply_count":0,"_bbp_voice_count":0,"_bbp_anonymous_reply_count":0,"_bbp_topic_count_hidden":0,"_bbp_reply_count_hidden":0,"_bbp_forum_subforum_count":0,"site-sidebar-layout":"default","site-content-layout":"","ast-site-content-layout":"","site-content-style":"default","site-sidebar-style":"default","ast-global-header-display":"","ast-banner-title-visibility":"","ast-main-header-display":"","ast-hfb-above-header-display":"","ast-hfb-below-header-display":"","ast-hfb-mobile-header-display":"","site-post-title":"","ast-breadcrumbs-content":"","ast-featured-img":"","footer-sml-layout":"","theme-transparent-header-meta":"","adv-header-id-meta":"","stick-header-meta":"","header-above-stick-meta":"","header-main-stick-meta":"","header-below-stick-meta":"","astra-migrate-meta-layouts":"default","ast-page-background-enabled":"default","ast-page-background-meta":{"desktop":{"background-color":"var(--ast-global-color-4)","background-image":"","background-repeat":"repeat","background-position":"center center","background-size":"auto","background-attachment":"scroll","background-type":"","background-media":"","overlay-type":"","overlay-color":"","overlay-opacity":"","overlay-gradient":""},"tablet":{"background-color":"","background-image":"","background-repeat":"repeat","background-position":"center center","background-size":"auto","background-attachment":"scroll","background-type":"","background-media":"","overlay-type":"","overlay-color":"","overlay-opacity":"","overlay-gradient":""},"mobile":{"background-color":"","background-image":"","background-repeat":"repeat","background-position":"center center","background-size":"auto","background-attachment":"scroll","background-type":"","background-media":"","overlay-type":"","overlay-color":"","overlay-opacity":"","overlay-gradient":""}},"ast-content-background-meta":{"desktop":{"background-color":"var(--ast-global-color-5)","background-image":"","background-repeat":"repeat","background-position":"center center","background-size":"auto","background-attachment":"scroll","background-type":"","background-media":"","overlay-type":"","overlay-color":"","overlay-opacity":"","overlay-gradient":""},"tablet":{"background-color":"var(--ast-global-color-5)","background-image":"","background-repeat":"repeat","background-position":"center center","background-size":"auto","background-attachment":"scroll","background-type":"","background-media":"","overlay-type":"","overlay-color":"","overlay-opacity":"","overlay-gradient":""},"mobile":{"background-color":"var(--ast-global-color-5)","background-image":"","background-repeat":"repeat","background-position":"center center","background-size":"auto","background-attachment":"scroll","background-type":"","background-media":"","overlay-type":"","overlay-color":"","overlay-opacity":"","overlay-gradient":""}},"footnotes":""},"class_list":["post-10826","page","type-page","status-publish","hentry"],"post_mailing_queue_ids":[],"_links":{"self":[{"href":"https:\/\/agora.xtec.cat\/inslacetania\/wp-json\/wp\/v2\/pages\/10826","targetHints":{"allow":["GET"]}}],"collection":[{"href":"https:\/\/agora.xtec.cat\/inslacetania\/wp-json\/wp\/v2\/pages"}],"about":[{"href":"https:\/\/agora.xtec.cat\/inslacetania\/wp-json\/wp\/v2\/types\/page"}],"author":[{"embeddable":true,"href":"https:\/\/agora.xtec.cat\/inslacetania\/wp-json\/wp\/v2\/users\/4"}],"replies":[{"embeddable":true,"href":"https:\/\/agora.xtec.cat\/inslacetania\/wp-json\/wp\/v2\/comments?post=10826"}],"version-history":[{"count":3,"href":"https:\/\/agora.xtec.cat\/inslacetania\/wp-json\/wp\/v2\/pages\/10826\/revisions"}],"predecessor-version":[{"id":11491,"href":"https:\/\/agora.xtec.cat\/inslacetania\/wp-json\/wp\/v2\/pages\/10826\/revisions\/11491"}],"up":[{"embeddable":true,"href":"https:\/\/agora.xtec.cat\/inslacetania\/wp-json\/wp\/v2\/pages\/10647"}],"wp:attachment":[{"href":"https:\/\/agora.xtec.cat\/inslacetania\/wp-json\/wp\/v2\/media?parent=10826"}],"curies":[{"name":"wp","href":"https:\/\/api.w.org\/{rel}","templated":true}]}}