{"id":10750,"date":"2021-02-10T13:52:04","date_gmt":"2021-02-10T12:52:04","guid":{"rendered":"http:\/\/agora.xtec.cat\/inslacetania\/?page_id=10750"},"modified":"2021-02-19T18:39:15","modified_gmt":"2021-02-19T17:39:15","slug":"estudis-en-dual","status":"publish","type":"page","link":"https:\/\/agora.xtec.cat\/inslacetania\/estudis\/fp\/fp-dual\/estudis-en-dual\/","title":{"rendered":"FP Dual. Estudis."},"content":{"rendered":"<p style=\"text-align: justify;\">En l&#8217;actualitat, curs 20-21, els cicles formatius poden impartir-se en modalitat dual o no dual. A Lacet\u00e0nia hi ha 7 cicles formatius qu\u00e8 s&#8217;imparteixen en modalitat dual, 4 de grau mitj\u00e0 i 3 de grau superior. Aquests s\u00f3n:<\/p>\n<div align=\"center\">\n<table>\n<tbody>\n<tr>\n<td style=\"text-align: center;\" colspan=\"2\">\n<h6>Cicles Formatius de Grau Mitj\u00e0<\/h6>\n<\/td>\n<\/tr>\n<tr>\n<td><a href=\"https:\/\/agora.xtec.cat\/inslacetania\/wp-content\/uploads\/usu1045\/2021\/02\/TM20.jpg\"><img loading=\"lazy\" decoding=\"async\" class=\"alignnone wp-image-10763 size-medium\" src=\"https:\/\/agora.xtec.cat\/inslacetania\/wp-content\/uploads\/usu1045\/2021\/02\/TM20-300x200.jpg\" alt=\"\" width=\"300\" height=\"200\" srcset=\"https:\/\/agora.xtec.cat\/inslacetania\/wp-content\/uploads\/usu1045\/2021\/02\/TM20-300x200.jpg 300w, https:\/\/agora.xtec.cat\/inslacetania\/wp-content\/uploads\/usu1045\/2021\/02\/TM20-768x512.jpg 768w, https:\/\/agora.xtec.cat\/inslacetania\/wp-content\/uploads\/usu1045\/2021\/02\/TM20.jpg 1024w\" sizes=\"auto, (max-width: 300px) 100vw, 300px\" \/><\/a><\/p>\n<p style=\"text-align: center;\"><a href=\"https:\/\/youtu.be\/aVyog6vLX6Y\" target=\"_blank\" rel=\"noopener noreferrer\">TM20. Carrosseria.<\/a><\/p>\n<\/td>\n<td><a href=\"https:\/\/agora.xtec.cat\/inslacetania\/wp-content\/uploads\/usu1045\/2021\/02\/FM20.jpg\"><img loading=\"lazy\" decoding=\"async\" class=\"alignnone wp-image-10761 size-medium\" src=\"https:\/\/agora.xtec.cat\/inslacetania\/wp-content\/uploads\/usu1045\/2021\/02\/FM20-300x200.jpg\" alt=\"\" width=\"300\" height=\"200\" srcset=\"https:\/\/agora.xtec.cat\/inslacetania\/wp-content\/uploads\/usu1045\/2021\/02\/FM20-300x200.jpg 300w, https:\/\/agora.xtec.cat\/inslacetania\/wp-content\/uploads\/usu1045\/2021\/02\/FM20-768x512.jpg 768w, https:\/\/agora.xtec.cat\/inslacetania\/wp-content\/uploads\/usu1045\/2021\/02\/FM20.jpg 1024w\" sizes=\"auto, (max-width: 300px) 100vw, 300px\" \/><\/a><\/p>\n<p style=\"text-align: center;\"><a href=\"https:\/\/youtu.be\/Px8obKsGzsg\" target=\"_blank\" rel=\"noopener noreferrer\">FM20. Mecanitzaci\u00f3<\/a><\/p>\n<\/td>\n<\/tr>\n<tr>\n<td><a href=\"https:\/\/agora.xtec.cat\/inslacetania\/wp-content\/uploads\/usu1045\/2021\/02\/EE10.jpg\"><img loading=\"lazy\" decoding=\"async\" class=\"alignnone size-medium wp-image-10758 aligncenter\" src=\"https:\/\/agora.xtec.cat\/inslacetania\/wp-content\/uploads\/usu1045\/2021\/02\/EE10-200x300.jpg\" alt=\"\" width=\"200\" height=\"300\" srcset=\"https:\/\/agora.xtec.cat\/inslacetania\/wp-content\/uploads\/usu1045\/2021\/02\/EE10-200x300.jpg 200w, https:\/\/agora.xtec.cat\/inslacetania\/wp-content\/uploads\/usu1045\/2021\/02\/EE10-768x1152.jpg 768w, https:\/\/agora.xtec.cat\/inslacetania\/wp-content\/uploads\/usu1045\/2021\/02\/EE10-683x1024.jpg 683w, https:\/\/agora.xtec.cat\/inslacetania\/wp-content\/uploads\/usu1045\/2021\/02\/EE10.jpg 1024w\" sizes=\"auto, (max-width: 200px) 100vw, 200px\" \/><\/a><\/p>\n<p style=\"text-align: center;\"><a href=\"https:\/\/youtu.be\/0d9QTwqsNKs\" target=\"_blank\" rel=\"noopener noreferrer\">EE10. Instal\u00b7lacions el\u00e8ctriques i autom\u00e0tiques.<\/a><\/p>\n<\/td>\n<td style=\"vertical-align: bottom;\"><a href=\"https:\/\/agora.xtec.cat\/inslacetania\/wp-content\/uploads\/usu1045\/2021\/02\/EE30.jpg\"><img loading=\"lazy\" decoding=\"async\" class=\"alignnone size-medium wp-image-10759\" src=\"https:\/\/agora.xtec.cat\/inslacetania\/wp-content\/uploads\/usu1045\/2021\/02\/EE30-300x200.jpg\" alt=\"\" width=\"300\" height=\"200\" srcset=\"https:\/\/agora.xtec.cat\/inslacetania\/wp-content\/uploads\/usu1045\/2021\/02\/EE30-300x200.jpg 300w, https:\/\/agora.xtec.cat\/inslacetania\/wp-content\/uploads\/usu1045\/2021\/02\/EE30-768x512.jpg 768w, https:\/\/agora.xtec.cat\/inslacetania\/wp-content\/uploads\/usu1045\/2021\/02\/EE30.jpg 1024w\" sizes=\"auto, (max-width: 300px) 100vw, 300px\" \/><\/a><\/p>\n<p style=\"text-align: center;\"><a href=\"https:\/\/youtu.be\/9Qv_v1hQxiQ\" target=\"_blank\" rel=\"noopener noreferrer\">EE30. Instal\u00b7lacions de telecomunicacions.<\/a><\/p>\n<\/td>\n<\/tr>\n<\/tbody>\n<\/table>\n<\/div>\n<div align=\"center\">\n<table>\n<tbody>\n<tr>\n<td style=\"text-align: center;\" colspan=\"3\">\n<h6>Cicles Formatius de Grau Superior<\/h6>\n<\/td>\n<\/tr>\n<tr>\n<td style=\"vertical-align: bottom;\"><a href=\"https:\/\/agora.xtec.cat\/inslacetania\/wp-content\/uploads\/usu1045\/2021\/02\/EEC0.jpg\"><img loading=\"lazy\" decoding=\"async\" class=\"alignnone size-medium wp-image-10760\" src=\"https:\/\/agora.xtec.cat\/inslacetania\/wp-content\/uploads\/usu1045\/2021\/02\/EEC0-300x225.jpg\" alt=\"\" width=\"300\" height=\"225\" srcset=\"https:\/\/agora.xtec.cat\/inslacetania\/wp-content\/uploads\/usu1045\/2021\/02\/EEC0-300x225.jpg 300w, https:\/\/agora.xtec.cat\/inslacetania\/wp-content\/uploads\/usu1045\/2021\/02\/EEC0-768x576.jpg 768w, https:\/\/agora.xtec.cat\/inslacetania\/wp-content\/uploads\/usu1045\/2021\/02\/EEC0.jpg 1024w, https:\/\/agora.xtec.cat\/inslacetania\/wp-content\/uploads\/usu1045\/2021\/02\/EEC0-200x150.jpg 200w\" sizes=\"auto, (max-width: 300px) 100vw, 300px\" \/><\/a><\/p>\n<p style=\"text-align: center;\"><a href=\"https:\/\/youtu.be\/SGYlW7kHqro\" target=\"_blank\" rel=\"noopener noreferrer\">EEC0. Manteniment Electr\u00f2nic.<\/a><\/p>\n<\/td>\n<td style=\"vertical-align: bottom;\"><a href=\"https:\/\/agora.xtec.cat\/inslacetania\/wp-content\/uploads\/usu1045\/2021\/02\/IMC0.jpg\"><img loading=\"lazy\" decoding=\"async\" class=\"alignnone size-medium wp-image-10762\" src=\"https:\/\/agora.xtec.cat\/inslacetania\/wp-content\/uploads\/usu1045\/2021\/02\/IMC0-300x200.jpg\" alt=\"\" width=\"300\" height=\"200\" srcset=\"https:\/\/agora.xtec.cat\/inslacetania\/wp-content\/uploads\/usu1045\/2021\/02\/IMC0-300x200.jpg 300w, https:\/\/agora.xtec.cat\/inslacetania\/wp-content\/uploads\/usu1045\/2021\/02\/IMC0-768x512.jpg 768w, https:\/\/agora.xtec.cat\/inslacetania\/wp-content\/uploads\/usu1045\/2021\/02\/IMC0.jpg 1024w\" sizes=\"auto, (max-width: 300px) 100vw, 300px\" \/><\/a><\/p>\n<p style=\"text-align: center;\"><a href=\"https:\/\/youtu.be\/Wzk59XZVfZo\" target=\"_blank\" rel=\"noopener noreferrer\">IMC0. Mecatr\u00f2nica Industrial.<\/a><\/p>\n<\/td>\n<td style=\"vertical-align: bottom;\"><a href=\"https:\/\/agora.xtec.cat\/inslacetania\/wp-content\/uploads\/usu1045\/2021\/02\/TMA0.jpg\"><img loading=\"lazy\" decoding=\"async\" class=\"alignnone size-medium wp-image-10757\" src=\"https:\/\/agora.xtec.cat\/inslacetania\/wp-content\/uploads\/usu1045\/2021\/02\/TMA0-300x200.jpg\" alt=\"\" width=\"300\" height=\"200\" srcset=\"https:\/\/agora.xtec.cat\/inslacetania\/wp-content\/uploads\/usu1045\/2021\/02\/TMA0-300x200.jpg 300w, https:\/\/agora.xtec.cat\/inslacetania\/wp-content\/uploads\/usu1045\/2021\/02\/TMA0-768x512.jpg 768w, https:\/\/agora.xtec.cat\/inslacetania\/wp-content\/uploads\/usu1045\/2021\/02\/TMA0.jpg 1024w\" sizes=\"auto, (max-width: 300px) 100vw, 300px\" \/><\/a><\/p>\n<p style=\"text-align: center;\"><a href=\"https:\/\/youtu.be\/h3kC9A3mdvU\" target=\"_blank\" rel=\"noopener noreferrer\">TMA0. Automoci\u00f3.<\/a><\/p>\n<\/td>\n<\/tr>\n<\/tbody>\n<\/table>\n<\/div>\n<p style=\"text-align: justify;\">A partir del curs 21-22 el concepte de la formaci\u00f3 professional canvia. No hi haur\u00e0 cicles en dual i en no dual sin\u00f3 que els cicles tindran una estructura \u00fanica i hi haur\u00e0 alumnat que el cursar\u00e0 el dual o b\u00e9 en no dual depenent de diferents consideracions com ara l&#8217;inter\u00e8s de l&#8217;alumnat en fer-ho en una modalitat o una altra, el seu expedient acad\u00e8mic, empreses interessades en acollir alumnat en dual&#8230; Pots consultar la totalitat dels estudis d&#8217;FP que impartim al seu <a href=\"https:\/\/agora.xtec.cat\/inslacetania\/fp\/\">apartat de la web<\/a>.<\/p>\n<table style=\"width: 100%;\">\n<tbody>\n<tr>\n<td style=\"width: 47.0352%;\"><a href=\"https:\/\/agora.xtec.cat\/inslacetania\/wp-content\/uploads\/usu1045\/2021\/02\/DE_2l_vermell-LOGO-GENE-EDUCACIO-II.jpg\"><img loading=\"lazy\" decoding=\"async\" class=\"wp-image-10740 size-medium alignleft\" src=\"https:\/\/agora.xtec.cat\/inslacetania\/wp-content\/uploads\/usu1045\/2021\/02\/DE_2l_vermell-LOGO-GENE-EDUCACIO-II-300x49.jpg\" alt=\"\" width=\"300\" height=\"49\" srcset=\"https:\/\/agora.xtec.cat\/inslacetania\/wp-content\/uploads\/usu1045\/2021\/02\/DE_2l_vermell-LOGO-GENE-EDUCACIO-II-300x49.jpg 300w, https:\/\/agora.xtec.cat\/inslacetania\/wp-content\/uploads\/usu1045\/2021\/02\/DE_2l_vermell-LOGO-GENE-EDUCACIO-II-768x125.jpg 768w, https:\/\/agora.xtec.cat\/inslacetania\/wp-content\/uploads\/usu1045\/2021\/02\/DE_2l_vermell-LOGO-GENE-EDUCACIO-II.jpg 769w\" sizes=\"auto, (max-width: 300px) 100vw, 300px\" \/><\/a><\/td>\n<td style=\"width: 52.3618%;\"><a href=\"https:\/\/agora.xtec.cat\/inslacetania\/wp-content\/uploads\/usu1045\/2021\/02\/Logo-Ministeri-i-Fons.png\"><img loading=\"lazy\" decoding=\"async\" class=\"wp-image-10741 alignright\" src=\"https:\/\/agora.xtec.cat\/inslacetania\/wp-content\/uploads\/usu1045\/2021\/02\/Logo-Ministeri-i-Fons-300x37.png\" alt=\"\" width=\"397\" height=\"49\" srcset=\"https:\/\/agora.xtec.cat\/inslacetania\/wp-content\/uploads\/usu1045\/2021\/02\/Logo-Ministeri-i-Fons-300x37.png 300w, https:\/\/agora.xtec.cat\/inslacetania\/wp-content\/uploads\/usu1045\/2021\/02\/Logo-Ministeri-i-Fons.png 594w\" sizes=\"auto, (max-width: 397px) 100vw, 397px\" \/><\/a><\/td>\n<\/tr>\n<\/tbody>\n<\/table>\n","protected":false},"excerpt":{"rendered":"<p>En l&#8217;actualitat, curs 20-21, els cicles formatius poden impartir-se en modalitat dual o no dual. A Lacet\u00e0nia hi ha 7 cicles formatius qu\u00e8 s&#8217;imparteixen en modalitat dual, 4 de grau mitj\u00e0 i 3 de grau superior. Aquests s\u00f3n: Cicles Formatius de Grau Mitj\u00e0 TM20. Carrosseria. FM20. Mecanitzaci\u00f3 EE10. Instal\u00b7lacions el\u00e8ctriques i autom\u00e0tiques. EE30. Instal\u00b7lacions de [&hellip;]<\/p>\n","protected":false},"author":4,"featured_media":0,"parent":10647,"menu_order":10,"comment_status":"closed","ping_status":"closed","template":"page-templates\/side-menu.php","meta":{"_bbp_topic_count":0,"_bbp_reply_count":0,"_bbp_total_topic_count":0,"_bbp_total_reply_count":0,"_bbp_voice_count":0,"_bbp_anonymous_reply_count":0,"_bbp_topic_count_hidden":0,"_bbp_reply_count_hidden":0,"_bbp_forum_subforum_count":0,"site-sidebar-layout":"default","site-content-layout":"","ast-site-content-layout":"","site-content-style":"default","site-sidebar-style":"default","ast-global-header-display":"","ast-banner-title-visibility":"","ast-main-header-display":"","ast-hfb-above-header-display":"","ast-hfb-below-header-display":"","ast-hfb-mobile-header-display":"","site-post-title":"","ast-breadcrumbs-content":"","ast-featured-img":"","footer-sml-layout":"","theme-transparent-header-meta":"","adv-header-id-meta":"","stick-header-meta":"","header-above-stick-meta":"","header-main-stick-meta":"","header-below-stick-meta":"","astra-migrate-meta-layouts":"default","ast-page-background-enabled":"default","ast-page-background-meta":{"desktop":{"background-color":"var(--ast-global-color-4)","background-image":"","background-repeat":"repeat","background-position":"center center","background-size":"auto","background-attachment":"scroll","background-type":"","background-media":"","overlay-type":"","overlay-color":"","overlay-opacity":"","overlay-gradient":""},"tablet":{"background-color":"","background-image":"","background-repeat":"repeat","background-position":"center center","background-size":"auto","background-attachment":"scroll","background-type":"","background-media":"","overlay-type":"","overlay-color":"","overlay-opacity":"","overlay-gradient":""},"mobile":{"background-color":"","background-image":"","background-repeat":"repeat","background-position":"center center","background-size":"auto","background-attachment":"scroll","background-type":"","background-media":"","overlay-type":"","overlay-color":"","overlay-opacity":"","overlay-gradient":""}},"ast-content-background-meta":{"desktop":{"background-color":"var(--ast-global-color-5)","background-image":"","background-repeat":"repeat","background-position":"center center","background-size":"auto","background-attachment":"scroll","background-type":"","background-media":"","overlay-type":"","overlay-color":"","overlay-opacity":"","overlay-gradient":""},"tablet":{"background-color":"var(--ast-global-color-5)","background-image":"","background-repeat":"repeat","background-position":"center center","background-size":"auto","background-attachment":"scroll","background-type":"","background-media":"","overlay-type":"","overlay-color":"","overlay-opacity":"","overlay-gradient":""},"mobile":{"background-color":"var(--ast-global-color-5)","background-image":"","background-repeat":"repeat","background-position":"center center","background-size":"auto","background-attachment":"scroll","background-type":"","background-media":"","overlay-type":"","overlay-color":"","overlay-opacity":"","overlay-gradient":""}},"footnotes":""},"class_list":["post-10750","page","type-page","status-publish","hentry"],"post_mailing_queue_ids":[],"_links":{"self":[{"href":"https:\/\/agora.xtec.cat\/inslacetania\/wp-json\/wp\/v2\/pages\/10750","targetHints":{"allow":["GET"]}}],"collection":[{"href":"https:\/\/agora.xtec.cat\/inslacetania\/wp-json\/wp\/v2\/pages"}],"about":[{"href":"https:\/\/agora.xtec.cat\/inslacetania\/wp-json\/wp\/v2\/types\/page"}],"author":[{"embeddable":true,"href":"https:\/\/agora.xtec.cat\/inslacetania\/wp-json\/wp\/v2\/users\/4"}],"replies":[{"embeddable":true,"href":"https:\/\/agora.xtec.cat\/inslacetania\/wp-json\/wp\/v2\/comments?post=10750"}],"version-history":[{"count":3,"href":"https:\/\/agora.xtec.cat\/inslacetania\/wp-json\/wp\/v2\/pages\/10750\/revisions"}],"predecessor-version":[{"id":10800,"href":"https:\/\/agora.xtec.cat\/inslacetania\/wp-json\/wp\/v2\/pages\/10750\/revisions\/10800"}],"up":[{"embeddable":true,"href":"https:\/\/agora.xtec.cat\/inslacetania\/wp-json\/wp\/v2\/pages\/10647"}],"wp:attachment":[{"href":"https:\/\/agora.xtec.cat\/inslacetania\/wp-json\/wp\/v2\/media?parent=10750"}],"curies":[{"name":"wp","href":"https:\/\/api.w.org\/{rel}","templated":true}]}}