{"id":10715,"date":"2021-02-09T17:33:55","date_gmt":"2021-02-09T16:33:55","guid":{"rendered":"http:\/\/agora.xtec.cat\/inslacetania\/?page_id=10715"},"modified":"2021-03-04T18:47:25","modified_gmt":"2021-03-04T17:47:25","slug":"jornada-de-portes-obertes-21-22-eso-sessions-virtuals","status":"publish","type":"page","link":"https:\/\/agora.xtec.cat\/inslacetania\/portes-obertes\/jornades-de-portes-obertes-21-22-eso\/jornada-de-portes-obertes-21-22-eso-sessions-virtuals\/","title":{"rendered":"Jornada de portes obertes 21-22. ESO. Sessions virtuals."},"content":{"rendered":"<p>&nbsp;<\/p>\n<hr \/>\n<p dir=\"ltr\" style=\"text-align: center;\">Accedeix a la sessi\u00f3 virtual de l&#8217;escola del teu fill o filla o a la sessions generals obertes a tothom<\/p>\n<hr \/>\n<div align=\"center\">\n<table>\n<tbody>\n<tr>\n<td style=\"vertical-align: bottom;\"><\/td>\n<td style=\"vertical-align: bottom;\">\n<p dir=\"ltr\" style=\"text-align: center;\"><img loading=\"lazy\" decoding=\"async\" class=\"aligncenter\" src=\"https:\/\/www.uc3m.es\/sdic\/media\/informatica\/img\/mediana\/original\/im_hangouts-meet\/logohangouts.png\" width=\"130\" height=\"130\" \/>Sessi\u00f3 General.<br \/>\nDijous 04.03 19h.<\/p>\n<p dir=\"ltr\" style=\"text-align: center;\"><a href=\"http:\/\/meet.google.com\/kju-soyw-ern\" target=\"_blank\" rel=\"noopener noreferrer\">entra<\/a><\/p>\n<\/td>\n<td style=\"vertical-align: bottom;\">\n<p dir=\"ltr\" style=\"text-align: center;\"><img loading=\"lazy\" decoding=\"async\" class=\" aligncenter\" src=\"http:\/\/cdn5.dibuixos.cat\/dibuixos\/pintats\/201538\/escola-edificis-altres-edificis-537265.jpg\" width=\"130\" height=\"102\" \/>Sessi\u00f3 centres no adscrits.<br \/>\nDimecres 10.03 19h.<\/p>\n<p dir=\"ltr\" style=\"text-align: center;\"><a href=\"https:\/\/meet.google.com\/ses-obto-ifr?hs=122&amp;authuser=1\" target=\"_blank\" rel=\"noopener noreferrer\">entra<\/a><\/p>\n<\/td>\n<td><\/td>\n<\/tr>\n<tr>\n<td style=\"vertical-align: bottom;\">\n<p dir=\"ltr\" style=\"text-align: center;\"><img loading=\"lazy\" decoding=\"async\" class=\"aligncenter\" src=\"https:\/\/agora.xtec.cat\/esc-muntanyadeldrac\/wp-content\/uploads\/usu1241\/2019\/07\/logo-petit.jpg\" width=\"130\" height=\"58\" \/><span style=\"font-family: inherit; font-size: 1em;\">Muntanya del Drac.<\/span><br \/>\nDilluns 08.03 19h<\/p>\n<p dir=\"ltr\" style=\"text-align: center;\"><a href=\"https:\/\/meet.google.com\/sjj-wqpx-kdb?hs=122&amp;authuser=1\" target=\"_blank\" rel=\"noopener noreferrer\">entra<\/a><\/p>\n<\/td>\n<td style=\"vertical-align: bottom;\">\n<p dir=\"ltr\" style=\"text-align: center;\"><img loading=\"lazy\" decoding=\"async\" class=\"alignnone \" src=\"https:\/\/agora.xtec.cat\/ceipparealgue\/wp-content\/uploads\/usu157\/2019\/06\/pilarin.png\" width=\"130\" height=\"107\" \/><br \/>\nPare Algu\u00e9.<br \/>\nDilluns 08.03 a les 19h.<\/p>\n<p dir=\"ltr\" style=\"text-align: center;\"><a href=\"https:\/\/meet.google.com\/sjj-wqpx-kdb?hs=122&amp;authuser=1\" target=\"_blank\" rel=\"noopener noreferrer\">entra<\/a><\/p>\n<\/td>\n<td style=\"vertical-align: bottom;\">\n<p dir=\"ltr\" style=\"text-align: center;\"><img loading=\"lazy\" decoding=\"async\" class=\"alignnone \" src=\"https:\/\/agora.xtec.cat\/ceip-rnx-manresa\/wp-content\/uploads\/usu1177\/2016\/10\/logo-renaixen%C3%A7a.png\" width=\"130\" height=\"87\" \/><br \/>\nRenaixen\u00e7a.<br \/>\nDilluns 08.03 19h<\/p>\n<p dir=\"ltr\" style=\"text-align: center;\"><a href=\"https:\/\/meet.google.com\/sjj-wqpx-kdb?hs=122&amp;authuser=1\" target=\"_blank\" rel=\"noopener noreferrer\">entra<\/a><\/p>\n<\/td>\n<td style=\"vertical-align: bottom;\">\n<p dir=\"ltr\" style=\"text-align: center;\"><img loading=\"lazy\" decoding=\"async\" class=\"alignnone \" src=\"https:\/\/agora.xtec.cat\/ceip-santignasi\/wp-content\/uploads\/usu916\/2020\/10\/50-anys.jpg\" width=\"131\" height=\"130\" \/><br \/>\nSant Ignasi.<br \/>\nDimarts 09.03 19h<\/p>\n<p dir=\"ltr\" style=\"text-align: center;\"><a href=\"https:\/\/meet.google.com\/fch-zqev-hoo?hs=122&amp;authuser=1\" target=\"_blank\" rel=\"noopener noreferrer\">entra<\/a><\/p>\n<\/td>\n<\/tr>\n<tr>\n<td style=\"vertical-align: bottom;\">\n<p dir=\"ltr\" style=\"text-align: center;\"><img loading=\"lazy\" decoding=\"async\" class=\"alignnone \" src=\"https:\/\/agora.xtec.cat\/escolavalldaura\/wp-content\/uploads\/usu1912\/2018\/12\/logoCole3.jpg\" width=\"130\" height=\"170\" \/><br \/>\nValldaura.<br \/>\nDimarts 09.03 19h<\/p>\n<p dir=\"ltr\" style=\"text-align: center;\"><a href=\"https:\/\/meet.google.com\/fch-zqev-hoo?hs=122&amp;authuser=1\" target=\"_blank\" rel=\"noopener noreferrer\">entra<\/a><\/p>\n<\/td>\n<td style=\"text-align: center; vertical-align: bottom;\">\n<p dir=\"ltr\"><img loading=\"lazy\" decoding=\"async\" class=\"alignnone \" src=\"https:\/\/agora.xtec.cat\/escolalasequia\/wp-content\/uploads\/usu1282\/2017\/07\/marca-escola-4-tintes-2-linies.jpg\" width=\"130\" height=\"75\" \/><br \/>\nLa S\u00e8quia.<br \/>\nDijous 11.03 19h<\/p>\n<p dir=\"ltr\"><a href=\"https:\/\/meet.google.com\/drg-hgox-isb?hs=122&amp;authuser=1\" target=\"_blank\" rel=\"noopener noreferrer\">entra<\/a><\/p>\n<\/td>\n<td style=\"text-align: center; vertical-align: bottom;\">\n<p dir=\"ltr\"><img loading=\"lazy\" decoding=\"async\" class=\"alignnone \" src=\"https:\/\/agora.xtec.cat\/ceip-bages\/wp-content\/uploads\/usu1907\/2020\/01\/logo.png\" width=\"130\" height=\"133\" \/><br \/>\nBages.<br \/>\nDijous 11.03 19h<\/p>\n<p dir=\"ltr\"><a href=\"https:\/\/meet.google.com\/drg-hgox-isb?hs=122&amp;authuser=1\" target=\"_blank\" rel=\"noopener noreferrer\">entra<\/a><\/p>\n<\/td>\n<td style=\"vertical-align: bottom;\">\n<p dir=\"ltr\" style=\"text-align: center;\"><img loading=\"lazy\" decoding=\"async\" class=\"alignnone \" src=\"https:\/\/agora.xtec.cat\/ceip-puigberenguer\/wp-content\/uploads\/usu1000\/2014\/11\/logo_puigberenguer_transparent.png\" width=\"130\" height=\"178\" \/><br \/>\nPuigberenguer<br \/>\nDijous 11.03 19h<\/p>\n<p dir=\"ltr\" style=\"text-align: center;\"><a href=\"https:\/\/meet.google.com\/drg-hgox-isb?hs=122&amp;authuser=1\" target=\"_blank\" rel=\"noopener noreferrer\">entra<\/a><\/p>\n<\/td>\n<\/tr>\n<\/tbody>\n<\/table>\n<\/div>\n","protected":false},"excerpt":{"rendered":"<p>&nbsp; Accedeix a la sessi\u00f3 virtual de l&#8217;escola del teu fill o filla o a la sessions generals obertes a tothom Sessi\u00f3 General. Dijous 04.03 19h. entra Sessi\u00f3 centres no adscrits. Dimecres 10.03 19h. entra Muntanya del Drac. Dilluns 08.03 19h entra Pare Algu\u00e9. Dilluns 08.03 a les 19h. entra Renaixen\u00e7a. Dilluns 08.03 19h entra [&hellip;]<\/p>\n","protected":false},"author":4,"featured_media":0,"parent":10697,"menu_order":0,"comment_status":"closed","ping_status":"closed","template":"page-templates\/side-menu.php","meta":{"_bbp_topic_count":0,"_bbp_reply_count":0,"_bbp_total_topic_count":0,"_bbp_total_reply_count":0,"_bbp_voice_count":0,"_bbp_anonymous_reply_count":0,"_bbp_topic_count_hidden":0,"_bbp_reply_count_hidden":0,"_bbp_forum_subforum_count":0,"site-sidebar-layout":"default","site-content-layout":"","ast-site-content-layout":"","site-content-style":"default","site-sidebar-style":"default","ast-global-header-display":"","ast-banner-title-visibility":"","ast-main-header-display":"","ast-hfb-above-header-display":"","ast-hfb-below-header-display":"","ast-hfb-mobile-header-display":"","site-post-title":"","ast-breadcrumbs-content":"","ast-featured-img":"","footer-sml-layout":"","theme-transparent-header-meta":"","adv-header-id-meta":"","stick-header-meta":"","header-above-stick-meta":"","header-main-stick-meta":"","header-below-stick-meta":"","astra-migrate-meta-layouts":"default","ast-page-background-enabled":"default","ast-page-background-meta":{"desktop":{"background-color":"var(--ast-global-color-4)","background-image":"","background-repeat":"repeat","background-position":"center center","background-size":"auto","background-attachment":"scroll","background-type":"","background-media":"","overlay-type":"","overlay-color":"","overlay-opacity":"","overlay-gradient":""},"tablet":{"background-color":"","background-image":"","background-repeat":"repeat","background-position":"center center","background-size":"auto","background-attachment":"scroll","background-type":"","background-media":"","overlay-type":"","overlay-color":"","overlay-opacity":"","overlay-gradient":""},"mobile":{"background-color":"","background-image":"","background-repeat":"repeat","background-position":"center center","background-size":"auto","background-attachment":"scroll","background-type":"","background-media":"","overlay-type":"","overlay-color":"","overlay-opacity":"","overlay-gradient":""}},"ast-content-background-meta":{"desktop":{"background-color":"var(--ast-global-color-5)","background-image":"","background-repeat":"repeat","background-position":"center center","background-size":"auto","background-attachment":"scroll","background-type":"","background-media":"","overlay-type":"","overlay-color":"","overlay-opacity":"","overlay-gradient":""},"tablet":{"background-color":"var(--ast-global-color-5)","background-image":"","background-repeat":"repeat","background-position":"center center","background-size":"auto","background-attachment":"scroll","background-type":"","background-media":"","overlay-type":"","overlay-color":"","overlay-opacity":"","overlay-gradient":""},"mobile":{"background-color":"var(--ast-global-color-5)","background-image":"","background-repeat":"repeat","background-position":"center center","background-size":"auto","background-attachment":"scroll","background-type":"","background-media":"","overlay-type":"","overlay-color":"","overlay-opacity":"","overlay-gradient":""}},"footnotes":""},"class_list":["post-10715","page","type-page","status-publish","hentry"],"post_mailing_queue_ids":[],"_links":{"self":[{"href":"https:\/\/agora.xtec.cat\/inslacetania\/wp-json\/wp\/v2\/pages\/10715","targetHints":{"allow":["GET"]}}],"collection":[{"href":"https:\/\/agora.xtec.cat\/inslacetania\/wp-json\/wp\/v2\/pages"}],"about":[{"href":"https:\/\/agora.xtec.cat\/inslacetania\/wp-json\/wp\/v2\/types\/page"}],"author":[{"embeddable":true,"href":"https:\/\/agora.xtec.cat\/inslacetania\/wp-json\/wp\/v2\/users\/4"}],"replies":[{"embeddable":true,"href":"https:\/\/agora.xtec.cat\/inslacetania\/wp-json\/wp\/v2\/comments?post=10715"}],"version-history":[{"count":4,"href":"https:\/\/agora.xtec.cat\/inslacetania\/wp-json\/wp\/v2\/pages\/10715\/revisions"}],"predecessor-version":[{"id":10955,"href":"https:\/\/agora.xtec.cat\/inslacetania\/wp-json\/wp\/v2\/pages\/10715\/revisions\/10955"}],"up":[{"embeddable":true,"href":"https:\/\/agora.xtec.cat\/inslacetania\/wp-json\/wp\/v2\/pages\/10697"}],"wp:attachment":[{"href":"https:\/\/agora.xtec.cat\/inslacetania\/wp-json\/wp\/v2\/media?parent=10715"}],"curies":[{"name":"wp","href":"https:\/\/api.w.org\/{rel}","templated":true}]}}